{"id":4502,"date":"2019-03-19T03:37:59","date_gmt":"2019-03-19T03:37:59","guid":{"rendered":"https:\/\/www.stvvalves.com\/?post_type=product&#038;p=4502"},"modified":"2025-02-17T18:22:01","modified_gmt":"2025-02-17T10:22:01","slug":"scs13-swing-check-valve4-inch-jis10k-ff-end","status":"publish","type":"product","link":"https:\/\/www.stvvalves.com\/it\/products\/scs13-swing-check-valve4-inch-jis10k-ff-end\/","title":{"rendered":"Valvola di ritegno oscillante SCS13, 4 pollici, Jis10K, estremit\u00e0 FF"},"content":{"rendered":"<p>Valvola di ritegno a battente SCS13<br \/>\nProgettazione e produzione: JIS B2074 B2084<br \/>\nDimensione faccia a faccia: JIS B2212 B2214<br \/>\nDimensione connessione flangia: JIS B2002<br \/>\nTest e ispezione: JIS B2003<br \/>\nDimensioni: pollici 2\u2033~48\u2033<br \/>\nClasse: JIS10K-40K<br \/>\nMateriale principale: WCB, WCA, WCC, WC6, WC9, C5, C12, LCB, LCC, CF8, CF8M, CF3, CF3M, CF8C, CN7M,SCS13,SCS13A,SCS14,SCS14A,SCS12,SCS13<\/p>\n<p><img loading=\"lazy\" decoding=\"async\" class=\"alignleft size-full wp-image-4505\" src=\"https:\/\/www.stvvalves.com\/wp-content\/uploads\/2019\/03\/SCS13-Swing-Check-Valve-4-Inch-Jis10K-FF-End-drawing.jpg\" alt=\"\" width=\"2339\" height=\"1653\" srcset=\"https:\/\/www.stvvalves.com\/wp-content\/uploads\/2019\/03\/SCS13-Swing-Check-Valve-4-Inch-Jis10K-FF-End-drawing.jpg 2339w, https:\/\/www.stvvalves.com\/wp-content\/uploads\/2019\/03\/SCS13-Swing-Check-Valve-4-Inch-Jis10K-FF-End-drawing-600x424.jpg 600w, https:\/\/www.stvvalves.com\/wp-content\/uploads\/2019\/03\/SCS13-Swing-Check-Valve-4-Inch-Jis10K-FF-End-drawing-300x212.jpg 300w, https:\/\/www.stvvalves.com\/wp-content\/uploads\/2019\/03\/SCS13-Swing-Check-Valve-4-Inch-Jis10K-FF-End-drawing-768x543.jpg 768w, https:\/\/www.stvvalves.com\/wp-content\/uploads\/2019\/03\/SCS13-Swing-Check-Valve-4-Inch-Jis10K-FF-End-drawing-1030x728.jpg 1030w, https:\/\/www.stvvalves.com\/wp-content\/uploads\/2019\/03\/SCS13-Swing-Check-Valve-4-Inch-Jis10K-FF-End-drawing-1500x1060.jpg 1500w, https:\/\/www.stvvalves.com\/wp-content\/uploads\/2019\/03\/SCS13-Swing-Check-Valve-4-Inch-Jis10K-FF-End-drawing-260x185.jpg 260w, https:\/\/www.stvvalves.com\/wp-content\/uploads\/2019\/03\/SCS13-Swing-Check-Valve-4-Inch-Jis10K-FF-End-drawing-705x498.jpg 705w\" sizes=\"auto, (max-width: 2339px) 100vw, 2339px\" \/><\/p>","protected":false},"excerpt":{"rendered":"<p>Modello:H44W-JIS10K-DN100-SCS13<\/p>\n<p>La valvola di ritegno standard giapponese di tipo oscillante \u00e8 prodotta secondo lo standard giapponese JIS. La pressione della valvola \u00e8 espressa da K. La valvola di ritegno a clapet \u00e8 installata in una posizione senza restrizioni. Solitamente viene installato su un tubo orizzontale, ma pu\u00f2 essere installato anche su un tubo verticale. O sulla linea di immersione. L&#039;aletta della valvola di ritegno a battente ruota attorno all&#039;albero rotante e la sua resistenza al fluido \u00e8 generalmente inferiore a quella della valvola di ritegno a sollevamento, che \u00e8 adatta per un diametro grande. In base al numero di alette, le valvole di ritegno a battente possono essere suddivise in tre tipi: tipo a battente a battente singolo, tipo a battente a doppio battente e tipo a battente multilobato. La valvola di ritegno a battente a valvola singola \u00e8 generalmente adatta per applicazioni di medio calibro e la valvola di ritegno a battente a valvola singola viene utilizzata per tubazioni di grande diametro. Per ridurre la pressione del colpo d&#039;ariete, \u00e8 meglio utilizzare una valvola di ritegno a chiusura lenta in grado di ridurre la pressione del colpo d&#039;ariete; la valvola di ritegno a battente a doppia valvola \u00e8 adatta per tubazioni di grande e medio diametro e la struttura della valvola di ritegno a battente a doppia valvola \u00e8 piccola. Il peso leggero \u00e8 una valvola di ritegno a sviluppo rapido; La valvola di ritegno a battente multilobata \u00e8 adatta per tubazioni di grande diametro.<br \/>\nLe parti di apertura e chiusura della valvola di ritegno vengono aperte o chiuse dal flusso del fluido e dalla forza per impedire al fluido di scorrere all&#039;indietro. Le valvole di ritegno sono generalmente divise in quattro tipi: tipo a sollevamento, tipo a oscillazione, tipo a farfalla e tipo orizzontale. La valvola di ritegno di tipo lift deve essere installata sulla linea orizzontale. Generalmente sono installate la valvola di ritegno del tipo a sollevamento verticale e la valvola di fondo. Sulla linea verticale e il fluido scorre dal basso verso l&#039;alto, la valvola di ritegno a battente \u00e8 installata in una posizione senza restrizioni, solitamente installata su una linea orizzontale, ma pu\u00f2 anche essere installata su una linea verticale o su una linea di scarico. Nota: la valvola di ritegno consente al fluido di fluire solo in una direzione. Prestare particolare attenzione alla direzione del flusso del fluido. La direzione normale del flusso del fluido deve essere coerente con la direzione della freccia indicata sul corpo della valvola, altrimenti il flusso normale del fluido verr\u00e0 interrotto.<\/p>\n<p>STV Valve Technology Group Co., Ltd \u00e8 un leader professionale Cina Valvola di ritegno a battente JIS, Valvola di ritegno a battente flangiata JIS10K SCS13 SCS14, Valvola di ritegno a battente Scs13 all&#039;ingrosso, Valvola di ritegno a battente flangiata, Valvola di ritegno in acciaio inossidabile, Cina Scs13 \/ Scs14 JIS 10K Battente flangiato Produttore di valvole di ritegno con alta qualit\u00e0 e prezzo competitivo.<\/p>\n<p>Per saperne di pi\u00f9 su queste valvole, non esitare a contattare il nostro sales@stvvalve.com<br \/>\nFoglio degli appuntamenti:<a href=\"https:\/\/www.stvvalves.com\/wp-content\/uploads\/2019\/03\/SCS13-Swing-Check-Valve-4-Inch-Jis10K-FF-End-drawing.pdf\">Valvola di ritegno oscillante SCS13, 4 pollici, Jis10K, estremit\u00e0 FF<\/a><\/p>","protected":false},"featured_media":4503,"template":"","meta":[],"product_brand":[],"product_cat":[46,67],"product_tag":[631,632,628,629,630,633],"class_list":{"0":"post-4502","1":"product","2":"type-product","3":"status-publish","4":"has-post-thumbnail","6":"product_cat-check-valves","7":"product_cat-stainless-steel-check-valve","8":"product_tag-china-scs13-scs14-jis-10k-flanged-swing-check-valve","9":"product_tag-flanged-swing-check-valve","10":"product_tag-jis-swing-check-valve","11":"product_tag-jis10k-scs13-scs14-flanged-swing-check-valve","12":"product_tag-scs13-swing-check-valve-wholesale","13":"product_tag-stainless-steel-check-valve","15":"first","16":"instock","17":"shipping-taxable","18":"product-type-simple"},"_links":{"self":[{"href":"https:\/\/www.stvvalves.com\/it\/wp-json\/wp\/v2\/product\/4502","targetHints":{"allow":["GET"]}}],"collection":[{"href":"https:\/\/www.stvvalves.com\/it\/wp-json\/wp\/v2\/product"}],"about":[{"href":"https:\/\/www.stvvalves.com\/it\/wp-json\/wp\/v2\/types\/product"}],"wp:featuredmedia":[{"embeddable":true,"href":"https:\/\/www.stvvalves.com\/it\/wp-json\/wp\/v2\/media\/4503"}],"wp:attachment":[{"href":"https:\/\/www.stvvalves.com\/it\/wp-json\/wp\/v2\/media?parent=4502"}],"wp:term":[{"taxonomy":"product_brand","embeddable":true,"href":"https:\/\/www.stvvalves.com\/it\/wp-json\/wp\/v2\/product_brand?post=4502"},{"taxonomy":"product_cat","embeddable":true,"href":"https:\/\/www.stvvalves.com\/it\/wp-json\/wp\/v2\/product_cat?post=4502"},{"taxonomy":"product_tag","embeddable":true,"href":"https:\/\/www.stvvalves.com\/it\/wp-json\/wp\/v2\/product_tag?post=4502"}],"curies":[{"name":"wp","href":"https:\/\/api.w.org\/{rel}","templated":true}]}}