{"id":4506,"date":"2019-03-19T05:35:12","date_gmt":"2019-03-19T05:35:12","guid":{"rendered":"https:\/\/www.stvvalves.com\/?post_type=product&#038;p=4506"},"modified":"2025-02-17T18:21:42","modified_gmt":"2025-02-17T10:21:42","slug":"316-y-type-spring-check-valve-800-wog-npt-end","status":"publish","type":"product","link":"https:\/\/www.stvvalves.com\/it\/products\/316-y-type-spring-check-valve-800-wog-npt-end\/","title":{"rendered":"Valvola di ritegno a molla tipo 316 Y, 800 Wog, estremit\u00e0 NPT"},"content":{"rendered":"<p>Valvola di ritegno a molla tipo 316 Y<\/p>\n<p>Intervallo di dimensioni: da 1\/2 pollice a 4 pollici (da DN15 a DN100)<\/p>\n<p>Pressione nominale: 200 WOG<\/p>\n<p>Materiale:304(CF8),316(CF8M),316L(CF3M).<\/p>\n<p>Tipo filettato: NPT, BSPT, DIN ecc.<\/p>\n<p>Mezzo di lavoro: vapore, acqua, gas, ecc.<\/p>\n<p><img loading=\"lazy\" decoding=\"async\" class=\"alignleft size-full wp-image-4508\" src=\"https:\/\/www.stvvalves.com\/wp-content\/uploads\/2019\/03\/316-Y-Type-Spring-Check-Valve-800-Wog-NPT-End-drawing.jpg\" alt=\"\" width=\"2338\" height=\"1653\" srcset=\"https:\/\/www.stvvalves.com\/wp-content\/uploads\/2019\/03\/316-Y-Type-Spring-Check-Valve-800-Wog-NPT-End-drawing.jpg 2338w, https:\/\/www.stvvalves.com\/wp-content\/uploads\/2019\/03\/316-Y-Type-Spring-Check-Valve-800-Wog-NPT-End-drawing-600x424.jpg 600w, https:\/\/www.stvvalves.com\/wp-content\/uploads\/2019\/03\/316-Y-Type-Spring-Check-Valve-800-Wog-NPT-End-drawing-300x212.jpg 300w, https:\/\/www.stvvalves.com\/wp-content\/uploads\/2019\/03\/316-Y-Type-Spring-Check-Valve-800-Wog-NPT-End-drawing-768x543.jpg 768w, https:\/\/www.stvvalves.com\/wp-content\/uploads\/2019\/03\/316-Y-Type-Spring-Check-Valve-800-Wog-NPT-End-drawing-1030x728.jpg 1030w, https:\/\/www.stvvalves.com\/wp-content\/uploads\/2019\/03\/316-Y-Type-Spring-Check-Valve-800-Wog-NPT-End-drawing-1500x1061.jpg 1500w, https:\/\/www.stvvalves.com\/wp-content\/uploads\/2019\/03\/316-Y-Type-Spring-Check-Valve-800-Wog-NPT-End-drawing-260x185.jpg 260w, https:\/\/www.stvvalves.com\/wp-content\/uploads\/2019\/03\/316-Y-Type-Spring-Check-Valve-800-Wog-NPT-End-drawing-705x498.jpg 705w\" sizes=\"auto, (max-width: 2338px) 100vw, 2338px\" \/><\/p>","protected":false},"excerpt":{"rendered":"<p>Modello:STV-H12H-800#-CF8M-1\u2033<\/p>\n<p>La valvola di ritegno a Y \u00e8 installata sul tubo di controllo dell&#039;acqua integrato come dispositivo di sicurezza che impedisce automaticamente il ritorno del fluido. Secondo la struttura, pu\u00f2 essere divisa in due tipi di forme di design. Il primo tipo \u00e8 un coperchio della valvola del tipo a bullone. Il corpo della valvola progettato secondo questa forma di progettazione \u00e8 collegato al coperchio della valvola e al coperchio della valvola tramite bulloni e dadi e la guarnizione avvolta (clip 31 6 in grafite flessibile). Collegamento ad anello metallico sigillato.<\/p>\n<p>Caratteristiche:<br \/>\n1. L&#039;aletta della valvola viene utilizzata per il movimento di sollevamento. Il tubo di collegamento collega la camera superiore all&#039;uscita della valvola e l&#039;aletta della valvola si alza e si abbassa. Riduce gli urti e le vibrazioni e fa s\u00ec che l&#039;aletta raggiunga la corsa completa.<br \/>\n2. Il corpo della valvola \u00e8 a forma di Y, la resistenza \u00e8 piccola, la lega dura \u00e8 saldata sulle nervature della guida, il manicotto della guida \u00e8 in acciaio inossidabile e il coperchio \u00e8 flessibile.<br \/>\n3. Adotta la guarnizione autoserrante a pressione. Il sigillo \u00e8 affidabile.<br \/>\n4. La superficie di tenuta del disco della valvola e la sede della valvola sono realizzate in lega di matrice di cobalto, che presenta elevata durezza, resistenza alla corrosione, resistenza ai graffi e durata.<br \/>\nMateriale del corpo: WCB, SS304, SS316, WC6, WC9<br \/>\nMetodo di connessione: saldatura (pu\u00f2 anche essere personalizzato su altri standard di flangia)<br \/>\nGamma dei fluidi: acqua, olio, gas, gas naturale, acido nitrico<\/p>\n<p>STV Valve Technology Group Co., Ltd \u00e8 un leader professionale in Cina Valvole di ritegno di tipo Y CF8M, Valvola di ritegno a molla di tipo Y, Valvole di ritegno di tipo Y da 1 pollice, Valvole di ritegno di tipo Y, Valvola di ritegno di tipo Y SS, Valvola di ritegno a molla di tipo BSP Y produttore con alta qualit\u00e0 e prezzo competitivo.<\/p>\n<p>Per saperne di pi\u00f9 su queste valvole, non esitare a contattare il nostro sales@stvvalve.com<br \/>\nFoglio degli appuntamenti:<a href=\"https:\/\/www.stvvalves.com\/wp-content\/uploads\/2019\/03\/316-Y-Type-Spring-Check-Valve-800-Wog-NPT-End-drawing.pdf\">Valvola di ritegno a molla tipo 316 Y, 800 Wog, estremit\u00e0 NPT<\/a><\/p>","protected":false},"featured_media":4507,"template":"","meta":[],"product_brand":[],"product_cat":[46,67],"product_tag":[639,635,638,636,637,634],"class_list":{"0":"post-4506","1":"product","2":"type-product","3":"status-publish","4":"has-post-thumbnail","6":"product_cat-check-valves","7":"product_cat-stainless-steel-check-valve","8":"product_tag-1-inch-y-type-check-valves","9":"product_tag-bsp-y-type-spring-check-valve","10":"product_tag-cf8m-y-type-check-valves","11":"product_tag-ss-y-type-check-valve","12":"product_tag-y-type-check-valves","13":"product_tag-y-type-spring-check-valve","15":"first","16":"instock","17":"shipping-taxable","18":"product-type-simple"},"_links":{"self":[{"href":"https:\/\/www.stvvalves.com\/it\/wp-json\/wp\/v2\/product\/4506","targetHints":{"allow":["GET"]}}],"collection":[{"href":"https:\/\/www.stvvalves.com\/it\/wp-json\/wp\/v2\/product"}],"about":[{"href":"https:\/\/www.stvvalves.com\/it\/wp-json\/wp\/v2\/types\/product"}],"wp:featuredmedia":[{"embeddable":true,"href":"https:\/\/www.stvvalves.com\/it\/wp-json\/wp\/v2\/media\/4507"}],"wp:attachment":[{"href":"https:\/\/www.stvvalves.com\/it\/wp-json\/wp\/v2\/media?parent=4506"}],"wp:term":[{"taxonomy":"product_brand","embeddable":true,"href":"https:\/\/www.stvvalves.com\/it\/wp-json\/wp\/v2\/product_brand?post=4506"},{"taxonomy":"product_cat","embeddable":true,"href":"https:\/\/www.stvvalves.com\/it\/wp-json\/wp\/v2\/product_cat?post=4506"},{"taxonomy":"product_tag","embeddable":true,"href":"https:\/\/www.stvvalves.com\/it\/wp-json\/wp\/v2\/product_tag?post=4506"}],"curies":[{"name":"wp","href":"https:\/\/api.w.org\/{rel}","templated":true}]}}