{"id":4529,"date":"2019-03-20T02:49:55","date_gmt":"2019-03-20T02:49:55","guid":{"rendered":"https:\/\/www.stvvalves.com\/?post_type=product&#038;p=4529"},"modified":"2025-02-17T18:22:09","modified_gmt":"2025-02-17T10:22:09","slug":"1500lb-forged-steel-weld-bonnet-gate-valve-a105n-body-dn50-socket-weld-end","status":"publish","type":"product","link":"https:\/\/www.stvvalves.com\/it\/products\/1500lb-forged-steel-weld-bonnet-gate-valve-a105n-body-dn50-socket-weld-end\/","title":{"rendered":"Valvola a saracinesca con cofano saldato in acciaio forgiato da 1500 libbre, corpo A105N, DN50, estremit\u00e0 a saldare con presa"},"content":{"rendered":"<p>Caratteristiche del progetto<br \/>\n1. Porta piena o porta convenzionale<br \/>\n2. Vite e giogo esterni (OS&amp;Y)<br \/>\n3. Premistoppa autoallineante in due pezzi<br \/>\n4. Cofano imbullonato con guarnizione a spirale, cofano saldato filettato e con guarnizione o coperchio filettato e con guarnizione a pressione<br \/>\n5. Sedile posteriore integrale<br \/>\n6.Disponibile in ANSI 150-2500LB, dimensioni: da 1\/2\u2033 a 2\u2033.<br \/>\n7. Materiali: A105N, LF2, F304, F316, F11, F22, F5, F91, acciaio legato ecc.<br \/>\n8. Intervallo di temperatura: da 0\u00b0C a 538\u00b0C.<br \/>\n9.Porta: porta riduttrice e porta completa.<br \/>\n10.Fine connessione\uff1bNPT,BW,SW,RF,RTJ.<\/p>\n<table>\n<tbody>\n<tr>\n<td width=\"200\"><strong><b>nome del prodotto<\/b><\/strong><\/td>\n<td width=\"481\">Valvola a saracinesca con cofano saldato in acciaio forgiato da 1500 libbre, corpo A105N, DN50, estremit\u00e0 a saldare con presa<\/td>\n<\/tr>\n<tr>\n<td width=\"200\">1. Materiale<\/td>\n<td width=\"481\">A105N<\/td>\n<\/tr>\n<tr>\n<td width=\"200\">2. Dimensioni<\/td>\n<td width=\"481\">2\u201d<\/td>\n<\/tr>\n<tr>\n<td width=\"200\">4. Porto<\/td>\n<td width=\"481\">Porta del riduttore<\/td>\n<\/tr>\n<tr>\n<td width=\"200\">5. Pressione di esercizio<\/td>\n<td width=\"481\">1500 libbre<\/td>\n<\/tr>\n<tr>\n<td width=\"200\">6. La connessione termina<\/td>\n<td width=\"481\">Estremit\u00e0 saldata a presa<\/td>\n<\/tr>\n<tr>\n<td width=\"200\">7. Temp. di lavoro.<\/td>\n<td width=\"481\">-29~425\u00baC,<\/td>\n<\/tr>\n<tr>\n<td width=\"200\">8. Mezzo adatto<\/td>\n<td width=\"481\">Acqua, gas naturale, petrolio e alcuni liquidi corrosivi<\/td>\n<\/tr>\n<tr>\n<td width=\"200\">9. Operato<\/td>\n<td width=\"481\">Volantino<\/td>\n<\/tr>\n<tr>\n<td width=\"200\">10. Ispezione e test<\/td>\n<td width=\"481\">Secondo API 598<\/td>\n<\/tr>\n<tr>\n<td width=\"200\"><strong><b>Spedizione<\/b><\/strong><\/td>\n<td width=\"481\"><\/td>\n<\/tr>\n<tr>\n<td width=\"200\">Tempi di consegna<\/td>\n<td width=\"481\">30 giorni<\/td>\n<\/tr>\n<tr>\n<td width=\"200\">Pacchetto<\/td>\n<td width=\"481\">Custodia in compensato per esportazione standard<\/td>\n<\/tr>\n<tr>\n<td width=\"200\">Porto di spedizione<\/td>\n<td width=\"481\">Ningbo\/Shanghai, Cina<\/td>\n<\/tr>\n<tr>\n<td width=\"200\">Termini di spedizione<\/td>\n<td width=\"481\">Exw, FOB, CFR, CIF, ecc.<\/td>\n<\/tr>\n<tr>\n<td width=\"200\">Termini di pagamento<\/td>\n<td width=\"481\">T\/T, Western Union, PayPal, ecc.<\/td>\n<\/tr>\n<tr>\n<td width=\"200\"><\/td>\n<td width=\"481\">Pagamento anticipato 30%, saldo 70% pagato prima della spedizione<\/td>\n<\/tr>\n<tr>\n<td width=\"200\">Paese di origine<\/td>\n<td width=\"481\">Citt\u00e0 di Wenzhou, Cina<\/td>\n<\/tr>\n<tr>\n<td width=\"200\">Capacit\u00e0 produttiva<\/td>\n<td width=\"481\">6000 ton\/anno<\/td>\n<\/tr>\n<tr>\n<td width=\"200\">MOQ<\/td>\n<td width=\"481\">10 pezzi\/taglia<\/td>\n<\/tr>\n<\/tbody>\n<\/table>","protected":false},"excerpt":{"rendered":"<p>Modello:STV-Z61YW-1500LB-A105N-2\u2033<\/p>\n<p>La valvola a saracinesca del cofano saldato in acciaio forgiato da 1500 libbre del volantino trasmette la coppia allo stelo della valvola attraverso il dado dello stelo. lo stelo della valvola \u00e8 forgiato e temperato con A182F6 (1Cr13) e ha una durezza HB220-250. al fine di ridurre la perdita di potenza durante il processo di trasmissione, il dado dello stelo \u00e8 realizzato in ghisa sferoidale ad alto contenuto di nichel A439GR.D2 o lega di rame (la ghisa sferoidale ad alto contenuto di nichel ha alcune propriet\u00e0 autolubrificanti) e la durezza \u00e8 di circa HB50 pi\u00f9 piccolo dello stelo della valvola.<\/p>\n<p>Le valvole a saracinesca in acciaio forgiato sono adatte per tubi di piccolo diametro con temperature di esercizio di -29-450 \u00b0 C (acciaio al carbonio) o -29-500 \u00b0 C (acciaio inossidabile). Viene utilizzato per tagliare o collegare i media nel tubo. Possono essere utilizzati materiali diversi. In acqua, vapore, olio, acido nitrico, acido acetico, mezzo ossidante, urea e altri mezzi.<\/p>\n<p>STV Valve Technology Group Co., Ltd \u00e8 un leader professionale Cina Valvole a saracinesca in acciaio forgiato con cofano saldato classe 1500, Valvole in acciaio forgiato con cofano saldato, Valvola a saracinesca con cofano saldato in acciaio forgiato, Valvola a saracinesca in acciaio forgiato secondo API 602, Produttore cinese di valvole a saracinesca DN50 con alta qualit\u00e0 e prezzo competitivo.<\/p>\n<p>Si prega di contattare il nostro sales@stvvalve.com per altri materiali e dettagli.<\/p>\n<p>Foglio degli appuntamenti:<a href=\"https:\/\/www.stvvalves.com\/wp-content\/uploads\/2019\/03\/1500lb-forged-steel-weld-bonnet-gate-valve-a105n-body-dn50-socket-weld-end-drawing.pdf\">Valvola a saracinesca con cofano saldato in acciaio forgiato da 1500 libbre, corpo A105N, DN50, estremit\u00e0 a saldare con presa<\/a><\/p>","protected":false},"featured_media":4530,"template":"","meta":[],"product_brand":[],"product_cat":[59,44],"product_tag":[658,657,654,656,655],"class_list":{"0":"post-4529","1":"product","2":"type-product","3":"status-publish","4":"has-post-thumbnail","6":"product_cat-forged-steel-gate-valve","7":"product_cat-gate-valve","8":"product_tag-dn50-gate-valve","9":"product_tag-forged-steel-gate-valve-to-api-602","10":"product_tag-forged-steel-gate-valves-welded-bonnet-class-1500","11":"product_tag-forged-steel-weld-bonnet-gate-valve","12":"product_tag-welded-bonnet-forged-steel-valves","14":"first","15":"instock","16":"shipping-taxable","17":"product-type-simple"},"_links":{"self":[{"href":"https:\/\/www.stvvalves.com\/it\/wp-json\/wp\/v2\/product\/4529","targetHints":{"allow":["GET"]}}],"collection":[{"href":"https:\/\/www.stvvalves.com\/it\/wp-json\/wp\/v2\/product"}],"about":[{"href":"https:\/\/www.stvvalves.com\/it\/wp-json\/wp\/v2\/types\/product"}],"wp:featuredmedia":[{"embeddable":true,"href":"https:\/\/www.stvvalves.com\/it\/wp-json\/wp\/v2\/media\/4530"}],"wp:attachment":[{"href":"https:\/\/www.stvvalves.com\/it\/wp-json\/wp\/v2\/media?parent=4529"}],"wp:term":[{"taxonomy":"product_brand","embeddable":true,"href":"https:\/\/www.stvvalves.com\/it\/wp-json\/wp\/v2\/product_brand?post=4529"},{"taxonomy":"product_cat","embeddable":true,"href":"https:\/\/www.stvvalves.com\/it\/wp-json\/wp\/v2\/product_cat?post=4529"},{"taxonomy":"product_tag","embeddable":true,"href":"https:\/\/www.stvvalves.com\/it\/wp-json\/wp\/v2\/product_tag?post=4529"}],"curies":[{"name":"wp","href":"https:\/\/api.w.org\/{rel}","templated":true}]}}