{"id":4534,"date":"2019-03-20T05:34:51","date_gmt":"2019-03-20T05:34:51","guid":{"rendered":"https:\/\/www.stvvalves.com\/?post_type=product&#038;p=4534"},"modified":"2025-02-17T18:21:37","modified_gmt":"2025-02-17T10:21:37","slug":"1500lb-seal-bonnet-gate-valve-api-602-a105n-body-dn50-sw-end","status":"publish","type":"product","link":"https:\/\/www.stvvalves.com\/it\/products\/1500lb-seal-bonnet-gate-valve-api-602-a105n-body-dn50-sw-end\/","title":{"rendered":"Valvola a saracinesca con cofano con tenuta 1500LB, API 602, corpo A105N, DN50, estremit\u00e0 SW"},"content":{"rendered":"<p>Progettazione e produzione sono conformi a BS 5352, ANSI B16.34<\/p>\n<p>Le estremit\u00e0 della connessione sono conformi a:<\/p>\n<p>1. Le estremit\u00e0 saldate con presa sono conformi ad ANSI B16.11<\/p>\n<p>2. Le estremit\u00e0 delle viti sono conformi ad ANSI B1.20.1<\/p>\n<p>3. Le estremit\u00e0 saldate di testa sono conformi alla norma ANSI B16.25<\/p>\n<p>Test e ispezione conformi a: API 598<\/p>\n<p>1) Informazioni sul prodotto: le valvole fornite sono utilizzate principalmente per acqua, aria, olio, gas<br \/>\n2) Tipo di connessione: tipo flangiato, tipo con saldatura a tasca, tipo con saldatura di testa, tipo a vite<br \/>\n3) Materiale:<br \/>\na) Corpo: A105, LF2, F11, F22, F304, F316, F304L, F316L<br \/>\nb) Disco: A105, LF2, F11, F22, F304, F316, F304L, F316L<br \/>\nc) Stelo: F6a, F11, F22, F304, F316, F304L, F316L<br \/>\nd) Cofano: A105, LF2, F11, F22, F304, F316, F304L, F316L<br \/>\n4) Dimensioni: 15-50 mm\/1\/2\u2033 \u2013 2\u2033<br \/>\n5) Grado di pressione: PN16~PN100, 150Lb~2500Lb<br \/>\n6) Rivestimento: rivestimento secondo le esigenze dei clienti<br \/>\n7) Pacchetto: Scatole di legno<\/p>\n<table>\n<tbody>\n<tr>\n<td width=\"200\"><strong><b>nome del prodotto<\/b><\/strong><\/td>\n<td width=\"481\">Valvola a saracinesca con cofano con tenuta 1500LB, API 602, corpo A105N, DN50, estremit\u00e0 SW<\/td>\n<\/tr>\n<tr>\n<td width=\"200\">1. Materiale<\/td>\n<td width=\"481\">A105N<\/td>\n<\/tr>\n<tr>\n<td width=\"200\">2. Dimensioni<\/td>\n<td width=\"481\">2\u201d<\/td>\n<\/tr>\n<tr>\n<td width=\"200\">4. Porto<\/td>\n<td width=\"481\">Porta del riduttore<\/td>\n<\/tr>\n<tr>\n<td width=\"200\">5. Pressione di esercizio<\/td>\n<td width=\"481\">1500 libbre<\/td>\n<\/tr>\n<tr>\n<td width=\"200\">6. La connessione termina<\/td>\n<td width=\"481\">RF<\/td>\n<\/tr>\n<tr>\n<td width=\"200\">7. Temp. di lavoro.<\/td>\n<td width=\"481\">-29~425\u00baC,<\/td>\n<\/tr>\n<tr>\n<td width=\"200\">8. Mezzo adatto<\/td>\n<td width=\"481\">Acqua, gas naturale, petrolio e alcuni liquidi corrosivi<\/td>\n<\/tr>\n<tr>\n<td width=\"200\">9. Operato<\/td>\n<td width=\"481\">Volantino<\/td>\n<\/tr>\n<tr>\n<td width=\"200\">10. Ispezione e test<\/td>\n<td width=\"481\">Secondo API 598<\/td>\n<\/tr>\n<tr>\n<td width=\"200\"><strong><b>Spedizione<\/b><\/strong><\/td>\n<td width=\"481\">&nbsp;<\/td>\n<\/tr>\n<tr>\n<td width=\"200\">Tempi di consegna<\/td>\n<td width=\"481\">30 giorni<\/td>\n<\/tr>\n<tr>\n<td width=\"200\">Pacchetto<\/td>\n<td width=\"481\">Custodia in compensato per esportazione standard<\/td>\n<\/tr>\n<tr>\n<td width=\"200\">Porto di spedizione<\/td>\n<td width=\"481\">Ningbo\/Shanghai, Cina<\/td>\n<\/tr>\n<tr>\n<td width=\"200\">Termini di spedizione<\/td>\n<td width=\"481\">Exw, FOB, CFR, CIF, ecc.<\/td>\n<\/tr>\n<tr>\n<td width=\"200\">Termini di pagamento<\/td>\n<td width=\"481\">T\/T, Western Union, PayPal, ecc.<\/td>\n<\/tr>\n<tr>\n<td width=\"200\">&nbsp;<\/td>\n<td width=\"481\">Pagamento anticipato 30%, saldo 70% pagato prima della spedizione<\/td>\n<\/tr>\n<tr>\n<td width=\"200\">Paese di origine<\/td>\n<td width=\"481\">Citt\u00e0 di Wenzhou, Cina<\/td>\n<\/tr>\n<tr>\n<td width=\"200\">Capacit\u00e0 produttiva<\/td>\n<td width=\"481\">6000 ton\/anno<\/td>\n<\/tr>\n<tr>\n<td width=\"200\">MOQ<\/td>\n<td width=\"481\">10 pezzi\/taglia<\/td>\n<\/tr>\n<\/tbody>\n<\/table>\n<p>&nbsp;<\/p>","protected":false},"excerpt":{"rendered":"<p>Modello:STV-PZ61-1500LB-DN50-A105N<\/p>\n<p>Valvola a saracinesca in acciaio forgiato con coperchio della valvola autoserrante a pressione, la valvola progettata secondo questa forma di connessione, il corpo della valvola e il coperchio della valvola sono collegati tramite zanzariera a vite e la pressione interna \u00e8 sigillata dall&#039;anello di tenuta. Il vantaggio \u00e8 che maggiore \u00e8 la pressione interna, migliore \u00e8 la prestazione di tenuta.<br \/>\n1. La valvola in acciaio forgiato adotta una guarnizione autoserrante a pressione e le due estremit\u00e0 del ramo del corpo valvola sono saldate.<br \/>\n2. La sede della valvola e la superficie di tenuta del disco sono realizzate con saldatura a spruzzo al plasma in lega dura a base di cobalto, che ha una buona resistenza all&#039;usura e ai graffi.<br \/>\n3. Lo stelo della valvola \u00e8 trattato con nitrurazione resistente alla corrosione, che ha una buona resistenza alla corrosione e ai graffi.<\/p>\n<p>STV Valve Technology Group Co., Ltd \u00e8 un leader professionale in Cina Valvola a saracinesca da 1500 libbre, Valvola a saracinesca sul cofano con tenuta a pressione, Valvola a saracinesca sul cofano con tenuta a pressione DN50, Valvola a saracinesca in acciaio forgiato secondo API 602, Valvola a saracinesca sul cofano con tenuta a pressione in acciaio forgiato, Pressione API 602 Cina Produttore di valvole a saracinesca per cofano con alta qualit\u00e0 e prezzo competitivo.<\/p>\n<p>Si prega di contattare il nostro sales@stvvalve.com per altri materiali e dettagli.<\/p>\n<p>Foglio degli appuntamenti:<a href=\"https:\/\/www.stvvalves.com\/wp-content\/uploads\/2019\/03\/1500lb-seal-bonnet-gate-valve-api-602-a105n-body-dn50-sw-end-drawing.pdf\">Valvola a saracinesca con cofano con tenuta 1500LB, API 602, corpo A105N, DN50, estremit\u00e0 SW<\/a><\/p>","protected":false},"featured_media":4535,"template":"","meta":[],"product_brand":[],"product_cat":[59,44],"product_tag":[659,662,660,661,433],"class_list":{"0":"post-4534","1":"product","2":"type-product","3":"status-publish","4":"has-post-thumbnail","6":"product_cat-forged-steel-gate-valve","7":"product_cat-gate-valve","8":"product_tag-1500lb-gate-valve","9":"product_tag-api-602-pressure-seal-bonnet-gate-valve","10":"product_tag-dn50-pressure-seal-bonnet-gate-valve","11":"product_tag-forged-steel-pressure-seal-bonnet-gate-valve","12":"product_tag-pressure-seal-bonnet-gate-valve","14":"first","15":"instock","16":"shipping-taxable","17":"product-type-simple"},"_links":{"self":[{"href":"https:\/\/www.stvvalves.com\/it\/wp-json\/wp\/v2\/product\/4534","targetHints":{"allow":["GET"]}}],"collection":[{"href":"https:\/\/www.stvvalves.com\/it\/wp-json\/wp\/v2\/product"}],"about":[{"href":"https:\/\/www.stvvalves.com\/it\/wp-json\/wp\/v2\/types\/product"}],"wp:featuredmedia":[{"embeddable":true,"href":"https:\/\/www.stvvalves.com\/it\/wp-json\/wp\/v2\/media\/4535"}],"wp:attachment":[{"href":"https:\/\/www.stvvalves.com\/it\/wp-json\/wp\/v2\/media?parent=4534"}],"wp:term":[{"taxonomy":"product_brand","embeddable":true,"href":"https:\/\/www.stvvalves.com\/it\/wp-json\/wp\/v2\/product_brand?post=4534"},{"taxonomy":"product_cat","embeddable":true,"href":"https:\/\/www.stvvalves.com\/it\/wp-json\/wp\/v2\/product_cat?post=4534"},{"taxonomy":"product_tag","embeddable":true,"href":"https:\/\/www.stvvalves.com\/it\/wp-json\/wp\/v2\/product_tag?post=4534"}],"curies":[{"name":"wp","href":"https:\/\/api.w.org\/{rel}","templated":true}]}}