{"id":4538,"date":"2019-03-20T06:45:22","date_gmt":"2019-03-20T06:45:22","guid":{"rendered":"https:\/\/www.stvvalves.com\/?post_type=product&#038;p=4538"},"modified":"2025-02-17T18:21:36","modified_gmt":"2025-02-17T10:21:36","slug":"f304-integral-flange-forged-gate-valve-dn20-150lb-api-602","status":"publish","type":"product","link":"https:\/\/www.stvvalves.com\/it\/products\/f304-integral-flange-forged-gate-valve-dn20-150lb-api-602\/","title":{"rendered":"Valvola a saracinesca forgiata con flangia integrale F304, DN20,150LB, API 602"},"content":{"rendered":"<p>Caratteristiche:<br \/>\nAcciaio forgiato, vite esterna e giogo, stelo in aumento,<br \/>\nVolantino non in aumento, sedile posteriore integrale,<br \/>\nCuneo solido, anelli di sede rinnovabili, guarnizione della ferita sprial,<br \/>\nPassaggio ridotto o passaggio completo,<br \/>\nEstremit\u00e0 saldata, filettata, saldata di testa, flangiata.<\/p>\n<p>Norma di applicazione:<br \/>\nAPI 602, ASME B16.34, BS 5352<br \/>\nTest secondo API 598<br \/>\nMarcatura su MSS SP25<br \/>\nEstremit\u00e0 saldate con presa secondo ASME B16.11<br \/>\nEstremit\u00e0 avvitate secondo ASME B1.20.1<br \/>\nEstremit\u00e0 saldate di testa secondo ASME B16.25<br \/>\nEstremit\u00e0 flangiate secondo ASME B16.5<br \/>\nDisponibile in ANSI 150-2500LB, dimensioni: da 1\/2\u2033 a 2\u2033.<br \/>\nMateriali: A105N, LF2, F304, F316, F11, F22, F5, F91, acciaio legato ecc.<br \/>\nIntervallo di temperatura: da -29\u00b0C a 538\u00b0C.<\/p>\n<p>&nbsp;<\/p>\n<table>\n<tbody>\n<tr>\n<td width=\"200\"><strong><b>nome del prodotto<\/b><\/strong><\/td>\n<td width=\"481\">Valvola a saracinesca forgiata con flangia integrale F304, DN20,150LB, API 602<\/td>\n<\/tr>\n<tr>\n<td width=\"200\">1. Materiale<\/td>\n<td width=\"481\">F304<\/td>\n<\/tr>\n<tr>\n<td width=\"200\">2. Dimensioni<\/td>\n<td width=\"481\">3\/4&quot;<\/td>\n<\/tr>\n<tr>\n<td width=\"200\">4. Porto<\/td>\n<td width=\"481\">Porta del riduttore<\/td>\n<\/tr>\n<tr>\n<td width=\"200\">5. Pressione di esercizio<\/td>\n<td width=\"481\">150 libbre<\/td>\n<\/tr>\n<tr>\n<td width=\"200\">6. La connessione termina<\/td>\n<td width=\"481\">RF<\/td>\n<\/tr>\n<tr>\n<td width=\"200\">7. Temp. di lavoro.<\/td>\n<td width=\"481\">-29~600\u00baC,<\/td>\n<\/tr>\n<tr>\n<td width=\"200\">8. Mezzo adatto<\/td>\n<td width=\"481\">Acqua, gas naturale, petrolio e alcuni liquidi corrosivi<\/td>\n<\/tr>\n<tr>\n<td width=\"200\">9. Operato<\/td>\n<td width=\"481\">Volantino<\/td>\n<\/tr>\n<tr>\n<td width=\"200\">10. Ispezione e test<\/td>\n<td width=\"481\">Secondo API 598<\/td>\n<\/tr>\n<tr>\n<td width=\"200\"><strong><b>Spedizione<\/b><\/strong><\/td>\n<td width=\"481\">&nbsp;<\/td>\n<\/tr>\n<tr>\n<td width=\"200\">Tempi di consegna<\/td>\n<td width=\"481\">30 giorni<\/td>\n<\/tr>\n<tr>\n<td width=\"200\">Pacchetto<\/td>\n<td width=\"481\">Custodia in compensato per esportazione standard<\/td>\n<\/tr>\n<tr>\n<td width=\"200\">Porto di spedizione<\/td>\n<td width=\"481\">Ningbo\/Shanghai, Cina<\/td>\n<\/tr>\n<tr>\n<td width=\"200\">Termini di spedizione<\/td>\n<td width=\"481\">Exw, FOB, CFR, CIF, ecc.<\/td>\n<\/tr>\n<tr>\n<td width=\"200\">Termini di pagamento<\/td>\n<td width=\"481\">T\/T, Western Union, PayPal, ecc.<\/td>\n<\/tr>\n<tr>\n<td width=\"200\">&nbsp;<\/td>\n<td width=\"481\">Pagamento anticipato 30%, saldo 70% pagato prima della spedizione<\/td>\n<\/tr>\n<tr>\n<td width=\"200\">Paese di origine<\/td>\n<td width=\"481\">Citt\u00e0 di Wenzhou, Cina<\/td>\n<\/tr>\n<tr>\n<td width=\"200\">Capacit\u00e0 produttiva<\/td>\n<td width=\"481\">6000 ton\/anno<\/td>\n<\/tr>\n<tr>\n<td width=\"200\">MOQ<\/td>\n<td width=\"481\">10 pezzi\/taglia<\/td>\n<\/tr>\n<\/tbody>\n<\/table>","protected":false},"excerpt":{"rendered":"<p>Modello:STV-Z41H-150LB-F304-DN20<\/p>\n<p>Valvola a saracinesca forgiata con flangia integrale F304 adatta principalmente per condotte di vari sistemi di centrali termiche, tagliando o collegando il mezzo della tubazione. Mezzo applicabile: mezzo non corrosivo come acqua e vapore. Rispetto ad altri prodotti di valvole, la valvola in acciaio forgiato a flangia integrale \u00e8 caratterizzata da alta temperatura e alta pressione e da un design autosigillante unico. Maggiore \u00e8 la pressione, pi\u00f9 affidabile \u00e8 la tenuta. A causa delle particolari caratteristiche tecniche e delle condizioni di lavoro, i prodotti presentano anche caratteristiche che non possono essere sostituite da altri prodotti.<\/p>\n<p>STV Valve Technology Group Co., Ltd \u00e8 un leader professionale in Cina Valvola a saracinesca con flangia forgiata integrale, Piccola valvola a saracinesca forgiata con flangia integrale, Valvola a saracinesca con flangia integrale, Valvole a saracinesca con flangia integrale in acciaio forgiato, Produttore di valvole a saracinesca da 150 libbre in Cina con alta qualit\u00e0 e prezzo competitivo .<\/p>\n<p>Si prega di contattare il nostro sales@stvvalve.com per altri materiali e dettagli.<\/p>\n<p>Foglio degli appuntamenti:<a href=\"https:\/\/www.stvvalves.com\/wp-content\/uploads\/2019\/03\/f304-integral-flange-forged-gate-valve-dn20-150lb-api-602-DRAWING.pdf\">Valvola a saracinesca forgiata con flangia integrale F304, DN20,150LB, API 602<\/a><\/p>","protected":false},"featured_media":4539,"template":"","meta":[],"product_brand":[],"product_cat":[59,44],"product_tag":[663,664,665,667,666],"class_list":{"0":"post-4538","1":"product","2":"type-product","3":"status-publish","4":"has-post-thumbnail","6":"product_cat-forged-steel-gate-valve","7":"product_cat-gate-valve","8":"product_tag-150lb-gate-valve","9":"product_tag-forged-steel-integral-flanged-end-gate-valves","10":"product_tag-integral-flanged-gate-valve","11":"product_tag-integral-forged-flange-gate-valve","12":"product_tag-small-forged-gate-valve-integral-flanged","14":"first","15":"instock","16":"shipping-taxable","17":"product-type-simple"},"_links":{"self":[{"href":"https:\/\/www.stvvalves.com\/it\/wp-json\/wp\/v2\/product\/4538","targetHints":{"allow":["GET"]}}],"collection":[{"href":"https:\/\/www.stvvalves.com\/it\/wp-json\/wp\/v2\/product"}],"about":[{"href":"https:\/\/www.stvvalves.com\/it\/wp-json\/wp\/v2\/types\/product"}],"wp:featuredmedia":[{"embeddable":true,"href":"https:\/\/www.stvvalves.com\/it\/wp-json\/wp\/v2\/media\/4539"}],"wp:attachment":[{"href":"https:\/\/www.stvvalves.com\/it\/wp-json\/wp\/v2\/media?parent=4538"}],"wp:term":[{"taxonomy":"product_brand","embeddable":true,"href":"https:\/\/www.stvvalves.com\/it\/wp-json\/wp\/v2\/product_brand?post=4538"},{"taxonomy":"product_cat","embeddable":true,"href":"https:\/\/www.stvvalves.com\/it\/wp-json\/wp\/v2\/product_cat?post=4538"},{"taxonomy":"product_tag","embeddable":true,"href":"https:\/\/www.stvvalves.com\/it\/wp-json\/wp\/v2\/product_tag?post=4538"}],"curies":[{"name":"wp","href":"https:\/\/api.w.org\/{rel}","templated":true}]}}