{"id":4583,"date":"2019-03-30T14:42:57","date_gmt":"2019-03-30T14:42:57","guid":{"rendered":"https:\/\/www.stvvalves.com\/?post_type=product&#038;p=4583"},"modified":"2025-02-17T18:21:33","modified_gmt":"2025-02-17T10:21:33","slug":"epdm-seat-butterfly-valve-di-body-cf8m-disc-wafer-type","status":"publish","type":"product","link":"https:\/\/www.stvvalves.com\/it\/products\/epdm-seat-butterfly-valve-di-body-cf8m-disc-wafer-type\/","title":{"rendered":"Valvola a farfalla con sede in EPDM, corpo DI, disco CF8M, tipo wafer"},"content":{"rendered":"<p>Specifiche:<\/p>\n<p>Dimensioni DN50-DN300<br \/>\nPressione nominale PN10\/16, 150-300 libbre<br \/>\nTemperatura di lavoro -30\u00b0C \u2013 135\u00b0C<br \/>\nMezzi adatti Prodotti chimici, aria, acqua, vapore, olio, acidi, sali, ecc<br \/>\nStandard:<\/p>\n<p>Standard di progettazione API609, ANSI16.34, JISB2064, GB T12238<br \/>\nFaccia a faccia API609, DIN3202, ISO5752, BS5155<br \/>\nForatura flangia DIN2501 PN10\/16, ANSI 125\/150\/300, BS4504, JIS10K<br \/>\nFlangia superiore ISO5211<br \/>\nTest di ispezione API598<\/p>\n<p>Materiale:<br \/>\nCorpo in ghisa, ferro duttile, acciaio al carbonio, acciaio inossidabile<br \/>\nDisco in ferro duttile, acciaio al carbonio, acciaio inossidabile<br \/>\nStelo in acciaio inossidabile<br \/>\nSedi EPDM, NBR, PTFE, VITON, HYPALON<br \/>\nO-ring EPDM, NBR<\/p>\n<table>\n<tbody>\n<tr>\n<td width=\"200\"><strong><b>nome del prodotto<\/b><\/strong><\/td>\n<td width=\"481\">Valvola a farfalla con sede in EPDM, corpo DI, disco CF8M, tipo wafer<\/td>\n<\/tr>\n<tr>\n<td width=\"200\">1. Materiale<\/td>\n<td width=\"481\">Ferro duttile<\/td>\n<\/tr>\n<tr>\n<td width=\"200\">2. Dimensioni<\/td>\n<td width=\"481\">3&quot;<\/td>\n<\/tr>\n<tr>\n<td width=\"200\">4. Porto<\/td>\n<td width=\"481\">Porto pieno<\/td>\n<\/tr>\n<tr>\n<td width=\"200\">5. Pressione di esercizio<\/td>\n<td width=\"481\">PN16<\/td>\n<\/tr>\n<tr>\n<td width=\"200\">6. La connessione termina<\/td>\n<td width=\"481\">Estremit\u00e0 saldata a presa<\/td>\n<\/tr>\n<tr>\n<td width=\"200\">7. Temp. di lavoro.<\/td>\n<td width=\"481\">-29~120\u00baC,<\/td>\n<\/tr>\n<tr>\n<td width=\"200\">8. Mezzo adatto<\/td>\n<td width=\"481\">Acqua, gas naturale, petrolio e alcuni liquidi corrosivi<\/td>\n<\/tr>\n<tr>\n<td width=\"200\">9. Operato<\/td>\n<td width=\"481\">Volantino<\/td>\n<\/tr>\n<tr>\n<td width=\"200\">10. Ispezione e test<\/td>\n<td width=\"481\">Secondo API 598<\/td>\n<\/tr>\n<tr>\n<td width=\"200\"><strong><b>Spedizione<\/b><\/strong><\/td>\n<td width=\"481\">&nbsp;<\/td>\n<\/tr>\n<tr>\n<td width=\"200\">Tempi di consegna<\/td>\n<td width=\"481\">30 giorni<\/td>\n<\/tr>\n<tr>\n<td width=\"200\">Pacchetto<\/td>\n<td width=\"481\">Custodia in compensato per esportazione standard<\/td>\n<\/tr>\n<tr>\n<td width=\"200\">Porto di spedizione<\/td>\n<td width=\"481\">Ningbo\/Shanghai, Cina<\/td>\n<\/tr>\n<tr>\n<td width=\"200\">Termini di spedizione<\/td>\n<td width=\"481\">Exw, FOB, CFR, CIF, ecc.<\/td>\n<\/tr>\n<tr>\n<td width=\"200\">Termini di pagamento<\/td>\n<td width=\"481\">T\/T, Western Union, PayPal, ecc.<\/td>\n<\/tr>\n<tr>\n<td width=\"200\">&nbsp;<\/td>\n<td width=\"481\">Pagamento anticipato 30%, saldo 70% pagato prima della spedizione<\/td>\n<\/tr>\n<tr>\n<td width=\"200\">Paese di origine<\/td>\n<td width=\"481\">Citt\u00e0 di Wenzhou, Cina<\/td>\n<\/tr>\n<tr>\n<td width=\"200\">Capacit\u00e0 produttiva<\/td>\n<td width=\"481\">6000 ton\/anno<\/td>\n<\/tr>\n<tr>\n<td width=\"200\">MOQ<\/td>\n<td width=\"481\">10 pezzi\/taglia<\/td>\n<\/tr>\n<\/tbody>\n<\/table>\n<p>&nbsp;<\/p>","protected":false},"excerpt":{"rendered":"<p>Modello;STV-D71X-PN16-DI-316-100<\/p>\n<p>La nostra valvola a farfalla con sede in EPDM sfrutta la flessibilit\u00e0 della sede in gomma, potrebbe facilmente raggiungere perdite pari a zero, quindi \u00e8 una valvola ampiamente applicata nei giacimenti petroliferi, nell&#039;agricoltura, nell&#039;acqua e nelle acque reflue e nelle industrie minerarie. Grazie ai materiali del corpo rivestito in gomma, la valvola a farfalla rivestita in EPDM viene solitamente utilizzata nelle linee a bassa pressione.<\/p>\n<p>Il tipo wafer \u00e8 il tipo comune di valvola a farfalla con sede in EPDM ed \u00e8 meno costoso del tipo con aletta. La valvola a farfalla con sede in EPDM \u00e8 installata tra due flange. La valvola a farfalla viene mantenuta in posizione utilizzando bulloni o prigionieri e dadi da flangia a flangia. Questo tipo di installazione, ovviamente, rende impossibile scollegare solo un lato del sistema di tubazioni dalla valvola.<\/p>\n<p>STV Valve Technology Group Co., Ltd \u00e8 un&#039;azienda leader professionale in Cina, valvole a farfalla con sede resiliente EPDM, valvole a farfalla in ghisa, valvole a farfalla wafer, valvole a farfalla con sede morbida, valvole a farfalla con capocorda, produzione di valvole a farfalla cinesi con alta qualit\u00e0 e prezzo competitivo.<\/p>\n<p>Si prega di contattare il nostro sales@stvvalve.com per altri materiali e dettagli.<\/p>\n<p>Foglio degli appuntamenti:<a href=\"https:\/\/www.stvvalves.com\/wp-content\/uploads\/2019\/03\/epdm-seat-butterfly-valve-di-body-cf8m-disc-wafer-type-drawing.pdf\">Valvola a farfalla con sede in EPDM, corpo DI, disco CF8M, tipo wafer<\/a><\/p>","protected":false},"featured_media":4585,"template":"","meta":[],"product_brand":[],"product_cat":[965,971],"product_tag":[698,702,699,701,700],"class_list":{"0":"post-4583","1":"product","2":"type-product","3":"status-publish","4":"has-post-thumbnail","6":"product_cat-butterfly-valve","7":"product_cat-wafer-butterfly-valve","8":"product_tag-butterfly-valves-soft-seat","9":"product_tag-cast-iron-butterfly-valve","10":"product_tag-china-butterfly-valve","11":"product_tag-epdm-resilient-seat-butterfly-valves","12":"product_tag-wafer-butterfly-valves","14":"first","15":"instock","16":"downloadable","17":"shipping-taxable","18":"product-type-simple"},"_links":{"self":[{"href":"https:\/\/www.stvvalves.com\/it\/wp-json\/wp\/v2\/product\/4583","targetHints":{"allow":["GET"]}}],"collection":[{"href":"https:\/\/www.stvvalves.com\/it\/wp-json\/wp\/v2\/product"}],"about":[{"href":"https:\/\/www.stvvalves.com\/it\/wp-json\/wp\/v2\/types\/product"}],"wp:featuredmedia":[{"embeddable":true,"href":"https:\/\/www.stvvalves.com\/it\/wp-json\/wp\/v2\/media\/4585"}],"wp:attachment":[{"href":"https:\/\/www.stvvalves.com\/it\/wp-json\/wp\/v2\/media?parent=4583"}],"wp:term":[{"taxonomy":"product_brand","embeddable":true,"href":"https:\/\/www.stvvalves.com\/it\/wp-json\/wp\/v2\/product_brand?post=4583"},{"taxonomy":"product_cat","embeddable":true,"href":"https:\/\/www.stvvalves.com\/it\/wp-json\/wp\/v2\/product_cat?post=4583"},{"taxonomy":"product_tag","embeddable":true,"href":"https:\/\/www.stvvalves.com\/it\/wp-json\/wp\/v2\/product_tag?post=4583"}],"curies":[{"name":"wp","href":"https:\/\/api.w.org\/{rel}","templated":true}]}}