{"id":4763,"date":"2019-04-22T07:23:22","date_gmt":"2019-04-22T07:23:22","guid":{"rendered":"https:\/\/www.stvvalves.com\/?post_type=product&#038;p=4763"},"modified":"2025-02-17T18:30:50","modified_gmt":"2025-02-17T10:30:50","slug":"stainless-steel-sanitary-welded-end-y-type-tee","status":"publish","type":"product","link":"https:\/\/www.stvvalves.com\/it\/products\/stainless-steel-sanitary-welded-end-y-type-tee\/","title":{"rendered":"T di tipo Y con estremit\u00e0 saldata sanitaria in acciaio inossidabile"},"content":{"rendered":"<p>T di tipo Y con estremit\u00e0 saldata sanitaria in acciaio inossidabile<\/p>\n<p>Estremit\u00e0 di connessione: saldata, serrata, filettata, di tipo a unione,<br \/>\nStandard: DIN, SMS, ISO, 3A, BPE, IDF, AS, BS<br \/>\nDimensioni: DN10-300, 1\/2\u201d-6\u201d<br \/>\nMateriale: SS304,SS304L,SS316,SS316L<br \/>\nRealizzato con tubo saldato o tubo senza saldatura secondo i requisiti<br \/>\nFinitura superficiale: specchio, tipo opaco secondo i requisiti<br \/>\nInterno Ra 0,4, lato esterno Ra 0,8<br \/>\nRotondit\u00e0, uguaglianza dello spessore per soddisfare gli standard internazionali di qualit\u00e0 alimentare<br \/>\nApplicazione: industria alimentare, delle bevande, lattiero-casearia, farmaceutica, chimica o di qualsiasi altra industria di trasformazione alimentare<\/p>\n<div id=\"attachment_4764\" style=\"width: 861px\" class=\"wp-caption alignleft\"><img loading=\"lazy\" decoding=\"async\" aria-describedby=\"caption-attachment-4764\" class=\"size-full wp-image-4764\" src=\"https:\/\/www.stvvalves.com\/wp-content\/uploads\/2019\/04\/stainless-steel-sanitary-welded-end-y-type-tee-catalog.jpg\" alt=\"\" width=\"851\" height=\"257\" srcset=\"https:\/\/www.stvvalves.com\/wp-content\/uploads\/2019\/04\/stainless-steel-sanitary-welded-end-y-type-tee-catalog.jpg 851w, https:\/\/www.stvvalves.com\/wp-content\/uploads\/2019\/04\/stainless-steel-sanitary-welded-end-y-type-tee-catalog-600x181.jpg 600w, https:\/\/www.stvvalves.com\/wp-content\/uploads\/2019\/04\/stainless-steel-sanitary-welded-end-y-type-tee-catalog-300x91.jpg 300w, https:\/\/www.stvvalves.com\/wp-content\/uploads\/2019\/04\/stainless-steel-sanitary-welded-end-y-type-tee-catalog-768x232.jpg 768w, https:\/\/www.stvvalves.com\/wp-content\/uploads\/2019\/04\/stainless-steel-sanitary-welded-end-y-type-tee-catalog-705x213.jpg 705w\" sizes=\"auto, (max-width: 851px) 100vw, 851px\" \/><p id=\"caption-attachment-4764\" class=\"wp-caption-text\">Cina T con estremit\u00e0 saldata in acciaio inossidabile, T con estremit\u00e0 saldata sanitaria, T di tipo Y in acciaio inossidabile, T di tipo Y, Produttore di T con estremit\u00e0 saldata in acciaio inossidabile<\/p><\/div>","protected":false},"excerpt":{"rendered":"<div class=\"woocommerce-product-details__short-description\">\n<div class=\"woocommerce-product-details__short-description\">\n<p><!--StartFragment --><\/p>\n<div>I raccordi a T saldati sanitari in acciaio inossidabile vengono utilizzati su installazioni permanenti in cui le tubazioni e le apparecchiature di processo possono essere pulite sul posto (CIP) e non \u00e8 richiesta la rimozione dal sistema. Shaw<br \/>\nTipologie: Adattatori \u2013 Tappi \u2013 Croci \u2013 Gomiti \u2013 Laterali \u2013 Riduttori \u2013 Terminali \u2013 T \u2013 True Wyes \u2013 Curve a U<br \/>\nSi applica al sistema di tubazioni in acciaio inossidabile, utilizzato per latte, alimenti, succhi, birra, farmaci, ecc.<br \/>\nGli accessori del serbatoio sono facili da installare.<br \/>\nSaldatura e assemblaggio senza problemi e massima resistenza possibile.<br \/>\nRequisiti di saldatura: consapevoli delle sempre crescenti richieste di qualit\u00e0 della saldatura. In conformit\u00e0 con queste esigenze, tutte le nostre saldature e raccordi soddisfano gli standard pi\u00f9 elevati. I riduttori hanno estremit\u00e0 cilindriche a saldare e sono disponibili per tutte le combinazioni di tubi, garantendo il diametro e lo spessore della parete giusti per il vostro processo.<\/p>\n<\/div>\n<p>STV Valve Technology Group Co., Ltd \u00e8 un leader professionale in Cina, T con estremit\u00e0 saldata in acciaio inossidabile, T con estremit\u00e0 saldata sanitaria, T in acciaio inossidabile a Y, T a Y, Produttore di T in acciaio inossidabile sanitario con alta qualit\u00e0 e prezzo competitivo.<\/p>\n<\/div>\n<\/div>","protected":false},"featured_media":4766,"template":"","meta":[],"product_brand":[],"product_cat":[966,969],"product_tag":[823,822,824,825],"class_list":{"0":"post-4763","1":"product","2":"type-product","3":"status-publish","4":"has-post-thumbnail","6":"product_cat-pipe-fitting","7":"product_cat-sanitary-pipe-fitting-and-valves","8":"product_tag-sanitary-welded-end-tee","9":"product_tag-stainless-steel-welded-end-tee","10":"product_tag-stainless-steel-y-type-tee","11":"product_tag-y-type-tee","13":"first","14":"instock","15":"shipping-taxable","16":"product-type-simple"},"_links":{"self":[{"href":"https:\/\/www.stvvalves.com\/it\/wp-json\/wp\/v2\/product\/4763","targetHints":{"allow":["GET"]}}],"collection":[{"href":"https:\/\/www.stvvalves.com\/it\/wp-json\/wp\/v2\/product"}],"about":[{"href":"https:\/\/www.stvvalves.com\/it\/wp-json\/wp\/v2\/types\/product"}],"wp:featuredmedia":[{"embeddable":true,"href":"https:\/\/www.stvvalves.com\/it\/wp-json\/wp\/v2\/media\/4766"}],"wp:attachment":[{"href":"https:\/\/www.stvvalves.com\/it\/wp-json\/wp\/v2\/media?parent=4763"}],"wp:term":[{"taxonomy":"product_brand","embeddable":true,"href":"https:\/\/www.stvvalves.com\/it\/wp-json\/wp\/v2\/product_brand?post=4763"},{"taxonomy":"product_cat","embeddable":true,"href":"https:\/\/www.stvvalves.com\/it\/wp-json\/wp\/v2\/product_cat?post=4763"},{"taxonomy":"product_tag","embeddable":true,"href":"https:\/\/www.stvvalves.com\/it\/wp-json\/wp\/v2\/product_tag?post=4763"}],"curies":[{"name":"wp","href":"https:\/\/api.w.org\/{rel}","templated":true}]}}