{"id":4790,"date":"2019-04-23T07:06:26","date_gmt":"2019-04-23T07:06:26","guid":{"rendered":"https:\/\/www.stvvalves.com\/?post_type=product&#038;p=4790"},"modified":"2025-02-17T18:30:32","modified_gmt":"2025-02-17T10:30:32","slug":"sanitary-stainless-steel-3pcs-butterfly-valve-with-ss-handle","status":"publish","type":"product","link":"https:\/\/www.stvvalves.com\/it\/products\/sanitary-stainless-steel-3pcs-butterfly-valve-with-ss-handle\/","title":{"rendered":"Valvola a farfalla sanitaria in acciaio inossidabile 3 pezzi con maniglia SS"},"content":{"rendered":"<p>Caratteristiche:<br \/>\nMigliore resistenza agli acidi, agli alcali e alle alte temperature<br \/>\nTemperatura: -10 gradi ~~ 120 gradi<br \/>\nPi\u00f9 di trentamila test di sicurezza<br \/>\nFinitura superficiale esterna: Ra 1,2<br \/>\nDesign speciale della guarnizione, fluido privo di residui<br \/>\nIl disco della valvola \u00e8 realizzato mediante forgiatura.<br \/>\nIl corpo della valvola \u00e8 realizzato mediante forgiatura.<br \/>\nManiglia manuale: maniglia a trazione, maniglia a pinza in plastica o maniglia a pinza in acciaio inossidabile<br \/>\nGuarnizione: EPDM, silicone o Viton<br \/>\nTutte le guarnizioni sono approvate dalla FDA<br \/>\nMassimo. Pressione: 16BAR per connessioni a saldare; 10BAR per altri collegamenti<br \/>\nminimo Pressione: 0,2 BAR<br \/>\nDesign compatto, facile manutenzione e coppia elevata<\/p>\n<p>Estremit\u00e0 di connessione: saldatura, tri-clamp, unione, flangia, filettatura maschio, filettatura femmina<br \/>\nStandard: DIN, SMS, ISO, 3A, IDF<br \/>\nMateriale: SS304, SS316L<br \/>\nFinitura superficiale interna: Ra0.4<br \/>\nDimensioni: DN20-DN300, 3\/4\u2033-10\u2033<br \/>\nStandard: maniglia normalmente a 3 posizioni (4 posizioni possono essere personalizzate)<br \/>\nManiglia della pinza normalmente con 13 posizioni.<\/p>\n<p>Applicazione: industria alimentare, delle bevande, lattiero-casearia, farmaceutica, chimica o di qualsiasi altra industria di trasformazione alimentare<\/p>\n<p><img loading=\"lazy\" decoding=\"async\" class=\"alignleft size-full wp-image-5545\" src=\"https:\/\/www.stvvalves.com\/wp-content\/uploads\/2019\/04\/sanitary-stainless-steel-3pcs-butterfly-valve-with-ss-handle-catalog-1.jpg\" alt=\"\" width=\"736\" height=\"829\" srcset=\"https:\/\/www.stvvalves.com\/wp-content\/uploads\/2019\/04\/sanitary-stainless-steel-3pcs-butterfly-valve-with-ss-handle-catalog-1.jpg 736w, https:\/\/www.stvvalves.com\/wp-content\/uploads\/2019\/04\/sanitary-stainless-steel-3pcs-butterfly-valve-with-ss-handle-catalog-1-600x676.jpg 600w, https:\/\/www.stvvalves.com\/wp-content\/uploads\/2019\/04\/sanitary-stainless-steel-3pcs-butterfly-valve-with-ss-handle-catalog-1-266x300.jpg 266w, https:\/\/www.stvvalves.com\/wp-content\/uploads\/2019\/04\/sanitary-stainless-steel-3pcs-butterfly-valve-with-ss-handle-catalog-1-626x705.jpg 626w\" sizes=\"auto, (max-width: 736px) 100vw, 736px\" \/><\/p>","protected":false},"excerpt":{"rendered":"<p>STV Valve Technology Group Co., Ltd \u00e8 un leader professionale in Cina Valvola a farfalla igienica, Valvola di controllo a farfalla a membrana, Valvola a farfalla per uso sanitario, Valvola a farfalla sanitaria con maniglia a tirante, Valvola a farfalla sanitaria 3PCS, Valvola a farfalla con maniglia SS Produttori con alta qualit\u00e0 e prezzo competitivo.<\/p>\n<p>Il nostro corpo valvola a farfalla pu\u00f2 essere offerto con estremit\u00e0 saldata, estremit\u00e0 maschio, estremit\u00e0 femmina e estremit\u00e0 morsetto. Le nostre valvole a farfalla possono essere installate con maniglie di tipo diverso come maniglia di trazione a 4 posizioni, maniglia di presa a 12 posizioni e altri 10 tipi o installate con attuatore per il controllo automatico per il tuo ampio utilizzo.<br \/>\nIl corpo e il disco della valvola a farfalla sono tutti realizzati con lucidatura di alto livello completamente lavorata a CNC.<br \/>\nTutti i prodotti sono stati testati dalla stampa prima della spedizione.<br \/>\nE&#039; necessario specificare al momento dell&#039;effettuazione degli ordini se sono richiesti numeri di colata e MTR.<br \/>\nSono disponibili sedi in EPDM, silicone e Viton per l&#039;installazione nelle nostre valvole a farfalla, adatte per molte applicazioni in settori quali quello alimentare, lattiero-caseario, delle bevande, della lavorazione della carne, chimico e molti altri.<\/p>","protected":false},"featured_media":4792,"template":"","meta":[],"product_brand":[],"product_cat":[966,969],"product_tag":[849,851,848,847,850],"class_list":{"0":"post-4790","1":"product","2":"type-product","3":"status-publish","4":"has-post-thumbnail","6":"product_cat-pipe-fitting","7":"product_cat-sanitary-pipe-fitting-and-valves","8":"product_tag-butterfly-valve-for-sanitary-using","9":"product_tag-butterfly-valve-with-ss-handle-manufacturers","10":"product_tag-diaphragm-butterfly-control-valve","11":"product_tag-hygienic-butterfly-valve","12":"product_tag-sanitary-3pcs-butterfly-valve","14":"first","15":"instock","16":"shipping-taxable","17":"product-type-simple"},"_links":{"self":[{"href":"https:\/\/www.stvvalves.com\/it\/wp-json\/wp\/v2\/product\/4790","targetHints":{"allow":["GET"]}}],"collection":[{"href":"https:\/\/www.stvvalves.com\/it\/wp-json\/wp\/v2\/product"}],"about":[{"href":"https:\/\/www.stvvalves.com\/it\/wp-json\/wp\/v2\/types\/product"}],"wp:featuredmedia":[{"embeddable":true,"href":"https:\/\/www.stvvalves.com\/it\/wp-json\/wp\/v2\/media\/4792"}],"wp:attachment":[{"href":"https:\/\/www.stvvalves.com\/it\/wp-json\/wp\/v2\/media?parent=4790"}],"wp:term":[{"taxonomy":"product_brand","embeddable":true,"href":"https:\/\/www.stvvalves.com\/it\/wp-json\/wp\/v2\/product_brand?post=4790"},{"taxonomy":"product_cat","embeddable":true,"href":"https:\/\/www.stvvalves.com\/it\/wp-json\/wp\/v2\/product_cat?post=4790"},{"taxonomy":"product_tag","embeddable":true,"href":"https:\/\/www.stvvalves.com\/it\/wp-json\/wp\/v2\/product_tag?post=4790"}],"curies":[{"name":"wp","href":"https:\/\/api.w.org\/{rel}","templated":true}]}}