{"id":4816,"date":"2019-04-26T03:09:31","date_gmt":"2019-04-26T03:09:31","guid":{"rendered":"https:\/\/www.stvvalves.com\/?post_type=product&#038;p=4816"},"modified":"2025-02-17T18:30:29","modified_gmt":"2025-02-17T10:30:29","slug":"sanitary-316-butterfly-valve-with-flange","status":"publish","type":"product","link":"https:\/\/www.stvvalves.com\/it\/products\/sanitary-316-butterfly-valve-with-flange\/","title":{"rendered":"Valvola a farfalla sanitaria 316 con flangia"},"content":{"rendered":"<p>Valvola a farfalla sanitaria 316 con flangia<\/p>\n<p>Caratteristiche:<br \/>\nMigliore resistenza agli acidi, agli alcali e alle alte temperature<br \/>\nTemperatura: -10 gradi ~~ 120 gradi<br \/>\nPi\u00f9 di trentamila test di sicurezza<br \/>\nFinitura superficiale esterna: Ra 1,2<br \/>\nDesign speciale della guarnizione, fluido privo di residui<br \/>\nIl disco della valvola \u00e8 realizzato mediante forgiatura.<br \/>\nIl corpo della valvola \u00e8 realizzato mediante forgiatura.<br \/>\nManiglia manuale: maniglia a trazione, maniglia a pinza in plastica o maniglia a pinza in acciaio inossidabile<br \/>\nGuarnizione: EPDM, silicone o Viton<br \/>\nTutte le guarnizioni sono approvate dalla FDA<br \/>\nMassimo. Pressione: 16BAR per connessioni a saldare; 10BAR per altri collegamenti<br \/>\nminimo Pressione: 0,2 BAR<br \/>\nDesign compatto, facile manutenzione e coppia elevata<\/p>\n<p>Estremit\u00e0 di connessione: saldatura, tri-clamp, unione, flangia, filettatura maschio, filettatura femmina<br \/>\nStandard: DIN, SMS, ISO, 3A, IDF<br \/>\nMateriale: SS304, SS316L<br \/>\nFinitura superficiale interna: Ra0.4<br \/>\nDimensioni: DN20-DN300, 3\/4\u2033-10\u2033<br \/>\nStandard: maniglia normalmente a 3 posizioni (4 posizioni possono essere personalizzate)<br \/>\nManiglia della pinza normalmente con 13 posizioni.<\/p>\n<p>Applicazione: industria alimentare, delle bevande, lattiero-casearia, farmaceutica, chimica o di qualsiasi altra industria di trasformazione alimentare<\/p>\n<div id=\"attachment_4817\" style=\"width: 871px\" class=\"wp-caption alignleft\"><img loading=\"lazy\" decoding=\"async\" aria-describedby=\"caption-attachment-4817\" class=\"size-full wp-image-4817\" src=\"https:\/\/www.stvvalves.com\/wp-content\/uploads\/2019\/04\/sanitary-316-butterfly-valve-with-flange-catalog.jpg\" alt=\"\" width=\"861\" height=\"316\" srcset=\"https:\/\/www.stvvalves.com\/wp-content\/uploads\/2019\/04\/sanitary-316-butterfly-valve-with-flange-catalog.jpg 861w, https:\/\/www.stvvalves.com\/wp-content\/uploads\/2019\/04\/sanitary-316-butterfly-valve-with-flange-catalog-600x220.jpg 600w, https:\/\/www.stvvalves.com\/wp-content\/uploads\/2019\/04\/sanitary-316-butterfly-valve-with-flange-catalog-300x110.jpg 300w, https:\/\/www.stvvalves.com\/wp-content\/uploads\/2019\/04\/sanitary-316-butterfly-valve-with-flange-catalog-768x282.jpg 768w, https:\/\/www.stvvalves.com\/wp-content\/uploads\/2019\/04\/sanitary-316-butterfly-valve-with-flange-catalog-705x259.jpg 705w\" sizes=\"auto, (max-width: 861px) 100vw, 861px\" \/><p id=\"caption-attachment-4817\" class=\"wp-caption-text\">China Sanitary Butterfly Valve, Sanitary Stainless Steel Butterfly Valve with Flange Flange Ends, Hygienic Butterfly Valve,Sanitary Manual Butterfly Valve with Clamping Ends,Sanitary Flange Tri Clamp Butterfly Valve, Sanitary Butterfly Valve Flange Manufacturers<\/p><\/div>","protected":false},"excerpt":{"rendered":"<div class=\"woocommerce-product-details__short-description\">\n<p>STV Valve Technology Group Co., Ltd is a professional leader China Sanitary Butterfly Valve, Sanitary Stainless Steel Butterfly Valve with Flange Flange Ends, Hygienic Butterfly Valve,Sanitary Manual Butterfly Valve with Clamping Ends,Sanitary Flange Tri Clamp Butterfly Valve, Sanitary Butterfly Valve Flange Manufacturers with high quality and competitive price.<\/p>\n<p>Il nostro corpo valvola a farfalla pu\u00f2 essere offerto con estremit\u00e0 saldata, estremit\u00e0 maschio, estremit\u00e0 femmina e estremit\u00e0 morsetto. Le nostre valvole a farfalla possono essere installate con maniglie di tipo diverso come maniglia di trazione a 4 posizioni, maniglia di presa a 12 posizioni e altri 10 tipi o installate con attuatore per il controllo automatico per il tuo ampio utilizzo.<br \/>\nIl corpo e il disco della valvola a farfalla sono tutti realizzati con lucidatura di alto livello completamente lavorata a CNC.<br \/>\nTutti i prodotti sono stati sottoposti a test stampa al 100{8141c64f649aa10a30e48bdb99fa3eccf7af065b4b625c7c4d110ee570dfa2a6} prima della spedizione.<br \/>\nE&#039; necessario specificare al momento dell&#039;effettuazione degli ordini se sono richiesti numeri di colata e MTR.<br \/>\nSono disponibili sedi in EPDM, silicone e Viton per l&#039;installazione nelle nostre valvole a farfalla, adatte per molte applicazioni in settori quali quello alimentare, lattiero-caseario, delle bevande, della lavorazione della carne, chimico e molti altri.<\/p>\n<\/div>\n<form class=\"cart\" action=\"https:\/\/www.stvvalves.com\/it\/product\/sanitary-stainless-steel-3pcs-butterfly-valve-with-ss-handle\/\" enctype=\"multipart\/form-data\" method=\"post\" data-trp-original-action=\"https:\/\/www.stvvalves.com\/product\/sanitary-stainless-steel-3pcs-butterfly-valve-with-ss-handle\/\">\n<div class=\"wcpa_form_outer\"><\/div>\n<div class=\"quantity\"><\/div>\n<div class=\"addquotelistlink\">\n<div class=\"quotelistadd_prodpage\"><\/div>\n<\/div>\n<input type=\"hidden\" name=\"trp-form-language\" value=\"it\"\/><\/form>","protected":false},"featured_media":4818,"template":"","meta":[],"product_brand":[],"product_cat":[966,969],"product_tag":[859,847,862,861,860,858],"class_list":{"0":"post-4816","1":"product","2":"type-product","3":"status-publish","4":"has-post-thumbnail","6":"product_cat-pipe-fitting","7":"product_cat-sanitary-pipe-fitting-and-valves","8":"product_tag-china-sanitary-butterfly-valve","9":"product_tag-hygienic-butterfly-valve","10":"product_tag-sanitary-butterfly-valve-flange-manufacturers","11":"product_tag-sanitary-flange-tri-clamp-butterfly-valve","12":"product_tag-sanitary-manual-butterfly-valve-with-clamping-ends","13":"product_tag-sanitary-stainless-steel-butterfly-valve-with-flange-flange-ends","15":"first","16":"instock","17":"shipping-taxable","18":"product-type-simple"},"_links":{"self":[{"href":"https:\/\/www.stvvalves.com\/it\/wp-json\/wp\/v2\/product\/4816","targetHints":{"allow":["GET"]}}],"collection":[{"href":"https:\/\/www.stvvalves.com\/it\/wp-json\/wp\/v2\/product"}],"about":[{"href":"https:\/\/www.stvvalves.com\/it\/wp-json\/wp\/v2\/types\/product"}],"wp:featuredmedia":[{"embeddable":true,"href":"https:\/\/www.stvvalves.com\/it\/wp-json\/wp\/v2\/media\/4818"}],"wp:attachment":[{"href":"https:\/\/www.stvvalves.com\/it\/wp-json\/wp\/v2\/media?parent=4816"}],"wp:term":[{"taxonomy":"product_brand","embeddable":true,"href":"https:\/\/www.stvvalves.com\/it\/wp-json\/wp\/v2\/product_brand?post=4816"},{"taxonomy":"product_cat","embeddable":true,"href":"https:\/\/www.stvvalves.com\/it\/wp-json\/wp\/v2\/product_cat?post=4816"},{"taxonomy":"product_tag","embeddable":true,"href":"https:\/\/www.stvvalves.com\/it\/wp-json\/wp\/v2\/product_tag?post=4816"}],"curies":[{"name":"wp","href":"https:\/\/api.w.org\/{rel}","templated":true}]}}