{"id":4819,"date":"2019-04-26T06:19:38","date_gmt":"2019-04-26T06:19:38","guid":{"rendered":"https:\/\/www.stvvalves.com\/?post_type=product&#038;p=4819"},"modified":"2025-02-17T18:29:42","modified_gmt":"2025-02-17T10:29:42","slug":"sanitary-stainless-steel-female-threaded-butterfly-valve","status":"publish","type":"product","link":"https:\/\/www.stvvalves.com\/it\/products\/sanitary-stainless-steel-female-threaded-butterfly-valve\/","title":{"rendered":"Valvola a farfalla filettata femmina in acciaio inossidabile sanitario"},"content":{"rendered":"<p>Valvola a farfalla filettata femmina in acciaio inossidabile sanitario<\/p>\n<p>Caratteristiche:<br \/>\nMigliore resistenza agli acidi, agli alcali e alle alte temperature<br \/>\nTemperatura: -10 gradi ~~ 120 gradi<br \/>\nPi\u00f9 di trentamila test di sicurezza<br \/>\nFinitura superficiale esterna: Ra 1,2<br \/>\nDesign speciale della guarnizione, fluido privo di residui<br \/>\nIl disco della valvola \u00e8 realizzato mediante forgiatura.<br \/>\nIl corpo della valvola \u00e8 realizzato mediante forgiatura.<br \/>\nManiglia manuale: maniglia a trazione, maniglia a pinza in plastica o maniglia a pinza in acciaio inossidabile<br \/>\nGuarnizione: EPDM, silicone o Viton<br \/>\nTutte le guarnizioni sono approvate dalla FDA<br \/>\nMassimo. Pressione: 16BAR per connessioni a saldare; 10BAR per altri collegamenti<br \/>\nminimo Pressione: 0,2 BAR<br \/>\nDesign compatto, facile manutenzione e coppia elevata<\/p>\n<p>Estremit\u00e0 di connessione: saldatura, tri-clamp, unione, flangia, filettatura maschio, filettatura femmina<br \/>\nStandard: DIN, SMS, ISO, 3A, IDF<br \/>\nMateriale: SS304, SS316L<br \/>\nFinitura superficiale interna: Ra0.4<br \/>\nDimensioni: DN20-DN300, 3\/4\u2033-10\u2033<br \/>\nStandard: maniglia normalmente a 3 posizioni (4 posizioni possono essere personalizzate)<br \/>\nManiglia della pinza normalmente con 13 posizioni.<\/p>\n<p>Applicazione: industria alimentare, delle bevande, lattiero-casearia, farmaceutica, chimica o di qualsiasi altra industria di trasformazione alimentare<\/p>\n<div id=\"attachment_4822\" style=\"width: 881px\" class=\"wp-caption alignleft\"><img loading=\"lazy\" decoding=\"async\" aria-describedby=\"caption-attachment-4822\" class=\"size-full wp-image-4822\" src=\"https:\/\/www.stvvalves.com\/wp-content\/uploads\/2019\/04\/sanitary-stainless-steel-female-threaded-butterfly-valve-catalog.jpg\" alt=\"\" width=\"871\" height=\"866\" srcset=\"https:\/\/www.stvvalves.com\/wp-content\/uploads\/2019\/04\/sanitary-stainless-steel-female-threaded-butterfly-valve-catalog.jpg 871w, https:\/\/www.stvvalves.com\/wp-content\/uploads\/2019\/04\/sanitary-stainless-steel-female-threaded-butterfly-valve-catalog-100x100.jpg 100w, https:\/\/www.stvvalves.com\/wp-content\/uploads\/2019\/04\/sanitary-stainless-steel-female-threaded-butterfly-valve-catalog-600x597.jpg 600w, https:\/\/www.stvvalves.com\/wp-content\/uploads\/2019\/04\/sanitary-stainless-steel-female-threaded-butterfly-valve-catalog-80x80.jpg 80w, https:\/\/www.stvvalves.com\/wp-content\/uploads\/2019\/04\/sanitary-stainless-steel-female-threaded-butterfly-valve-catalog-300x298.jpg 300w, https:\/\/www.stvvalves.com\/wp-content\/uploads\/2019\/04\/sanitary-stainless-steel-female-threaded-butterfly-valve-catalog-768x764.jpg 768w, https:\/\/www.stvvalves.com\/wp-content\/uploads\/2019\/04\/sanitary-stainless-steel-female-threaded-butterfly-valve-catalog-36x36.jpg 36w, https:\/\/www.stvvalves.com\/wp-content\/uploads\/2019\/04\/sanitary-stainless-steel-female-threaded-butterfly-valve-catalog-180x180.jpg 180w, https:\/\/www.stvvalves.com\/wp-content\/uploads\/2019\/04\/sanitary-stainless-steel-female-threaded-butterfly-valve-catalog-705x701.jpg 705w\" sizes=\"auto, (max-width: 871px) 100vw, 871px\" \/><p id=\"caption-attachment-4822\" class=\"wp-caption-text\">Cina Valvola a farfalla filettata in acciaio inossidabile, Valvola a farfalla filettata Din sanitaria, Valvole a farfalla con filettatura sanitaria, Valvola a farfalla con filettatura femmina sanitaria in acciaio inossidabile, Produttori di valvole a farfalla sanitarie<\/p><\/div>","protected":false},"excerpt":{"rendered":"<p>STV Valve Technology Group Co., Ltd \u00e8 un leader professionale in Cina Valvola a farfalla filettata in acciaio inossidabile, Valvola a farfalla filettata Din sanitaria, Valvole a farfalla con filettatura sanitaria, Valvola a farfalla con filettatura femmina in acciaio inossidabile sanitario, Produttori di valvole a farfalla sanitarie con alta qualit\u00e0 e prezzo competitivo.<\/p>\n<p>Il nostro corpo valvola a farfalla pu\u00f2 essere offerto con estremit\u00e0 saldata, estremit\u00e0 maschio, estremit\u00e0 femmina e estremit\u00e0 morsetto. Le nostre valvole a farfalla possono essere installate con maniglie di tipo diverso come maniglia di trazione a 4 posizioni, maniglia di presa a 12 posizioni e altri 10 tipi o installate con attuatore per il controllo automatico per il tuo ampio utilizzo.<br \/>\nIl corpo e il disco della valvola a farfalla sono tutti realizzati con lucidatura di alto livello completamente lavorata a CNC.<br \/>\nTutti i prodotti sono stati sottoposti a test stampa al 100{8141c64f649aa10a30e48bdb99fa3eccf7af065b4b625c7c4d110ee570dfa2a6} prima della spedizione.<br \/>\nE&#039; necessario specificare al momento dell&#039;effettuazione degli ordini se sono richiesti numeri di colata e MTR.<br \/>\nSono disponibili sedi in EPDM, silicone e Viton per l&#039;installazione nelle nostre valvole a farfalla, adatte per molte applicazioni in settori quali quello alimentare, lattiero-caseario, delle bevande, della lavorazione della carne, chimico e molti altri.<\/p>","protected":false},"featured_media":4821,"template":"","meta":[],"product_brand":[],"product_cat":[966,969],"product_tag":[837,863,865,839,864],"class_list":{"0":"post-4819","1":"product","2":"type-product","3":"status-publish","4":"has-post-thumbnail","6":"product_cat-pipe-fitting","7":"product_cat-sanitary-pipe-fitting-and-valves","8":"product_tag-sanitary-butterfly-valve","9":"product_tag-sanitary-din-threaded-butterfly-valve","10":"product_tag-sanitary-stainless-steel-male-thread-butterfly-valve","11":"product_tag-sanitary-thread-butterfly-valves","12":"product_tag-stainless-steel-threaded-butterfly-valve","14":"first","15":"instock","16":"shipping-taxable","17":"product-type-simple"},"_links":{"self":[{"href":"https:\/\/www.stvvalves.com\/it\/wp-json\/wp\/v2\/product\/4819","targetHints":{"allow":["GET"]}}],"collection":[{"href":"https:\/\/www.stvvalves.com\/it\/wp-json\/wp\/v2\/product"}],"about":[{"href":"https:\/\/www.stvvalves.com\/it\/wp-json\/wp\/v2\/types\/product"}],"wp:featuredmedia":[{"embeddable":true,"href":"https:\/\/www.stvvalves.com\/it\/wp-json\/wp\/v2\/media\/4821"}],"wp:attachment":[{"href":"https:\/\/www.stvvalves.com\/it\/wp-json\/wp\/v2\/media?parent=4819"}],"wp:term":[{"taxonomy":"product_brand","embeddable":true,"href":"https:\/\/www.stvvalves.com\/it\/wp-json\/wp\/v2\/product_brand?post=4819"},{"taxonomy":"product_cat","embeddable":true,"href":"https:\/\/www.stvvalves.com\/it\/wp-json\/wp\/v2\/product_cat?post=4819"},{"taxonomy":"product_tag","embeddable":true,"href":"https:\/\/www.stvvalves.com\/it\/wp-json\/wp\/v2\/product_tag?post=4819"}],"curies":[{"name":"wp","href":"https:\/\/api.w.org\/{rel}","templated":true}]}}