{"id":4837,"date":"2019-05-06T01:13:40","date_gmt":"2019-05-06T01:13:40","guid":{"rendered":"https:\/\/www.stvvalves.com\/?post_type=product&#038;p=4837"},"modified":"2025-02-17T18:29:38","modified_gmt":"2025-02-17T10:29:38","slug":"jis-10k-flanged-ball-valve-iso-5211-mounting-pad-scs14-50a","status":"publish","type":"product","link":"https:\/\/www.stvvalves.com\/it\/products\/jis-10k-flanged-ball-valve-iso-5211-mounting-pad-scs14-50a\/","title":{"rendered":"Valvola a sfera flangiata JIS 10K, cuscinetto di montaggio ISO5211, SCS14,50A"},"content":{"rendered":"<p>Norma di progettazione: JIS B2071.<br \/>\nMateriale corpo: SCS14.<br \/>\nDiametro nominale: 2 pollici.<br \/>\nPressione: JIS10K.<br \/>\nFine connessione;FF.<br \/>\nFaccia a faccia: JIS B2002.<br \/>\nTemperatura di funzionamento: -29\u00b0C~+200\u00b0C.<br \/>\nTest e ispezione: JIS B2003.<br \/>\nGamma di prodotti<br \/>\nMateriale del corpo: acciaio al carbonio, acciaio inossidabile, acciaio legato.<br \/>\nDiametro normale: 1\/2\u2033~8\u2033 (DN15~DN200).<br \/>\nConnessione finale: JIS B2220<br \/>\nIntervallo di pressione: JIS10K-JIS20K<br \/>\nFunzionamento: leva, cambio, attuatore elettrico, pneumatico, elettroidraulico, attuatore gas su olio.<br \/>\nTemperatura di funzionamento: -46\u00b0C~+200\u00b0C.<br \/>\nDispositivo antistatico e dispositivo ignifugo (opzione)<br \/>\nCon base di montaggio ISO 5211 (opzione)<\/p>\n<table>\n<tbody>\n<tr>\n<td width=\"200\"><strong><b>nome del prodotto<\/b><\/strong><\/td>\n<td width=\"481\">Valvola a sfera flangiata JIS 10K, cuscinetto di montaggio ISO5211, SCS14,50A<\/td>\n<\/tr>\n<tr>\n<td width=\"200\">1. Materiale<\/td>\n<td width=\"481\">SS304\/316\/304L\/316L (CF8\/CF8M\/CF3\/CF3M), WCB, ecc.<\/td>\n<\/tr>\n<tr>\n<td width=\"200\">2. Dimensioni<\/td>\n<td width=\"481\">1\/2\u2033~8\u2033 &#039; (15A~200A)<\/td>\n<\/tr>\n<tr>\n<td width=\"200\">4. Porto<\/td>\n<td width=\"481\">Porto pieno<\/td>\n<\/tr>\n<tr>\n<td width=\"200\">5. Pressione di esercizio<\/td>\n<td width=\"481\">JIS10K~20K<\/td>\n<\/tr>\n<tr>\n<td width=\"200\">6. La connessione termina<\/td>\n<td width=\"481\">FF<\/td>\n<\/tr>\n<tr>\n<td width=\"200\">7. Temp. di lavoro.<\/td>\n<td width=\"481\">-29~180\u00baC,<\/td>\n<\/tr>\n<tr>\n<td width=\"200\">8. Mezzo adatto<\/td>\n<td width=\"481\">Acqua, gas naturale, petrolio e alcuni liquidi corrosivi<\/td>\n<\/tr>\n<tr>\n<td width=\"200\">9. Operato<\/td>\n<td width=\"481\">Volantino<\/td>\n<\/tr>\n<tr>\n<td width=\"200\">10. Ispezione e test<\/td>\n<td width=\"481\">Secondo JIS B2003<\/td>\n<\/tr>\n<tr>\n<td width=\"200\"><strong><b>Spedizione<\/b><\/strong><\/td>\n<td width=\"481\"><\/td>\n<\/tr>\n<tr>\n<td width=\"200\">Tempi di consegna<\/td>\n<td width=\"481\">30 giorni<\/td>\n<\/tr>\n<tr>\n<td width=\"200\">Pacchetto<\/td>\n<td width=\"481\">Custodia in compensato per esportazione standard<\/td>\n<\/tr>\n<tr>\n<td width=\"200\">Porto di spedizione<\/td>\n<td width=\"481\">Ningbo\/Shanghai, Cina<\/td>\n<\/tr>\n<tr>\n<td width=\"200\">Termini di spedizione<\/td>\n<td width=\"481\">Exw, FOB, CFR, CIF, ecc.<\/td>\n<\/tr>\n<tr>\n<td width=\"200\">Termini di pagamento<\/td>\n<td width=\"481\">T\/T, Western Union, PayPal, ecc.<\/td>\n<\/tr>\n<tr>\n<td width=\"200\"><\/td>\n<td width=\"481\">Pagamento anticipato 30%, saldo 70% pagato prima della spedizione<\/td>\n<\/tr>\n<tr>\n<td width=\"200\">Paese di origine<\/td>\n<td width=\"481\">Citt\u00e0 di Wenzhou, Cina<\/td>\n<\/tr>\n<tr>\n<td width=\"200\">Capacit\u00e0 produttiva<\/td>\n<td width=\"481\">6000 ton\/anno<\/td>\n<\/tr>\n<tr>\n<td width=\"200\">MOQ<\/td>\n<td width=\"481\">10 pezzi\/taglia<\/td>\n<\/tr>\n<\/tbody>\n<\/table>","protected":false},"excerpt":{"rendered":"<p>Modello:STV-Q41F-JIS10K-DN50-SCS14<\/p>\n<p>La nostra valvola a sfera flangiata JIS 10K con montaggi diretti \u00e8 caratterizzata da un corpo e un&#039;estremit\u00e0 in fusione a cera persa di alta qualit\u00e0. sono disponibili nelle misure da 1\/2\u201d a 8\u201d e hanno porte regolari. La protezione superiore dalle perdite \u00e8 ottenuta utilizzando il nostro sistema brevettato di tenuta dello stelo \u201cpiramidale\u201d mostrato nel grafico sottostante. Questo sistema avanzato protegge dall&#039;usura e dalle perdite riscontrate dalle normali valvole a sfera. Corpo in due pezzi, sfera flottante, passaggio totale, stelo a prova di esplosione Design ignifugo Dispositivi antistatici per il corpo dello stelo a sfera.<\/p>\n<p>Disponibili con opzioni flangiate PN16\/40 e ANSI 150 e nelle dimensioni da 1\/2\u2033 a 8\u2033.<br \/>\nGrazie al cuscinetto di attuazione a montaggio diretto ISO 5211, queste valvole sono facili da azionare.<\/p>\n<p>STV Valve Technology Group Co., Ltd \u00e8 un leader professionale in Cina Valvola a sfera flangiata JIS 10K, Valvola a sfera con cuscinetto di montaggio ISO5211, Valvola a sfera 50A, Produzione di valvole a sfera SCS14 con alta qualit\u00e0 e prezzo competitivo.<\/p>\n<p>Si prega di contattare il nostro sales@stvvalve.com per altri materiali e dettagli.<\/p>\n<p>Foglio degli appuntamenti: <a href=\"https:\/\/www.stvvalves.com\/wp-content\/uploads\/2019\/05\/JIS-10K-Flanged-Ball-Valve-ISO5211-Mounting-Pad-SCS14-50A-Drawing.pdf\">Valvola a sfera flangiata JIS 10K, cuscinetto di montaggio ISO5211, SCS14,50A<\/a><\/p>\n<p>&nbsp;<\/p>","protected":false},"featured_media":4839,"template":"","meta":[],"product_brand":[],"product_cat":[43,80,78,53],"product_tag":[879,877,878,880],"class_list":{"0":"post-4837","1":"product","2":"type-product","3":"status-publish","4":"has-post-thumbnail","6":"product_cat-ball-valve","7":"product_cat-flange-ball-valve","8":"product_cat-floating-ball-valve","9":"product_cat-stainless-steel-ball-valve","10":"product_tag-50a-ball-valve","11":"product_tag-china-jis-10k-flanged-ball-valve","12":"product_tag-iso5211-mounting-pad-ball-valve","13":"product_tag-scs14-ball-valve-manufacture","15":"first","16":"instock","17":"shipping-taxable","18":"product-type-simple"},"_links":{"self":[{"href":"https:\/\/www.stvvalves.com\/it\/wp-json\/wp\/v2\/product\/4837","targetHints":{"allow":["GET"]}}],"collection":[{"href":"https:\/\/www.stvvalves.com\/it\/wp-json\/wp\/v2\/product"}],"about":[{"href":"https:\/\/www.stvvalves.com\/it\/wp-json\/wp\/v2\/types\/product"}],"wp:featuredmedia":[{"embeddable":true,"href":"https:\/\/www.stvvalves.com\/it\/wp-json\/wp\/v2\/media\/4839"}],"wp:attachment":[{"href":"https:\/\/www.stvvalves.com\/it\/wp-json\/wp\/v2\/media?parent=4837"}],"wp:term":[{"taxonomy":"product_brand","embeddable":true,"href":"https:\/\/www.stvvalves.com\/it\/wp-json\/wp\/v2\/product_brand?post=4837"},{"taxonomy":"product_cat","embeddable":true,"href":"https:\/\/www.stvvalves.com\/it\/wp-json\/wp\/v2\/product_cat?post=4837"},{"taxonomy":"product_tag","embeddable":true,"href":"https:\/\/www.stvvalves.com\/it\/wp-json\/wp\/v2\/product_tag?post=4837"}],"curies":[{"name":"wp","href":"https:\/\/api.w.org\/{rel}","templated":true}]}}