{"id":4852,"date":"2019-05-07T03:22:03","date_gmt":"2019-05-07T03:22:03","guid":{"rendered":"https:\/\/www.stvvalves.com\/?post_type=product&#038;p=4852"},"modified":"2025-02-17T18:32:01","modified_gmt":"2025-02-17T10:32:01","slug":"forged-steel-flange-y-strainer-pn40-a105n-body-dn50","status":"publish","type":"product","link":"https:\/\/www.stvvalves.com\/it\/products\/forged-steel-flange-y-strainer-pn40-a105n-body-dn50\/","title":{"rendered":"Filtro a Y con flangia in acciaio forgiato, PN40, corpo A105N, DN50"},"content":{"rendered":"<p>Filtro a Y in acciaio forgiato, classe Ansi 800LBS, SW, NPT, estremit\u00e0 BW, cofano imbullonato, cofano saldato, fornitore e produttore di filtri a Y forgiati in acciaio al carbonio, acciaio inossidabile, acciaio duplex, acciaio legato. Specifiche per filtro a Y forgiato da 800 libbre<br \/>\n1. Dimensioni: 1\/2\u2033 -2\u2033<br \/>\n2. Valutazione della pressione: ANSI 800Lbs-2500LB<br \/>\n3. Mezzo adatto: Acqua, gas, olio, vapore ecc<br \/>\n4. Materiale del corpo: A105, LF2, SS304, SS316, SS304L, SS316L, F51, F53, lega 20 ecc.<br \/>\n5. Schermo: acciaio inossidabile (304SS, 316SS)<br \/>\n6. Connessione terminale: flangia, BW, SW, NPT (filettata, VITE)<br \/>\n7. Altri su richiesta<\/p>\n<div id=\"attachment_4853\" style=\"width: 2525px\" class=\"wp-caption alignleft\"><img loading=\"lazy\" decoding=\"async\" aria-describedby=\"caption-attachment-4853\" class=\"size-full wp-image-4853\" src=\"https:\/\/www.stvvalves.com\/wp-content\/uploads\/2019\/05\/forged-steel-flange-y-strainer-pn40-a105n-body-dn50-catalog.jpg\" alt=\"\" width=\"2515\" height=\"1718\" srcset=\"https:\/\/www.stvvalves.com\/wp-content\/uploads\/2019\/05\/forged-steel-flange-y-strainer-pn40-a105n-body-dn50-catalog.jpg 2515w, https:\/\/www.stvvalves.com\/wp-content\/uploads\/2019\/05\/forged-steel-flange-y-strainer-pn40-a105n-body-dn50-catalog-600x410.jpg 600w, https:\/\/www.stvvalves.com\/wp-content\/uploads\/2019\/05\/forged-steel-flange-y-strainer-pn40-a105n-body-dn50-catalog-300x205.jpg 300w, https:\/\/www.stvvalves.com\/wp-content\/uploads\/2019\/05\/forged-steel-flange-y-strainer-pn40-a105n-body-dn50-catalog-768x525.jpg 768w, https:\/\/www.stvvalves.com\/wp-content\/uploads\/2019\/05\/forged-steel-flange-y-strainer-pn40-a105n-body-dn50-catalog-1030x704.jpg 1030w, https:\/\/www.stvvalves.com\/wp-content\/uploads\/2019\/05\/forged-steel-flange-y-strainer-pn40-a105n-body-dn50-catalog-1500x1025.jpg 1500w, https:\/\/www.stvvalves.com\/wp-content\/uploads\/2019\/05\/forged-steel-flange-y-strainer-pn40-a105n-body-dn50-catalog-705x482.jpg 705w\" sizes=\"auto, (max-width: 2515px) 100vw, 2515px\" \/><p id=\"caption-attachment-4853\" class=\"wp-caption-text\">Filtro di tipo Y in acciaio forgiato in Cina, filtro di tipo Y in acciaio fuso. Filtro a Y con estremit\u00e0 flangiata API, filtro a Y con estremit\u00e0 flangiata PN40, filtro di tipo Y DN50, produttore di filtri di tipo Y con corpo A105N<\/p><\/div>","protected":false},"excerpt":{"rendered":"<p>Modello:STV-GL41H-PN40-DN50<\/p>\n<p>Il nostro filtro a Y con flangia in acciaio forgiato utilizza metodi di forgiatura per produrre una variet\u00e0 di pezzi fucinati e forgiati. La qualit\u00e0 delle parti in acciaio forgiato \u00e8 superiore a quella delle fusioni in acciaio, pu\u00f2 resistere a grandi forze di impatto e ad alta temperatura e alta pressione, e la sua plasticit\u00e0, tenacit\u00e0 e altre propriet\u00e0 meccaniche sono anche superiori rispetto ai filtri di tipo \u00fd in acciaio fuso, quindi alcuni importanti macchinari e attrezzatura \u00c8 preferibile utilizzare un filtro di tipo in acciaio forgiato come dispositivo di filtraggio in condizioni di lavoro importanti e complicate. Questo prodotto non presenter\u00e0 perdite esterne causate dalla manipolazione di collisioni e dalla fusione di fori di sabbia.<\/p>\n<p>Il filtro di tipo y forgiato (filtro a y forgiato) \u00e8 progettato per dimensioni del foro da 1\/2 pollice a 2 pollici, sia per estremit\u00e0 a saldare che filettate; i materiali sono in acciaio al carbonio forgiato e acciaio inox; intervallo di pressione nominale da 150 LBS a 2500 LBS.<\/p>\n<div class=\"woocommerce-product-details__short-description\">\n<p>STV Valve Technology Group Co., Ltd \u00e8 un leader professionale China Forged<em>\u00a0Acciaio<\/em> Filtro a Y, filtro a Y in acciaio fuso. Filtro a Y con estremit\u00e0 flangiata API, filtro a Y con estremit\u00e0 flangiata PN40, filtro di tipo Y DN50, produttore di filtri di tipo Y con corpo A105N con alta qualit\u00e0 e prezzo competitivo.<\/p>\n<p>Si prega di contattare il nostro sales@stvvalve.com per altri materiali e dettagli.<\/p>\n<p>Foglio degli appuntamenti:<a href=\"https:\/\/www.stvvalves.com\/wp-content\/uploads\/2019\/05\/forged-steel-flange-y-strainer-pn40-a105n-body-dn50-catalog.jpg\">Filtro a Y con flangia in acciaio forgiato, PN40, corpo A105N, DN50<\/a><\/p>\n<\/div>","protected":false},"featured_media":4854,"template":"","meta":[],"product_brand":[],"product_cat":[964,48],"product_tag":[891,888,233,890,284,889],"class_list":{"0":"post-4852","1":"product","2":"type-product","3":"status-publish","4":"has-post-thumbnail","6":"product_cat-forged-steel-y-type-strainer","7":"product_cat-y-strainer","8":"product_tag-a105n-body-y-type-strainer","9":"product_tag-api-flanged-end-y-strainer","10":"product_tag-cast-steel-y-type-strainer","11":"product_tag-dn50-y-type-strainer","12":"product_tag-forged-steel-y-type-strainer","13":"product_tag-pn40-flanged-end-y-strainer","15":"first","16":"instock","17":"shipping-taxable","18":"product-type-simple"},"_links":{"self":[{"href":"https:\/\/www.stvvalves.com\/it\/wp-json\/wp\/v2\/product\/4852","targetHints":{"allow":["GET"]}}],"collection":[{"href":"https:\/\/www.stvvalves.com\/it\/wp-json\/wp\/v2\/product"}],"about":[{"href":"https:\/\/www.stvvalves.com\/it\/wp-json\/wp\/v2\/types\/product"}],"wp:featuredmedia":[{"embeddable":true,"href":"https:\/\/www.stvvalves.com\/it\/wp-json\/wp\/v2\/media\/4854"}],"wp:attachment":[{"href":"https:\/\/www.stvvalves.com\/it\/wp-json\/wp\/v2\/media?parent=4852"}],"wp:term":[{"taxonomy":"product_brand","embeddable":true,"href":"https:\/\/www.stvvalves.com\/it\/wp-json\/wp\/v2\/product_brand?post=4852"},{"taxonomy":"product_cat","embeddable":true,"href":"https:\/\/www.stvvalves.com\/it\/wp-json\/wp\/v2\/product_cat?post=4852"},{"taxonomy":"product_tag","embeddable":true,"href":"https:\/\/www.stvvalves.com\/it\/wp-json\/wp\/v2\/product_tag?post=4852"}],"curies":[{"name":"wp","href":"https:\/\/api.w.org\/{rel}","templated":true}]}}