{"id":4874,"date":"2019-05-17T02:58:23","date_gmt":"2019-05-17T02:58:23","guid":{"rendered":"https:\/\/www.stvvalves.com\/?post_type=product&#038;p=4874"},"modified":"2025-02-17T18:31:55","modified_gmt":"2025-02-17T10:31:55","slug":"api-602-2500lb-globe-valve-a105n-body-dn50-bw-end","status":"publish","type":"product","link":"https:\/\/www.stvvalves.com\/it\/products\/api-602-2500lb-globe-valve-a105n-body-dn50-bw-end\/","title":{"rendered":"Valvola a globo API 602 2500LB, corpo A105N, DN50, estremit\u00e0 BW"},"content":{"rendered":"<p>Progettazione e produzione sono conformi a BS 5352, ANSI B16.34<\/p>\n<p>Le estremit\u00e0 della connessione sono conformi a:<\/p>\n<p>1. Le estremit\u00e0 saldate con presa sono conformi ad ANSI B16.11<\/p>\n<p>2. Le estremit\u00e0 delle viti sono conformi ad ANSI B1.20.1<\/p>\n<p>3. Le estremit\u00e0 saldate di testa sono conformi alla norma ANSI B16.25<\/p>\n<p>Test e ispezione conformi a: API 598<\/p>\n<p>1) Informazioni sul prodotto: le valvole fornite sono utilizzate principalmente per acqua, aria, olio, gas<br \/>\n2) Tipo di connessione: tipo flangiato, tipo con saldatura a tasca, tipo con saldatura di testa, tipo a vite<br \/>\n3) Materiale:<br \/>\na) Corpo: A105, LCB, F11, F22, F304, F316, F304L, F316L<br \/>\nb) Disco: A105, LCB, F11, F22, F304, F316, F304L, F316L<br \/>\nc) Stelo: F6a, F11, F22, F304, F316, F304L, F316L<br \/>\nd) Cofano: A105, LCB, F11, F22, F304, F316, F304L, F316L<br \/>\n4) Dimensioni: 15-50 mm\/1\/2\u2033 \u2013 2\u2033<br \/>\n5) Grado di pressione: PN16~PN100, 150Lb~2500Lb<br \/>\n6) Rivestimento: rivestimento secondo le esigenze dei clienti<br \/>\n7) Pacchetto: Scatole di legno<\/p>\n<p>&nbsp;<\/p>\n<table>\n<tbody>\n<tr>\n<td width=\"200\"><strong>nome del prodotto<\/strong><\/td>\n<td width=\"481\">Valvola a globo API 602 2500LB, corpo A105N, DN50, estremit\u00e0 BW<\/td>\n<\/tr>\n<tr>\n<td width=\"200\">1. Materiale<\/td>\n<td width=\"481\">A105N<\/td>\n<\/tr>\n<tr>\n<td width=\"200\">2. Dimensioni<\/td>\n<td width=\"481\">2\u201d<\/td>\n<\/tr>\n<tr>\n<td width=\"200\">4. Porto<\/td>\n<td width=\"481\">Porta del riduttore<\/td>\n<\/tr>\n<tr>\n<td width=\"200\">5. Pressione di esercizio<\/td>\n<td width=\"481\">2500 libbre<\/td>\n<\/tr>\n<tr>\n<td width=\"200\">6. La connessione termina<\/td>\n<td width=\"481\">BW<\/td>\n<\/tr>\n<tr>\n<td width=\"200\">7. Temp. di lavoro.<\/td>\n<td width=\"481\">-29~425\u00baC,<\/td>\n<\/tr>\n<tr>\n<td width=\"200\">8. Mezzo adatto<\/td>\n<td width=\"481\">Acqua, gas naturale, petrolio e alcuni liquidi corrosivi<\/td>\n<\/tr>\n<tr>\n<td width=\"200\">9. Operato<\/td>\n<td width=\"481\">Volantino<\/td>\n<\/tr>\n<tr>\n<td width=\"200\">10. Ispezione e test<\/td>\n<td width=\"481\">Secondo API598<\/td>\n<\/tr>\n<tr>\n<td width=\"200\"><strong>Spedizione<\/strong><\/td>\n<td width=\"481\"><\/td>\n<\/tr>\n<tr>\n<td width=\"200\">Tempi di consegna<\/td>\n<td width=\"481\">30 giorni<\/td>\n<\/tr>\n<tr>\n<td width=\"200\">Pacchetto<\/td>\n<td width=\"481\">Custodia in compensato per esportazione standard<\/td>\n<\/tr>\n<tr>\n<td width=\"200\">Porto di spedizione<\/td>\n<td width=\"481\">Ningbo\/Shanghai, Cina<\/td>\n<\/tr>\n<tr>\n<td width=\"200\">Termini di spedizione<\/td>\n<td width=\"481\">Exw, FOB, CFR, CIF, ecc.<\/td>\n<\/tr>\n<tr>\n<td width=\"200\">Termini di pagamento<\/td>\n<td width=\"481\">T\/T, Western Union, PayPal, ecc.<\/td>\n<\/tr>\n<tr>\n<td width=\"200\"><\/td>\n<td width=\"481\">Pagamento anticipato 30%, saldo 70% pagato prima della spedizione<\/td>\n<\/tr>\n<tr>\n<td width=\"200\">Paese di origine<\/td>\n<td width=\"481\">Citt\u00e0 di Wenzhou, Cina<\/td>\n<\/tr>\n<tr>\n<td width=\"200\">Capacit\u00e0 produttiva<\/td>\n<td width=\"481\">6000 ton\/anno<\/td>\n<\/tr>\n<tr>\n<td width=\"200\">MOQ<\/td>\n<td width=\"481\">1 pezzo\/taglia<\/td>\n<\/tr>\n<\/tbody>\n<\/table>","protected":false},"excerpt":{"rendered":"<h1 class=\"product_title entry-title\">Valvola a globo API 602 2500LB, corpo A105N, DN50, estremit\u00e0 BW<\/h1>\n<div class=\"woocommerce-product-details__short-description\">\n<p>Modello:STV-PJ61Y-2500LB-DN50-A105N<\/p>\n<p>La valvola a globo in acciaio forgiato \u00e8 la valvola che sposta l&#039;elemento di chiusura (valvola) lungo la linea centrale della sede. A seconda della forma di movimento dello sportello, la variazione dell&#039;apertura del sedile \u00e8 proporzionale alla corsa dello sportello. Grazie alla corsa di apertura o chiusura relativamente breve della valvola a globo in acciaio forgiato e alla funzione di chiusura molto affidabile, la valvola a globo in acciaio forgiato \u00e8 adatta anche per la portata dovuta alla modifica dell&#039;apertura della sede della valvola e della corsa della lembo della valvola. Regolazione. Pertanto, le valvole di intercettazione in acciaio forgiato sono ideali per l&#039;uso come intercettazione o regolazione e strozzatura. Il vantaggio pi\u00f9 evidente della valvola di arresto in acciaio forgiato \u00e8 che la valvola di arresto in acciaio forgiato \u00e8 resistente all&#039;usura durante il processo di apertura e chiusura poich\u00e9 l&#039;attrito tra l&#039;aletta della valvola e la superficie di tenuta del corpo della valvola \u00e8 inferiore a quello della valvola a saracinesca . L&#039;altezza di apertura \u00e8 generalmente solo 1\/4 del diametro del canale della sede e quindi molto pi\u00f9 piccola della valvola a saracinesca. Di solito c&#039;\u00e8 solo una superficie di tenuta sul corpo della valvola e sul lembo della valvola, quindi il processo di produzione \u00e8 migliore e facile da riparare.<\/p>\n<p>STV Valve Technology Group Co., Ltd \u00e8 un leader professionale in Cina Valvola a globo API 602 2500LB, valvola a globo con coperchio con tenuta a pressione, valvola a globo con coperchio con tenuta a pressione DN50, valvola a globo con coperchio con tenuta a pressione in acciaio forgiato, valvola a globo con coperchio con tenuta a pressione A105N, pressione finale BW Produttore di valvole a globo con coperchio di tenuta con alta qualit\u00e0 e prezzo competitivo.<\/p>\n<p>Si prega di contattare il nostro sales@stvvalve.com per altri materiali e dettagli.<\/p>\n<p>Foglio degli appuntamenti:<a href=\"https:\/\/www.stvvalves.com\/wp-content\/uploads\/2019\/05\/api-602-2500lb-globe-valve-a105n-body-dn50-bw-end-draqing.pdf\">Valvola a globo API 602 2500LB, corpo A105N, DN50, estremit\u00e0 BW<\/a><\/p>\n<\/div>","protected":false},"featured_media":4881,"template":"","meta":[],"product_brand":[],"product_cat":[64,45],"product_tag":[909,906,908,910,907],"class_list":{"0":"post-4874","1":"product","2":"type-product","3":"status-publish","4":"has-post-thumbnail","6":"product_cat-foreged-steel-globe-valve","7":"product_cat-globe-valve","8":"product_tag-a105n-pressure-seal-bonnet-globe-valve","9":"product_tag-api-602-2500lb-globe-valve","10":"product_tag-bw-end-pressure-seal-bonnet-globe-valve","11":"product_tag-forged-steel-pressure-seal-bonnet-globe-valve","12":"product_tag-pressure-seal-bonnet-globe-valve","14":"first","15":"instock","16":"shipping-taxable","17":"product-type-simple"},"_links":{"self":[{"href":"https:\/\/www.stvvalves.com\/it\/wp-json\/wp\/v2\/product\/4874","targetHints":{"allow":["GET"]}}],"collection":[{"href":"https:\/\/www.stvvalves.com\/it\/wp-json\/wp\/v2\/product"}],"about":[{"href":"https:\/\/www.stvvalves.com\/it\/wp-json\/wp\/v2\/types\/product"}],"wp:featuredmedia":[{"embeddable":true,"href":"https:\/\/www.stvvalves.com\/it\/wp-json\/wp\/v2\/media\/4881"}],"wp:attachment":[{"href":"https:\/\/www.stvvalves.com\/it\/wp-json\/wp\/v2\/media?parent=4874"}],"wp:term":[{"taxonomy":"product_brand","embeddable":true,"href":"https:\/\/www.stvvalves.com\/it\/wp-json\/wp\/v2\/product_brand?post=4874"},{"taxonomy":"product_cat","embeddable":true,"href":"https:\/\/www.stvvalves.com\/it\/wp-json\/wp\/v2\/product_cat?post=4874"},{"taxonomy":"product_tag","embeddable":true,"href":"https:\/\/www.stvvalves.com\/it\/wp-json\/wp\/v2\/product_tag?post=4874"}],"curies":[{"name":"wp","href":"https:\/\/api.w.org\/{rel}","templated":true}]}}