{"id":4965,"date":"2019-06-11T06:41:15","date_gmt":"2019-06-11T06:41:15","guid":{"rendered":"https:\/\/www.stvvalves.com\/?post_type=product&#038;p=4965"},"modified":"2025-02-17T18:31:40","modified_gmt":"2025-02-17T10:31:40","slug":"bs-1873-globe-valve-300lb-wcb-8-inch-hand-wheel-op","status":"publish","type":"product","link":"https:\/\/www.stvvalves.com\/it\/products\/bs-1873-globe-valve-300lb-wcb-8-inch-hand-wheel-op\/","title":{"rendered":"Valvola a globo BS 1873, 300 LB, WCB, 8 pollici, volantino op"},"content":{"rendered":"<p>Progettazione e produzione: ANSI B16.34,BS1873<br \/>\nFaccia a faccia (da un capo all&#039;altro): ANSI B16.10<br \/>\nConnessione flangiata: secondo ASME B16.5, ASME B16.47 Serie A, serie B, MSS SP-4<br \/>\nEstremit\u00e0 saldata di testa: ANSI B16.25<br \/>\nTest e ispezione: API598<br \/>\nProduzione secondo NACE MR-01-75 su richiesta<\/p>\n<p>Acciaio al carbonio: A216 WCB, ASTM A105<br \/>\nAcciaio inossidabile: A351 CF8(F304),CF8M(F316),CF3(F304L),CF3M(F316L),CF8C(F347),F321,F321H,CK20<br \/>\nAcciaio legato: Monel 400, Monel K500, lega 20,904L, CN7M, Inconel, Hastelloy\u00ae B&amp;C, lega di titanio<br \/>\nAcciaio inossidabile duplex: A351 CN7M(B473), CD4MCu(F50),CK3MCuN(F44),CG8M,<br \/>\nA890-1A,4A,5A,6A, A182 F44,F50,F51,F53,F310<br \/>\nAcciaio a bassa temperatura: A352 LCB, LCC, LCA, LC3, A350 LF2, LF3<br \/>\nAcciaio ad alta temperatura: A217 WC6, WC9, WC5, WC11, C5, C12, C12A, A182 F22, F11, F5, F9,<br \/>\nBronzo, bronzo al nichel-alluminio (NAB), canna di fucile: B148 C95500, C95800, C95400, B62, C83600, C92200, B61, B150 C63200<\/p>\n<table>\n<tbody>\n<tr>\n<td width=\"200\"><strong>nome del prodotto<\/strong><\/td>\n<td width=\"481\">Valvola a globo BS 1873, 300 LB, WCB, 8 pollici, volantino op<\/td>\n<\/tr>\n<tr>\n<td width=\"200\">1. Materiale<\/td>\n<td width=\"481\">WCB<\/td>\n<\/tr>\n<tr>\n<td width=\"200\">2. Dimensioni<\/td>\n<td width=\"481\">8&quot;<\/td>\n<\/tr>\n<tr>\n<td width=\"200\">4. Porto<\/td>\n<td width=\"481\">Porto pieno<\/td>\n<\/tr>\n<tr>\n<td width=\"200\">5. Pressione di esercizio<\/td>\n<td width=\"481\">300 libbre<\/td>\n<\/tr>\n<tr>\n<td width=\"200\">6. La connessione termina<\/td>\n<td width=\"481\">RF<\/td>\n<\/tr>\n<tr>\n<td width=\"200\">7. Temp. di lavoro.<\/td>\n<td width=\"481\">-29~425\u00baC,<\/td>\n<\/tr>\n<tr>\n<td width=\"200\">8. Mezzo adatto<\/td>\n<td width=\"481\">Acqua, gas naturale, petrolio e alcuni liquidi corrosivi<\/td>\n<\/tr>\n<tr>\n<td width=\"200\">9. Operato<\/td>\n<td width=\"481\">Volantino<\/td>\n<\/tr>\n<tr>\n<td width=\"200\">10. Ispezione e test<\/td>\n<td width=\"481\">Secondo API598<\/td>\n<\/tr>\n<tr>\n<td width=\"200\"><strong>Spedizione<\/strong><\/td>\n<td width=\"481\"><\/td>\n<\/tr>\n<tr>\n<td width=\"200\">Tempi di consegna<\/td>\n<td width=\"481\">30 giorni<\/td>\n<\/tr>\n<tr>\n<td width=\"200\">Pacchetto<\/td>\n<td width=\"481\">Custodia in compensato per esportazione standard<\/td>\n<\/tr>\n<tr>\n<td width=\"200\">Porto di spedizione<\/td>\n<td width=\"481\">Ningbo\/Shanghai, Cina<\/td>\n<\/tr>\n<tr>\n<td width=\"200\">Termini di spedizione<\/td>\n<td width=\"481\">Exw, FOB, CFR, CIF, ecc.<\/td>\n<\/tr>\n<tr>\n<td width=\"200\">Termini di pagamento<\/td>\n<td width=\"481\">T\/T, Western Union, PayPal, ecc.<\/td>\n<\/tr>\n<tr>\n<td width=\"200\"><\/td>\n<td width=\"481\">Pagamento anticipato 30%, saldo 70% pagato prima della spedizione<\/td>\n<\/tr>\n<tr>\n<td width=\"200\">Paese di origine<\/td>\n<td width=\"481\">Citt\u00e0 di Wenzhou, Cina<\/td>\n<\/tr>\n<tr>\n<td width=\"200\">Capacit\u00e0 produttiva<\/td>\n<td width=\"481\">6000 ton\/anno<\/td>\n<\/tr>\n<tr>\n<td width=\"200\">MOQ<\/td>\n<td width=\"481\">1 pezzo\/taglia<\/td>\n<\/tr>\n<\/tbody>\n<\/table>","protected":false},"excerpt":{"rendered":"<p>Modello:STV-Z541H-300LB-8\u2033-WCB<br \/>\nLa valvola a globo \u00e8 una valvola la cui chiusura (disco) si muove lungo la linea centrale della sede. A seconda del movimento del disco, la variazione dell&#039;apertura della sede \u00e8 proporzionale alla corsa del disco. Poich\u00e9 la corsa di apertura o chiusura dello stelo di questo tipo di valvola \u00e8 relativamente breve e ha una funzione di interruzione molto affidabile, e poich\u00e9 la modifica dell&#039;apertura della sede \u00e8 proporzionale alla corsa del disco, \u00e8 molto adatta per la regolazione del flusso. Pertanto, questo tipo di valvola \u00e8 molto adatta per tagliare o regolare e strozzare.<\/p>\n<p>STV Valve Technology Group Co., Ltd \u00e8 un leader professionale Cina valvole a globo con cofano bullonato, valvola a globo ASTM A216 300LB WCB, valvola a globo flangiata ASTM a216 wcb, valvole a globo in acciaio fuso, valvole a globo BS1873, produttore di valvole a globo con estremit\u00e0 flangiata in Cina con alta qualit\u00e0 e prezzo competitivo.<\/p>\n<p>Si prega di contattare il nostro sales@stvvalve.com per altri materiali e dettagli.<\/p>\n<p>Foglio degli appuntamenti:<a href=\"https:\/\/www.stvvalves.com\/wp-content\/uploads\/2019\/06\/bs-1873-globe-valve-300lb-wcb-8-inch-hand-wheel-op-drawing.pdf\">Valvola a globo BS 1873, 300 LB, WCB, 8 pollici, volantino op<\/a><\/p>","protected":false},"featured_media":4966,"template":"","meta":[],"product_brand":[],"product_cat":[63,45],"product_tag":[947,948,946,949,346,950],"class_list":{"0":"post-4965","1":"product","2":"type-product","3":"status-publish","4":"has-post-thumbnail","6":"product_cat-cast-steel-globe-valve","7":"product_cat-globe-valve","8":"product_tag-astm-a216-300lb-wcb-globe-valv","9":"product_tag-astm-a216-wcb-flanged-globe-valve","10":"product_tag-bolted-bonnet-globe-valves","11":"product_tag-bs1873-globe-valves","12":"product_tag-cast-steel-globe-valves","13":"product_tag-china-flanged-end-globe-valve-manufacturer","15":"first","16":"instock","17":"shipping-taxable","18":"product-type-simple"},"_links":{"self":[{"href":"https:\/\/www.stvvalves.com\/it\/wp-json\/wp\/v2\/product\/4965","targetHints":{"allow":["GET"]}}],"collection":[{"href":"https:\/\/www.stvvalves.com\/it\/wp-json\/wp\/v2\/product"}],"about":[{"href":"https:\/\/www.stvvalves.com\/it\/wp-json\/wp\/v2\/types\/product"}],"wp:featuredmedia":[{"embeddable":true,"href":"https:\/\/www.stvvalves.com\/it\/wp-json\/wp\/v2\/media\/4966"}],"wp:attachment":[{"href":"https:\/\/www.stvvalves.com\/it\/wp-json\/wp\/v2\/media?parent=4965"}],"wp:term":[{"taxonomy":"product_brand","embeddable":true,"href":"https:\/\/www.stvvalves.com\/it\/wp-json\/wp\/v2\/product_brand?post=4965"},{"taxonomy":"product_cat","embeddable":true,"href":"https:\/\/www.stvvalves.com\/it\/wp-json\/wp\/v2\/product_cat?post=4965"},{"taxonomy":"product_tag","embeddable":true,"href":"https:\/\/www.stvvalves.com\/it\/wp-json\/wp\/v2\/product_tag?post=4965"}],"curies":[{"name":"wp","href":"https:\/\/api.w.org\/{rel}","templated":true}]}}