{"id":5169,"date":"2019-07-18T08:28:58","date_gmt":"2019-07-18T08:28:58","guid":{"rendered":"https:\/\/www.stvvalves.com\/?post_type=product&#038;p=5169"},"modified":"2025-02-17T18:32:49","modified_gmt":"2025-02-17T10:32:49","slug":"jis-20k-globe-valve-12-inch-wcb-body-flange-end","status":"publish","type":"product","link":"https:\/\/www.stvvalves.com\/it\/products\/jis-20k-globe-valve-12-inch-wcb-body-flange-end\/","title":{"rendered":"Valvola a globo Jis 20K, 12 pollici, corpo WCB, estremit\u00e0 flangiata"},"content":{"rendered":"<p>Modello: JIS B2071 B2081<br \/>\nIspezione e test: JIS B2003<br \/>\nDimensione flangia terminale: JIS B2212 B2214<br \/>\nFaccia a faccia: JIS B2002<br \/>\nValutazione pressione-temperatura: JIS B2071 B2081<\/p>\n<p>Dimensioni: DN15-DN600<br \/>\nMateriale: acciaio al carbonio, acciaio inossidabile<br \/>\nPressione: 10K,20K,40K<br \/>\nCertificazione: ISO9001, API600, CE0036<br \/>\nGaranzia: 18 mesi; Offerta OEM<br \/>\nMezzo adatto: Acqua, petrolio, gas, ecc<\/p>\n<p>&nbsp;<\/p>\n<table>\n<tbody>\n<tr>\n<td width=\"200\"><strong>nome del prodotto<\/strong><\/td>\n<td width=\"481\">Valvola a globo Jis 20K, 12 pollici, corpo WCB, estremit\u00e0 flangiata<\/td>\n<\/tr>\n<tr>\n<td width=\"200\">1. Materiale<\/td>\n<td width=\"481\">WCB<\/td>\n<\/tr>\n<tr>\n<td width=\"200\">2. Dimensioni<\/td>\n<td width=\"481\">12&quot;<\/td>\n<\/tr>\n<tr>\n<td width=\"200\">4. Porto<\/td>\n<td width=\"481\">Porto pieno<\/td>\n<\/tr>\n<tr>\n<td width=\"200\">5. Pressione di esercizio<\/td>\n<td width=\"481\">JIS20K<\/td>\n<\/tr>\n<tr>\n<td width=\"200\">6. La connessione termina<\/td>\n<td width=\"481\">RF<\/td>\n<\/tr>\n<tr>\n<td width=\"200\">7. Temp. di lavoro.<\/td>\n<td width=\"481\">-29~425\u00baC,<\/td>\n<\/tr>\n<tr>\n<td width=\"200\">8. Mezzo adatto<\/td>\n<td width=\"481\">Acqua, gas naturale, petrolio e alcuni liquidi corrosivi<\/td>\n<\/tr>\n<tr>\n<td width=\"200\">9. Operato<\/td>\n<td width=\"481\">Riduttore<\/td>\n<\/tr>\n<tr>\n<td width=\"200\">10. Ispezione e test<\/td>\n<td width=\"481\">Secondo JIS B2003<\/td>\n<\/tr>\n<tr>\n<td width=\"200\"><strong>Spedizione<\/strong><\/td>\n<td width=\"481\">&nbsp;<\/td>\n<\/tr>\n<tr>\n<td width=\"200\">Tempi di consegna<\/td>\n<td width=\"481\">30 giorni<\/td>\n<\/tr>\n<tr>\n<td width=\"200\">Pacchetto<\/td>\n<td width=\"481\">Custodia in compensato per esportazione standard<\/td>\n<\/tr>\n<tr>\n<td width=\"200\">Porto di spedizione<\/td>\n<td width=\"481\">Ningbo\/Shanghai, Cina<\/td>\n<\/tr>\n<tr>\n<td width=\"200\">Termini di spedizione<\/td>\n<td width=\"481\">Exw, FOB, CFR, CIF, ecc.<\/td>\n<\/tr>\n<tr>\n<td width=\"200\">Termini di pagamento<\/td>\n<td width=\"481\">T\/T, Western Union, PayPal, ecc.<\/td>\n<\/tr>\n<tr>\n<td width=\"200\">&nbsp;<\/td>\n<td width=\"481\">Pagamento anticipato 30%, saldo 70% pagato prima della spedizione<\/td>\n<\/tr>\n<tr>\n<td width=\"200\">Paese di origine<\/td>\n<td width=\"481\">Citt\u00e0 di Wenzhou, Cina<\/td>\n<\/tr>\n<tr>\n<td width=\"200\">Capacit\u00e0 produttiva<\/td>\n<td width=\"481\">6000 ton\/anno<\/td>\n<\/tr>\n<tr>\n<td width=\"200\">MOQ<\/td>\n<td width=\"481\">1 pezzo\/taglia<\/td>\n<\/tr>\n<\/tbody>\n<\/table>\n<p><span style=\"font-weight: 400;\">\u200b<\/span><\/p>\n<p>&nbsp;<\/p>","protected":false},"excerpt":{"rendered":"<div class=\"woocommerce-product-details__short-description\">\n<p>Modello:STV-J541H-JIS 20K-16\u2033-WCB<\/p>\n<p>Le valvole a globo con estremit\u00e0 flangiata JIS20K sono valvole a globo realizzate in conformit\u00e0 con ASME B16.10. La valvola a globo con collegamento a flangia \u00e8 costituita da un elemento a disco collegato a uno stelo che si solleva su e gi\u00f9 per regolare il flusso nella tubazione.<\/p>\n<p>STV Valve Technology Group Co., Ltd \u00e8 un leader professionale in Cina: valvola a globo Jis 20K, valvola a globo da 12 pollici, valvola a globo con corpo WCB, valvola a globo con estremit\u00e0 flangiata, valvola a globo B2071, valvola a globo JIS B2002, valvola a globo Jis 10k, globo con cofano imbullonato Valvole, valvole a globo da 16 pollici, valvole a globo con estremit\u00e0 RF flangiate, valvole a globo 1873, valvola a globo in acciaio fuso, produttore di valvole a globo in acciaio al carbonio con alta qualit\u00e0 e prezzo competitivo.<\/p>\n<p>Si prega di contattare il nostro sales@stvvalve.com per altri materiali e dettagli.<\/p>\n<p>Foglio degli appuntamenti:<a href=\"https:\/\/www.stvvalves.com\/wp-content\/uploads\/2019\/07\/jis-20k-globe-valve-12-inch-wcb-body-flange-end-drawing.pdf\">Valvola a globo Jis 20K, 12 pollici, corpo WCB, estremit\u00e0 flangiata<\/a><\/p>\n<\/div>\n<form class=\"cart\" action=\"https:\/\/www.stvvalves.com\/it\/product\/300lb-cast-steel-globe-valvedn400316-trimflange-end\/\" enctype=\"multipart\/form-data\" method=\"post\" data-trp-original-action=\"https:\/\/www.stvvalves.com\/product\/300lb-cast-steel-globe-valvedn400316-trimflange-end\/\">\n<div class=\"wcpa_form_outer\"><\/div>\n<div class=\"quantity\"><\/div>\n<div class=\"addquotelistlink\">\n<div class=\"quotelistadd_prodpage\"><\/div>\n<\/div>\n<input type=\"hidden\" name=\"trp-form-language\" value=\"it\"\/><\/form>","protected":false},"featured_media":5170,"template":"","meta":[],"product_brand":[],"product_cat":[63,45],"product_tag":[1095,1098,323,1097,1100,1094,1099,1096],"class_list":{"0":"post-5169","1":"product","2":"type-product","3":"status-publish","4":"has-post-thumbnail","6":"product_cat-cast-steel-globe-valve","7":"product_cat-globe-valve","8":"product_tag-12-inch-globe-valve","9":"product_tag-b2071-globe-valve","10":"product_tag-cast-steel-globe-valve","11":"product_tag-flange-end-globe-valve","12":"product_tag-jis-10k-globe-valve","13":"product_tag-jis-20k-globe-valve","14":"product_tag-jis-b2002-globe-valve","15":"product_tag-wcb-body-globe-valve","17":"first","18":"instock","19":"shipping-taxable","20":"product-type-simple"},"_links":{"self":[{"href":"https:\/\/www.stvvalves.com\/it\/wp-json\/wp\/v2\/product\/5169","targetHints":{"allow":["GET"]}}],"collection":[{"href":"https:\/\/www.stvvalves.com\/it\/wp-json\/wp\/v2\/product"}],"about":[{"href":"https:\/\/www.stvvalves.com\/it\/wp-json\/wp\/v2\/types\/product"}],"wp:featuredmedia":[{"embeddable":true,"href":"https:\/\/www.stvvalves.com\/it\/wp-json\/wp\/v2\/media\/5170"}],"wp:attachment":[{"href":"https:\/\/www.stvvalves.com\/it\/wp-json\/wp\/v2\/media?parent=5169"}],"wp:term":[{"taxonomy":"product_brand","embeddable":true,"href":"https:\/\/www.stvvalves.com\/it\/wp-json\/wp\/v2\/product_brand?post=5169"},{"taxonomy":"product_cat","embeddable":true,"href":"https:\/\/www.stvvalves.com\/it\/wp-json\/wp\/v2\/product_cat?post=5169"},{"taxonomy":"product_tag","embeddable":true,"href":"https:\/\/www.stvvalves.com\/it\/wp-json\/wp\/v2\/product_tag?post=5169"}],"curies":[{"name":"wp","href":"https:\/\/api.w.org\/{rel}","templated":true}]}}