{"id":5528,"date":"2019-12-09T02:15:23","date_gmt":"2019-12-09T02:15:23","guid":{"rendered":"https:\/\/www.stvvalves.com\/?post_type=product&#038;p=5528"},"modified":"2025-08-01T14:37:17","modified_gmt":"2025-08-01T06:37:17","slug":"pneumatic-sanitary-316-ball-valvetri-clamp-end","status":"publish","type":"product","link":"https:\/\/www.stvvalves.com\/it\/products\/pneumatic-sanitary-316-ball-valvetri-clamp-end\/","title":{"rendered":"Valvola a sfera pneumatica sanitaria 316, estremit\u00e0 a tre morsetti"},"content":{"rendered":"<p>Riferimento: ST-V1047<br \/>\nDimensioni disponibili: da 1\/2\u2033 a 4\u2033, da DN15 a DN100<br \/>\nConnessione finale: tri-clamp \/ tri-clamp<br \/>\nCorpo e disco: AISI 304 o 316L, (EN1.4301\/EN1.4404)<br \/>\nSeduta: Teflon (PTFE)<br \/>\nMassimo. pressione di esercizio: 145 psi (10 bar)<br \/>\nFunzionamento: attuatore orizzontale, materiale in alluminio, NC\/NO\/AA<br \/>\nPressione dell&#039;aria dell&#039;attuatore: 58 ~ 102 psi (4 ~ 7 bar)<br \/>\nIntervallo di temperatura: 14\u00b0F ~ 248\u00b0F (-10\u00b0C ~ 120\u00b0C) come predefinito, superiore disponibile su richiesta.<br \/>\nTrattamento superficiale: Ra 32\u03bcin (0,8\u03bcm) come predefinito, Ra 16\u03bcin (0,4\u03bcm) come migliore.<\/p>\n<div id=\"attachment_8225\" style=\"width: 732px\" class=\"wp-caption alignnone\"><img loading=\"lazy\" decoding=\"async\" aria-describedby=\"caption-attachment-8225\" class=\"wp-image-8225 size-full\" src=\"https:\/\/www.stvvalves.com\/wp-content\/uploads\/2019\/12\/sanitary-stainless-steel-welding-2-way-ball-valve-catalog.jpg\" alt=\"sanitary stainless steel welding 2 way ball valve catalog\" width=\"722\" height=\"641\" srcset=\"https:\/\/www.stvvalves.com\/wp-content\/uploads\/2019\/12\/sanitary-stainless-steel-welding-2-way-ball-valve-catalog.jpg 722w, https:\/\/www.stvvalves.com\/wp-content\/uploads\/2019\/12\/sanitary-stainless-steel-welding-2-way-ball-valve-catalog-300x266.jpg 300w, https:\/\/www.stvvalves.com\/wp-content\/uploads\/2019\/12\/sanitary-stainless-steel-welding-2-way-ball-valve-catalog-14x12.jpg 14w, https:\/\/www.stvvalves.com\/wp-content\/uploads\/2019\/12\/sanitary-stainless-steel-welding-2-way-ball-valve-catalog-705x626.jpg 705w, https:\/\/www.stvvalves.com\/wp-content\/uploads\/2019\/12\/sanitary-stainless-steel-welding-2-way-ball-valve-catalog-450x400.jpg 450w, https:\/\/www.stvvalves.com\/wp-content\/uploads\/2019\/12\/sanitary-stainless-steel-welding-2-way-ball-valve-catalog-600x533.jpg 600w\" sizes=\"auto, (max-width: 722px) 100vw, 722px\" \/><p id=\"caption-attachment-8225\" class=\"wp-caption-text\">sanitary stainless steel welding 2 way ball valve catalog<\/p><\/div>","protected":false},"excerpt":{"rendered":"<p>ST-V1047 Valvola a sfera sanitaria pneumatica 316, estremit\u00e0 Tri Clamp \u00e8 una valvola a sfera sanitaria di tipo pneumatico con estremit\u00e0 Tri-Clamp\/Tri-Clamp e attuatore orizzontale, ampiamente utilizzata nella lavorazione di alimenti e bevande, produzione di birra, raffineria di petrolio, cosmetica, farmaceutica e industrie chimiche per controllare il flusso medio. Il design a porta completa con restrizione zero la rende una scelta ottimale per liquidi viscosi e particolati, la valvola a sfera ST-V1047 funziona automaticamente tramite attuatori orizzontali in alluminio.<\/p>\n<p>STV Valve Technology Group Co., Ltd \u00e8 un leader professionale in Cina Valvola a sfera a 2 vie, Valvola a sfera sanitaria, Valvola a sfera in acciaio inossidabile sanitario, Valvola a sfera in acciaio inossidabile, Valvola a sfera sanitaria, Valvola a sfera pneumatica, Valvola a sfera in acciaio inossidabile, Valvola a sfera a passaggio diretto Produttore con alta qualit\u00e0 e prezzo competitivo.<\/p>","protected":false},"featured_media":5529,"template":"","meta":[],"product_brand":[],"product_cat":[966,969],"product_tag":[1332,1342,1341,1333,1334,686],"class_list":{"0":"post-5528","1":"product","2":"type-product","3":"status-publish","4":"has-post-thumbnail","6":"product_cat-pipe-fitting","7":"product_cat-sanitary-pipe-fitting-and-valves","8":"product_tag-china-2-way-ball-valve","9":"product_tag-direct-way-ball-valve-manufacturer","10":"product_tag-pneumatic-ball-valve","11":"product_tag-sanitary-ball-valve","12":"product_tag-sanitary-stainless-steel-ball-valve","13":"product_tag-stainless-steel-ball-valve","15":"first","16":"instock","17":"shipping-taxable","18":"product-type-simple"},"_links":{"self":[{"href":"https:\/\/www.stvvalves.com\/it\/wp-json\/wp\/v2\/product\/5528","targetHints":{"allow":["GET"]}}],"collection":[{"href":"https:\/\/www.stvvalves.com\/it\/wp-json\/wp\/v2\/product"}],"about":[{"href":"https:\/\/www.stvvalves.com\/it\/wp-json\/wp\/v2\/types\/product"}],"wp:featuredmedia":[{"embeddable":true,"href":"https:\/\/www.stvvalves.com\/it\/wp-json\/wp\/v2\/media\/5529"}],"wp:attachment":[{"href":"https:\/\/www.stvvalves.com\/it\/wp-json\/wp\/v2\/media?parent=5528"}],"wp:term":[{"taxonomy":"product_brand","embeddable":true,"href":"https:\/\/www.stvvalves.com\/it\/wp-json\/wp\/v2\/product_brand?post=5528"},{"taxonomy":"product_cat","embeddable":true,"href":"https:\/\/www.stvvalves.com\/it\/wp-json\/wp\/v2\/product_cat?post=5528"},{"taxonomy":"product_tag","embeddable":true,"href":"https:\/\/www.stvvalves.com\/it\/wp-json\/wp\/v2\/product_tag?post=5528"}],"curies":[{"name":"wp","href":"https:\/\/api.w.org\/{rel}","templated":true}]}}