{"id":5546,"date":"2019-12-09T06:54:04","date_gmt":"2019-12-09T06:54:04","guid":{"rendered":"https:\/\/www.stvvalves.com\/?post_type=product&#038;p=5546"},"modified":"2025-02-18T13:59:49","modified_gmt":"2025-02-18T05:59:49","slug":"sanitary-304-y-type-strainerdn50clamp-end","status":"publish","type":"product","link":"https:\/\/www.stvvalves.com\/it\/products\/sanitary-304-y-type-strainerdn50clamp-end\/","title":{"rendered":"Filtro sanitario di tipo 304 Y, DN50, estremit\u00e0 con morsetto"},"content":{"rendered":"<p>Riferimento: ST-V1087<br \/>\nMisure disponibili: 1\u2033-6\u2033 (DN25-DN150)<br \/>\nMateriale alloggiamento: AISI 304 o AISI 316L<br \/>\nMateriale guarnizione: EPDM, silicone, Viton (FPM)<br \/>\nConnessioni terminali: a saldare di testa, tri-clamp, filettate<br \/>\nDimensioni delle maglie: da 0,5 mm a 2,0 mm<br \/>\nRete: da 30 mesh a 300 mesh<br \/>\nMassimo. pressione di esercizio: 145 psi (10 bar)<br \/>\nIntervallo di temperatura: -10\u00b0C ~ 120\u00b0C (14\u00b0F ~ 248\u00b0F)<br \/>\nTrattamento superficiale: Ra 16 ~ 32\u03bcin (0,4 ~ 0,8\u03bcm), Ra 32\u03bcin come predefinito<br \/>\nFiltro di tipo Y: non \u00e8 necessario smontarlo dalla tubazione, basta allentare il morsetto o il dado, quindi la rete pu\u00f2 essere rimossa facilmente.<\/p>\n<p><img loading=\"lazy\" decoding=\"async\" class=\"alignleft size-full wp-image-5547\" src=\"https:\/\/www.stvvalves.com\/wp-content\/uploads\/2019\/12\/Sanitary-304-Y-Type-Strainer-DN50-Clamp-End-Catalog.jpg\" alt=\"\" width=\"701\" height=\"613\" srcset=\"https:\/\/www.stvvalves.com\/wp-content\/uploads\/2019\/12\/Sanitary-304-Y-Type-Strainer-DN50-Clamp-End-Catalog.jpg 701w, https:\/\/www.stvvalves.com\/wp-content\/uploads\/2019\/12\/Sanitary-304-Y-Type-Strainer-DN50-Clamp-End-Catalog-600x525.jpg 600w, https:\/\/www.stvvalves.com\/wp-content\/uploads\/2019\/12\/Sanitary-304-Y-Type-Strainer-DN50-Clamp-End-Catalog-300x262.jpg 300w\" sizes=\"auto, (max-width: 701px) 100vw, 701px\" \/><\/p>\n<p>&nbsp;<\/p>","protected":false},"excerpt":{"rendered":"<p>Il filtro sanitario a Y ST-V1087 viene utilizzato per eliminare le piccole particelle da compressori, pompe, misuratori e alcune altre apparecchiature. Quando i liquidi fluiscono attraverso lo schermo, le impurit\u00e0 possono essere trattenute, quindi i liquidi puri escono attraverso l&#039;uscita. Se \u00e8 necessaria la pulizia, basta estrarre la cartuccia e rimetterla dopo la pulizia, \u00e8 molto comoda per l&#039;uso e la manutenzione.<\/p>\n<p>I filtri hanno un design compatto, un forte potere filtrante, piccoli danni e prezzi vantaggiosi, sono ampiamente utilizzati nell&#039;industria alimentare, delle bevande, lattiero-casearia e farmaceutica.<\/p>\n<p>STV Valve Technology Group Co., Ltd \u00e8 un leader professionale in Cina Filtri sanitari, filtri a morsetto sanitari, filtri in acciaio inossidabile, filtri a Y sanitari, filtri a morsetti a Y produttori con alta qualit\u00e0 e prezzo competitivo.<\/p>","protected":false},"featured_media":5548,"template":"","meta":[],"product_brand":[],"product_cat":[966,969],"product_tag":[1350,1353,1351,1352,255],"class_list":{"0":"post-5546","1":"product","2":"type-product","3":"status-publish","4":"has-post-thumbnail","6":"product_cat-pipe-fitting","7":"product_cat-sanitary-pipe-fitting-and-valves","8":"product_tag-china-sanitary-strainer","9":"product_tag-clamp-y-type-strainer-manufacturers","10":"product_tag-sanitary-clamp-strainer","11":"product_tag-sanitary-y-type-strainer","12":"product_tag-stainless-steel-strainer","14":"first","15":"instock","16":"shipping-taxable","17":"product-type-simple"},"_links":{"self":[{"href":"https:\/\/www.stvvalves.com\/it\/wp-json\/wp\/v2\/product\/5546","targetHints":{"allow":["GET"]}}],"collection":[{"href":"https:\/\/www.stvvalves.com\/it\/wp-json\/wp\/v2\/product"}],"about":[{"href":"https:\/\/www.stvvalves.com\/it\/wp-json\/wp\/v2\/types\/product"}],"wp:featuredmedia":[{"embeddable":true,"href":"https:\/\/www.stvvalves.com\/it\/wp-json\/wp\/v2\/media\/5548"}],"wp:attachment":[{"href":"https:\/\/www.stvvalves.com\/it\/wp-json\/wp\/v2\/media?parent=5546"}],"wp:term":[{"taxonomy":"product_brand","embeddable":true,"href":"https:\/\/www.stvvalves.com\/it\/wp-json\/wp\/v2\/product_brand?post=5546"},{"taxonomy":"product_cat","embeddable":true,"href":"https:\/\/www.stvvalves.com\/it\/wp-json\/wp\/v2\/product_cat?post=5546"},{"taxonomy":"product_tag","embeddable":true,"href":"https:\/\/www.stvvalves.com\/it\/wp-json\/wp\/v2\/product_tag?post=5546"}],"curies":[{"name":"wp","href":"https:\/\/api.w.org\/{rel}","templated":true}]}}