{"id":5560,"date":"2020-03-05T02:58:31","date_gmt":"2020-03-05T02:58:31","guid":{"rendered":"https:\/\/www.stvvalves.com\/?post_type=product&#038;p=5560"},"modified":"2024-12-25T14:58:28","modified_gmt":"2024-12-25T06:58:28","slug":"pneumatic-angle-seat-valve-cf8m-bspt-end","status":"publish","type":"product","link":"https:\/\/www.stvvalves.com\/it\/products\/pneumatic-angle-seat-valve-cf8m-bspt-end\/","title":{"rendered":"Valvola pneumatica a sede angolare, CF8M, estremit\u00e0 Bspt"},"content":{"rendered":"<p>Valvola pneumatica a sede inclinata<\/p>\n<p>Dati tecnici:<br \/>\nPressione del fluido: massima \u00d7 1,6 MPa (232 psi)<br \/>\nPressione di controllo: 0,3-0,8 MPa\uff0843,5-116 psi\uff09<br \/>\nFluido di controllo: gas neutro, aria<br \/>\nDimensioni attuatore: 27 mm, 32 mm, 40 mm, 50 mm, 63 mm, 80 mm, 100 mm, 125 mm<br \/>\nFluido applicabile: Acqua, alcool, olio, colorante, vapore, gas neutro o liquido, solvente organico, acido e liscivia<br \/>\nTemperatura del fluido:-10\u2103-+180\u2103,25\u2103-+220\u2103<br \/>\nTemperatura ambiente: -10\u2103-+80\u2103<br \/>\nTipo di controllo: Normalmente chiuso, Normalmente aperto, Doppio effetto<br \/>\nConnessione: filettata (BSP.BSPT, NPT), saldata, flangiata, Tri-clamp<\/p>\n<p>Materiali principali:<br \/>\nMateriale corpo: CF8M(SS316),CF8(SS304)<br \/>\nMateriale guarnizioni: PTFE<br \/>\nMateriale attuatore: CF8 (SS304)<\/p>\n<p>Applicazioni:<br \/>\nMacchine per il riempimento di birra e bevande<br \/>\nStampa e tintura tessile<br \/>\nIndustria del gas<br \/>\nFarmacia e attrezzature mediche<br \/>\nIndustria chimica<br \/>\nDisinfezione<br \/>\nAttrezzatura per la schiumatura<br \/>\nSmaltimento acqua\/fognature<\/p>\n<p>Vantaggi:<br \/>\n1.Grande flusso, bassa resistenza, nessuna forma a Y a colpo d&#039;ariete ha allargato la sezione scorrevole, che potrebbe aumentare il flusso di 30% e rendere il flusso pi\u00f9 fluido<br \/>\n2. Lunga durata.<br \/>\n3. Che aiuta lo stelo a adattarsi e a lubrificarsi automaticamente.<br \/>\n4. Il materiale del cilindro \u00e8 acciaio inossidabile. Lubrificazione automatica, 360 rotolamento liberamente. Cina Valvola a sede pneumatica filettata ad angolo, Valvola a sede pneumatica saldata, Valvola a sede pneumatica ad angolo in acciaio inossidabile, Valvola a sede pneumatica ad angolo flangiata, Valvola a sede ad angolo pneumatica Tri-clamp<\/p>\n<table>\n<tbody>\n<tr>\n<td width=\"200\"><strong>nome del prodotto<\/strong><\/td>\n<td width=\"481\">Valvola pneumatica a sede angolare, CF8M, estremit\u00e0 Bspt<\/td>\n<\/tr>\n<tr>\n<td width=\"200\">1. Materiale<\/td>\n<td width=\"481\">CF8M<\/td>\n<\/tr>\n<tr>\n<td width=\"200\">2. Dimensioni<\/td>\n<td width=\"481\">2\u201d<\/td>\n<\/tr>\n<tr>\n<td width=\"200\">4. Porto<\/td>\n<td width=\"481\">Porto pieno<\/td>\n<\/tr>\n<tr>\n<td width=\"200\">5. Pressione di esercizio<\/td>\n<td width=\"481\">800wog<\/td>\n<\/tr>\n<tr>\n<td width=\"200\">6. La connessione termina<\/td>\n<td width=\"481\">TNP<\/td>\n<\/tr>\n<tr>\n<td width=\"200\">7. Temp. di lavoro.<\/td>\n<td width=\"481\">-29~120\u00baC,<\/td>\n<\/tr>\n<tr>\n<td width=\"200\">8. Mezzo adatto<\/td>\n<td width=\"481\">Acqua, gas naturale, petrolio e alcuni liquidi corrosivi<\/td>\n<\/tr>\n<tr>\n<td width=\"200\">9. Operato<\/td>\n<td width=\"481\">\/<\/td>\n<\/tr>\n<tr>\n<td width=\"200\">10. Ispezione e test<\/td>\n<td width=\"481\">Secondo API598<\/td>\n<\/tr>\n<tr>\n<td width=\"200\"><strong>Spedizione<\/strong><\/td>\n<td width=\"481\"><\/td>\n<\/tr>\n<tr>\n<td width=\"200\">Tempi di consegna<\/td>\n<td width=\"481\">30 giorni<\/td>\n<\/tr>\n<tr>\n<td width=\"200\">Pacchetto<\/td>\n<td width=\"481\">Custodia in compensato per esportazione standard<\/td>\n<\/tr>\n<tr>\n<td width=\"200\">Porto di spedizione<\/td>\n<td width=\"481\">Ningbo\/Shanghai, Cina<\/td>\n<\/tr>\n<tr>\n<td width=\"200\">Termini di spedizione<\/td>\n<td width=\"481\">Exw, FOB, CFR, CIF, ecc.<\/td>\n<\/tr>\n<tr>\n<td width=\"200\">Termini di pagamento<\/td>\n<td width=\"481\">T\/T, Western Union, PayPal, ecc.<\/td>\n<\/tr>\n<tr>\n<td width=\"200\"><\/td>\n<td width=\"481\">Pagamento anticipato 30%, saldo 70% pagato prima della spedizione<\/td>\n<\/tr>\n<tr>\n<td width=\"200\">Paese di origine<\/td>\n<td width=\"481\">Citt\u00e0 di Wenzhou, Cina<\/td>\n<\/tr>\n<tr>\n<td width=\"200\">Capacit\u00e0 produttiva<\/td>\n<td width=\"481\">6000 ton\/anno<\/td>\n<\/tr>\n<tr>\n<td width=\"200\">MOQ<\/td>\n<td width=\"481\">1 pezzo\/taglia<\/td>\n<\/tr>\n<\/tbody>\n<\/table>","protected":false},"excerpt":{"rendered":"<p>La valvola a sede angolare pu\u00f2 risparmiare spazio mantenendo la portata. Dovrebbe essere spesso aperto o chiuso quando viene utilizzato.<br \/>\nLa valvola a sede inclinata \u00e8 ampiamente utilizzata negli avviamenti frequenti e di breve durata, che ha le caratteristiche di reazione sensibile e azione precisa.<br \/>\nCon l&#039;uso dell&#039;elettrovalvola, il flusso di gas e liquido pu\u00f2 essere controllato con precisione mediante controllo pneumatico. Pu\u00f2 realizzare l&#039;esigenza di un controllo accurato della temperatura, della caduta di liquidi e cos\u00ec via.<\/p>\n<p>STV Valve Technology Group Co., Limited \u00e8 un leader professionale in Cina Valvola a sede pneumatica ad angolo filettata, Valvola a sede ad angolo pneumatica saldata, Valvola a sede ad angolo pneumatica in acciaio inossidabile, Valvola a sede ad angolo pneumatica con estremit\u00e0 flangiata, Produttore di valvole a sede ad angolo pneumatica Tri-clamp con alta qualit\u00e0 e prezzo competitivo.<\/p>\n<p>Si prega di contattare il nostro sales@stvvalve.com per altri materiali e dettagli.<\/p>\n<p>Foglio degli appuntamenti:<br \/>\nValvola pneumatica a sede angolare, CF8M, estremit\u00e0 Bspt<\/p>","protected":false},"featured_media":5566,"template":"","meta":[],"product_brand":[],"product_cat":[45,189],"product_tag":[1359,1358,1356,1360,1357],"class_list":{"0":"post-5560","1":"product","2":"type-product","3":"status-publish","4":"has-post-thumbnail","6":"product_cat-globe-valve","7":"product_cat-stainless-steel-globe-valve","8":"product_tag-flanged-end-pneumatic-angle-seat-valve","9":"product_tag-stainless-steel-pneumatic-angle-seat-valve","10":"product_tag-threaded-pneumatic-angle-seat-valve","11":"product_tag-tri-clamp-pneumatic-angle-seat-valve","12":"product_tag-welded-pneumatic-angle-seat-valve","14":"first","15":"instock","16":"shipping-taxable","17":"product-type-simple"},"_links":{"self":[{"href":"https:\/\/www.stvvalves.com\/it\/wp-json\/wp\/v2\/product\/5560","targetHints":{"allow":["GET"]}}],"collection":[{"href":"https:\/\/www.stvvalves.com\/it\/wp-json\/wp\/v2\/product"}],"about":[{"href":"https:\/\/www.stvvalves.com\/it\/wp-json\/wp\/v2\/types\/product"}],"wp:featuredmedia":[{"embeddable":true,"href":"https:\/\/www.stvvalves.com\/it\/wp-json\/wp\/v2\/media\/5566"}],"wp:attachment":[{"href":"https:\/\/www.stvvalves.com\/it\/wp-json\/wp\/v2\/media?parent=5560"}],"wp:term":[{"taxonomy":"product_brand","embeddable":true,"href":"https:\/\/www.stvvalves.com\/it\/wp-json\/wp\/v2\/product_brand?post=5560"},{"taxonomy":"product_cat","embeddable":true,"href":"https:\/\/www.stvvalves.com\/it\/wp-json\/wp\/v2\/product_cat?post=5560"},{"taxonomy":"product_tag","embeddable":true,"href":"https:\/\/www.stvvalves.com\/it\/wp-json\/wp\/v2\/product_tag?post=5560"}],"curies":[{"name":"wp","href":"https:\/\/api.w.org\/{rel}","templated":true}]}}