{"id":5618,"date":"2020-10-07T02:23:09","date_gmt":"2020-10-07T02:23:09","guid":{"rendered":"https:\/\/www.stvvalves.com\/?post_type=product&#038;p=5618"},"modified":"2025-02-19T19:47:50","modified_gmt":"2025-02-19T11:47:50","slug":"2205-threaded-ball-valve-pn16-dn15-npt-end","status":"publish","type":"product","link":"https:\/\/www.stvvalves.com\/it\/products\/2205-threaded-ball-valve-pn16-dn15-npt-end\/","title":{"rendered":"Valvola a sfera filettata 2205, PN16, DN15, estremit\u00e0 NPT"},"content":{"rendered":"<p>Caratteristiche principali:<br \/>\nConnessioni terminali avvitate BSP o NPT<br \/>\n2205<br \/>\nSedile in PTFE<br \/>\nDimensioni: da 1\/4\u2033 a 4\u2033<br \/>\nIntervallo di temperatura: da -20 \u00b0C a +180 \u00b0C<br \/>\nPressione operativa: 1000 WOG<br \/>\nMovimento: rotazione di 90\u00b0<\/p>\n<table>\n<tbody>\n<tr>\n<td width=\"200\"><strong>nome del prodotto<\/strong><\/td>\n<td width=\"481\">Valvola a sfera filettata 2205, PN16, DN15, estremit\u00e0 NPT<\/td>\n<\/tr>\n<tr>\n<td width=\"200\">1. Materiale<\/td>\n<td width=\"481\">2205<\/td>\n<\/tr>\n<tr>\n<td width=\"200\">2. Dimensioni<\/td>\n<td width=\"481\">1\/2&quot;<\/td>\n<\/tr>\n<tr>\n<td width=\"200\">4. Porto<\/td>\n<td width=\"481\">Porto pieno<\/td>\n<\/tr>\n<tr>\n<td width=\"200\">5. Pressione di esercizio<\/td>\n<td width=\"481\">1000 WOG<\/td>\n<\/tr>\n<tr>\n<td width=\"200\">6. La connessione termina<\/td>\n<td width=\"481\">TNP<\/td>\n<\/tr>\n<tr>\n<td width=\"200\">7. Temp. di lavoro.<\/td>\n<td width=\"481\">-29~120\u00baC,<\/td>\n<\/tr>\n<tr>\n<td width=\"200\">8. Mezzo adatto<\/td>\n<td width=\"481\">Acqua, gas naturale, petrolio e alcuni liquidi corrosivi<\/td>\n<\/tr>\n<tr>\n<td width=\"200\">9. Operato<\/td>\n<td width=\"481\">Volantino<\/td>\n<\/tr>\n<tr>\n<td width=\"200\">10. Ispezione e test<\/td>\n<td width=\"481\">Secondo API598<\/td>\n<\/tr>\n<tr>\n<td width=\"200\"><strong>Spedizione<\/strong><\/td>\n<td width=\"481\"><\/td>\n<\/tr>\n<tr>\n<td width=\"200\">Tempi di consegna<\/td>\n<td width=\"481\">30 giorni<\/td>\n<\/tr>\n<tr>\n<td width=\"200\">Pacchetto<\/td>\n<td width=\"481\">Custodia in compensato per esportazione standard<\/td>\n<\/tr>\n<tr>\n<td width=\"200\">Porto di spedizione<\/td>\n<td width=\"481\">Ningbo\/Shanghai, Cina<\/td>\n<\/tr>\n<tr>\n<td width=\"200\">Termini di spedizione<\/td>\n<td width=\"481\">Exw, FOB, CFR, CIF, ecc.<\/td>\n<\/tr>\n<tr>\n<td width=\"200\">Termini di pagamento<\/td>\n<td width=\"481\">T\/T, Western Union, PayPal, ecc.<\/td>\n<\/tr>\n<tr>\n<td width=\"200\"><\/td>\n<td width=\"481\">Pagamento anticipato 30%, saldo 70% pagato prima della spedizione<\/td>\n<\/tr>\n<tr>\n<td width=\"200\">Paese di origine<\/td>\n<td width=\"481\">Citt\u00e0 di Wenzhou, Cina<\/td>\n<\/tr>\n<tr>\n<td width=\"200\">Capacit\u00e0 produttiva<\/td>\n<td width=\"481\">6000 ton\/anno<\/td>\n<\/tr>\n<tr>\n<td width=\"200\">MOQ<\/td>\n<td width=\"481\">1 pezzo\/taglia<\/td>\n<\/tr>\n<\/tbody>\n<\/table>","protected":false},"excerpt":{"rendered":"<p>Modello:Q11F-1-1000WOG-1\/2\u2033<\/p>\n<p>La valvola a sfera filettata STV 2205 pu\u00f2 essere realizzata con struttura monopezzo, struttura a due pezzi e struttura a tre pezzi. \u00c8 stato progettato dalla tecnologia della societ\u00e0 euroelectric. \u00c8 un prodotto con interruttore della luce, struttura semplice e conveniente. Pu\u00f2 essere corroso da un forte mezzo ossidante, acqua di mare, cloruro, tioato di ammonio e altri mezzi.<br \/>\nLa valvola a sfera filettata \u00e8 un tipo di valvola in cui la sfera ruota attorno alla linea centrale del corpo valvola per raggiungere l&#039;apertura o la chiusura. Viene utilizzato principalmente nelle condutture per interrompere, distribuire e modificare la direzione del flusso del mezzo. La valvola a sfera a vite interna 2205 \u00e8 un tipo di valvola ampiamente utilizzata negli ultimi anni. La valvola viene generalmente installata orizzontalmente<\/p>\n<p>Presenta uno stelo a prova di esplosione e impugnatura isolata, maniglia a leva bloccabile.<\/p>\n<p>&nbsp;<\/p>\n<p>STV Valve Technology Group Co., Ltd \u00e8 un leader professionale in Cina per valvole a sfera 2205, valvole a sfera filettate 2205, valvole a sfera NPT 2205, produttori di valvole a sfera Supper 2205 con alta qualit\u00e0 e prezzo competitivo.<\/p>","protected":false},"featured_media":5623,"template":"","meta":[],"product_brand":[],"product_cat":[43,79],"product_tag":[1396,1395,1397,1399],"class_list":{"0":"post-5618","1":"product","2":"type-product","3":"status-publish","4":"has-post-thumbnail","6":"product_cat-ball-valve","7":"product_cat-threaded-ball-valve","8":"product_tag-2205-threaded-ball-valve","9":"product_tag-china-2205-ball-valve","10":"product_tag-npt-2205-ball-valve","11":"product_tag-supper-2205-ball-vave-manufacturer","13":"first","14":"instock","15":"shipping-taxable","16":"product-type-simple"},"_links":{"self":[{"href":"https:\/\/www.stvvalves.com\/it\/wp-json\/wp\/v2\/product\/5618","targetHints":{"allow":["GET"]}}],"collection":[{"href":"https:\/\/www.stvvalves.com\/it\/wp-json\/wp\/v2\/product"}],"about":[{"href":"https:\/\/www.stvvalves.com\/it\/wp-json\/wp\/v2\/types\/product"}],"wp:featuredmedia":[{"embeddable":true,"href":"https:\/\/www.stvvalves.com\/it\/wp-json\/wp\/v2\/media\/5623"}],"wp:attachment":[{"href":"https:\/\/www.stvvalves.com\/it\/wp-json\/wp\/v2\/media?parent=5618"}],"wp:term":[{"taxonomy":"product_brand","embeddable":true,"href":"https:\/\/www.stvvalves.com\/it\/wp-json\/wp\/v2\/product_brand?post=5618"},{"taxonomy":"product_cat","embeddable":true,"href":"https:\/\/www.stvvalves.com\/it\/wp-json\/wp\/v2\/product_cat?post=5618"},{"taxonomy":"product_tag","embeddable":true,"href":"https:\/\/www.stvvalves.com\/it\/wp-json\/wp\/v2\/product_tag?post=5618"}],"curies":[{"name":"wp","href":"https:\/\/api.w.org\/{rel}","templated":true}]}}