{"id":5624,"date":"2020-10-07T12:47:37","date_gmt":"2020-10-07T12:47:37","guid":{"rendered":"https:\/\/www.stvvalves.com\/?post_type=product&#038;p=5624"},"modified":"2025-02-18T13:59:00","modified_gmt":"2025-02-18T05:59:00","slug":"s31803-flanged-y-strainer-150lb-dn100","status":"publish","type":"product","link":"https:\/\/www.stvvalves.com\/it\/products\/s31803-flanged-y-strainer-150lb-dn100\/","title":{"rendered":"S31803 Filtro a Y flangiato, 150 libbre, DN100"},"content":{"rendered":"<p>Standard del filtro di tipo Y flangiato<\/p>\n<p>Progettazione e produzione: ASME B16.34<br \/>\nIspezione e test: API 598<br \/>\nDimensioni flangia terminale: ASME B16.5, ASME B16.47 A<br \/>\nDimensione finale BW: ASME B16.25<br \/>\nFaccia a faccia e da un capo all&#039;altro: ASME B16.10<br \/>\n(Valvola di ritegno\/Valvola a globo)<br \/>\nValori nominali pressione-temperatura: ASME B16.34<\/p>\n<p>Standard: API, ANSI, ISO, BS, DIN, NF, JIS. ECT<br \/>\nModo di connessione: flange, filettatura, saldatura a tasca, BW<br \/>\nValutazione della pressione: PN 1,0 ~ 25 MPa; Classe150~600<br \/>\nDimensioni: DN6~500mm, NPS1\/4\u2033~20\u2033<br \/>\nTemp. -198c~+450c<br \/>\nMateriale:<br \/>\nTianio: TA1, TA2, TA10, TC4, GR2, GR3, GR5<br \/>\nLega di nichel: N6, N201, N200, CZ-100<br \/>\nLega Hastelloy: Hastello B (N-12MV, N-7M), Hastello C (CW-12MW)<br \/>\nHastelloy C276(CW-6MC), Hastelloy C4, Hastelloy G30<br \/>\nLega Monel: M-30C, M35-1, Monel 400, Monel 600, Monel K500<br \/>\nInconel: Inconel 600, Inconel 800, Inconel 690<br \/>\nAcciaio duplex: S31803(SAF2205, F51), S32750(SAF2507, F53)<br \/>\nZirconio: Zirconio 702, Zirconio 705<br \/>\nAcciaio inossidabile austenitico: 904L, 254SMO. 654SMO<br \/>\nAltro: NS143\/Alloy20, C4<\/p>\n<table>\n<tbody>\n<tr>\n<td width=\"200\"><strong>nome del prodotto<\/strong><\/td>\n<td width=\"481\">S31803 Filtro a Y flangiato, 150 libbre, DN100<\/td>\n<\/tr>\n<tr>\n<td width=\"200\">1. Materiale<\/td>\n<td width=\"481\">S31806<\/td>\n<\/tr>\n<tr>\n<td width=\"200\">2. Dimensioni<\/td>\n<td width=\"481\">4\u201d<\/td>\n<\/tr>\n<tr>\n<td width=\"200\">4. Porto<\/td>\n<td width=\"481\">Porto pieno<\/td>\n<\/tr>\n<tr>\n<td width=\"200\">5. Pressione di esercizio<\/td>\n<td width=\"481\">150 libbre<\/td>\n<\/tr>\n<tr>\n<td width=\"200\">6. La connessione termina<\/td>\n<td width=\"481\">RF<\/td>\n<\/tr>\n<tr>\n<td width=\"200\">7. Temp. di lavoro.<\/td>\n<td width=\"481\">-29~425\u00baC,<\/td>\n<\/tr>\n<tr>\n<td width=\"200\">8. Mezzo adatto<\/td>\n<td width=\"481\">Acqua, gas naturale, petrolio e alcuni liquidi corrosivi<\/td>\n<\/tr>\n<tr>\n<td width=\"200\">9. Operato<\/td>\n<td width=\"481\">\/<\/td>\n<\/tr>\n<tr>\n<td width=\"200\">10. Ispezione e test<\/td>\n<td width=\"481\">Secondo API598<\/td>\n<\/tr>\n<tr>\n<td width=\"200\"><strong>Spedizione<\/strong><\/td>\n<td width=\"481\"><\/td>\n<\/tr>\n<tr>\n<td width=\"200\">Tempi di consegna<\/td>\n<td width=\"481\">30 giorni<\/td>\n<\/tr>\n<tr>\n<td width=\"200\">Pacchetto<\/td>\n<td width=\"481\">Custodia in compensato per esportazione standard<\/td>\n<\/tr>\n<tr>\n<td width=\"200\">Porto di spedizione<\/td>\n<td width=\"481\">Ningbo\/Shanghai, Cina<\/td>\n<\/tr>\n<tr>\n<td width=\"200\">Termini di spedizione<\/td>\n<td width=\"481\">Exw, FOB, CFR, CIF, ecc.<\/td>\n<\/tr>\n<tr>\n<td width=\"200\">Termini di pagamento<\/td>\n<td width=\"481\">T\/T, Western Union, PayPal, ecc.<\/td>\n<\/tr>\n<tr>\n<td width=\"200\"><\/td>\n<td width=\"481\">Pagamento anticipato 30%, saldo 70% pagato prima della spedizione<\/td>\n<\/tr>\n<tr>\n<td width=\"200\">Paese di origine<\/td>\n<td width=\"481\">Citt\u00e0 di Wenzhou, Cina<\/td>\n<\/tr>\n<tr>\n<td width=\"200\">Capacit\u00e0 produttiva<\/td>\n<td width=\"481\">6000 ton\/anno<\/td>\n<\/tr>\n<tr>\n<td width=\"200\">MOQ<\/td>\n<td width=\"481\">1 pezzo\/taglia<\/td>\n<\/tr>\n<\/tbody>\n<\/table>","protected":false},"excerpt":{"rendered":"<p>STV-GL41Y-DN100<\/p>\n<p>Il filtro a Y flangiato S31803 \u00e8 composto principalmente da ugello, tubo principale, rete filtrante, flangia, coperchio della flangia e dispositivo di fissaggio. Il filtro s31803y presenta i vantaggi di una struttura avanzata, una piccola resistenza e un comodo scarico. Quando il liquido entra nel cestello del filtro attraverso il tubo principale, le particelle di impurit\u00e0 solide vengono bloccate nel cestello del filtro e il fluido pulito viene scaricato dall&#039;uscita del filtro attraverso il cestello del filtro.<br \/>\nChe materiale \u00e8 il filtro a Y flangiato S31803: \u00e8 del tipo in lega media F51 e 1.4462: il marchio rappresentativo \u00e8 UNS S31803 (22cr-5ni-3mo-0.15n). Ha un&#039;elevata resistenza, una buona resilienza e una buona resistenza alla corrosione sotto sforzo generale e locale.<br \/>\nIl motivo per cui lo schermo filtrante del filtro a Y flangiato S31803 \u00e8 trasformato in un cestello con superficie cilindrica e il coperchio della flangia all&#039;estremit\u00e0 inferiore dell&#039;interfaccia a Y pu\u00f2 essere svitato per aumentarne la resistenza ed essere pi\u00f9 robusto del singolo rete a due strati, e rimuovere regolarmente le particelle e le impurit\u00e0 depositate nel cestello del filtro.<\/p>\n<p>STV Valve Technology Group Co., Ltd \u00e8 un leader professionale in Cina: filtro a Y flangiato S31803, filtro a Y flangiato S31803 DN100, produttore di filtri a Y flangiato S31803 da 150 libbre con alta qualit\u00e0 e prezzo competitivo.<\/p>","protected":false},"featured_media":5669,"template":"","meta":[],"product_brand":[],"product_cat":[85,48],"product_tag":[1402,1400,1401],"class_list":{"0":"post-5624","1":"product","2":"type-product","3":"status-publish","4":"has-post-thumbnail","6":"product_cat-stainless-steel-y-type-strainer","7":"product_cat-y-strainer","8":"product_tag-150lb-s31803-flanged-y-strainer-manufacturer","9":"product_tag-china-s31803-flanged-y-strainer","10":"product_tag-dn100-s31803-flanged-y-strainer","12":"first","13":"instock","14":"shipping-taxable","15":"product-type-simple"},"_links":{"self":[{"href":"https:\/\/www.stvvalves.com\/it\/wp-json\/wp\/v2\/product\/5624","targetHints":{"allow":["GET"]}}],"collection":[{"href":"https:\/\/www.stvvalves.com\/it\/wp-json\/wp\/v2\/product"}],"about":[{"href":"https:\/\/www.stvvalves.com\/it\/wp-json\/wp\/v2\/types\/product"}],"wp:featuredmedia":[{"embeddable":true,"href":"https:\/\/www.stvvalves.com\/it\/wp-json\/wp\/v2\/media\/5669"}],"wp:attachment":[{"href":"https:\/\/www.stvvalves.com\/it\/wp-json\/wp\/v2\/media?parent=5624"}],"wp:term":[{"taxonomy":"product_brand","embeddable":true,"href":"https:\/\/www.stvvalves.com\/it\/wp-json\/wp\/v2\/product_brand?post=5624"},{"taxonomy":"product_cat","embeddable":true,"href":"https:\/\/www.stvvalves.com\/it\/wp-json\/wp\/v2\/product_cat?post=5624"},{"taxonomy":"product_tag","embeddable":true,"href":"https:\/\/www.stvvalves.com\/it\/wp-json\/wp\/v2\/product_tag?post=5624"}],"curies":[{"name":"wp","href":"https:\/\/api.w.org\/{rel}","templated":true}]}}