{"id":5634,"date":"2020-11-03T02:46:23","date_gmt":"2020-11-03T02:46:23","guid":{"rendered":"https:\/\/www.stvvalves.com\/?post_type=product&#038;p=5634"},"modified":"2025-02-18T13:58:57","modified_gmt":"2025-02-18T05:58:57","slug":"ansi-300lb-bellow-seal-gate-valve-wcb-body-3-inch-rf-flange-end","status":"publish","type":"product","link":"https:\/\/www.stvvalves.com\/it\/products\/ansi-300lb-bellow-seal-gate-valve-wcb-body-3-inch-rf-flange-end\/","title":{"rendered":"Valvola a saracinesca con tenuta a soffietto ANSI da 300 libbre, corpo Wcb, 3 pollici, estremit\u00e0 flangiata RF"},"content":{"rendered":"<p>Applicazione<br \/>\nSistema di olio caldo, sistema di vapore, sistema di acqua calda e fredda ecc.<br \/>\nVantaggio<br \/>\n1.Elemento di tenuta a soffietto. La parte fondamentale delle valvole a globo sigillate a soffietto \u00e8 il soffietto mentale. \u00c8 il collegamento tra coperchio e stelo con saldatura a rulli automatica. Il soffietto mentale pu\u00f2 mantenere la parte dello stelo senza perdite.<br \/>\n2. Design a doppia tenuta (soffietto + imballaggio). Il soffietto e la baderna possono proteggere dalle perdite e fornire un&#039;eccellente tenuta.<br \/>\n3.Ingrassatore. Pu\u00f2 lubrificare direttamente lo stelo, il dado e il manicotto.<br \/>\n4. Volantino ergonomico. Fornisce una maggiore durata e un funzionamento pi\u00f9 semplice.<br \/>\nSpecifica tecnica<br \/>\nNorma di progettazione: ASME B16.34<br \/>\nDimensione da scartamento: ASME B16.10<br \/>\nEstremit\u00e0 flangiate: ASME B16.5<br \/>\nTest e ispezione: API 598<\/p>\n<table>\n<tbody>\n<tr>\n<td width=\"200\"><strong>nome del prodotto<\/strong><\/td>\n<td width=\"481\">Valvola a saracinesca con tenuta a soffietto ANSI da 300 libbre, corpo Wcb, 3 pollici, estremit\u00e0 flangiata RF<\/td>\n<\/tr>\n<tr>\n<td width=\"200\">1. Materiale<\/td>\n<td width=\"481\">WCB<\/td>\n<\/tr>\n<tr>\n<td width=\"200\">2. Dimensioni<\/td>\n<td width=\"481\">3&quot;<\/td>\n<\/tr>\n<tr>\n<td width=\"200\">4. Porto<\/td>\n<td width=\"481\">Porto pieno<\/td>\n<\/tr>\n<tr>\n<td width=\"200\">5. Pressione di esercizio<\/td>\n<td width=\"481\">300 libbre<\/td>\n<\/tr>\n<tr>\n<td width=\"200\">6. La connessione termina<\/td>\n<td width=\"481\">RF<\/td>\n<\/tr>\n<tr>\n<td width=\"200\">7. Temp. di lavoro.<\/td>\n<td width=\"481\">-29~425\u00baC,<\/td>\n<\/tr>\n<tr>\n<td width=\"200\">8. Mezzo adatto<\/td>\n<td width=\"481\">Acqua, gas naturale, petrolio e alcuni liquidi corrosivi<\/td>\n<\/tr>\n<tr>\n<td width=\"200\">9. Operato<\/td>\n<td width=\"481\">Volantino<\/td>\n<\/tr>\n<tr>\n<td width=\"200\">10. Ispezione e test<\/td>\n<td width=\"481\">Secondo API598<\/td>\n<\/tr>\n<tr>\n<td width=\"200\"><strong>Spedizione<\/strong><\/td>\n<td width=\"481\"><\/td>\n<\/tr>\n<tr>\n<td width=\"200\">Tempi di consegna<\/td>\n<td width=\"481\">30 giorni<\/td>\n<\/tr>\n<tr>\n<td width=\"200\">Pacchetto<\/td>\n<td width=\"481\">Custodia in compensato per esportazione standard<\/td>\n<\/tr>\n<tr>\n<td width=\"200\">Porto di spedizione<\/td>\n<td width=\"481\">Ningbo\/Shanghai, Cina<\/td>\n<\/tr>\n<tr>\n<td width=\"200\">Termini di spedizione<\/td>\n<td width=\"481\">Exw, FOB, CFR, CIF, ecc.<\/td>\n<\/tr>\n<tr>\n<td width=\"200\">Termini di pagamento<\/td>\n<td width=\"481\">T\/T, Western Union, PayPal, ecc.<\/td>\n<\/tr>\n<tr>\n<td width=\"200\"><\/td>\n<td width=\"481\">Pagamento anticipato 30%, saldo 70% pagato prima della spedizione<\/td>\n<\/tr>\n<tr>\n<td width=\"200\">Paese di origine<\/td>\n<td width=\"481\">Citt\u00e0 di Wenzhou, Cina<\/td>\n<\/tr>\n<tr>\n<td width=\"200\">Capacit\u00e0 produttiva<\/td>\n<td width=\"481\">6000 ton\/anno<\/td>\n<\/tr>\n<tr>\n<td width=\"200\">MOQ<\/td>\n<td width=\"481\">1 pezzo\/taglia<\/td>\n<\/tr>\n<\/tbody>\n<\/table>","protected":false},"excerpt":{"rendered":"<p>Caratteristiche e vantaggi<br \/>\n\u25cf Soffietti a lunga durata (2000 cicli) in gr. 321 (inox), Inconel per applicazioni speciali (pu\u00f2 essere sostituito con finiture in Monel per resistere alla corrosione o Hastelloy C per applicazioni con cloro).<br \/>\n\u25cf Giunto corpo-coperchio migliorato: grafite rinforzata con guarnizione in lamina SS per valvole Classe 150. Completamente rivestito, avvolto a spirale riempito di grafite Gr. Guarnizione 316 (inox) per Classi 300-600.<br \/>\n\u25cf Corpo-cofano imbullonato per una rapida manutenzione. Cofani ermetici disponibili per le Classi 300 e 600.<br \/>\n\u25cf Gruppo soffietto a due o tre sezioni.<br \/>\n\u25cf Lo stelo non rotante impedisce la torsione del soffietto.<br \/>\n\u25cf Due guarnizioni secondarie dello stelo: a) Sedile posteriore in posizione aperta; b) Baderna in grafite.<br \/>\n\u25cf Sede saldata e rivestita con lega CoCr.<br \/>\n\u25cf Cuneo con superficie dura in lega CoCr per una lunga durata.<br \/>\n\u25cf Facce della sede rivestite con lega CoCr, rettificate e lappate.<\/p>\n<p>STV Valve Technology Group Co., Ltd \u00e8 un leader professionale in Cina Ansi 300lb Valvola a saracinesca con tenuta a soffietto, Valvola a saracinesca con tenuta a soffietto Wcb, Valvola a saracinesca con tenuta a soffietto da 3 pollici, Produttore di valvole a saracinesca con tenuta a soffietto con flangia RF con alta qualit\u00e0 e prezzo competitivo.<\/p>\n<p>Si prega di contattare il nostro sales@stvvalve.com per altri materiali e dettagli.<\/p>","protected":false},"featured_media":5635,"template":"","meta":[],"product_brand":[],"product_cat":[82,44],"product_tag":[1413,1411,1414,1412],"class_list":{"0":"post-5634","1":"product","2":"type-product","3":"status-publish","4":"has-post-thumbnail","6":"product_cat-bellow-seal-gate-valve","7":"product_cat-gate-valve","8":"product_tag-3-inch-bellows-seal-gate-valve","9":"product_tag-ansi-300lb-bellows-seal-gate-valve","10":"product_tag-rf-flange-end-bellows-seal-gate-valve","11":"product_tag-wcb-bellows-seal-gate-valve","13":"first","14":"instock","15":"shipping-taxable","16":"product-type-simple"},"_links":{"self":[{"href":"https:\/\/www.stvvalves.com\/it\/wp-json\/wp\/v2\/product\/5634","targetHints":{"allow":["GET"]}}],"collection":[{"href":"https:\/\/www.stvvalves.com\/it\/wp-json\/wp\/v2\/product"}],"about":[{"href":"https:\/\/www.stvvalves.com\/it\/wp-json\/wp\/v2\/types\/product"}],"wp:featuredmedia":[{"embeddable":true,"href":"https:\/\/www.stvvalves.com\/it\/wp-json\/wp\/v2\/media\/5635"}],"wp:attachment":[{"href":"https:\/\/www.stvvalves.com\/it\/wp-json\/wp\/v2\/media?parent=5634"}],"wp:term":[{"taxonomy":"product_brand","embeddable":true,"href":"https:\/\/www.stvvalves.com\/it\/wp-json\/wp\/v2\/product_brand?post=5634"},{"taxonomy":"product_cat","embeddable":true,"href":"https:\/\/www.stvvalves.com\/it\/wp-json\/wp\/v2\/product_cat?post=5634"},{"taxonomy":"product_tag","embeddable":true,"href":"https:\/\/www.stvvalves.com\/it\/wp-json\/wp\/v2\/product_tag?post=5634"}],"curies":[{"name":"wp","href":"https:\/\/api.w.org\/{rel}","templated":true}]}}