{"id":5660,"date":"2020-12-29T02:52:53","date_gmt":"2020-12-29T02:52:53","guid":{"rendered":"https:\/\/www.stvvalves.com\/?post_type=product&#038;p=5660"},"modified":"2025-02-18T13:58:56","modified_gmt":"2025-02-18T05:58:56","slug":"2205-dual-plate-check-valve-150lb-4-inch-wafer-type","status":"publish","type":"product","link":"https:\/\/www.stvvalves.com\/it\/products\/2205-dual-plate-check-valve-150lb-4-inch-wafer-type\/","title":{"rendered":"Valvola di ritegno a doppia piastra 2205, 150 libbre, 4 pollici, tipo wafer"},"content":{"rendered":"<p>Dimensioni: da 2\u2033 a 48\u2033<br \/>\nPressione: 150 \u2013 1500 libbre<br \/>\nMateriale: possiamo offrire valvole realizzate in Duplex S31803\u3001Super Duplex S32750\u3001Super Duplex S32760<br \/>\n1A\u3001\u30012A\u30013A\u30014A\u30015A\u30016A\u30011B\u30011C<br \/>\nCD4MCu\u3001CD4MCuN\u3001CD3MCuN\u3001CE8MN\u3001CD6MN\u3001CD3MN\u3001CE3MN\u3001CD3MWCuN<br \/>\nF51, F53, F55, F60<br \/>\nStandard di progettazione e produzione: API 594 o DIN<br \/>\nDistanza tra le flange: ASME B16.10, EN558, DIN3202<br \/>\nCollegato secondo gli standard: ANSI, API, DIN<br \/>\nNorma di prova: API598, API 600, ISO5208<br \/>\nMezzo: la valvola \u00e8 adatta per diversi fluidi tra cui acqua, vapore, olio, gas, prodotti petroliferi, acido nitrico, acido acetico, ecc.<br \/>\nTemperatura di esercizio: da -46\u00baC o -50\u00baC (costruzioni in acciaio inossidabile) e -29\u00baC o -46\u00baC (costruzioni in acciaio al carbonio) fino a 600\u2103<\/p>\n<table>\n<tbody>\n<tr>\n<td width=\"200\"><strong>nome del prodotto<\/strong><\/td>\n<td width=\"481\">Valvola di ritegno a doppia piastra 2205, 150 libbre, 4 pollici, tipo wafer<\/td>\n<\/tr>\n<tr>\n<td width=\"200\">1. Materiale<\/td>\n<td width=\"481\">2205<\/td>\n<\/tr>\n<tr>\n<td width=\"200\">2. Dimensioni<\/td>\n<td width=\"481\">4\u201d<\/td>\n<\/tr>\n<tr>\n<td width=\"200\">4. Porto<\/td>\n<td width=\"481\">Porto pieno<\/td>\n<\/tr>\n<tr>\n<td width=\"200\">5. Pressione di esercizio<\/td>\n<td width=\"481\">150 libbre<\/td>\n<\/tr>\n<tr>\n<td width=\"200\">6. La connessione termina<\/td>\n<td width=\"481\">RF<\/td>\n<\/tr>\n<tr>\n<td width=\"200\">7. Temp. di lavoro.<\/td>\n<td width=\"481\">-29~300\u00baC,<\/td>\n<\/tr>\n<tr>\n<td width=\"200\">8. Mezzo adatto<\/td>\n<td width=\"481\">Acqua, gas naturale, petrolio e alcuni liquidi corrosivi<\/td>\n<\/tr>\n<tr>\n<td width=\"200\">9. Operato<\/td>\n<td width=\"481\">\/<\/td>\n<\/tr>\n<tr>\n<td width=\"200\">10. Ispezione e test<\/td>\n<td width=\"481\">Secondo API598<\/td>\n<\/tr>\n<tr>\n<td width=\"200\"><strong>Spedizione<\/strong><\/td>\n<td width=\"481\"><\/td>\n<\/tr>\n<tr>\n<td width=\"200\">Tempi di consegna<\/td>\n<td width=\"481\">30 giorni<\/td>\n<\/tr>\n<tr>\n<td width=\"200\">Pacchetto<\/td>\n<td width=\"481\">Custodia in compensato per esportazione standard<\/td>\n<\/tr>\n<tr>\n<td width=\"200\">Porto di spedizione<\/td>\n<td width=\"481\">Ningbo\/Shanghai, Cina<\/td>\n<\/tr>\n<tr>\n<td width=\"200\">Termini di spedizione<\/td>\n<td width=\"481\">Exw, FOB, CFR, CIF, ecc.<\/td>\n<\/tr>\n<tr>\n<td width=\"200\">Termini di pagamento<\/td>\n<td width=\"481\">T\/T, Western Union, PayPal, ecc.<\/td>\n<\/tr>\n<tr>\n<td width=\"200\"><\/td>\n<td width=\"481\">Pagamento anticipato 30%, saldo 70% pagato prima della spedizione<\/td>\n<\/tr>\n<tr>\n<td width=\"200\">Paese di origine<\/td>\n<td width=\"481\">Citt\u00e0 di Wenzhou, Cina<\/td>\n<\/tr>\n<tr>\n<td width=\"200\">Capacit\u00e0 produttiva<\/td>\n<td width=\"481\">6000 ton\/anno<\/td>\n<\/tr>\n<tr>\n<td width=\"200\">MOQ<\/td>\n<td width=\"481\">1 pezzo\/taglia<\/td>\n<\/tr>\n<\/tbody>\n<\/table>","protected":false},"excerpt":{"rendered":"<p>La valvola di ritegno a doppia piastra 2205 ha caratteristiche di lunghezza ridotta, volume ridotto e leggerezza. Il disco potrebbe essere spento in brevissimo tempo, la pressione del colpo d&#039;ariete \u00e8 piccola. La valvola di ritegno di tipo pu\u00f2 essere installata sia in verticale che in orizzontale.<\/p>\n<p>1. Design del disco leggero<br \/>\n2. Buona efficienza del flusso<br \/>\n3. Chiusura metallica del sedile superiore<br \/>\n4. Per connessione Wafer, LUG o BW<br \/>\n5. Molle in Inconel X750 o altri materiali a richiesta<\/p>\n<p>STV Valve Technology Group Co., Ltd \u00e8 un leader professionale, Cina Valvola di ritegno in materiale speciale di alta qualit\u00e0 e pi\u00f9 affidabile, valvola di ritegno a doppia piastra 2205, valvola di ritegno a doppia piastra duplex, valvole di ritegno con consegna rapida, i nostri prodotti convenienti possono ridurre il tempi di inattivit\u00e0 e aumentare la durata.<\/p>","protected":false},"featured_media":5661,"template":"","meta":[],"product_brand":[],"product_cat":[46,84],"product_tag":[1419,1418,1420,1421],"class_list":{"0":"post-5660","1":"product","2":"type-product","3":"status-publish","4":"has-post-thumbnail","6":"product_cat-check-valves","7":"product_cat-wafer-check-valve","8":"product_tag-150lb-dual-plate-check-valve","9":"product_tag-2205-dual-plate-check-valve","10":"product_tag-4-inch-dual-plate-check-valve","11":"product_tag-wafer-dual-plate-check-valve","13":"first","14":"instock","15":"shipping-taxable","16":"product-type-simple"},"_links":{"self":[{"href":"https:\/\/www.stvvalves.com\/it\/wp-json\/wp\/v2\/product\/5660","targetHints":{"allow":["GET"]}}],"collection":[{"href":"https:\/\/www.stvvalves.com\/it\/wp-json\/wp\/v2\/product"}],"about":[{"href":"https:\/\/www.stvvalves.com\/it\/wp-json\/wp\/v2\/types\/product"}],"wp:featuredmedia":[{"embeddable":true,"href":"https:\/\/www.stvvalves.com\/it\/wp-json\/wp\/v2\/media\/5661"}],"wp:attachment":[{"href":"https:\/\/www.stvvalves.com\/it\/wp-json\/wp\/v2\/media?parent=5660"}],"wp:term":[{"taxonomy":"product_brand","embeddable":true,"href":"https:\/\/www.stvvalves.com\/it\/wp-json\/wp\/v2\/product_brand?post=5660"},{"taxonomy":"product_cat","embeddable":true,"href":"https:\/\/www.stvvalves.com\/it\/wp-json\/wp\/v2\/product_cat?post=5660"},{"taxonomy":"product_tag","embeddable":true,"href":"https:\/\/www.stvvalves.com\/it\/wp-json\/wp\/v2\/product_tag?post=5660"}],"curies":[{"name":"wp","href":"https:\/\/api.w.org\/{rel}","templated":true}]}}