{"id":5665,"date":"2020-12-29T03:16:32","date_gmt":"2020-12-29T03:16:32","guid":{"rendered":"https:\/\/www.stvvalves.com\/?post_type=product&#038;p=5665"},"modified":"2024-12-24T23:08:53","modified_gmt":"2024-12-24T15:08:53","slug":"cd3mn-swing-check-valve-dn100-150lb","status":"publish","type":"product","link":"https:\/\/www.stvvalves.com\/it\/products\/cd3mn-swing-check-valve-dn100-150lb\/","title":{"rendered":"CD3MN Valvola di ritegno oscillante, DN100,150LB"},"content":{"rendered":"<p>Dimensioni: da 2\u2033 a 36\u2033<br \/>\nPressione: 150 \u2013 2500 libbre<br \/>\nMateriale: Duplex S31803, Super Duplex S32750, Super Duplex S32760<br \/>\n1A\u3001\u30012A\u30013A\u30014A\u30015A\u30016A\u30011B\u30011C<br \/>\nCD4MCu\u3001CD4MCuN\u3001CD3MCuN\u3001CE8MN\u3001CD6MN\u3001CD3MN\u3001CE3MN\u3001CD3MWCuN<br \/>\nF51\u3001F53\u3001F55\u3001F6Standard di progettazione e produzione: API 600, API6D e ASME B16.34<br \/>\nDistanza tra le flange: API 6D, ASME B16.10<br \/>\nCollegato secondo gli standard: ANSI B16.5, ASME B16.47, ANSI B16.25<br \/>\nNorma di prova: API598<br \/>\nFluido: la valvola \u00e8 adatta per diversi fluidi tra cui acqua, vapore, olio, gas, prodotti petroliferi, acido nitrico, acido acetico, ecc.<br \/>\nTemperatura di esercizio: da -46\u00baC o -50\u00baC (costruzioni in acciaio inossidabile) e -29\u00baC o -46\u00baC (costruzioni in acciaio al carbonio) fino a 600\u2103<\/p>","protected":false},"excerpt":{"rendered":"<p>La valvola di ritegno a battente CD3MN \u00e8 una valvola a passaggio totale pressofusa, di tipo a battente, montaggio orizzontale, prodotta secondo lo standard API.<\/p>\n<p>Valvola di non ritorno completamente aperta<br \/>\n\u00e8 una valvola automatica quando viene aperta o chiusa automaticamente dalla forza generata dal fluido che scorre all&#039;interno della tubazione.<br \/>\nLa sua funzione principale \u00e8 impedire il riflusso del fluido nella tubazione,<br \/>\nrotazione inversa della pompa e del suo motore di azionamento e scarico del fluido nel contenitore.<\/p>\n<p>STV Valve Technology Group Co., Ltd \u00e8 un leader professionale, Cina Valvola di ritegno in materiale speciale di alta qualit\u00e0 e pi\u00f9 affidabile, valvola di ritegno a battente CD3MN, valvola di ritegno a battente duplex, valvole di ritegno con consegna rapida, i nostri prodotti convenienti possono ridurre i tempi di inattivit\u00e0 e aumentare la durata.<\/p>","protected":false},"featured_media":5666,"template":"","meta":[],"product_brand":[],"product_cat":[46,67],"product_tag":[1426,1425,1427,152],"class_list":{"0":"post-5665","1":"product","2":"type-product","3":"status-publish","4":"has-post-thumbnail","6":"product_cat-check-valves","7":"product_cat-stainless-steel-check-valve","8":"product_tag-cd3mn-swing-check-valve","9":"product_tag-duplex-swing-check-valve","10":"product_tag-special-material-check-valve","11":"product_tag-swing-check-valve","13":"first","14":"instock","15":"shipping-taxable","16":"product-type-simple"},"_links":{"self":[{"href":"https:\/\/www.stvvalves.com\/it\/wp-json\/wp\/v2\/product\/5665","targetHints":{"allow":["GET"]}}],"collection":[{"href":"https:\/\/www.stvvalves.com\/it\/wp-json\/wp\/v2\/product"}],"about":[{"href":"https:\/\/www.stvvalves.com\/it\/wp-json\/wp\/v2\/types\/product"}],"wp:featuredmedia":[{"embeddable":true,"href":"https:\/\/www.stvvalves.com\/it\/wp-json\/wp\/v2\/media\/5666"}],"wp:attachment":[{"href":"https:\/\/www.stvvalves.com\/it\/wp-json\/wp\/v2\/media?parent=5665"}],"wp:term":[{"taxonomy":"product_brand","embeddable":true,"href":"https:\/\/www.stvvalves.com\/it\/wp-json\/wp\/v2\/product_brand?post=5665"},{"taxonomy":"product_cat","embeddable":true,"href":"https:\/\/www.stvvalves.com\/it\/wp-json\/wp\/v2\/product_cat?post=5665"},{"taxonomy":"product_tag","embeddable":true,"href":"https:\/\/www.stvvalves.com\/it\/wp-json\/wp\/v2\/product_tag?post=5665"}],"curies":[{"name":"wp","href":"https:\/\/api.w.org\/{rel}","templated":true}]}}