{"id":5670,"date":"2020-12-30T06:08:09","date_gmt":"2020-12-30T06:08:09","guid":{"rendered":"https:\/\/www.stvvalves.com\/?post_type=product&#038;p=5670"},"modified":"2025-02-17T18:33:11","modified_gmt":"2025-02-17T10:33:11","slug":"ck20-gate-valve-ansi-300lb-4-inch-flange-end","status":"publish","type":"product","link":"https:\/\/www.stvvalves.com\/it\/products\/ck20-gate-valve-ansi-300lb-4-inch-flange-end\/","title":{"rendered":"Valvola a saracinesca CK20, ANSI 300LB, 4 pollici, estremit\u00e0 flangiata"},"content":{"rendered":"<p>Dimensioni: da 2\u2033 a 48\u2033<br \/>\nPressione: 150 \u2013 2500 libbre<br \/>\nMateriale: CF8, CF3, CF8M, CF3M, CG8M, CG3M, CF8C, CK20<br \/>\n304,304L,316,316L,316Ti,317,317L,310,310S,<br \/>\nF304, F304, F316, F316L, F316Ti, F317, F317L, F310, F310S<br \/>\nStandard di progettazione e produzione: API 600, API6D e ASME B16.34<br \/>\nDistanza standard tra le flange: API 6D, ASME B16.10<br \/>\nCollegato secondo gli standard: ANSI B16.5, ASME B16.47, ANSI B16.25<br \/>\nNorma di prova: API598<br \/>\nAzionamento: pu\u00f2 funzionare con leva, riduttore, attuatore pneumatico o elettrico con volantino per emergenza.<br \/>\nMezzo: la valvola \u00e8 adatta per diversi fluidi tra cui acqua, vapore, olio, gas, prodotti petroliferi, acido nitrico, acido acetico, ecc.<br \/>\nTemperatura di esercizio: da -46\u00baC o -50\u00baC (costruzioni in acciaio inossidabile) e -29\u00baC (costruzioni in acciaio al carbonio) fino a 600\u2103<\/p>","protected":false},"excerpt":{"rendered":"<p>Le valvole a saracinesca CK20 sono ampiamente utilizzate nelle industrie petrolifere, chimiche, farmaceutiche, dei fertilizzanti, dell&#039;energia elettrica, ecc. Come valvole di controllo on\/off per il passaggio o l&#039;interruzione del fluido. Il cancello \u00e8 progettato come un cancello flessibile a cuneo di facile tenuta e compensazione dell&#039;usura, la superficie della guarnizione \u00e8 ricoperta con una lega indurita resistente all&#039;usura; la superficie della guarnizione della sede ricoperta con una lega temprata resistente all&#039;usura per essere abbinata alla superficie della guarnizione del cancello; lo stelo \u00e8 appositamente trattato per garantirne robustezza, rigidit\u00e0, resistenza alla corrosione e resistenza all&#039;abrasione. La nostra valvola a saracinesca \u00e8 dotata di guarnizione affidabile, utilizzo sicuro e facilit\u00e0 d&#039;uso. Le valvole sono disponibili in una gamma completa di materiali e finiture corpo\/coperchio, utilizzati per fluidi quali acqua, vapore, prodotti petroliferi, acido nitrico, acido acetico, ecc.<\/p>\n<p>Modello:Z41H-150LB-3-G1\u2033<\/p>\n<p>Caratteristiche del progetto<br \/>\nDesign completo delle porte<br \/>\nOS&amp;Y, esterno e vite<br \/>\nCoperchio imbullonato, struttura con tenuta posteriore<br \/>\nCuneo flessibile, completamente guidato<br \/>\nScelta tra cuneo solido o diviso<br \/>\nSedile rinnovabile o saldato<br \/>\nDesign dello stelo esteso per basse temperature<br \/>\nEstremit\u00e0 flangiate o a saldare di testa<\/p>\n<p>STV Valve Technology Group Co., Ltd \u00e8 un leader professionale in Cina Valvola a saracinesca CK20, Valvola a saracinesca Ansi 300LB CK20, Valvola a saracinesca CK20 da 4 pollici, Produttore di valvole a saracinesca CK20 con estremit\u00e0 flangiata con alta qualit\u00e0 e prezzo competitivo.<\/p>","protected":false},"featured_media":5671,"template":"","meta":[],"product_brand":[],"product_cat":[44,60],"product_tag":[1432,1433,1431,1434],"class_list":{"0":"post-5670","1":"product","2":"type-product","3":"status-publish","4":"has-post-thumbnail","6":"product_cat-gate-valve","7":"product_cat-stainless-steel-gate-valve","8":"product_tag-300lb-ck20-gate-valve","9":"product_tag-4-inch-ck20-gate-valve","10":"product_tag-ck20-gate-valve","11":"product_tag-flange-end-ck20-gate-valve","13":"first","14":"instock","15":"shipping-taxable","16":"product-type-simple"},"_links":{"self":[{"href":"https:\/\/www.stvvalves.com\/it\/wp-json\/wp\/v2\/product\/5670","targetHints":{"allow":["GET"]}}],"collection":[{"href":"https:\/\/www.stvvalves.com\/it\/wp-json\/wp\/v2\/product"}],"about":[{"href":"https:\/\/www.stvvalves.com\/it\/wp-json\/wp\/v2\/types\/product"}],"wp:featuredmedia":[{"embeddable":true,"href":"https:\/\/www.stvvalves.com\/it\/wp-json\/wp\/v2\/media\/5671"}],"wp:attachment":[{"href":"https:\/\/www.stvvalves.com\/it\/wp-json\/wp\/v2\/media?parent=5670"}],"wp:term":[{"taxonomy":"product_brand","embeddable":true,"href":"https:\/\/www.stvvalves.com\/it\/wp-json\/wp\/v2\/product_brand?post=5670"},{"taxonomy":"product_cat","embeddable":true,"href":"https:\/\/www.stvvalves.com\/it\/wp-json\/wp\/v2\/product_cat?post=5670"},{"taxonomy":"product_tag","embeddable":true,"href":"https:\/\/www.stvvalves.com\/it\/wp-json\/wp\/v2\/product_tag?post=5670"}],"curies":[{"name":"wp","href":"https:\/\/api.w.org\/{rel}","templated":true}]}}