{"id":5672,"date":"2020-12-30T06:38:47","date_gmt":"2020-12-30T06:38:47","guid":{"rendered":"https:\/\/www.stvvalves.com\/?post_type=product&#038;p=5672"},"modified":"2025-02-17T18:33:21","modified_gmt":"2025-02-17T10:33:21","slug":"cy40-gate-valve-ansi-150lb-dn50","status":"publish","type":"product","link":"https:\/\/www.stvvalves.com\/it\/products\/cy40-gate-valve-ansi-150lb-dn50\/","title":{"rendered":"Valvola a saracinesca CY40, ANSI 150LB, DN50"},"content":{"rendered":"<p>Dimensioni: da 2\u2033 a 48\u2033<br \/>\nPressione: 150 \u2013 2500 libbre<br \/>\nMateriale: Inconel 600,Inconel 625,Incoloy 800,Incoloy 825<br \/>\nCY40,CW6MC,CT15C,CU5MCuC,<br \/>\nNO6600,NO6625,NO8800,NO8825<br \/>\nStandard di progettazione e produzione: API 600, API6D e ASME B16.34<br \/>\nDistanza standard tra le flange: API 6D, ASME B16.10<br \/>\nCollegato secondo gli standard: ANSI B16.5, ASME B16.47, ANSI B16.25<br \/>\nNorma di prova: API598<br \/>\nAzionamento: pu\u00f2 funzionare con leva, riduttore, attuatore pneumatico o elettrico con volantino per emergenza.<br \/>\nMezzo: la valvola \u00e8 adatta per diversi fluidi tra cui acqua, vapore, olio, gas, prodotti petroliferi, acido nitrico, acido acetico, ecc.<br \/>\nTemperatura di esercizio: da -46\u00baC o -50\u00baC (costruzioni in acciaio inossidabile) e -29\u00baC (costruzioni in acciaio al carbonio) fino a 600\u2103<\/p>","protected":false},"excerpt":{"rendered":"<p>Le valvole a saracinesca CK20 sono ampiamente utilizzate nelle industrie petrolifere, chimiche, farmaceutiche, dei fertilizzanti, dell&#039;energia elettrica, ecc. Come valvole di controllo on\/off per il passaggio o l&#039;interruzione del fluido. Il cancello \u00e8 progettato come un cancello flessibile a cuneo di facile tenuta e compensazione dell&#039;usura, la superficie della guarnizione \u00e8 ricoperta con una lega indurita resistente all&#039;usura; la superficie della guarnizione della sede ricoperta con una lega temprata resistente all&#039;usura per essere abbinata alla superficie della guarnizione del cancello; lo stelo \u00e8 appositamente trattato per garantirne robustezza, rigidit\u00e0, resistenza alla corrosione e resistenza all&#039;abrasione. La nostra valvola a saracinesca \u00e8 dotata di guarnizione affidabile, utilizzo sicuro e facilit\u00e0 d&#039;uso. Le valvole sono disponibili in una gamma completa di materiali e finiture corpo\/coperchio, utilizzati per fluidi quali acqua, vapore, prodotti petroliferi, acido nitrico, acido acetico, ecc.<\/p>\n<p>Modello:Z41H-150LB-3-G1\u2033<\/p>\n<p>Caratteristiche del progetto<br \/>\nDesign completo delle porte<br \/>\nOS&amp;Y, esterno e vite<br \/>\nCoperchio imbullonato, struttura con tenuta posteriore<br \/>\nCuneo flessibile, completamente guidato<br \/>\nScelta tra cuneo solido o diviso<br \/>\nSedile rinnovabile o saldato<br \/>\nDesign dello stelo esteso per basse temperature<br \/>\nEstremit\u00e0 flangiate o a saldare di testa<\/p>\n<p>STV Valve Technology Group Co., Ltd \u00e8 un leader professionale in Cina nella valvola a saracinesca CY40, nella valvola a saracinesca Ansi 150LB CY40, nella valvola a saracinesca CY40 da 2 pollici, nella valvola a saracinesca CY40 con estremit\u00e0 flangiata con alta qualit\u00e0 e prezzo competitivo.<\/p>","protected":false},"featured_media":5673,"template":"","meta":[],"product_brand":[],"product_cat":[44,60],"product_tag":[1437,1436,1435,1438],"class_list":{"0":"post-5672","1":"product","2":"type-product","3":"status-publish","4":"has-post-thumbnail","6":"product_cat-gate-valve","7":"product_cat-stainless-steel-gate-valve","8":"product_tag-2-inch-cy40-gate-valve","9":"product_tag-ansi-150lb-cy40-gate-valve","10":"product_tag-china-cy40-gate-valve","11":"product_tag-flange-end-cy40-gate-valve-manufacturer","13":"first","14":"instock","15":"shipping-taxable","16":"product-type-simple"},"_links":{"self":[{"href":"https:\/\/www.stvvalves.com\/it\/wp-json\/wp\/v2\/product\/5672","targetHints":{"allow":["GET"]}}],"collection":[{"href":"https:\/\/www.stvvalves.com\/it\/wp-json\/wp\/v2\/product"}],"about":[{"href":"https:\/\/www.stvvalves.com\/it\/wp-json\/wp\/v2\/types\/product"}],"wp:featuredmedia":[{"embeddable":true,"href":"https:\/\/www.stvvalves.com\/it\/wp-json\/wp\/v2\/media\/5673"}],"wp:attachment":[{"href":"https:\/\/www.stvvalves.com\/it\/wp-json\/wp\/v2\/media?parent=5672"}],"wp:term":[{"taxonomy":"product_brand","embeddable":true,"href":"https:\/\/www.stvvalves.com\/it\/wp-json\/wp\/v2\/product_brand?post=5672"},{"taxonomy":"product_cat","embeddable":true,"href":"https:\/\/www.stvvalves.com\/it\/wp-json\/wp\/v2\/product_cat?post=5672"},{"taxonomy":"product_tag","embeddable":true,"href":"https:\/\/www.stvvalves.com\/it\/wp-json\/wp\/v2\/product_tag?post=5672"}],"curies":[{"name":"wp","href":"https:\/\/api.w.org\/{rel}","templated":true}]}}