{"id":6404,"date":"2022-05-20T11:40:13","date_gmt":"2022-05-20T03:40:13","guid":{"rendered":"https:\/\/www.stvvalves.com\/?post_type=product&#038;p=6404"},"modified":"2025-02-18T13:58:06","modified_gmt":"2025-02-18T05:58:06","slug":"forged-800lb-y-strainer-a105n-body-socket-weld","status":"publish","type":"product","link":"https:\/\/www.stvvalves.com\/it\/products\/forged-800lb-y-strainer-a105n-body-socket-weld\/","title":{"rendered":"Filtro a Y forgiato da 800 libbre, corpo A105N, saldatura a presa"},"content":{"rendered":"<p>Il filtro forgiato a Y da 800 libbre \u00e8 un tipo di attrezzatura che elimina una piccola quantit\u00e0 di impurit\u00e0 da liquidi e gas. Pu\u00f2 proteggere il normale funzionamento del compressore, della pompa e di altre apparecchiature nonch\u00e9 degli strumenti, inoltre pu\u00f2 migliorare la qualit\u00e0 di liquidi e gas. Quindi pu\u00f2 essere ampiamente utilizzato nell&#039;industria petrolifera, chimica, delle fibre chimiche, nell&#039;industria farmaceutica e alimentare, ecc.<\/p>\n<p>1. Coperchio a vite, coperchio con bullone,<br \/>\nCofano saldato di testa<br \/>\n2. Porta piena e porta di riduzione<br \/>\n3. Un coperchio filettato e con tenuta a pressione<br \/>\n4. I materiali sono conformi ad ANSI\/ASTM<\/p>\n<p>Norma: 1. Norma di progettazione: API602,BS5352<br \/>\n2. Standard pressione-temperatura del materiale: ASME B16.34<br \/>\n3. Standard sulle dimensioni faccia a faccia: ASME B16.10<br \/>\n4. Standard sulle dimensioni della flangia: ASME B16.5<br \/>\n5. Le estremit\u00e0 saldate con presa sono conformi ad ANSI B16.11<br \/>\n6. Le estremit\u00e0 delle viti sono conformi ad ANSI B1.20.1<br \/>\n7. Standard di ispezione e test: API598<\/p>\n<p>&nbsp;<\/p>\n<p>Dimensioni: 1\/4\u2033~2\u201d<\/p>\n<p>Valutazione di pressione: Classe 150-2500LB<\/p>\n<p>Materiale del corpo: ASTM A105, ASTM A182 LF2, ASTM A182 F11, ASTM A182 F22, ASTM A182 F51, ASTM A182 F91, ASTM A182 F304, ASTM A182 F316, ASTM A182 F304L, ASTM A182 F316L, ecc.<\/p>\n<p>Connessione finale: NPT,BW,SW,RF,RTJ.<\/p>\n<p>Temperatura di funzionamento: -29\u2103~650\u2103<\/p>\n<table>\n<tbody>\n<tr>\n<td width=\"200\"><strong>nome del prodotto<\/strong><\/td>\n<td width=\"481\">Filtro a Y forgiato<\/td>\n<\/tr>\n<tr>\n<td width=\"200\">1. Materiale<\/td>\n<td width=\"481\">A105N<\/td>\n<\/tr>\n<tr>\n<td width=\"200\">2. Dimensioni<\/td>\n<td width=\"481\">1&quot;<\/td>\n<\/tr>\n<tr>\n<td width=\"200\">4. Porto<\/td>\n<td width=\"481\">\u00a0Porta del riduttore<\/td>\n<\/tr>\n<tr>\n<td width=\"200\">5. Pressione di esercizio<\/td>\n<td width=\"481\">800 libbre<\/td>\n<\/tr>\n<tr>\n<td width=\"200\">6. La connessione termina<\/td>\n<td width=\"481\">SW<\/td>\n<\/tr>\n<tr>\n<td width=\"200\">7. Temp. di lavoro.<\/td>\n<td width=\"481\">-29~425\u00baC,<\/td>\n<\/tr>\n<tr>\n<td width=\"200\">8. Mezzo adatto<\/td>\n<td width=\"481\">Acqua, gas naturale, petrolio e alcuni liquidi corrosivi<\/td>\n<\/tr>\n<tr>\n<td width=\"200\">9. Operato<\/td>\n<td width=\"481\"><\/td>\n<\/tr>\n<tr>\n<td width=\"200\">10. Ispezione e test<\/td>\n<td width=\"481\">Secondo API598<\/td>\n<\/tr>\n<tr>\n<td width=\"200\"><strong>Spedizione<\/strong><\/td>\n<td width=\"481\"><\/td>\n<\/tr>\n<tr>\n<td width=\"200\">Tempi di consegna<\/td>\n<td width=\"481\">30 giorni<\/td>\n<\/tr>\n<tr>\n<td width=\"200\">Pacchetto<\/td>\n<td width=\"481\">Custodia in compensato per esportazione standard<\/td>\n<\/tr>\n<tr>\n<td width=\"200\">Porto di spedizione<\/td>\n<td width=\"481\">Ningbo\/Shanghai, Cina<\/td>\n<\/tr>\n<tr>\n<td width=\"200\">Termini di spedizione<\/td>\n<td width=\"481\">Exw, FOB, CFR, CIF, ecc.<\/td>\n<\/tr>\n<tr>\n<td width=\"200\">Termini di pagamento<\/td>\n<td width=\"481\">T\/T, Western Union, PayPal, ecc.<\/td>\n<\/tr>\n<tr>\n<td width=\"200\"><\/td>\n<td width=\"481\">Pagamento anticipato 30%, saldo 70% pagato prima della spedizione<\/td>\n<\/tr>\n<tr>\n<td width=\"200\">Paese di origine<\/td>\n<td width=\"481\">Citt\u00e0 di Wenzhou, Cina<\/td>\n<\/tr>\n<tr>\n<td width=\"200\">Capacit\u00e0 produttiva<\/td>\n<td width=\"481\">6000 ton\/anno<\/td>\n<\/tr>\n<tr>\n<td width=\"200\">MOQ<\/td>\n<td width=\"481\">1 pezzo\/taglia<\/td>\n<\/tr>\n<\/tbody>\n<\/table>","protected":false},"excerpt":{"rendered":"<p>Fornitore di filtri di tipo Y forgiato in Cina. Offerta STV filtro ASTM A105 Y, la fabbrica cinese offre filtri di tipo Y di piccole dimensioni, ASTM A105, 1 pollice, classe 800, estremit\u00e0 SW X SW, ispezione di prova API 598<\/p>","protected":false},"featured_media":6405,"template":"","meta":[],"product_brand":[],"product_cat":[964,48],"product_tag":[1498,1500,1503,1499,1501,1502,1504,1497,236],"class_list":{"0":"post-6404","1":"product","2":"type-product","3":"status-publish","4":"has-post-thumbnail","6":"product_cat-forged-steel-y-type-strainer","7":"product_cat-y-strainer","8":"product_tag-1-inch-strainer","9":"product_tag-api-598-strainer","10":"product_tag-api-602-strainer","11":"product_tag-astm-a182-f316l-strainer","12":"product_tag-class-800-lb-strainer","13":"product_tag-npt-strainer","14":"product_tag-small-size-y-strainer","15":"product_tag-sw-strainer","16":"product_tag-y-type-strainer","18":"first","19":"instock","20":"shipping-taxable","21":"product-type-simple"},"_links":{"self":[{"href":"https:\/\/www.stvvalves.com\/it\/wp-json\/wp\/v2\/product\/6404","targetHints":{"allow":["GET"]}}],"collection":[{"href":"https:\/\/www.stvvalves.com\/it\/wp-json\/wp\/v2\/product"}],"about":[{"href":"https:\/\/www.stvvalves.com\/it\/wp-json\/wp\/v2\/types\/product"}],"wp:featuredmedia":[{"embeddable":true,"href":"https:\/\/www.stvvalves.com\/it\/wp-json\/wp\/v2\/media\/6405"}],"wp:attachment":[{"href":"https:\/\/www.stvvalves.com\/it\/wp-json\/wp\/v2\/media?parent=6404"}],"wp:term":[{"taxonomy":"product_brand","embeddable":true,"href":"https:\/\/www.stvvalves.com\/it\/wp-json\/wp\/v2\/product_brand?post=6404"},{"taxonomy":"product_cat","embeddable":true,"href":"https:\/\/www.stvvalves.com\/it\/wp-json\/wp\/v2\/product_cat?post=6404"},{"taxonomy":"product_tag","embeddable":true,"href":"https:\/\/www.stvvalves.com\/it\/wp-json\/wp\/v2\/product_tag?post=6404"}],"curies":[{"name":"wp","href":"https:\/\/api.w.org\/{rel}","templated":true}]}}