{"id":6425,"date":"2022-08-05T12:37:50","date_gmt":"2022-08-05T04:37:50","guid":{"rendered":"https:\/\/www.stvvalves.com\/?post_type=product&#038;p=6425"},"modified":"2025-02-18T13:58:04","modified_gmt":"2025-02-18T05:58:04","slug":"150lb-c95800-y-strainer-dn40rf-flange-end","status":"publish","type":"product","link":"https:\/\/www.stvvalves.com\/it\/products\/150lb-c95800-y-strainer-dn40rf-flange-end\/","title":{"rendered":"Filtro a Y C95800 da 150 libbre, DN40, estremit\u00e0 con flangia RF"},"content":{"rendered":"<p>Cina Fornitore di filtri ASTM B148 C95800 Y: Filtro ASTM B148 C95800 Y per acqua di mare, 11\/2 pollici, Classe 150 LB, ASME B16.34, Estremit\u00e0 flangiate RF.<\/p>\n<p>Progettazione e produzione: API6D e ANSI B16.34<br \/>\nDimensione faccia a faccia: ASME B16.10<br \/>\nDimensione flangia finale: ASME B16.5<br \/>\nDimensione saldata di testa: ASME B16.25<br \/>\nTest e ispezione: API598<\/p>\n<p>Specifica: Dimensioni: 2\u2033-24\u2033<br \/>\nPressione: 150-300 libbre<br \/>\nMateriale:C95800,C95400,C92200,C90500<br \/>\nTemperatura;-196\u00b0C+545\u00b0C Servizio: Acqua di mare<\/p>\n<table>\n<tbody>\n<tr>\n<td width=\"200\"><strong>nome del prodotto<\/strong><\/td>\n<td width=\"481\">Filtro a Y C95800 da 150 libbre, DN40, estremit\u00e0 con flangia RF<\/td>\n<\/tr>\n<tr>\n<td width=\"200\">1. Materiale<\/td>\n<td width=\"481\">C95800<\/td>\n<\/tr>\n<tr>\n<td width=\"200\">2. Dimensioni<\/td>\n<td width=\"481\">11\/2&quot;<\/td>\n<\/tr>\n<tr>\n<td width=\"200\">4. Porto<\/td>\n<td width=\"481\">Porto pieno<\/td>\n<\/tr>\n<tr>\n<td width=\"200\">5. Pressione di esercizio<\/td>\n<td width=\"481\">150 libbre<\/td>\n<\/tr>\n<tr>\n<td width=\"200\">6. La connessione termina<\/td>\n<td width=\"481\">RF<\/td>\n<\/tr>\n<tr>\n<td width=\"200\">7. Temp. di lavoro.<\/td>\n<td width=\"481\">-29~200\u00baC,<\/td>\n<\/tr>\n<tr>\n<td width=\"200\">8. Mezzo adatto<\/td>\n<td width=\"481\">Acqua, gas naturale, petrolio e alcuni liquidi corrosivi<\/td>\n<\/tr>\n<tr>\n<td width=\"200\">9. Operato<\/td>\n<td width=\"481\">\/<\/td>\n<\/tr>\n<tr>\n<td width=\"200\">10. Ispezione e test<\/td>\n<td width=\"481\">Secondo API598<\/td>\n<\/tr>\n<tr>\n<td width=\"200\"><strong>Spedizione<\/strong><\/td>\n<td width=\"481\"><\/td>\n<\/tr>\n<tr>\n<td width=\"200\">Tempi di consegna<\/td>\n<td width=\"481\">30 giorni<\/td>\n<\/tr>\n<tr>\n<td width=\"200\">Pacchetto<\/td>\n<td width=\"481\">Custodia in compensato per esportazione standard<\/td>\n<\/tr>\n<tr>\n<td width=\"200\">Porto di spedizione<\/td>\n<td width=\"481\">Ningbo\/Shanghai, Cina<\/td>\n<\/tr>\n<tr>\n<td width=\"200\">Termini di spedizione<\/td>\n<td width=\"481\">Exw, FOB, CFR, CIF, ecc.<\/td>\n<\/tr>\n<tr>\n<td width=\"200\">Termini di pagamento<\/td>\n<td width=\"481\">T\/T, Western Union, PayPal, ecc.<\/td>\n<\/tr>\n<tr>\n<td width=\"200\"><\/td>\n<td width=\"481\">Pagamento anticipato 30%, saldo 70% pagato prima della spedizione<\/td>\n<\/tr>\n<tr>\n<td width=\"200\">Paese di origine<\/td>\n<td width=\"481\">Citt\u00e0 di Wenzhou, Cina<\/td>\n<\/tr>\n<tr>\n<td width=\"200\">Capacit\u00e0 produttiva<\/td>\n<td width=\"481\">6000 ton\/anno<\/td>\n<\/tr>\n<tr>\n<td width=\"200\">MOQ<\/td>\n<td width=\"481\">1 pezzo\/taglia<\/td>\n<\/tr>\n<\/tbody>\n<\/table>\n<p>&nbsp;<\/p>","protected":false},"excerpt":{"rendered":"<p>Il filtro di tipo Y in bronzo alluminio C95800 ha la stessa resistenza alla corrosione uniforme dell&#039;acqua di mare, alla corrosione da cavitazione e alla resistenza alla corrosione e alla fatica dell&#039;acciaio super inossidabile e ha un&#039;eccellente conduttivit\u00e0 termica e conduttivit\u00e0 elettrica, buona resistenza all&#039;usura, prestazioni di saldatura e inquinamento biologico anti-mare. capacit\u00e0 e il prezzo \u00e8 basso. Pertanto, considerando il prezzo e le prestazioni contro la corrosione, il filtro di tipo Y in nichel-alluminio-bronzo soddisfa pienamente le esigenze di filtrazione del sistema di tubazioni dell&#039;acqua di mare e la sua gamma di applicazioni si sta gradualmente espandendo.<\/p>\n<p>Il filtro di tipo Y in bronzo alluminio C95800 viene utilizzato principalmente nella desalinizzazione dell&#039;acqua di mare e nei campi correlati. Di solito viene installato all&#039;estremit\u00e0 di ingresso di apparecchiature come pompe e valvole per eliminare le impurit\u00e0 nel mezzo e impedire che impurit\u00e0 particellari entrino nel canale e causino blocchi per proteggere l&#039;apparecchiatura. I raccordi sui tubi sono protetti dall&#039;usura e dall&#039;intasamento.<\/p>","protected":false},"featured_media":6426,"template":"","meta":[],"product_brand":[],"product_cat":[85,48],"product_tag":[1515,1513,1512,1514],"class_list":{"0":"post-6425","1":"product","2":"type-product","3":"status-publish","4":"has-post-thumbnail","6":"product_cat-stainless-steel-y-type-strainer","7":"product_cat-y-strainer","8":"product_tag-asme-b16-34-c95800-y-strainer","9":"product_tag-astm-b148-c95800-y-strainer","10":"product_tag-c95800-y-strainer-supplier","11":"product_tag-class-150-lb-c95800-y-strainer","13":"first","14":"instock","15":"shipping-taxable","16":"product-type-simple"},"_links":{"self":[{"href":"https:\/\/www.stvvalves.com\/it\/wp-json\/wp\/v2\/product\/6425","targetHints":{"allow":["GET"]}}],"collection":[{"href":"https:\/\/www.stvvalves.com\/it\/wp-json\/wp\/v2\/product"}],"about":[{"href":"https:\/\/www.stvvalves.com\/it\/wp-json\/wp\/v2\/types\/product"}],"wp:featuredmedia":[{"embeddable":true,"href":"https:\/\/www.stvvalves.com\/it\/wp-json\/wp\/v2\/media\/6426"}],"wp:attachment":[{"href":"https:\/\/www.stvvalves.com\/it\/wp-json\/wp\/v2\/media?parent=6425"}],"wp:term":[{"taxonomy":"product_brand","embeddable":true,"href":"https:\/\/www.stvvalves.com\/it\/wp-json\/wp\/v2\/product_brand?post=6425"},{"taxonomy":"product_cat","embeddable":true,"href":"https:\/\/www.stvvalves.com\/it\/wp-json\/wp\/v2\/product_cat?post=6425"},{"taxonomy":"product_tag","embeddable":true,"href":"https:\/\/www.stvvalves.com\/it\/wp-json\/wp\/v2\/product_tag?post=6425"}],"curies":[{"name":"wp","href":"https:\/\/api.w.org\/{rel}","templated":true}]}}