{"id":6834,"date":"2023-07-10T13:27:34","date_gmt":"2023-07-10T05:27:34","guid":{"rendered":"https:\/\/www.stvvalves.com\/?post_type=product&#038;p=6834"},"modified":"2024-12-24T19:28:19","modified_gmt":"2024-12-24T11:28:19","slug":"di-flange-type-butterfly-valve-pn16-dn150-worm-gear","status":"publish","type":"product","link":"https:\/\/www.stvvalves.com\/it\/products\/di-flange-type-butterfly-valve-pn16-dn150-worm-gear\/","title":{"rendered":"Valvola a farfalla tipo flangia DI, PN16, DN150, ingranaggio a vite senza fine"},"content":{"rendered":"<p>Gamma di dimensioni: DN40-DN3200<\/p>\n<p>Pressione: 10K\/150LB\/PN10\/PN16<\/p>\n<p>Materiali del corpo: ghisa, ferro duttile, WCB, SS304, SS316, SS304L, SS316L, bronzo, lega di alluminio<\/p>\n<p>Materiali Seduta: EPDM, NBR, PTFE, VITON, Gomma<\/p>\n<p>Materiali del disco: ferro duttile, WCB, SS304, SS316, SS304L, SS316L, bronzo, lega di alluminio<\/p>\n<p>Materiali stelo\/albero: 45#, 410, 420, 431, 304, 304L, 316, 316L, bronzo, Monel, lega dura<\/p>\n<p>Perno: acciaio inossidabile<\/p>\n<p>Boccola: PTFE, Bronzo<\/p>\n<p>O-ring: EPDM\/NBR\/\/Viton<\/p>\n<p><strong>Caratteristiche del progetto:<\/strong><\/p>\n<p>&nbsp;<\/p>\n<p>1. Struttura dal design innovativo, dimensioni complessive ridotte e peso leggero.<\/p>\n<p>2. Di solito la coppia \u00e8 piccola, l&#039;apertura e la chiusura sono rapide e l&#039;operazione \u00e8 leggera e fa risparmiare lavoro.<\/p>\n<p>3. La piastra a farfalla e l&#039;anello di tenuta sono strettamente combinati, il che pu\u00f2 garantire zero perdite.<\/p>\n<p>4. Il collegamento della valvola a farfalla flangiata richiede bulloni pi\u00f9 corti rispetto alla valvola a farfalla wafer, che \u00e8 pi\u00f9 affidabile nell&#039;applicazione di tubazioni di grande diametro. Generalmente, per condizioni di lavoro di grande diametro si consiglia la valvola a farfalla flangiata o la valvola a farfalla a forma di U.<\/p>\n<p>Campo di applicazione:<\/p>\n<p>Temperatura di esercizio:<\/p>\n<p>NBR: 0\u2103~+90\u2103<\/p>\n<p>EPDM: \u201320\u2103~+120\u2103<\/p>\n<p>PTFE: -10\u2103~+150\u2103<\/p>\n<p>Operare:<\/p>\n<p>DN32-DN250: Leva<\/p>\n<p>DN300-3200: Ingranaggio a vite senza fine<\/p>\n<p>Funzionamento opzionale: leva, ingranaggio a vite senza fine, pneumatico, elettrico-motorizzato<\/p>\n<p>Applicazione: Lavorazione chimica, Impianti di desalinizzazione, Acqua potabile, Polvere secca, Alimenti e bevande, Impianti di gas, Industria mineraria HAVC, Industria cartaria, Movimentazione sabbia, Acqua di mare, Industria dello zucchero, Trattamento termotecnico dell&#039;acqua, Acque reflue, Circolazione dell&#039;acqua di raffreddamento, Aria compressa<\/p>\n<p>&nbsp;<\/p>\n<p>Specifica tecnica:<br \/>\nNorma di progettazione:<\/p>\n<p>EN 593, MSS SP67, API 609, BS5155<\/p>\n<p>Dimensione faccia a faccia:<\/p>\n<p>ISO 5752, EN 558, MSS SP67, API 609, DIN3202<\/p>\n<p>Norma finale:<\/p>\n<p>ANSI B16.1 Classe125LB e B16.5 Classe150LB<\/p>\n<p>AS 2129 Tabella D ed E BS 10 Tabella D ed E<\/p>\n<p>DIN 2501 PN6, PN10 e PN16<\/p>\n<p>EN1092 PN6, PN10 e PN16<\/p>\n<p>ISO 2531 PN6, PN10 e PN16<\/p>\n<p>ISO 7005 PN6, PN10 e PN16<\/p>\n<p>KS B 1511 \/ JIS B 2210 5K e 10K<\/p>\n<p>MSS SP44CL. AWWA C207 da 150 libbre<\/p>\n<p>SABS 1123 Tabella 1000\/3 e Tabella 1600\/3<\/p>\n<p>Flangia superiore: ISO5211<\/p>\n<p>Norma di prova: API 598, ISO 5208, EN 12266<\/p>","protected":false},"excerpt":{"rendered":"<p>STV Valve Technology Group Co., Ltd is a professional leader China Butterfly Valve for seawater,DI Flange type Butterfly valve\uff0cflange ductile iron butterfly valve,Epdm Seat Butterfly Valve,DI Disc Butterfly Valve,6 Inch Butterfly Valve Manufacture with high quality and competitive price.<\/p>","protected":false},"featured_media":6835,"template":"","meta":[],"product_brand":[],"product_cat":[965,972],"product_tag":[1912,1915,1913,1914],"class_list":{"0":"post-6834","1":"product","2":"type-product","3":"status-publish","4":"has-post-thumbnail","6":"product_cat-butterfly-valve","7":"product_cat-flange-butterfly-valve","8":"product_tag-di-flange-type-butterfly-valve","9":"product_tag-dn150-di-flange-type-butterfly-valve","10":"product_tag-pn16-di-flange-type-butterfly-valve","11":"product_tag-worm-gear-di-flange-type-butterfly-valve","13":"first","14":"instock","15":"shipping-taxable","16":"product-type-simple"},"_links":{"self":[{"href":"https:\/\/www.stvvalves.com\/it\/wp-json\/wp\/v2\/product\/6834","targetHints":{"allow":["GET"]}}],"collection":[{"href":"https:\/\/www.stvvalves.com\/it\/wp-json\/wp\/v2\/product"}],"about":[{"href":"https:\/\/www.stvvalves.com\/it\/wp-json\/wp\/v2\/types\/product"}],"wp:featuredmedia":[{"embeddable":true,"href":"https:\/\/www.stvvalves.com\/it\/wp-json\/wp\/v2\/media\/6835"}],"wp:attachment":[{"href":"https:\/\/www.stvvalves.com\/it\/wp-json\/wp\/v2\/media?parent=6834"}],"wp:term":[{"taxonomy":"product_brand","embeddable":true,"href":"https:\/\/www.stvvalves.com\/it\/wp-json\/wp\/v2\/product_brand?post=6834"},{"taxonomy":"product_cat","embeddable":true,"href":"https:\/\/www.stvvalves.com\/it\/wp-json\/wp\/v2\/product_cat?post=6834"},{"taxonomy":"product_tag","embeddable":true,"href":"https:\/\/www.stvvalves.com\/it\/wp-json\/wp\/v2\/product_tag?post=6834"}],"curies":[{"name":"wp","href":"https:\/\/api.w.org\/{rel}","templated":true}]}}