{"id":6879,"date":"2023-09-13T13:39:56","date_gmt":"2023-09-13T05:39:56","guid":{"rendered":"https:\/\/www.stvvalves.com\/?post_type=product&#038;p=6879"},"modified":"2023-09-13T13:39:58","modified_gmt":"2023-09-13T05:39:58","slug":"metal-seat-knife-gate-valve-wcb-body-316-trim-penumatic-actuator","status":"publish","type":"product","link":"https:\/\/www.stvvalves.com\/it\/products\/metal-seat-knife-gate-valve-wcb-body-316-trim-penumatic-actuator\/","title":{"rendered":"Valvola a saracinesca con sede in metallo, corpo WCB, trim 316, attuatore penumatico"},"content":{"rendered":"<p>La valvola a saracinesca a coltello con sede in metallo \u00e8 una valvola a saracinesca a coltello wafer unidirezionale utilizzata su tubazioni industriali per operazioni on-off.<\/p>\n<p>La struttura del corpo e del sedile elimina l&#039;ostruzione dell&#039;otturatore per il flusso con particelle fini. Inoltre, il bordo smussato del coltello aiuta<\/p>\n<p>il cancello taglia facilmente i supporti spessi. A seconda della diversa situazione di lavoro: valvola a saracinesca a coltello con stelo non ascendente, coltello per wafer<\/p>\n<p>saracinesca, saracinesca con trascinamento, saracinesca pneumatica, saracinesca elettrica, saracinesca manuale e smussatura<\/p>\n<p>la valvola a saracinesca del coltello dell&#039;ingranaggio \u00e8 tutta disponibile.<\/p>\n<p><b>Caratteristiche:<\/b><\/p>\n<p>1. Corpo:<\/p>\n<p>a) Il corpo integrale con struttura a passaggio totale garantisce un flusso regolare, un facile assemblaggio e una minore possibilit\u00e0 di perdite dal guscio.<\/p>\n<p>b) Il design degli artigli di guida sul fondo della porta per il fissaggio del cancello, invece di una scanalatura, elimina qualsiasi potenziale intasamento<\/p>\n<p>quando la valvola viene chiusa.<\/p>\n<p>&nbsp;<\/p>\n<p>2. Cancello:<\/p>\n<p>a) Il bordo smussato del coltello garantisce un forte stress da taglio e una tenuta ermetica.<\/p>\n<p>b) La guida a punta resiliente in PTFE sopra la porta impedisce il contatto metallo-metallo tra la saracinesca e il corpo.<\/p>\n<p>c) Lo spessore della porta pu\u00f2 essere aumentato per soddisfare una pressione pi\u00f9 elevata.<\/p>\n<p>3. Sedile:<\/p>\n<p>a) Il sedile con ingresso laterale \u00e8 sostituibile, riducendo i costi di manutenzione.<\/p>\n<p>b) Il sedile precaricato \u00e8 regolabile per soddisfare diverse classi di tenuta e compensare la normale usura del sedile.<\/p>\n<p>4. Altro:<\/p>\n<p>a) Il doppio cuscinetto reggispinta riduce al minimo la coppia richiesta per il funzionamento<\/p>\n<p><span id=\"remark\">introduzione al prodotto<\/span><\/p>\n<table border=\"1\" width=\"812\">\n<tbody>\n<tr>\n<td>\u00a0 \u00a0Intervallo di dimensioni:<\/td>\n<td>\u00a0 \u00a0 \u00a0DN50~600mm NPS 2\u201d-24\u201d (dimensioni maggiori su richiesta)<\/td>\n<\/tr>\n<tr>\n<td>\u00a0 \u00a0Pressa di lavoro massima.:<\/td>\n<td>\u00a0 \u00a0 \u00a0DN50~DN250: 10Bar NPS2~NPS10\uff1a150Psi<\/p>\n<p>DN300~DN450: 7Bar NPS12~NPS18\uff1a90Psi<\/p>\n<p>DN500~DN600: 4Bar NPS20~NPS24\uff1a60Psi<\/td>\n<\/tr>\n<tr>\n<td>\u00a0 \u00a0Temp. Allineare:<\/td>\n<td>\u00a0 \u00a0 \u00a0-29\u2026+800\u2103<\/td>\n<\/tr>\n<tr>\n<td>\u00a0 \u00a0Tenuta della guarnizione:<\/td>\n<td>\u00a0 \u00a0 \u00a0Secondo MSS SP-81<\/td>\n<\/tr>\n<tr>\n<td>\u00a0 \u00a0Materiale corporeo:<\/td>\n<td>\u00a0 \u00a0 \u00a0Acciaio al carbonio, acciaio inossidabile, lega speciale<\/td>\n<\/tr>\n<tr>\n<td>\u00a0 \u00a0Materiale del cancello:<\/td>\n<td>\u00a0 \u00a0 \u00a0Acciaio inossidabile cromato, lega speciale<\/td>\n<\/tr>\n<tr>\n<td>\u00a0 \u00a0Materiale del sedile:<\/td>\n<td>\u00a0 \u00a0 \u00a0Acciaio inossidabile+STL<\/p>\n<p>EPDM (120\u00b0C) \/Viton(200\u00b0C)\/PTFE(200\u00b0C) \/NBR(90\u00b0C)<\/td>\n<\/tr>\n<tr>\n<td>\u00a0 \u00a0Faccia a faccia:<\/td>\n<td>\u00a0 \u00a0 \u00a0MSS SP-81<\/td>\n<\/tr>\n<tr>\n<td>\u00a0 \u00a0Norma della flangia:<\/td>\n<td>\u00a0 \u00a0 \u00a0GB\/T 9113.1, JB\/T 79.1, HG 20592, ASME B16.5, EN1092-1<\/td>\n<\/tr>\n<tr>\n<td>\u00a0 \u00a0Applicazioni:<\/td>\n<td>\u00a0 \u00a0 \u00a0Cellulosa e carta, trattamento delle acque, bevande e alimenti, prodotti chimici fini,<\/p>\n<p>Power Planet, industria siderurgica, ecc.<\/td>\n<\/tr>\n<\/tbody>\n<\/table>","protected":false},"excerpt":{"rendered":"<p>Standard applicabili della valvola a saracinesca a coltello con aletta: valvola a saracinesca a coltello, valvole in acciaio MSS SP-81, ASME B16.34 faccia a faccia MSS SP-81, cuneo resiliente, lega, acciaio inossidabile, acciaio al carbonio, estremit\u00e0 wafer, estremit\u00e0 a capocorda, estremit\u00e0 flangiate, 2 \u2013 48 pollici, Classe 150 LB o come richiesto dal cliente.<\/p>","protected":false},"featured_media":6880,"template":"","meta":[],"product_brand":[],"product_cat":[44,62],"product_tag":[1971,1972,1969,1970],"class_list":{"0":"post-6879","1":"product","2":"type-product","3":"status-publish","4":"has-post-thumbnail","6":"product_cat-gate-valve","7":"product_cat-knife-gate-valve","8":"product_tag-150lb-metal-seat-knife-gate-valve","9":"product_tag-316-metal-seat-knife-gate-valve","10":"product_tag-metal-seat-knife-gate-valve","11":"product_tag-wcb-metal-seat-knife-gate-valve","13":"first","14":"instock","15":"shipping-taxable","16":"product-type-simple"},"_links":{"self":[{"href":"https:\/\/www.stvvalves.com\/it\/wp-json\/wp\/v2\/product\/6879","targetHints":{"allow":["GET"]}}],"collection":[{"href":"https:\/\/www.stvvalves.com\/it\/wp-json\/wp\/v2\/product"}],"about":[{"href":"https:\/\/www.stvvalves.com\/it\/wp-json\/wp\/v2\/types\/product"}],"wp:featuredmedia":[{"embeddable":true,"href":"https:\/\/www.stvvalves.com\/it\/wp-json\/wp\/v2\/media\/6880"}],"wp:attachment":[{"href":"https:\/\/www.stvvalves.com\/it\/wp-json\/wp\/v2\/media?parent=6879"}],"wp:term":[{"taxonomy":"product_brand","embeddable":true,"href":"https:\/\/www.stvvalves.com\/it\/wp-json\/wp\/v2\/product_brand?post=6879"},{"taxonomy":"product_cat","embeddable":true,"href":"https:\/\/www.stvvalves.com\/it\/wp-json\/wp\/v2\/product_cat?post=6879"},{"taxonomy":"product_tag","embeddable":true,"href":"https:\/\/www.stvvalves.com\/it\/wp-json\/wp\/v2\/product_tag?post=6879"}],"curies":[{"name":"wp","href":"https:\/\/api.w.org\/{rel}","templated":true}]}}