{"id":6978,"date":"2023-11-03T15:24:07","date_gmt":"2023-11-03T07:24:07","guid":{"rendered":"https:\/\/www.stvvalves.com\/?post_type=product&#038;p=6978"},"modified":"2023-11-03T15:24:09","modified_gmt":"2023-11-03T07:24:09","slug":"rising-stem-knife-gate-valve-150lb-wcb-body-lugged-type","status":"publish","type":"product","link":"https:\/\/www.stvvalves.com\/it\/products\/rising-stem-knife-gate-valve-150lb-wcb-body-lugged-type\/","title":{"rendered":"Valvola a saracinesca a coltello con stelo ascendente, 150 libbre, corpo WCB, tipo con alette"},"content":{"rendered":"<p><strong>Valvola a saracinesca a coltello unidirezionale con stelo saliente manuale<\/strong><\/p>\n<p>La valvola a saracinesca a coltello con stelo ascendente \u00e8 una valvola a saracinesca a coltello sigillata unidirezionale, che pu\u00f2 sostituire l&#039;anello di tenuta in gomma. Il principio di tenuta \u00e8 principalmente quello di ottenere l&#039;effetto di tenuta mediante la stretta connessione tra il cancello e l&#039;anello di tenuta in gomma. Questa serie di valvole a ghigliottina \u00e8 un tipo di prodotto economico ed efficace ad alte prestazioni, che pu\u00f2 essere dotato di attuatore pneumatico per soddisfare le diverse esigenze industriali e minerarie.<\/p>\n<p><strong>Dimensioni<\/strong>: DN50-1600<\/p>\n<p><strong>Corpo<\/strong>:DI,WCB\u3001CF8\u3001CF8M\u3001CF3\u3001CF3M<\/p>\n<p><strong>Disco<\/strong>:SS304\u3001SS316\u3001SS316L\u3001SS310\u30012205\u3001F53\u3001F55<\/p>\n<p><strong>Posto a sedere<\/strong>:EPDM, NBR, PTFE, Viton, metallo<\/p>\n<p><strong>Imballaggio<\/strong>:PTFE, gomma, grafite, fibra aramidica, alta baderna a base d&#039;acqua<\/p>\n<p><strong>Operazione<\/strong>: volantino, ingranaggio conico, elettrico, pneumatico, idraulico, elettroidraulico, leva, ruota di catena<\/p>\n<p><strong>Pressione lavorativa<\/strong>:<\/p>\n<p>DN 50 \u2013 DN 250 10 kg<\/p>\n<p>DN 300 \u2013 DN 400 6 kg<\/p>\n<p>DN 450 5 kg<\/p>\n<p>DN 500 \u2013 DN 600 4 kg<\/p>\n<p>DN 700 \u2013 DN 1200 2 kg<\/p>\n<p><strong>Collegamento a flangia<\/strong>:<\/p>\n<p>PN10\u3001PN16\u3001ANSI B16.5 Classe 150,\u3001BS \u201cD\u201d&amp;\u201cE\u201d<\/p>","protected":false},"excerpt":{"rendered":"<p>STV Valve Technology Group Co., Ltd \u00e8 un leader professionale China Wafer Knife Saracinesca, coltello wafer da 150 libbre<\/p>\n<p>valvola a saracinesca, valvola a saracinesca a coltello con trascinamento WCB, valvola a saracinesca pneumatica a coltello, valvola a saracinesca elettrica, valvola a saracinesca manuale e smussatura<\/p>\n<p>valvola a saracinesca a coltello. Valvola a saracinesca a coltello con stelo ascendente, valvola a saracinesca con stelo ascendente da 150LB, valvola a saracinesca con stelo ascendente corpo WCB, valvola a saracinesca con stelo ascendente di tipo con trascinamento.<\/p>","protected":false},"featured_media":6980,"template":"","meta":[],"product_brand":[],"product_cat":[44,62],"product_tag":[2040,2042,2043,2041],"class_list":{"0":"post-6978","1":"product","2":"type-product","3":"status-publish","4":"has-post-thumbnail","6":"product_cat-gate-valve","7":"product_cat-knife-gate-valve","8":"product_tag-150lb-rising-stem-knife-gate-valve","9":"product_tag-lugged-knife-gate-valve","10":"product_tag-rising-stem-knife-gate-valve","11":"product_tag-wcb-rising-stem-knife-gate-valve","13":"first","14":"instock","15":"shipping-taxable","16":"product-type-simple"},"_links":{"self":[{"href":"https:\/\/www.stvvalves.com\/it\/wp-json\/wp\/v2\/product\/6978","targetHints":{"allow":["GET"]}}],"collection":[{"href":"https:\/\/www.stvvalves.com\/it\/wp-json\/wp\/v2\/product"}],"about":[{"href":"https:\/\/www.stvvalves.com\/it\/wp-json\/wp\/v2\/types\/product"}],"wp:featuredmedia":[{"embeddable":true,"href":"https:\/\/www.stvvalves.com\/it\/wp-json\/wp\/v2\/media\/6980"}],"wp:attachment":[{"href":"https:\/\/www.stvvalves.com\/it\/wp-json\/wp\/v2\/media?parent=6978"}],"wp:term":[{"taxonomy":"product_brand","embeddable":true,"href":"https:\/\/www.stvvalves.com\/it\/wp-json\/wp\/v2\/product_brand?post=6978"},{"taxonomy":"product_cat","embeddable":true,"href":"https:\/\/www.stvvalves.com\/it\/wp-json\/wp\/v2\/product_cat?post=6978"},{"taxonomy":"product_tag","embeddable":true,"href":"https:\/\/www.stvvalves.com\/it\/wp-json\/wp\/v2\/product_tag?post=6978"}],"curies":[{"name":"wp","href":"https:\/\/api.w.org\/{rel}","templated":true}]}}