{"id":6983,"date":"2023-11-03T16:07:26","date_gmt":"2023-11-03T08:07:26","guid":{"rendered":"https:\/\/www.stvvalves.com\/?post_type=product&#038;p=6983"},"modified":"2023-11-03T16:07:27","modified_gmt":"2023-11-03T08:07:27","slug":"tilting-disc-check-valve-cf8m-body-150lb-4-inch","status":"publish","type":"product","link":"https:\/\/www.stvvalves.com\/it\/products\/tilting-disc-check-valve-cf8m-body-150lb-4-inch\/","title":{"rendered":"Valvola di ritegno a disco inclinabile, corpo CF8M, 150 libbre, 4 pollici"},"content":{"rendered":"<p>La valvola di ritegno a disco inclinabile della superficie di tenuta \u00e8 inclinata contro l&#039;uscita con un piccolo angolo di caduta per ridurre le vibrazioni, mentre nel corpo \u00e8 presente un dispositivo tampone che pu\u00f2 tamponare il flusso per evitare che la pompa torni indietro e una pressione del colpo d&#039;ariete estremamente elevata.<br \/>\nLa selezione dei diversi materiali pu\u00f2 essere applicata al mezzo che coinvolge acqua, vapore, oli, acido nitrico, acetide, mezzo fortemente ossidante e urea, ecc.<\/p>\n<p><strong>Caratteristica strutturale<\/strong><\/p>\n<p>Chiusura rapida del disco della valvola, bassa pressione del colpo d&#039;ariete;<br \/>\nApplicabile e facilmente installabile su tubazioni verticali o orizzontali;<br \/>\nPassaggio di flusso regolare e piccola resistenza fluida;<br \/>\nAzione flessibile e buone prestazioni di tenuta;<br \/>\nCorsa della valvola stretta e impatto di chiusura ridotto;<br \/>\nStruttura integrata, semplice e compatta, in bella forma;<br \/>\nLunga durata e buona affidabilit\u00e0.<br \/>\nStruttura sfalsata, con lunghezza faccia a faccia ottimale che riduce la resistenza al flusso ed elimina i picchi di pressione. Da utilizzare per la protezione dal riflusso del fluido.<\/p>\n<p><strong>Specifica dei parametri principali<\/strong><\/p>\n<p>Progettazione e produzione: API594<br \/>\nFaccia a faccia e da un capo all&#039;altro: API594<br \/>\nIspezione e test: API598<\/p>\n<p><strong>Gamma di prodotti<\/strong><\/p>\n<p>Materiale del corpo: acciaio al carbonio, acciaio inossidabile, acciaio legato, bronzo<br \/>\nDiametro nominale: 2\u2033~24\u2033(DN50~DN600)<br \/>\nConnessione finale: Wafer<br \/>\nIntervallo di pressione: Classe 150~ 2500 (PN16~PN150)<br \/>\nTemperatura di funzionamento: -196\u00baC~+560\u00baC<\/p>","protected":false},"excerpt":{"rendered":"<p>STV Valve Technology Group Co., Ltd \u00e8 un fornitore leader in Cina di valvole di ritegno a disco inclinabile, valvola di ritegno a disco inclinabile CF8M, valvola di ritegno a disco inclinabile da 150 libbre, valvola di ritegno a disco inclinabile da 4 pollici, valvola di ritegno a disco inclinabile con sede in metallo, valvola di ritegno a disco inclinabile API 594 Produttore di valvole con alta qualit\u00e0 e prezzo competitivo.<\/p>","protected":false},"featured_media":6984,"template":"","meta":[],"product_brand":[],"product_cat":[46,84],"product_tag":[2052,2053,2055,2051,2050,2054],"class_list":{"0":"post-6983","1":"product","2":"type-product","3":"status-publish","4":"has-post-thumbnail","6":"product_cat-check-valves","7":"product_cat-wafer-check-valve","8":"product_tag-150lb-tilting-disc-check-valve","9":"product_tag-4-inch-tilting-disc-check-valve","10":"product_tag-api-594-tilting-disc-check-valve-manufacturer","11":"product_tag-cf8m-tilting-disc-check-valve","12":"product_tag-china-tilting-disc-check-valve-supplier","13":"product_tag-metal-seat-tilting-disc-check-valve","15":"first","16":"instock","17":"shipping-taxable","18":"product-type-simple"},"_links":{"self":[{"href":"https:\/\/www.stvvalves.com\/it\/wp-json\/wp\/v2\/product\/6983","targetHints":{"allow":["GET"]}}],"collection":[{"href":"https:\/\/www.stvvalves.com\/it\/wp-json\/wp\/v2\/product"}],"about":[{"href":"https:\/\/www.stvvalves.com\/it\/wp-json\/wp\/v2\/types\/product"}],"wp:featuredmedia":[{"embeddable":true,"href":"https:\/\/www.stvvalves.com\/it\/wp-json\/wp\/v2\/media\/6984"}],"wp:attachment":[{"href":"https:\/\/www.stvvalves.com\/it\/wp-json\/wp\/v2\/media?parent=6983"}],"wp:term":[{"taxonomy":"product_brand","embeddable":true,"href":"https:\/\/www.stvvalves.com\/it\/wp-json\/wp\/v2\/product_brand?post=6983"},{"taxonomy":"product_cat","embeddable":true,"href":"https:\/\/www.stvvalves.com\/it\/wp-json\/wp\/v2\/product_cat?post=6983"},{"taxonomy":"product_tag","embeddable":true,"href":"https:\/\/www.stvvalves.com\/it\/wp-json\/wp\/v2\/product_tag?post=6983"}],"curies":[{"name":"wp","href":"https:\/\/api.w.org\/{rel}","templated":true}]}}