{"id":7145,"date":"2024-03-18T17:00:05","date_gmt":"2024-03-18T09:00:05","guid":{"rendered":"https:\/\/www.stvvalves.com\/?post_type=product&#038;p=7145"},"modified":"2024-12-24T19:30:42","modified_gmt":"2024-12-24T11:30:42","slug":"c95800-lug-type-butterfly-valve-24-inch-150lb-gear-box","status":"publish","type":"product","link":"https:\/\/www.stvvalves.com\/it\/products\/c95800-lug-type-butterfly-valve-24-inch-150lb-gear-box\/","title":{"rendered":"C95800 Lug Type Butterfly Valve,24 Inch,150LB,Gear Box"},"content":{"rendered":"<p>Norma di progettazione:<\/p>\n<p>EN 593, MSS SP67, API 609, BS5155<\/p>\n<p>Dimensione faccia a faccia:<\/p>\n<p>ISO 5752, EN 558, MSS SP67, API 609, DIN3202<\/p>\n<p>Norma finale:<\/p>\n<p>ANSI B16.1 Classe125LB e B16.5 Classe150LB<\/p>\n<p>AS 2129 Tabella D ed E BS 10 Tabella D ed E<\/p>\n<p>DIN 2501 PN6, PN10 e PN16<\/p>\n<p>EN1092 PN6, PN10 e PN16<\/p>\n<p>KS B 1511 \/ JIS B 2210 5K e 10K<\/p>\n<p>MSS SP44CL. AWWA C207 da 150 libbre<\/p>\n<p>SABS 1123 Tabella 1000\/3 e Tabella 1600\/3<\/p>\n<p>Flangia superiore: ISO5211<\/p>\n<p>Norma di prova: API 598, ISO 5208, EN 12266<\/p>\n<p>Campo di applicazione:<\/p>\n<p>Temperatura di esercizio:<\/p>\n<p>NBR: 0\u2103~+90\u2103<\/p>\n<p>EPDM: \u201320\u2103~+120\u2103<\/p>\n<p>PTFE: -10\u2103~+150\u2103<\/p>\n<p>Gamma dimensioni: DN32-DN2000 Pressione: 5K\/10K\/150LB\/PN10\/PN16 Materiali corpo: Ghisa, ferro duttile, WCB, SS304, SS316, bronzo, lega di alluminio Materiali sede: EPDM, NBR, PTFE, VITON, gomma Materiali disco : Ferro duttile, CF8, CF8M, WCB, bronzo, lega di alluminio Materiali stelo: 45#, 420, 431, 304, 304L, 316, 316L, bronzo, Monel, lega dura<\/p>\n<p>Funzionamento opzionale: leva, ingranaggio a vite senza fine, pneumatico, elettrico-motorizzato<\/p>\n<p>Applicazione: Lavorazione chimica, Impianti di desalinizzazione, Acqua potabile, Polvere secca, Alimenti e bevande, Impianti di gas, Industria mineraria HAVC, Industria cartaria, Movimentazione sabbia, Acqua di mare, Industria dello zucchero, Trattamento termotecnico dell&#039;acqua, Acque reflue, Circolazione dell&#039;acqua di raffreddamento, Aria compressa<\/p>\n<p>Caratteristiche del progetto:<\/p>\n<p>1. Valvola a farfalla con retro rigido, la sede della valvola non pu\u00f2 essere sostituita, solitamente dotata di una piastra della valvola a spillo, il prezzo \u00e8 relativamente economico e la prestazione in termini di costi \u00e8 relativamente elevata.<\/p>\n<p>2. Quando la valvola a farfalla e la tubazione sono installate, le flange su entrambi i lati vengono installate separatamente con bulloni, in modo che il corpo valvola e la superficie di tenuta del corpo valvola non vengano schiacciati dai bulloni, il che \u00e8 vantaggioso per la tenuta vita.<\/p>\n<p>3. La valvola a farfalla a capocorda pu\u00f2 essere facilmente installata nella posizione di scarico.<\/p>\n<p>4. Se la valvola a farfalla \u00e8 collegata tramite una coppia di fascette, quando il bullone viene installato nella tubazione, il bullone stringer\u00e0 l&#039;intero corpo della valvola a farfalla tra le due flange. Il bullone \u00e8 relativamente lungo e anche lo scorrimento generato \u00e8 elevato. Il metodo di connessione della valvola a farfalla con capocorda, il bullone \u00e8 relativamente corto, non ha bisogno di passare attraverso l&#039;intero corpo valvola ed \u00e8 pi\u00f9 stabile e affidabile.<\/p>\n<p>La differenza tra valvola a farfalla a capocorda e valvola a farfalla flangiata<\/p>\n<p>Per le valvole a farfalla del tipo a flangia, i fori dei bulloni sono generalmente fori passanti, leggermente pi\u00f9 grandi dei bulloni e bloccati dalle flange; i fori dei bulloni delle valvole a farfalla con aletta corrispondono alle filettature e sono installati con prigionieri a filettatura completa.<\/p>\n<p>Installazione della valvola a farfalla con aletta<\/p>\n<p>Per installare la valvola a farfalla con alette, \u00e8 necessario rimuovere un lato del dado, avvitare il bullone nel foro del bullone della valvola, quindi serrare il dado.<\/p>","protected":false},"excerpt":{"rendered":"<p>China Cast Iron Lug Type Butterfly ValveManufacture,STV Offers C95800 Lug Type Butterfly Valve with Gear Box, C95800 Body, DN600 Lug Type Butterfly Valve, 150LB Lug Type Butterfly Valve, API 609 .<\/p>","protected":false},"featured_media":7146,"template":"","meta":[],"product_brand":[],"product_cat":[965,971],"product_tag":[2321,2320,1997,2319],"class_list":{"0":"post-7145","1":"product","2":"type-product","3":"status-publish","4":"has-post-thumbnail","6":"product_cat-butterfly-valve","7":"product_cat-wafer-butterfly-valve","8":"product_tag-150lb-lug-type-butterfly-valve","9":"product_tag-24-inch-butterfly-valve","10":"product_tag-api-609-lug-type-butterfly-valve","11":"product_tag-c95800-lug-type-butterfly-valve","13":"first","14":"instock","15":"shipping-taxable","16":"product-type-simple"},"_links":{"self":[{"href":"https:\/\/www.stvvalves.com\/it\/wp-json\/wp\/v2\/product\/7145","targetHints":{"allow":["GET"]}}],"collection":[{"href":"https:\/\/www.stvvalves.com\/it\/wp-json\/wp\/v2\/product"}],"about":[{"href":"https:\/\/www.stvvalves.com\/it\/wp-json\/wp\/v2\/types\/product"}],"wp:featuredmedia":[{"embeddable":true,"href":"https:\/\/www.stvvalves.com\/it\/wp-json\/wp\/v2\/media\/7146"}],"wp:attachment":[{"href":"https:\/\/www.stvvalves.com\/it\/wp-json\/wp\/v2\/media?parent=7145"}],"wp:term":[{"taxonomy":"product_brand","embeddable":true,"href":"https:\/\/www.stvvalves.com\/it\/wp-json\/wp\/v2\/product_brand?post=7145"},{"taxonomy":"product_cat","embeddable":true,"href":"https:\/\/www.stvvalves.com\/it\/wp-json\/wp\/v2\/product_cat?post=7145"},{"taxonomy":"product_tag","embeddable":true,"href":"https:\/\/www.stvvalves.com\/it\/wp-json\/wp\/v2\/product_tag?post=7145"}],"curies":[{"name":"wp","href":"https:\/\/api.w.org\/{rel}","templated":true}]}}