{"id":7157,"date":"2024-03-19T11:09:32","date_gmt":"2024-03-19T03:09:32","guid":{"rendered":"https:\/\/www.stvvalves.com\/?post_type=product&#038;p=7157"},"modified":"2024-12-25T10:30:35","modified_gmt":"2024-12-25T02:30:35","slug":"c95800-dual-plate-check-valves-16-inch-rf-type-150lb-api594","status":"publish","type":"product","link":"https:\/\/www.stvvalves.com\/it\/products\/c95800-dual-plate-check-valves-16-inch-rf-type-150lb-api594\/","title":{"rendered":"C95800 Dual Plate Check Valves,16 Inch,RF Type,150LB,API594"},"content":{"rendered":"<p>China C95800 Dual Plate Check Valves,16 Inch,RF Type,150LB,API594<br \/>\nDimensioni: da 2\u2033 a 48\u2033<br \/>\nPressione: 150 \u2013 1500 libbre<br \/>\nMaterial: we can offer valves carried out in C95800,C95400,C92200,C95500<br \/>\nStandard di progettazione e produzione: API 594 o DIN<br \/>\nDistanza tra le flange: ASME B16.10, EN558, DIN3202<br \/>\nCollegato secondo gli standard: ANSI, API, DIN<br \/>\nNorma di prova: API598, API 600, ISO5208<br \/>\nMezzo: la valvola \u00e8 adatta per diversi fluidi tra cui acqua, vapore, olio, gas, prodotti petroliferi, acido nitrico, acido acetico, ecc.<br \/>\nTemperatura di esercizio: da -46\u00baC o -50\u00baC (costruzioni in acciaio inossidabile) e -29\u00baC o -46\u00baC (costruzioni in acciaio al carbonio) fino a 600\u2103<\/p>\n<table>\n<tbody>\n<tr>\n<td width=\"200\"><strong>nome del prodotto<\/strong><\/td>\n<td width=\"481\">\u00a0Valvola di ritegno wafer da 24 pollici C95800, 300 libbre, flangia RF<\/td>\n<\/tr>\n<tr>\n<td width=\"200\">1. Materiale<\/td>\n<td width=\"481\">C95800<\/td>\n<\/tr>\n<tr>\n<td width=\"200\">2. Dimensioni<\/td>\n<td width=\"481\">24&quot;<\/td>\n<\/tr>\n<tr>\n<td width=\"200\">4. Porto<\/td>\n<td width=\"481\">Porto pieno<\/td>\n<\/tr>\n<tr>\n<td width=\"200\">5. Pressione di esercizio<\/td>\n<td width=\"481\">300 libbre<\/td>\n<\/tr>\n<tr>\n<td width=\"200\">6. La connessione termina<\/td>\n<td width=\"481\">RF<\/td>\n<\/tr>\n<tr>\n<td width=\"200\">7. Temp. di lavoro.<\/td>\n<td width=\"481\">-29~200\u00baC,<\/td>\n<\/tr>\n<tr>\n<td width=\"200\">8. Mezzo adatto<\/td>\n<td width=\"481\">Acqua, gas naturale, petrolio e alcuni liquidi corrosivi<\/td>\n<\/tr>\n<tr>\n<td width=\"200\">9. Operato<\/td>\n<td width=\"481\">\/<\/td>\n<\/tr>\n<tr>\n<td width=\"200\">10. Ispezione e test<\/td>\n<td width=\"481\">Secondo API598<\/td>\n<\/tr>\n<tr>\n<td width=\"200\"><strong>Spedizione<\/strong><\/td>\n<td width=\"481\"><\/td>\n<\/tr>\n<tr>\n<td width=\"200\">Tempi di consegna<\/td>\n<td width=\"481\">30 giorni<\/td>\n<\/tr>\n<tr>\n<td width=\"200\">Pacchetto<\/td>\n<td width=\"481\">Custodia in compensato per esportazione standard<\/td>\n<\/tr>\n<tr>\n<td width=\"200\">Porto di spedizione<\/td>\n<td width=\"481\">Ningbo\/Shanghai, Cina<\/td>\n<\/tr>\n<tr>\n<td width=\"200\">Termini di spedizione<\/td>\n<td width=\"481\">Exw, FOB, CFR, CIF, ecc.<\/td>\n<\/tr>\n<tr>\n<td width=\"200\">Termini di pagamento<\/td>\n<td width=\"481\">T\/T, Western Union, PayPal, ecc.<\/td>\n<\/tr>\n<tr>\n<td width=\"200\"><\/td>\n<td width=\"481\">Pagamento anticipato 30%, saldo 70% pagato prima della spedizione<\/td>\n<\/tr>\n<tr>\n<td width=\"200\">Paese di origine<\/td>\n<td width=\"481\">Citt\u00e0 di Wenzhou, Cina<\/td>\n<\/tr>\n<tr>\n<td width=\"200\">Capacit\u00e0 produttiva<\/td>\n<td width=\"481\">6000 ton\/anno<\/td>\n<\/tr>\n<tr>\n<td width=\"200\">MOQ<\/td>\n<td width=\"481\">1 pezzo\/taglia<\/td>\n<\/tr>\n<\/tbody>\n<\/table>\n<p>La coppia di guarnizioni della valvola in bronzo \u00e8 ragionevolmente abbinata e il disco della valvola e la superficie di tenuta della sede della valvola sono realizzati con un rivestimento in lega a base di ferro, che ha una buona resistenza all&#039;usura, resistenza alla temperatura, resistenza alla corrosione, resistenza ai graffi e lunga durata. I prodotti con valvole di ritegno in bronzo sono progettati e realizzati secondo lo standard API594. \u00c8 possibile utilizzare vari standard di flangia delle tubazioni e tipi di tenuta della flangia per soddisfare le varie esigenze ingegneristiche e i requisiti degli utenti. Il corpo della valvola \u00e8 costituito da vari materiali e la guarnizione della flangia pu\u00f2 essere ragionevolmente selezionata in base alle condizioni di lavoro effettive o alle esigenze dell&#039;utente e pu\u00f2 essere adatta a varie condizioni di pressione, temperatura e mezzo di lavoro.<\/p>\n<p>&nbsp;<\/p>","protected":false},"excerpt":{"rendered":"<p>Discover the benefits of C95800 Dual Plate Check Valves for your fluid control systems. Designed for optimal reliability and efficiency, these valves prevent backflow and ensure smooth operation in various applications. Ideal for industries requiring durable and corrosion-resistant solutions, the C95800 series boasts impressive performance and longevity. Learn more about specifications, installation, and maintenance to enhance your project&#8217;s success.<\/p>\n<p>STV Valve Technology Group Co., Ltd is a professional leader China Dual Plate Check Valves,16 Inch Dual Plate Check Valves, C95800 Check Valve,150lb\u00a0 Dual Plate Check Valves,RF End Dual Plate Check Valves,C95800 Check Valve Manufacturer with high quality and competitive price .C95800 wafer check valve, C95800 duo check valve, C95800 non return valve, C95800 double disc check valve, C95800 folding Disc Check Valves.<\/p>\n<p>&nbsp;<\/p>","protected":false},"featured_media":7158,"template":"","meta":[],"product_brand":[],"product_cat":[46,84],"product_tag":[2357,2361,2359,2362,2360,2358],"class_list":{"0":"post-7157","1":"product","2":"type-product","3":"status-publish","4":"has-post-thumbnail","6":"product_cat-check-valves","7":"product_cat-wafer-check-valve","8":"product_tag-b148-c95800-dual-check-valve","9":"product_tag-c95800-double-disc-check-valve","10":"product_tag-c95800-duo-check-valve","11":"product_tag-c95800-folding-disc-check-valves","12":"product_tag-c95800-non-return-valve","13":"product_tag-c95800-wafer-check-valve","15":"first","16":"instock","17":"shipping-taxable","18":"product-type-simple"},"_links":{"self":[{"href":"https:\/\/www.stvvalves.com\/it\/wp-json\/wp\/v2\/product\/7157","targetHints":{"allow":["GET"]}}],"collection":[{"href":"https:\/\/www.stvvalves.com\/it\/wp-json\/wp\/v2\/product"}],"about":[{"href":"https:\/\/www.stvvalves.com\/it\/wp-json\/wp\/v2\/types\/product"}],"wp:featuredmedia":[{"embeddable":true,"href":"https:\/\/www.stvvalves.com\/it\/wp-json\/wp\/v2\/media\/7158"}],"wp:attachment":[{"href":"https:\/\/www.stvvalves.com\/it\/wp-json\/wp\/v2\/media?parent=7157"}],"wp:term":[{"taxonomy":"product_brand","embeddable":true,"href":"https:\/\/www.stvvalves.com\/it\/wp-json\/wp\/v2\/product_brand?post=7157"},{"taxonomy":"product_cat","embeddable":true,"href":"https:\/\/www.stvvalves.com\/it\/wp-json\/wp\/v2\/product_cat?post=7157"},{"taxonomy":"product_tag","embeddable":true,"href":"https:\/\/www.stvvalves.com\/it\/wp-json\/wp\/v2\/product_tag?post=7157"}],"curies":[{"name":"wp","href":"https:\/\/api.w.org\/{rel}","templated":true}]}}