{"id":7189,"date":"2024-03-20T23:26:47","date_gmt":"2024-03-20T15:26:47","guid":{"rendered":"https:\/\/www.stvvalves.com\/?post_type=product&#038;p=7189"},"modified":"2024-03-21T11:01:54","modified_gmt":"2024-03-21T03:01:54","slug":"600lb-basket-strainer-wcb-16-inch-rf-end","status":"publish","type":"product","link":"https:\/\/www.stvvalves.com\/it\/products\/600lb-basket-strainer-wcb-16-inch-rf-end\/","title":{"rendered":"600LB Basket Strainer,WCB,16 Inch,RF End"},"content":{"rendered":"<p><strong><u>Maintenance of\u00a0 Basket <\/u><\/strong><strong><u>Filtro \u00a0 \u00a0 \u00a0 \u00a0 \u00a0 \u00a0 \u00a0 \u00a0 \u00a0 \u00a0 \u00a0 \u00a0 \u00a0 \u00a0 \u00a0 \u00a0 \u00a0 \u00a0 \u00a0 \u00a0 \u00a0 \u00a0 \u00a0 \u00a0 \u00a0 \u00a0 \u00a0 \u00a0 \u00a0 \u00a0 \u00a0\u00a0<\/u><\/strong><\/p>\n<ul>\n<li>La parte fondamentale di questo tipo di filtro \u00e8 il nucleo del filtro. Il nucleo del filtro \u00e8 costituito dal telaio del filtro e dalla rete metallica in acciaio inossidabile. La rete metallica SS appartiene alle parti soggette ad usura e necessita di una protezione speciale.<\/li>\n<li>Dopo che il filtro ha funzionato per un po&#039; di tempo, far\u00e0 precipitare una certa quantit\u00e0 di impurit\u00e0 nel nucleo del filtro. Quindi la pressione verr\u00e0 aumentata e la velocit\u00e0 del flusso sar\u00e0 ridotta. Quindi dovremmo pulire le impurit\u00e0 nel nucleo del filtro in tempo.<\/li>\n<li>Quando puliamo le impurit\u00e0, dobbiamo fare attenzione a garantire che la rete metallica SS nel nucleo del filtro non venga deformata o danneggiata. Altrimenti, quando si riutilizza il filtro, le impurit\u00e0 del liquido filtrato non raggiungeranno i requisiti progettati. E i compressori, la pompa o gli strumenti verranno distrutti.<\/li>\n<li>Una volta che la rete metallica SS risulta deformata o danneggiata, dovremmo sostituirla immediatamente.<\/li>\n<\/ul>\n<p>Filtro a cestello<br \/>\nBreve introduzione:<br \/>\nIl filtro pu\u00f2 essere utilizzato su tutti i tipi di tubazioni per raccogliere sostanze estranee granulate e contaminanti raccolti. Pu\u00f2 migliorare il gioco nel mezzo e prolungare la vita delle valvole e di altre apparecchiature. \u00c8 adatto per acqua, petrolio e vapore.<br \/>\nParte principale e materiale<br \/>\nCorpo: acciaio al carbonio<br \/>\nMaglia: acciaio inossidabile<br \/>\nSpecifica tecnica<br \/>\nDiametro nominale: 15~500 mm<br \/>\nPressione nominale: 0,6-5,0 MPa<br \/>\nForniamo filtri a cestello di tipo fuso e saldato<br \/>\n1) Dimensioni: 1\/2 \u2013 24\u2033<br \/>\n2) Pressione nominale: 150 libbre, 300 libbre, 600 libbre<br \/>\n3) Temperatura adatta: -196oC \u2013 600oC<br \/>\n4) Mezzo adatto: Acqua, gas, olio, vapore ecc.<br \/>\n5) Materiale del corpo: A106\/WCB, WCC, WC6, WC9, LCB, LCC, SS304\/CF8, SS316\/CF8M, 304L\/CF3, SS316L\/CF3M<br \/>\n6) Schermo: Acciaio inossidabile (SS304\/SS316)<br \/>\n7) Connessione finale: FF, RF, THD, BW<br \/>\n8, forma di ingresso\/uscita: flangia\/cavo interno\/cavo esterno\/installazione rapida<br \/>\n9, forma di compressione del coperchio: bullone\/bullone rapido<br \/>\n10, viscosit\u00e0 adatta (cp): 1-30000<br \/>\n11, forma del cestino: maglia di perforazione\/maglia a strato singolo\/maglia composita<\/p>\n<p><strong>High Pressure CL600 Flanged Simplex Basket Strainer Cast Steel Single Basket<\/strong><\/p>\n<p>&nbsp;<\/p>\n<p><strong>Strainer Applicable Medium<\/strong><br \/>\nA) Weak corrosively medium for petrochemical production such as water, ammonia, oil and hydrocarbon products etc.<\/p>\n<p>B) Corrosive medium for chemical products such as sodium hydrate, caustic soda, metric acid, acetic acid etc.<\/p>\n<p>C) Low temperature medium for refrigeration, the refrigerant such as liquefied methane, liquefied ammonia, oxygen etc.<\/p>\n<p>D) Industry hygiene medium in light industry, foodstuff and pharmacy such as beer, drink, beverage, dairy products etc.<\/p>\n<p>&nbsp;<\/p>\n<p>&nbsp;<\/p>","protected":false},"excerpt":{"rendered":"<p>STV Valve Technology Group Co., Ltd is a professional leader\u00a0 600LB Basket Strainer ,16 Inch Basket Strainer,WCB Basket Strainer,150LB Basket Strainer , RF End Basket Strainer , ASMEB16.34 Basket Strainer .<\/p>","protected":false},"featured_media":7224,"template":"","meta":[],"product_brand":[],"product_cat":[48,72],"product_tag":[2404,2463,2462,2405,2076,2403],"class_list":{"0":"post-7189","1":"product","2":"type-product","3":"status-publish","4":"has-post-thumbnail","6":"product_cat-y-strainer","7":"product_cat-cast-steel-y-type-strainer","8":"product_tag-150lb-basket-strainer","9":"product_tag-16-inch-basket-strainer","10":"product_tag-600lb-basket-strainer","11":"product_tag-asmeb16-34-basket-strainer","12":"product_tag-rf-end-basket-strainer","13":"product_tag-wcb-basket-strainer","15":"first","16":"instock","17":"shipping-taxable","18":"product-type-simple"},"_links":{"self":[{"href":"https:\/\/www.stvvalves.com\/it\/wp-json\/wp\/v2\/product\/7189","targetHints":{"allow":["GET"]}}],"collection":[{"href":"https:\/\/www.stvvalves.com\/it\/wp-json\/wp\/v2\/product"}],"about":[{"href":"https:\/\/www.stvvalves.com\/it\/wp-json\/wp\/v2\/types\/product"}],"wp:featuredmedia":[{"embeddable":true,"href":"https:\/\/www.stvvalves.com\/it\/wp-json\/wp\/v2\/media\/7224"}],"wp:attachment":[{"href":"https:\/\/www.stvvalves.com\/it\/wp-json\/wp\/v2\/media?parent=7189"}],"wp:term":[{"taxonomy":"product_brand","embeddable":true,"href":"https:\/\/www.stvvalves.com\/it\/wp-json\/wp\/v2\/product_brand?post=7189"},{"taxonomy":"product_cat","embeddable":true,"href":"https:\/\/www.stvvalves.com\/it\/wp-json\/wp\/v2\/product_cat?post=7189"},{"taxonomy":"product_tag","embeddable":true,"href":"https:\/\/www.stvvalves.com\/it\/wp-json\/wp\/v2\/product_tag?post=7189"}],"curies":[{"name":"wp","href":"https:\/\/api.w.org\/{rel}","templated":true}]}}