{"id":7311,"date":"2024-04-29T11:51:22","date_gmt":"2024-04-29T03:51:22","guid":{"rendered":"https:\/\/www.stvvalves.com\/?post_type=product&#038;p=7311"},"modified":"2024-12-25T14:56:08","modified_gmt":"2024-12-25T06:56:08","slug":"astm-a217-wc6-gate-valve-600lb-3-inch-rf","status":"publish","type":"product","link":"https:\/\/www.stvvalves.com\/it\/products\/astm-a217-wc6-gate-valve-600lb-3-inch-rf\/","title":{"rendered":"ASTM A217 WC6 Gate Valve,600LB,3 Inch,RF"},"content":{"rendered":"<p>Progettazione e produzione: valvola a saracinesca in acciaio fuso conforme a API 600 (ISO 10434), API 6D; valvola a saracinesca in acciaio inossidabile fuso conforme a API 603, API 600<\/p>\n<p>Ispezione e test: API598,API600 o API 6D<\/p>\n<p>Dimensioni flangia terminale: ASME B16.5 (per NPS\u226424, ASME B 16.47 serie B, API 605, ASME B16.47 A Series, MSS SP-44 (per NPS&gt; 24)<\/p>\n<p>Dimensione finale BW: ASME B16.25<\/p>\n<p>Faccia a faccia e da un capo all&#039;altro: ASME B16.10<\/p>\n<p>Valori nominali pressione-temperatura: ASME B16.34<\/p>\n<p>Gamma di prodotti<\/p>\n<p>Materiale del corpo: acciaio al carbonio, acciaio inossidabile, acciaio legato<\/p>\n<p>Diametro nominale: 2\u2033~36\u2033(DN50~DN900)<\/p>\n<p>Connessione finale: RF, RTJ, BW<\/p>\n<p>Intervallo di pressione: Classe 150~900 (PN16~PN150)<\/p>\n<p>Temperatura di lavoro: -29\u2103~+560\u2103<\/p>\n<p>Funzionamento: volantino, ingranaggio, attuatore elettrico, ecc.<\/p>\n<p>&nbsp;<\/p>\n<table>\n<tbody>\n<tr>\n<td width=\"200\"><strong>nome del prodotto<\/strong><\/td>\n<td width=\"481\">600LB A217 WC6 Gate Valve,16 Inch,API600,RF End<\/td>\n<\/tr>\n<tr>\n<td width=\"200\">1. Materiale<\/td>\n<td width=\"481\">WC6<\/td>\n<\/tr>\n<tr>\n<td width=\"200\">2. Dimensioni<\/td>\n<td width=\"481\">16&quot;<\/td>\n<\/tr>\n<tr>\n<td width=\"200\">4. Porto<\/td>\n<td width=\"481\">Porto pieno<\/td>\n<\/tr>\n<tr>\n<td width=\"200\">5. Pressione di esercizio<\/td>\n<td width=\"481\">600 libbre<\/td>\n<\/tr>\n<tr>\n<td width=\"200\">6. La connessione termina<\/td>\n<td width=\"481\">RF<\/td>\n<\/tr>\n<tr>\n<td width=\"200\">7. Temp. di lavoro.<\/td>\n<td width=\"481\">-29~520\u00baC,<\/td>\n<\/tr>\n<tr>\n<td width=\"200\">8. Mezzo adatto<\/td>\n<td width=\"481\">Acqua, gas naturale, petrolio e alcuni liquidi corrosivi<\/td>\n<\/tr>\n<tr>\n<td width=\"200\">9. Operato<\/td>\n<td width=\"481\">Riduttore<\/td>\n<\/tr>\n<tr>\n<td width=\"200\">10. Ispezione e test<\/td>\n<td width=\"481\">Secondo API598<\/td>\n<\/tr>\n<tr>\n<td width=\"200\"><strong>Spedizione<\/strong><\/td>\n<td width=\"481\"><\/td>\n<\/tr>\n<tr>\n<td width=\"200\">Tempi di consegna<\/td>\n<td width=\"481\">30 giorni<\/td>\n<\/tr>\n<tr>\n<td width=\"200\">Pacchetto<\/td>\n<td width=\"481\">Custodia in compensato per esportazione standard<\/td>\n<\/tr>\n<tr>\n<td width=\"200\">Porto di spedizione<\/td>\n<td width=\"481\">Ningbo\/Shanghai, Cina<\/td>\n<\/tr>\n<tr>\n<td width=\"200\">Termini di spedizione<\/td>\n<td width=\"481\">Exw, FOB, CFR, CIF, ecc.<\/td>\n<\/tr>\n<tr>\n<td width=\"200\">Termini di pagamento<\/td>\n<td width=\"481\">T\/T, Western Union, PayPal, ecc.<\/td>\n<\/tr>\n<tr>\n<td width=\"200\"><\/td>\n<td width=\"481\">Pagamento anticipato 30%, saldo 70% pagato prima della spedizione<\/td>\n<\/tr>\n<tr>\n<td width=\"200\">Paese di origine<\/td>\n<td width=\"481\">Citt\u00e0 di Wenzhou, Cina<\/td>\n<\/tr>\n<tr>\n<td width=\"200\">Capacit\u00e0 produttiva<\/td>\n<td width=\"481\">6000 ton\/anno<\/td>\n<\/tr>\n<tr>\n<td width=\"200\">MOQ<\/td>\n<td width=\"481\">1 pezzo\/taglia<\/td>\n<\/tr>\n<\/tbody>\n<\/table>","protected":false},"excerpt":{"rendered":"<p>Model:STV-Z41Y-600LB-WCB-3Inch<\/p>\n<p>La valvola a saracinesca flangiata API 600 ha una piccola resistenza ai fluidi, una piccola erosione della superficie di tenuta, nessun cambiamento nella direzione del flusso medio, nessun disturbo, piccola caduta di pressione, piccola coppia di apertura e chiusura, breve lunghezza della struttura, buone prestazioni di processo, pressione applicabile, ampio intervallo di temperature, ecc. La direzione del movimento dell&#039;organo di apertura e chiusura \u00e8 perpendicolare alla direzione del flusso del fluido (non per la valvola a farfalla). \u00c8 la valvola di intercettazione pi\u00f9 comune utilizzata per interrompere o accendere il fluido nella tubazione.<\/p>\n<p>STV Valve Technology Group Co., Ltd is a professional leader China 600LB A217 WC6 Gate Valve,3 Inch A217 WC6 Gate Valve,API600 A217 WC6 Gate Valve,RF End A217 WC6 Gate Valve\uff0cBolt Bonnet WC6 Gate Valve Manufacturer with high quality and competitive price.<\/p>\n<p>Si prega di contattare il nostro sales@stvvalve.com per altri materiali e dettagli.<\/p>\n<p>&nbsp;<\/p>","protected":false},"featured_media":7317,"template":"","meta":[],"product_brand":[],"product_cat":[58,44],"product_tag":[2569,2567,2565,2570],"class_list":{"0":"post-7311","1":"product","2":"type-product","3":"status-publish","4":"has-post-thumbnail","6":"product_cat-cast-steel-gate-valve","7":"product_cat-gate-valve","8":"product_tag-3-inch-a217-wc6-gate-valve","9":"product_tag-api600-a217-wc6-gate-valve","10":"product_tag-china-600lb-a217-wc6-gate-valve","11":"product_tag-rf-end-a217-wc6-gate-valvebolt-bonnet-wc6-gate-valve-manufacturer","13":"first","14":"instock","15":"shipping-taxable","16":"product-type-simple"},"_links":{"self":[{"href":"https:\/\/www.stvvalves.com\/it\/wp-json\/wp\/v2\/product\/7311","targetHints":{"allow":["GET"]}}],"collection":[{"href":"https:\/\/www.stvvalves.com\/it\/wp-json\/wp\/v2\/product"}],"about":[{"href":"https:\/\/www.stvvalves.com\/it\/wp-json\/wp\/v2\/types\/product"}],"wp:featuredmedia":[{"embeddable":true,"href":"https:\/\/www.stvvalves.com\/it\/wp-json\/wp\/v2\/media\/7317"}],"wp:attachment":[{"href":"https:\/\/www.stvvalves.com\/it\/wp-json\/wp\/v2\/media?parent=7311"}],"wp:term":[{"taxonomy":"product_brand","embeddable":true,"href":"https:\/\/www.stvvalves.com\/it\/wp-json\/wp\/v2\/product_brand?post=7311"},{"taxonomy":"product_cat","embeddable":true,"href":"https:\/\/www.stvvalves.com\/it\/wp-json\/wp\/v2\/product_cat?post=7311"},{"taxonomy":"product_tag","embeddable":true,"href":"https:\/\/www.stvvalves.com\/it\/wp-json\/wp\/v2\/product_tag?post=7311"}],"curies":[{"name":"wp","href":"https:\/\/api.w.org\/{rel}","templated":true}]}}