{"id":7834,"date":"2025-02-16T18:01:35","date_gmt":"2025-02-16T10:01:35","guid":{"rendered":"https:\/\/www.stvvalves.com\/?post_type=product&#038;p=7834"},"modified":"2025-02-16T18:07:33","modified_gmt":"2025-02-16T10:07:33","slug":"asme-b1634-basket-type-strainer-astm-a351-cf8-1-inch-150-lb","status":"publish","type":"product","link":"https:\/\/www.stvvalves.com\/it\/products\/asme-b1634-basket-type-strainer-astm-a351-cf8-1-inch-150-lb\/","title":{"rendered":"ASME B16.34 Basket Type Strainer, ASTM A351 CF8,1 Inch,150 LB"},"content":{"rendered":"<p>ASME B16.34 Basket Type Strainer, ASTM A351 CF8,1 Inch,150 LB<br \/>\nBreve introduzione:<br \/>\nIl filtro pu\u00f2 essere utilizzato su tutti i tipi di tubazioni per raccogliere sostanze estranee granulate e contaminanti raccolti. Pu\u00f2 migliorare il gioco nel mezzo e prolungare la vita delle valvole e di altre apparecchiature. \u00c8 adatto per acqua, petrolio e vapore.<br \/>\nForniamo filtri a cestello di tipo fuso e saldato<br \/>\n1) Sizes: 1\/2 \u2013 24\u2033<br \/>\n2) Pressione nominale: 150 libbre, 300 libbre, 600 libbre<br \/>\n3) Suitable temperature: -196oC \u2013 600oC<br \/>\n4) Mezzo adatto: Acqua, gas, olio, vapore ecc.<br \/>\n5) Materiale del corpo: A106\/WCB, WCC, WC6, WC9, LCB, LCC, SS304\/CF8, SS316\/CF8M, 304L\/CF3, SS316L\/CF3M<br \/>\n6) Schermo: Acciaio inossidabile (SS304\/SS316)<br \/>\n7) Connessione finale: FF, RF, THD, BW<br \/>\n8, forma di ingresso\/uscita: flangia\/cavo interno\/cavo esterno\/installazione rapida<br \/>\n9, forma di compressione del coperchio: bullone\/bullone rapido<br \/>\n10, viscosit\u00e0 adatta (cp): 1-30000<br \/>\n11, forma del cestino: maglia di perforazione\/maglia a strato singolo\/maglia composita<\/p>\n<h2>Descrizione<\/h2>\n<p>Modello: ASME B16.34.<br \/>\nMateriale: ASTM A216 WCB.<br \/>\nDimensione nominale: 3 pollici.<br \/>\nPressione nominale: Classe 150 LB.<br \/>\nConnessione finale: RF.<br \/>\nFaccia a faccia: ASME B16.10.<br \/>\nTest e ispezione: API 598.<\/p>\n<p>Gamma di prodotti:<br \/>\nMateriale del corpo: acciaio al carbonio, acciaio inossidabile, acciaio legato.<br \/>\nDiametro normale: 1\/2 \u2013 48 pollici (DN15 \u2013 DN1200).<br \/>\nConnessione terminale: BW, flangiata.<br \/>\nIntervallo di pressione: 150 \u2013 2500 LB (PN16 \u2013 PN420).<br \/>\nTemperatura di lavoro: -196\u2103 \u2013 +573\u2103.<\/p>\n<table>\n<tbody>\n<tr>\n<td width=\"200\"><strong>nome del prodotto<\/strong><\/td>\n<td width=\"481\">ASME B16.34 Basket Type Strainer, ASTM A351 CF8,1 Inch,150 LB<\/td>\n<\/tr>\n<tr>\n<td width=\"200\">1. Materiale<\/td>\n<td width=\"481\">304<\/td>\n<\/tr>\n<tr>\n<td width=\"200\">2. Dimensioni<\/td>\n<td width=\"481\">1&quot;<\/td>\n<\/tr>\n<tr>\n<td width=\"200\">4. Porto<\/td>\n<td width=\"481\">Porto pieno<\/td>\n<\/tr>\n<tr>\n<td width=\"200\">5. Pressione di esercizio<\/td>\n<td width=\"481\">150 libbre<\/td>\n<\/tr>\n<tr>\n<td width=\"200\">6. La connessione termina<\/td>\n<td width=\"481\">RF<\/td>\n<\/tr>\n<tr>\n<td width=\"200\">7. Temp. di lavoro.<\/td>\n<td width=\"481\">-29~425\u00baC,<\/td>\n<\/tr>\n<tr>\n<td width=\"200\">8. Mezzo adatto<\/td>\n<td width=\"481\">Acqua, gas naturale, petrolio e alcuni liquidi corrosivi<\/td>\n<\/tr>\n<tr>\n<td width=\"200\">9. Operato<\/td>\n<td width=\"481\">\/<\/td>\n<\/tr>\n<tr>\n<td width=\"200\">10. Ispezione e test<\/td>\n<td width=\"481\">API598<\/td>\n<\/tr>\n<tr>\n<td width=\"200\"><strong>Spedizione<\/strong><\/td>\n<td width=\"481\"><\/td>\n<\/tr>\n<tr>\n<td width=\"200\">Tempi di consegna<\/td>\n<td width=\"481\">30 giorni<\/td>\n<\/tr>\n<tr>\n<td width=\"200\">Pacchetto<\/td>\n<td width=\"481\">Custodia in compensato per esportazione standard<\/td>\n<\/tr>\n<tr>\n<td width=\"200\">Porto di spedizione<\/td>\n<td width=\"481\">Ningbo\/Shanghai, Cina<\/td>\n<\/tr>\n<tr>\n<td width=\"200\">Termini di spedizione<\/td>\n<td width=\"481\">Exw, FOB, CFR, CIF, ecc.<\/td>\n<\/tr>\n<tr>\n<td width=\"200\">Termini di pagamento<\/td>\n<td width=\"481\">T\/T, Western Union, PayPal, ecc.<\/td>\n<\/tr>\n<tr>\n<td width=\"200\"><\/td>\n<td width=\"481\">Pagamento anticipato 30%, saldo 70% pagato prima della spedizione<\/td>\n<\/tr>\n<tr>\n<td width=\"200\">Paese di origine<\/td>\n<td width=\"481\">Citt\u00e0 di Wenzhou, Cina<\/td>\n<\/tr>\n<tr>\n<td width=\"200\">Capacit\u00e0 produttiva<\/td>\n<td width=\"481\">6000 ton\/anno<\/td>\n<\/tr>\n<tr>\n<td width=\"200\">MOQ<\/td>\n<td width=\"481\">1 pezzo\/taglia<\/td>\n<\/tr>\n<\/tbody>\n<\/table>\n<p>&nbsp;<\/p>","protected":false},"excerpt":{"rendered":"<p>STV Valve Technology Group Co., Ltd is a professional leader China ASME B16.34 Basket Type Strainer, CF8 Body Basket Strainer,304 Screen Basket Strainer,40 mesch Basket Strainer. RF Basket Strainer, Flanged Basket Strainer,1 Inch Basket Strainer,150 LB Basket Strainer Manufacturer with high quality and competitive price.<\/p>\n<p>&nbsp;<\/p>","protected":false},"featured_media":7835,"template":"","meta":[],"product_brand":[],"product_cat":[85,48],"product_tag":[3148,3149,1774,1775,1773,3146,3147],"class_list":{"0":"post-7834","1":"product","2":"type-product","3":"status-publish","4":"has-post-thumbnail","6":"product_cat-stainless-steel-y-type-strainer","7":"product_cat-y-strainer","8":"product_tag-1-inch-basket-strainer","9":"product_tag-150-lb-basket-strainer-manufacturer","10":"product_tag-304-screen-basket-strainer","11":"product_tag-40-mesch-basket-strainer-rf-basket-strainer","12":"product_tag-cf8-body-basket-strainer","13":"product_tag-china-asme-b16-34-basket-type-strainer","14":"product_tag-flanged-basket-strainer","16":"first","17":"instock","18":"shipping-taxable","19":"product-type-simple"},"_links":{"self":[{"href":"https:\/\/www.stvvalves.com\/it\/wp-json\/wp\/v2\/product\/7834","targetHints":{"allow":["GET"]}}],"collection":[{"href":"https:\/\/www.stvvalves.com\/it\/wp-json\/wp\/v2\/product"}],"about":[{"href":"https:\/\/www.stvvalves.com\/it\/wp-json\/wp\/v2\/types\/product"}],"wp:featuredmedia":[{"embeddable":true,"href":"https:\/\/www.stvvalves.com\/it\/wp-json\/wp\/v2\/media\/7835"}],"wp:attachment":[{"href":"https:\/\/www.stvvalves.com\/it\/wp-json\/wp\/v2\/media?parent=7834"}],"wp:term":[{"taxonomy":"product_brand","embeddable":true,"href":"https:\/\/www.stvvalves.com\/it\/wp-json\/wp\/v2\/product_brand?post=7834"},{"taxonomy":"product_cat","embeddable":true,"href":"https:\/\/www.stvvalves.com\/it\/wp-json\/wp\/v2\/product_cat?post=7834"},{"taxonomy":"product_tag","embeddable":true,"href":"https:\/\/www.stvvalves.com\/it\/wp-json\/wp\/v2\/product_tag?post=7834"}],"curies":[{"name":"wp","href":"https:\/\/api.w.org\/{rel}","templated":true}]}}