{"id":7891,"date":"2025-02-20T13:23:00","date_gmt":"2025-02-20T05:23:00","guid":{"rendered":"https:\/\/www.stvvalves.com\/?post_type=product&#038;p=7891"},"modified":"2025-02-20T13:29:13","modified_gmt":"2025-02-20T05:29:13","slug":"scs13-flange-ball-valve-iso5211-mounting-pad-4-inch-rf-end","status":"publish","type":"product","link":"https:\/\/www.stvvalves.com\/it\/products\/scs13-flange-ball-valve-iso5211-mounting-pad-4-inch-rf-end\/","title":{"rendered":"SCS13 Flange Ball Valve,ISO5211 Mounting Pad,4 Inch,RF End"},"content":{"rendered":"<p>Norma di progettazione: JIS B2071.<br \/>\nBody material: SCS13.<br \/>\nNominal diameter: 4 Inch.<br \/>\nPressione: JIS10K.<br \/>\nEnd connection;RF.<br \/>\nFaccia a faccia: JIS B2002.<br \/>\nTemperatura di funzionamento: -29\u00b0C~+200\u00b0C.<br \/>\nTest e ispezione: JIS B2003.<br \/>\nGamma di prodotti<br \/>\nMateriale del corpo: acciaio al carbonio, acciaio inossidabile, acciaio legato.<br \/>\nDiametro normale: 1\/2\u2033~8\u2033 (DN15~DN200).<br \/>\nConnessione finale: JIS B2220<br \/>\nIntervallo di pressione: JIS10K-JIS20K<br \/>\nFunzionamento: leva, cambio, attuatore elettrico, pneumatico, elettroidraulico, attuatore gas su olio.<br \/>\nTemperatura di funzionamento: -46\u00b0C~+200\u00b0C.<br \/>\nDispositivo antistatico e dispositivo ignifugo (opzione)<br \/>\nCon base di montaggio ISO 5211 (opzione)<\/p>\n<table>\n<tbody>\n<tr>\n<td width=\"200\"><strong><b>nome del prodotto<\/b><\/strong><\/td>\n<td width=\"481\">SCS13 Flange Ball Valve,ISO5211 Mounting Pad,4 Inch,RF End<\/td>\n<\/tr>\n<tr>\n<td width=\"200\">1. Materiale<\/td>\n<td width=\"481\">SS304\/316\/304L\/316L (CF8\/CF8M\/CF3\/CF3M), WCB, ecc.<\/td>\n<\/tr>\n<tr>\n<td width=\"200\">2. Dimensioni<\/td>\n<td width=\"481\">1\/2\u2033~8\u2033 &#039; (15A~200A)<\/td>\n<\/tr>\n<tr>\n<td width=\"200\">4. Porto<\/td>\n<td width=\"481\">Porto pieno<\/td>\n<\/tr>\n<tr>\n<td width=\"200\">5. Pressione di esercizio<\/td>\n<td width=\"481\">JIS10K~20K<\/td>\n<\/tr>\n<tr>\n<td width=\"200\">6. La connessione termina<\/td>\n<td width=\"481\">FF<\/td>\n<\/tr>\n<tr>\n<td width=\"200\">7. Temp. di lavoro.<\/td>\n<td width=\"481\">-29~180\u00baC,<\/td>\n<\/tr>\n<tr>\n<td width=\"200\">8. Mezzo adatto<\/td>\n<td width=\"481\">Acqua, gas naturale, petrolio e alcuni liquidi corrosivi<\/td>\n<\/tr>\n<tr>\n<td width=\"200\">9. Operato<\/td>\n<td width=\"481\">Volantino<\/td>\n<\/tr>\n<tr>\n<td width=\"200\">10. Ispezione e test<\/td>\n<td width=\"481\">Secondo JIS B2003<\/td>\n<\/tr>\n<tr>\n<td width=\"200\"><strong><b>Spedizione<\/b><\/strong><\/td>\n<td width=\"481\"><\/td>\n<\/tr>\n<tr>\n<td width=\"200\">Tempi di consegna<\/td>\n<td width=\"481\">30 giorni<\/td>\n<\/tr>\n<tr>\n<td width=\"200\">Pacchetto<\/td>\n<td width=\"481\">Custodia in compensato per esportazione standard<\/td>\n<\/tr>\n<tr>\n<td width=\"200\">Porto di spedizione<\/td>\n<td width=\"481\">Ningbo\/Shanghai, Cina<\/td>\n<\/tr>\n<tr>\n<td width=\"200\">Termini di spedizione<\/td>\n<td width=\"481\">Exw, FOB, CFR, CIF, ecc.<\/td>\n<\/tr>\n<tr>\n<td width=\"200\">Termini di pagamento<\/td>\n<td width=\"481\">T\/T, Western Union, PayPal, ecc.<\/td>\n<\/tr>\n<tr>\n<td width=\"200\"><\/td>\n<td width=\"481\">Pagamento anticipato 30%, saldo 70% pagato prima della spedizione<\/td>\n<\/tr>\n<tr>\n<td width=\"200\">Paese di origine<\/td>\n<td width=\"481\">Citt\u00e0 di Wenzhou, Cina<\/td>\n<\/tr>\n<tr>\n<td width=\"200\">Capacit\u00e0 produttiva<\/td>\n<td width=\"481\">6000 ton\/anno<\/td>\n<\/tr>\n<tr>\n<td width=\"200\">MOQ<\/td>\n<td width=\"481\">10 pezzi\/taglia<\/td>\n<\/tr>\n<\/tbody>\n<\/table>","protected":false},"excerpt":{"rendered":"<p>Model:STV-Q41F-JIS10K-DN100-SCS13<br \/>\nSTV Valve Technology Group Co., Ltd is a professional leader China SCS13 Flange Ball Valve, JIS 10K Flanged Ball Valve,ISO5211 Mounting Pad Flange Ball valve,100A Ball valve,RF End SCS13 Flange Ball Valve,SCS13 Ball Valve Manufacture with high quality and competitive price.<\/p>\n<p>La nostra valvola a sfera flangiata JIS 10K con montaggi diretti \u00e8 caratterizzata da un corpo e un&#039;estremit\u00e0 in fusione a cera persa di alta qualit\u00e0. sono disponibili nelle misure da 1\/2\u201d a 8\u201d e hanno porte regolari. La protezione superiore dalle perdite \u00e8 ottenuta utilizzando il nostro sistema brevettato di tenuta dello stelo \u201cpiramidale\u201d mostrato nel grafico sottostante. Questo sistema avanzato protegge dall&#039;usura e dalle perdite riscontrate dalle normali valvole a sfera. Corpo in due pezzi, sfera flottante, passaggio totale, stelo a prova di esplosione Design ignifugo Dispositivi antistatici per il corpo dello stelo a sfera.<\/p>\n<p>Disponibili con opzioni flangiate PN16\/40 e ANSI 150 e nelle dimensioni da 1\/2\u2033 a 8\u2033.<br \/>\nGrazie al cuscinetto di attuazione a montaggio diretto ISO 5211, queste valvole sono facili da azionare.<\/p>\n<p>&nbsp;<\/p>\n<p>&nbsp;<\/p>","protected":false},"featured_media":7892,"template":"","meta":[],"product_brand":[],"product_cat":[43,80,53],"product_tag":[3202,3199,3201,3200,3203,3204],"class_list":{"0":"post-7891","1":"product","2":"type-product","3":"status-publish","4":"has-post-thumbnail","6":"product_cat-ball-valve","7":"product_cat-flange-ball-valve","8":"product_cat-stainless-steel-ball-valve","9":"product_tag-100a-ball-valve","10":"product_tag-china-scs13-flange-ball-valve","11":"product_tag-iso5211-mounting-pad-flange-ball-valve","12":"product_tag-jis-10k-flanged-ball-valve","13":"product_tag-rf-end-scs13-flange-ball-valve","14":"product_tag-scs13-ball-valve-manufacture","16":"first","17":"instock","18":"shipping-taxable","19":"product-type-simple"},"_links":{"self":[{"href":"https:\/\/www.stvvalves.com\/it\/wp-json\/wp\/v2\/product\/7891","targetHints":{"allow":["GET"]}}],"collection":[{"href":"https:\/\/www.stvvalves.com\/it\/wp-json\/wp\/v2\/product"}],"about":[{"href":"https:\/\/www.stvvalves.com\/it\/wp-json\/wp\/v2\/types\/product"}],"wp:featuredmedia":[{"embeddable":true,"href":"https:\/\/www.stvvalves.com\/it\/wp-json\/wp\/v2\/media\/7892"}],"wp:attachment":[{"href":"https:\/\/www.stvvalves.com\/it\/wp-json\/wp\/v2\/media?parent=7891"}],"wp:term":[{"taxonomy":"product_brand","embeddable":true,"href":"https:\/\/www.stvvalves.com\/it\/wp-json\/wp\/v2\/product_brand?post=7891"},{"taxonomy":"product_cat","embeddable":true,"href":"https:\/\/www.stvvalves.com\/it\/wp-json\/wp\/v2\/product_cat?post=7891"},{"taxonomy":"product_tag","embeddable":true,"href":"https:\/\/www.stvvalves.com\/it\/wp-json\/wp\/v2\/product_tag?post=7891"}],"curies":[{"name":"wp","href":"https:\/\/api.w.org\/{rel}","templated":true}]}}