{"id":3672,"date":"2018-10-10T12:21:36","date_gmt":"2018-10-10T12:21:36","guid":{"rendered":"https:\/\/www.stvvalves.com\/?page_id=3672"},"modified":"2024-12-25T09:55:48","modified_gmt":"2024-12-25T01:55:48","slug":"industry-served","status":"publish","type":"page","link":"https:\/\/www.stvvalves.com\/pt\/industry-served\/","title":{"rendered":"Ind\u00fastria Atendida"},"content":{"rendered":"<p>Como um fornecedor experiente de v\u00e1lvulas na China, a STV conquistou a confian\u00e7a de muitos clientes por sua qualidade est\u00e1vel e desempenho superior de v\u00e1lvulas.<br \/>\nTemos o prazer de lev\u00e1-lo num tour virtual pelo controle de qualidade da Baltic. As fotos a seguir mostram como nosso departamento de inspe\u00e7\u00e3o e departamento t\u00e9cnico trabalham nas v\u00e1lvulas, incluindo muitas etapas envolvidas na fabrica\u00e7\u00e3o, teste e embalagem.<\/p>\n<p>Nossa equipe atribui grande import\u00e2ncia \u00e0 qualidade. Temos etapas completas de inspe\u00e7\u00e3o rigorosa, que incluem desde a mat\u00e9ria-prima, processo de usinagem, teste hidr\u00e1ulico, pintura, embalagem at\u00e9 o envio. Os registros de inspe\u00e7\u00e3o originais s\u00e3o preservados, Cert. \u2013 3.1 \u00e9 fornecido com todas as v\u00e1lvulas. Os inspetores s\u00e3o respons\u00e1veis pelas v\u00e1lvulas inspecionadas. Para v\u00e1lvulas qualificadas, eles carimbam a veda\u00e7\u00e3o de a\u00e7o na superf\u00edcie do flange do castelo.<br \/>\n<img loading=\"lazy\" decoding=\"async\" class=\"alignleft size-full wp-image-5284\" src=\"https:\/\/www.stvvalves.com\/wp-content\/uploads\/2019\/08\/STV-Control-Quality-Final-Inspection.jpg\" alt=\"\" width=\"965\" height=\"463\" srcset=\"https:\/\/www.stvvalves.com\/wp-content\/uploads\/2019\/08\/STV-Control-Quality-Final-Inspection.jpg 965w, https:\/\/www.stvvalves.com\/wp-content\/uploads\/2019\/08\/STV-Control-Quality-Final-Inspection-600x288.jpg 600w, https:\/\/www.stvvalves.com\/wp-content\/uploads\/2019\/08\/STV-Control-Quality-Final-Inspection-300x144.jpg 300w, https:\/\/www.stvvalves.com\/wp-content\/uploads\/2019\/08\/STV-Control-Quality-Final-Inspection-768x368.jpg 768w, https:\/\/www.stvvalves.com\/wp-content\/uploads\/2019\/08\/STV-Control-Quality-Final-Inspection-705x338.jpg 705w\" sizes=\"auto, (max-width: 965px) 100vw, 965px\" \/><\/p>","protected":false},"excerpt":{"rendered":"<p>As an experienced valve supplier in China, STV has won reliance from many customers for its stable quality and superior performance of valves. We are pleased to take you on a virtual tour of Baltic&#8217;s quality control. Following photos show how our inspection department and technical department work on valves, including many steps involved in [&hellip;]<\/p>\n","protected":false},"author":290641,"featured_media":0,"parent":0,"menu_order":0,"comment_status":"closed","ping_status":"closed","template":"","meta":{"footnotes":""},"class_list":["post-3672","page","type-page","status-publish","hentry"],"_links":{"self":[{"href":"https:\/\/www.stvvalves.com\/pt\/wp-json\/wp\/v2\/pages\/3672","targetHints":{"allow":["GET"]}}],"collection":[{"href":"https:\/\/www.stvvalves.com\/pt\/wp-json\/wp\/v2\/pages"}],"about":[{"href":"https:\/\/www.stvvalves.com\/pt\/wp-json\/wp\/v2\/types\/page"}],"author":[{"embeddable":true,"href":"https:\/\/www.stvvalves.com\/pt\/wp-json\/wp\/v2\/users\/290641"}],"replies":[{"embeddable":true,"href":"https:\/\/www.stvvalves.com\/pt\/wp-json\/wp\/v2\/comments?post=3672"}],"version-history":[{"count":4,"href":"https:\/\/www.stvvalves.com\/pt\/wp-json\/wp\/v2\/pages\/3672\/revisions"}],"predecessor-version":[{"id":7688,"href":"https:\/\/www.stvvalves.com\/pt\/wp-json\/wp\/v2\/pages\/3672\/revisions\/7688"}],"wp:attachment":[{"href":"https:\/\/www.stvvalves.com\/pt\/wp-json\/wp\/v2\/media?parent=3672"}],"curies":[{"name":"wp","href":"https:\/\/api.w.org\/{rel}","templated":true}]}}