{"id":5836,"date":"2021-04-28T05:01:51","date_gmt":"2021-04-28T05:01:51","guid":{"rendered":"https:\/\/www.stvvalves.com\/?page_id=5836"},"modified":"2024-12-25T10:17:16","modified_gmt":"2024-12-25T02:17:16","slug":"industrial-valves-and-pipe","status":"publish","type":"page","link":"https:\/\/www.stvvalves.com\/pt\/industrial-valves-and-pipe\/","title":{"rendered":"V\u00e1lvulas e tubos industriais"},"content":{"rendered":"<div class=\"flex_column av_one_full  flex_column_div av-zero-column-padding first\" style='border-radius:0px; '><p><div style='padding-bottom:10px;' class='av-special-heading av-special-heading-h2'><div id=\"ez-toc-container\" class=\"ez-toc-v2_0_82_2 counter-hierarchy ez-toc-counter ez-toc-grey ez-toc-container-direction\">\n<div class=\"ez-toc-title-container\">\n<p class=\"ez-toc-title\" style=\"cursor:inherit\">Table of Contents<\/p>\n<span class=\"ez-toc-title-toggle\"><a href=\"#\" class=\"ez-toc-pull-right ez-toc-btn ez-toc-btn-xs ez-toc-btn-default ez-toc-toggle\" aria-label=\"Toggle Table of Content\"><span class=\"ez-toc-js-icon-con\"><span class=\"\"><span class=\"eztoc-hide\" style=\"display:none;\">Toggle<\/span><span class=\"ez-toc-icon-toggle-span\"><svg style=\"fill: #999;color:#999\" xmlns=\"http:\/\/www.w3.org\/2000\/svg\" class=\"list-377408\" width=\"20px\" height=\"20px\" viewbox=\"0 0 24 24\" fill=\"none\"><path d=\"M6 6H4v2h2V6zm14 0H8v2h12V6zM4 11h2v2H4v-2zm16 0H8v2h12v-2zM4 16h2v2H4v-2zm16 0H8v2h12v-2z\" fill=\"currentColor\"><\/path><\/svg><svg style=\"fill: #999;color:#999\" class=\"arrow-unsorted-368013\" xmlns=\"http:\/\/www.w3.org\/2000\/svg\" width=\"10px\" height=\"10px\" viewbox=\"0 0 24 24\" version=\"1.2\" baseprofile=\"tiny\"><path d=\"M18.2 9.3l-6.2-6.3-6.2 6.3c-.2.2-.3.4-.3.7s.1.5.3.7c.2.2.4.3.7.3h11c.3 0 .5-.1.7-.3.2-.2.3-.5.3-.7s-.1-.5-.3-.7zM5.8 14.7l6.2 6.3 6.2-6.3c.2-.2.3-.5.3-.7s-.1-.5-.3-.7c-.2-.2-.4-.3-.7-.3h-11c-.3 0-.5.1-.7.3-.2.2-.3.5-.3.7s.1.5.3.7z\"\/><\/svg><\/span><\/span><\/span><\/a><\/span><\/div>\n<nav><ul class='ez-toc-list ez-toc-list-level-1' ><li class='ez-toc-page-1 ez-toc-heading-level-2'><a class=\"ez-toc-link ez-toc-heading-1\" href=\"https:\/\/www.stvvalves.com\/pt\/industrial-valves-and-pipe\/#Industrial_Control_Valves_List\" >Lista de V\u00e1lvulas de Controle Industrial<\/a><ul class='ez-toc-list-level-3' ><li class='ez-toc-heading-level-3'><a class=\"ez-toc-link ez-toc-heading-2\" href=\"https:\/\/www.stvvalves.com\/pt\/industrial-valves-and-pipe\/#Industrial_Ball_Valves\" >V\u00e1lvulas de esfera industriais<\/a><\/li><li class='ez-toc-page-1 ez-toc-heading-level-3'><a class=\"ez-toc-link ez-toc-heading-3\" href=\"https:\/\/www.stvvalves.com\/pt\/industrial-valves-and-pipe\/#Industrial_Gate_Valves\" >V\u00e1lvulas de gaveta industriais<\/a><\/li><li class='ez-toc-page-1 ez-toc-heading-level-3'><a class=\"ez-toc-link ez-toc-heading-4\" href=\"https:\/\/www.stvvalves.com\/pt\/industrial-valves-and-pipe\/#Y_Strainer\" >Filtro em Y<\/a><\/li><li class='ez-toc-page-1 ez-toc-heading-level-3'><a class=\"ez-toc-link ez-toc-heading-5\" href=\"https:\/\/www.stvvalves.com\/pt\/industrial-valves-and-pipe\/#Industrial_Check_Valve\" >V\u00e1lvula de reten\u00e7\u00e3o industrial<\/a><\/li><li class='ez-toc-page-1 ez-toc-heading-level-3'><a class=\"ez-toc-link ez-toc-heading-6\" href=\"https:\/\/www.stvvalves.com\/pt\/industrial-valves-and-pipe\/#Industrial_Globe_Valve\" >V\u00e1lvula Globo Industrial<\/a><\/li><li class='ez-toc-page-1 ez-toc-heading-level-3'><a class=\"ez-toc-link ez-toc-heading-7\" href=\"https:\/\/www.stvvalves.com\/pt\/industrial-valves-and-pipe\/#Industrial_Butterfly_Valve\" >V\u00e1lvula Borboleta Industrial<\/a><\/li><li class='ez-toc-page-1 ez-toc-heading-level-3'><a class=\"ez-toc-link ez-toc-heading-8\" href=\"https:\/\/www.stvvalves.com\/pt\/industrial-valves-and-pipe\/#Pipe_Fitting\" >Encaixe de tubula\u00e7\u00e3o<\/a><\/li><li class='ez-toc-page-1 ez-toc-heading-level-3'><a class=\"ez-toc-link ez-toc-heading-9\" href=\"https:\/\/www.stvvalves.com\/pt\/industrial-valves-and-pipe\/#Contact_Us\" >Contate-nos<\/a><\/li><\/ul><\/li><\/ul><\/nav><\/div>\n<h2 class='av-special-heading-tag'  ><span class=\"ez-toc-section\" id=\"Industrial_Control_Valves_List\"><\/span>Lista de V\u00e1lvulas de Controle Industrial<span class=\"ez-toc-section-end\"><\/span><\/h2><div class='special-heading-border'><div class='special-heading-inner-border' ><\/div><\/div><\/div><br \/>\n<section class=\"av_textblock_section\" ><div class='avia_textblock'  ><p>Como um dos principais fabricantes de v\u00e1lvulas industriais na China, fornecemos diversas v\u00e1lvulas para Europa, Am\u00e9rica do Sul e \u00c1sia, e em todo o mundo. Com nossos excelentes tubos e v\u00e1lvulas industriais, estabelecemos orgulhosamente um relacionamento firme e de longo prazo com nosso parceiro de neg\u00f3cios. Nosso amplo produto cobre a maior utiliza\u00e7\u00e3o neste mercado. Tamb\u00e9m oferecemos a op\u00e7\u00e3o de produtos especiais personalizados sob encomenda.<\/p>\n<div class='avia-button-wrap avia-button-center'><a href='https:\/\/www.stvvalves.com\/pt\/contact-us\/' class='avia-button   avia-icon_select-no avia-color-theme-color avia-size-large avia-position-center'   ><span class='avia_iconbox_title' >Contate-nos<\/span><\/a><\/div>\n<\/div><\/section><\/p><\/div>\n<div class=\"flex_column av_one_third  flex_column_div av-zero-column-padding first\" style='border-width:1px; border-color:#07385e; border-style:solid; border-radius:0px; '><div class='avia-image-container  av-styling-    avia-align-center'  ><div class='avia-image-container-inner'><a href='https:\/\/www.stvvalves.com\/pt\/wholesale\/ball-valve\/' class='avia_image'  ><img class='avia_image' src='https:\/\/www.stvvalves.com\/wp-content\/uploads\/2021\/04\/Ball-valve.jpg' alt='Industrial ball valve' title='V\u00e1lvula de esfera'  \/><\/a><\/div><\/div><\/div>\n<div class=\"flex_column av_two_third  flex_column_div av-zero-column-padding\" style='border-radius:0px; '><p><div style='padding-bottom:10px;' class='av-special-heading av-special-heading-h3'><h3 class='av-special-heading-tag'  ><span class=\"ez-toc-section\" id=\"Industrial_Ball_Valves\"><\/span>V\u00e1lvulas de esfera industriais<span class=\"ez-toc-section-end\"><\/span><\/h3><div class='special-heading-border'><div class='special-heading-inner-border' ><\/div><\/div><\/div><br \/>\n<section class=\"av_textblock_section\" ><div class='avia_textblock'  ><p>Uma v\u00e1lvula de esfera industrial \u00e9 uma v\u00e1lvula com uma esfera esf\u00e9rica dentro do corpo da v\u00e1lvula. A esfera possui um orif\u00edcio no meio para que, quando alinhada com as duas extremidades da v\u00e1lvula, ocorra o fluxo. Quando a v\u00e1lvula est\u00e1 fechada, o orif\u00edcio fica perpendicular \u00e0s extremidades da v\u00e1lvula e o fluxo \u00e9 bloqueado.<\/p>\n<p>As v\u00e1lvulas esfera s\u00e3o amplamente utilizadas em aplica\u00e7\u00f5es industriais devido \u00e0 sua versatilidade e facilidade de reparo e opera\u00e7\u00e3o r\u00e1pida.<\/p>\n<div class='avia-button-wrap avia-button-center'><a href='https:\/\/www.stvvalves.com\/pt\/wholesale\/ball-valve\/' class='avia-button   avia-icon_select-no avia-color-custom avia-size-medium avia-position-center'  style='background-color:#07385e; border-color:#07385e; color:#ffffff; ' ><span class='avia_iconbox_title' >Mais v\u00e1lvulas de esfera industriais<\/span><\/a><\/div>\n<\/div><\/section><\/p><\/div>\n<div  class='hr hr-default'><span class='hr-inner' ><span class='hr-inner-style'><\/span><\/span><\/div>\n<div class=\"flex_column av_one_third  flex_column_div av-zero-column-padding first\" style='border-width:1px; border-color:#07385e; border-style:solid; border-radius:0px; '><div class='avia-image-container  av-styling-    avia-align-center'  ><div class='avia-image-container-inner'><a href='https:\/\/www.stvvalves.com\/pt\/wholesale\/gate-valve\/' class='avia_image'  ><img class='avia_image' src='https:\/\/www.stvvalves.com\/wp-content\/uploads\/2021\/04\/Gate-valve-2.jpg' alt='Industrial Gate valve' title='V\u00e1lvula de gaveta'  \/><\/a><\/div><\/div><\/div>\n<div class=\"flex_column av_two_third  flex_column_div av-zero-column-padding\" style='border-radius:0px; '><p><div style='padding-bottom:10px;' class='av-special-heading av-special-heading-h3'><h3 class='av-special-heading-tag'  ><span class=\"ez-toc-section\" id=\"Industrial_Gate_Valves\"><\/span>V\u00e1lvulas de gaveta industriais<span class=\"ez-toc-section-end\"><\/span><\/h3><div class='special-heading-border'><div class='special-heading-inner-border' ><\/div><\/div><\/div><br \/>\n<section class=\"av_textblock_section\" ><div class='avia_textblock'  ><p>As v\u00e1lvulas gaveta industriais, comumente usadas em plantas de processo e sistemas de \u00e1gua, s\u00e3o v\u00e1lvulas de movimento linear usadas para iniciar ou interromper o fluxo de fluido ou g\u00e1s. Em opera\u00e7\u00e3o, as v\u00e1lvulas gaveta est\u00e3o completamente abertas ou completamente fechadas. Eles permitem uma queda m\u00ednima de press\u00e3o \u00e0 medida que o fluido passa pela v\u00e1lvula. Isso se deve ao fato de a v\u00e1lvula gaveta ser removida do fluxo quando est\u00e1 totalmente aberta, n\u00e3o criando resist\u00eancia.<\/p>\n<p>As v\u00e1lvulas gaveta, embora n\u00e3o sejam projetadas para estrangulamento ou opera\u00e7\u00e3o muito frequente, geralmente s\u00e3o ideais para servi\u00e7os que exigem aplica\u00e7\u00f5es de fluxo total ou sem fluxo.<\/p>\n<div class='avia-button-wrap avia-button-center'><a href='https:\/\/www.stvvalves.com\/pt\/wholesale\/gate-valve\/' class='avia-button   avia-icon_select-no avia-color-custom avia-size-medium avia-position-center'  style='background-color:#07385e; border-color:#07385e; color:#ffffff; ' ><span class='avia_iconbox_title' >Mais v\u00e1lvulas de gaveta industriais<\/span><\/a><\/div>\n<\/div><\/section><\/p><\/div>\n<div  class='hr hr-default'><span class='hr-inner' ><span class='hr-inner-style'><\/span><\/span><\/div>\n<div class=\"flex_column av_one_third  flex_column_div av-zero-column-padding first\" style='border-width:1px; border-color:#07385e; border-style:solid; border-radius:0px; '><div class='avia-image-container  av-styling-circle    avia-align-center'  ><div class='avia-image-container-inner'><a href='https:\/\/www.stvvalves.com\/pt\/wholesale\/y-strainer\/' class='avia_image'  ><img class='avia_image' src='https:\/\/www.stvvalves.com\/wp-content\/uploads\/2021\/05\/cast-steel-Y-type-strainer-300x300.jpg' alt='cast steel Y type strainer supplier' title='filtro tipo Y de a\u00e7o fundido'  \/><\/a><\/div><\/div><\/div><div class=\"flex_column av_two_third  flex_column_div av-zero-column-padding\" style='border-radius:0px; '><p><div style='padding-bottom:10px;' class='av-special-heading av-special-heading-h3'><h3 class='av-special-heading-tag'  ><span class=\"ez-toc-section\" id=\"Y_Strainer\"><\/span>Filtro em Y<span class=\"ez-toc-section-end\"><\/span><\/h3><div class='special-heading-border'><div class='special-heading-inner-border' ><\/div><\/div><\/div><br \/>\n<section class=\"av_textblock_section\" ><div class='avia_textblock'  ><p>O objetivo dessas v\u00e1lvulas \u00e9 impedir que part\u00edculas passem por uma tubula\u00e7\u00e3o e danifiquem equipamentos sens\u00edveis. Eles fazem isso empregando um elemento de tens\u00e3o de malha perfurada.<\/p>\n<p>O uso de um filtro em Y resulta em queda m\u00ednima de press\u00e3o.<\/p>\n<div class='avia-button-wrap avia-button-center'><a href='https:\/\/www.stvvalves.com\/pt\/wholesale\/y-strainer\/' class='avia-button   avia-icon_select-no avia-color-custom avia-size-medium avia-position-center'  style='background-color:#07385e; border-color:#07385e; color:#ffffff; ' ><span class='avia_iconbox_title' >Mais filtros em Y<\/span><\/a><\/div>\n<\/div><\/section><\/p><\/div><\/p>\n<div  class='hr hr-default'><span class='hr-inner' ><span class='hr-inner-style'><\/span><\/span><\/div>\n<div class=\"flex_column av_one_third  flex_column_div av-zero-column-padding first\" style='border-width:1px; border-color:#07385e; border-style:solid; border-radius:0px; '><div class='avia-image-container  av-styling-    avia-align-center'  ><div class='avia-image-container-inner'><a href='https:\/\/www.stvvalves.com\/pt\/wholesale\/check-valves\/' class='avia_image'  ><img class='avia_image' src='https:\/\/www.stvvalves.com\/wp-content\/uploads\/2021\/04\/Check-Valve-1.jpg' alt='600lb Industrial Check Valve' title='V\u00e1lvula de reten\u00e7\u00e3o'  \/><\/a><\/div><\/div><\/div>\n<div class=\"flex_column av_two_third  flex_column_div av-zero-column-padding\" style='border-radius:0px; '><p><div style='padding-bottom:10px;' class='av-special-heading av-special-heading-h3'><h3 class='av-special-heading-tag'  ><span class=\"ez-toc-section\" id=\"Industrial_Check_Valve\"><\/span>V\u00e1lvula de reten\u00e7\u00e3o industrial<span class=\"ez-toc-section-end\"><\/span><\/h3><div class='special-heading-border'><div class='special-heading-inner-border' ><\/div><\/div><\/div><br \/>\n<section class=\"av_textblock_section\" ><div class='avia_textblock'  ><p>A v\u00e1lvula de reten\u00e7\u00e3o industrial, tamb\u00e9m conhecida como v\u00e1lvula anti-retorno, \u00e9 usada em sistemas de tubula\u00e7\u00e3o para restringir e interromper o refluxo. O fluido que passa por uma tubula\u00e7\u00e3o cria press\u00e3o e velocidade de fluxo que abre a v\u00e1lvula. Por outro lado, a revers\u00e3o do fluxo far\u00e1 com que a v\u00e1lvula feche. Existem v\u00e1rios tipos de v\u00e1lvulas, dependendo dos requisitos do seu sistema.<\/p>\n<div class='avia-button-wrap avia-button-center'><a href='https:\/\/www.stvvalves.com\/pt\/wholesale\/check-valves\/' class='avia-button   avia-icon_select-no avia-color-custom avia-size-medium avia-position-center'  style='background-color:#07385e; border-color:#07385e; color:#ffffff; ' ><span class='avia_iconbox_title' >Mais v\u00e1lvulas de reten\u00e7\u00e3o industriais<\/span><\/a><\/div>\n<\/div><\/section><\/p><\/div>\n<div  class='hr hr-default'><span class='hr-inner' ><span class='hr-inner-style'><\/span><\/span><\/div>\n<div class=\"flex_column av_one_third  flex_column_div av-zero-column-padding first\" style='border-width:1px; border-color:#07385e; border-style:solid; border-radius:0px; '><div class='avia-image-container  av-styling-    avia-align-center'  ><div class='avia-image-container-inner'><a href='https:\/\/www.stvvalves.com\/pt\/wholesale\/globe-valve\/' class='avia_image'  ><img class='avia_image' src='https:\/\/www.stvvalves.com\/wp-content\/uploads\/2021\/04\/globe-valve.jpg' alt='Industrial globe valve' title='v\u00e1lvula global'  \/><\/a><\/div><\/div><\/div>\n<div class=\"flex_column av_two_third  flex_column_div av-zero-column-padding\" style='border-radius:0px; '><p><div style='padding-bottom:10px;' class='av-special-heading av-special-heading-h3'><h3 class='av-special-heading-tag'  ><span class=\"ez-toc-section\" id=\"Industrial_Globe_Valve\"><\/span>V\u00e1lvula Globo Industrial<span class=\"ez-toc-section-end\"><\/span><\/h3><div class='special-heading-border'><div class='special-heading-inner-border' ><\/div><\/div><\/div><br \/>\n<section class=\"av_textblock_section\" ><div class='avia_textblock'  ><p>Essas v\u00e1lvulas globo industriais s\u00e3o usadas para parar, iniciar e controlar o fluxo de fluido. Ao contr\u00e1rio do assento perpendicular nas v\u00e1lvulas gaveta, o assento da v\u00e1lvula globo \u00e9 paralelo \u00e0 linha de fluxo. Todo contato entre a sede e o disco termina quando o fluxo come\u00e7a. Isso fornece \u00e0 v\u00e1lvula capacidade de estrangulamento eficaz para regula\u00e7\u00e3o de fluxo. Essas v\u00e1lvulas de movimento linear s\u00e3o usadas para parar, iniciar e controlar o fluxo de fluido. Ao contr\u00e1rio do assento perpendicular nas v\u00e1lvulas gaveta, o assento da v\u00e1lvula globo \u00e9 paralelo \u00e0 linha de fluxo. Todo contato entre a sede e o disco termina quando o fluxo come\u00e7a. Isto fornece \u00e0 v\u00e1lvula capacidade de estrangulamento eficaz para regula\u00e7\u00e3o de fluxo.<\/p>\n<div class='avia-button-wrap avia-button-center'><a href='https:\/\/www.stvvalves.com\/pt\/wholesale\/globe-valve\/' class='avia-button   avia-icon_select-no avia-color-custom avia-size-medium avia-position-center'  style='background-color:#07385e; border-color:#07385e; color:#ffffff; ' ><span class='avia_iconbox_title' >Mais v\u00e1lvulas globo industriais<\/span><\/a><\/div>\n<\/div><\/section><\/p><\/div>\n<div  class='hr hr-default'><span class='hr-inner' ><span class='hr-inner-style'><\/span><\/span><\/div>\n<div class=\"flex_column av_one_third  flex_column_div av-zero-column-padding first\" style='border-width:1px; border-color:#07385e; border-style:solid; border-radius:0px; '><div class='avia-image-container  av-styling-    avia-align-center'  ><div class='avia-image-container-inner'><a href='https:\/\/www.stvvalves.com\/pt\/wholesale\/butterfly-valve\/' class='avia_image'  ><img class='avia_image' src='https:\/\/www.stvvalves.com\/wp-content\/uploads\/2021\/04\/Butterful-Valve.jpg' alt='China Industrial Butterfly Valve' title='V\u00e1lvula Borboleta'  \/><\/a><\/div><\/div><\/div>\n<div class=\"flex_column av_two_third  flex_column_div av-zero-column-padding\" style='border-radius:0px; '><p><div style='padding-bottom:10px;' class='av-special-heading av-special-heading-h3'><h3 class='av-special-heading-tag'  ><span class=\"ez-toc-section\" id=\"Industrial_Butterfly_Valve\"><\/span>V\u00e1lvula Borboleta Industrial<span class=\"ez-toc-section-end\"><\/span><\/h3><div class='special-heading-border'><div class='special-heading-inner-border' ><\/div><\/div><\/div><br \/>\n<section class=\"av_textblock_section\" ><div class='avia_textblock'  ><p>O nome dessas v\u00e1lvulas borboleta industriais deriva da a\u00e7\u00e3o em forma de asa de seus discos, que operam perpendicularmente ao fluxo. As principais vantagens de uma v\u00e1lvula borboleta s\u00e3o baixo custo, opera\u00e7\u00e3o r\u00e1pida, f\u00e1cil instala\u00e7\u00e3o e leveza para a propor\u00e7\u00e3o de tamanho.<\/p>\n<p>Estas v\u00e1lvulas podem ser usadas em posi\u00e7\u00f5es totalmente abertas ou totalmente fechadas. Eles tamb\u00e9m podem ser usados como uma forma de baixo custo de controlar o fluxo de l\u00edquidos ou gases. No entanto, elas n\u00e3o s\u00e3o consideradas v\u00e1lvulas de controle precisas.<\/p>\n<div class='avia-button-wrap avia-button-center'><a href='https:\/\/www.stvvalves.com\/pt\/wholesale\/butterfly-valve\/' class='avia-button   avia-icon_select-no avia-color-custom avia-size-medium avia-position-center'  style='background-color:#07385e; border-color:#07385e; color:#ffffff; ' ><span class='avia_iconbox_title' >Mais v\u00e1lvulas borboleta industriais<\/span><\/a><\/div>\n<\/div><\/section><\/p><\/div>\n<div  class='hr hr-default'><span class='hr-inner' ><span class='hr-inner-style'><\/span><\/span><\/div>\n<div class=\"flex_column av_one_third  flex_column_div av-zero-column-padding first\" style='border-width:1px; border-color:#07385e; border-style:solid; border-radius:0px; '><div class='avia-image-container  av-styling-    avia-align-center'  ><div class='avia-image-container-inner'><a href='https:\/\/www.stvvalves.com\/pt\/wholesale\/pipe-fitting\/' class='avia_image'  ><img class='avia_image' src='https:\/\/www.stvvalves.com\/wp-content\/uploads\/2021\/04\/PIPE-FITING.jpg' alt='Pipe Fitting' title='ENCAIXE DE TUBOS'  \/><\/a><\/div><\/div><\/div>\n<div class=\"flex_column av_two_third  flex_column_div av-zero-column-padding\" style='border-radius:0px; '><p><div style='padding-bottom:10px;' class='av-special-heading av-special-heading-h3'><h3 class='av-special-heading-tag'  ><span class=\"ez-toc-section\" id=\"Pipe_Fitting\"><\/span>Encaixe de tubula\u00e7\u00e3o<span class=\"ez-toc-section-end\"><\/span><\/h3><div class='special-heading-border'><div class='special-heading-inner-border' ><\/div><\/div><\/div><br \/>\n<section class=\"av_textblock_section\" ><div class='avia_textblock'  ><p>Acess\u00f3rios para tubos s\u00e3o componentes de tubula\u00e7\u00e3o que auxiliam nas mudan\u00e7as na dire\u00e7\u00e3o do fluxo, como cotovelos, tees. Altera o tamanho do tubo, como redutores, reduzindo t\u00eas. Conecte diferentes componentes, como acoplamentos, e interrompa os fluxos, como tampas.<\/p>\n<div class='avia-button-wrap avia-button-center'><a href='https:\/\/www.stvvalves.com\/pt\/wholesale\/pipe-fitting\/' class='avia-button   avia-icon_select-no avia-color-custom avia-size-medium avia-position-center'  style='background-color:#07385e; border-color:#07385e; color:#ffffff; ' ><span class='avia_iconbox_title' >Mais acess\u00f3rios para tubos<\/span><\/a><\/div>\n<\/div><\/section><\/p><\/div>\n<div  class='hr hr-default'><span class='hr-inner' ><span class='hr-inner-style'><\/span><\/span><\/div>\n<div class=\"flex_column av_one_half  flex_column_div av-zero-column-padding first\" style='border-radius:0px; '><p><div style='padding-bottom:10px;' class='av-special-heading av-special-heading-h3'><h3 class='av-special-heading-tag'  ><span class=\"ez-toc-section\" id=\"Contact_Us\"><\/span>Contate-nos<span class=\"ez-toc-section-end\"><\/span><\/h3><div class='special-heading-border'><div class='special-heading-inner-border' ><\/div><\/div><\/div><br \/>\n<section class=\"av_textblock_section\" ><div class='avia_textblock'  ><p>A STV \u00e9 um dos principais fabricantes de v\u00e1lvulas industriais da China, localizada no Parque Industrial de Alta Tecnologia de Yongqiang, cidade de Wenzhou, prov\u00edncia de Zhejiang, como uma empresa especializada em v\u00e1lvulas industriais e equipamentos de montagem de tubos.<\/p>\n<p>Voc\u00ea est\u00e1 procurando fabricantes de v\u00e1lvulas desviadoras industriais na China? N\u00e3o hesite em nos contatar se tiver alguma d\u00favida sobre v\u00e1lvulas industriais ou solicitar um or\u00e7amento. Nossos experientes especialistas em v\u00e1lvulas fornecer\u00e3o feedback em 24 horas e fornecer\u00e3o uma solu\u00e7\u00e3o de v\u00e1lvula personalizada.<\/p>\n<p><strong>Sr.<\/strong><\/p>\n<p>Adicionar: 88#, Jifeng Road, cidade de Wenzhou, prov\u00edncia de Zhejiang, 325025<\/p>\n<p>E-mail: <a href=\"mailto:sales@stvvalves.com\">sales@stvvalves.com<\/a><\/p>\n<p>Tel 1:\u00a0<a href=\"tel:0086-0577-85987444\">+86-0577-85987444<\/a><\/p>\n<p>Tel 2:\u00a0<a href=\"tel:008615157766245\">+8615157766245<\/a><\/p>\n<\/div><\/section><\/p><\/div>\n<div class=\"flex_column av_one_half  flex_column_div av-zero-column-padding\" style='border-radius:0px; '><section class=\"av_textblock_section\" ><div class='avia_textblock'  >\n<div class=\"wpcf7 no-js\" id=\"wpcf7-f3466-o1\" lang=\"en-US\" dir=\"ltr\" data-wpcf7-id=\"3466\">\n<div class=\"screen-reader-response\"><p role=\"status\" aria-live=\"polite\" aria-atomic=\"true\"><\/p> <ul><\/ul><\/div>\n<form action=\"\/pt\/wp-json\/wp\/v2\/pages\/5836#wpcf7-f3466-o1\" method=\"post\" class=\"wpcf7-form init\" aria-label=\"Formul\u00e1rio de Contato\" novalidate=\"novalidate\" data-status=\"init\" data-trp-original-action=\"\/pt\/wp-json\/wp\/v2\/pages\/5836#wpcf7-f3466-o1\">\n<fieldset class=\"hidden-fields-container\"><input type=\"hidden\" name=\"_wpcf7\" value=\"3466\" \/><input type=\"hidden\" name=\"_wpcf7_version\" value=\"6.1.5\" \/><input type=\"hidden\" name=\"_wpcf7_locale\" value=\"en_US\" \/><input type=\"hidden\" name=\"_wpcf7_unit_tag\" value=\"wpcf7-f3466-o1\" \/><input type=\"hidden\" name=\"_wpcf7_container_post\" value=\"0\" \/><input type=\"hidden\" name=\"_wpcf7_posted_data_hash\" value=\"\" \/>\n<\/fieldset>\n<p>Seu telefone<br \/>\n<span class=\"wpcf7-form-control-wrap\" data-name=\"your-name\"><input size=\"40\" maxlength=\"400\" class=\"wpcf7-form-control wpcf7-text wpcf7-validates-as-required text_input\" aria-required=\"true\" aria-invalid=\"false\" value=\"\" type=\"text\" name=\"your-name\" \/><\/span><br \/>\nSeu email<br \/>\n<span class=\"wpcf7-form-control-wrap\" data-name=\"your-email\"><input size=\"40\" maxlength=\"400\" class=\"wpcf7-form-control wpcf7-email wpcf7-validates-as-required wpcf7-text wpcf7-validates-as-email text_input\" aria-required=\"true\" aria-invalid=\"false\" value=\"\" type=\"email\" name=\"your-email\" \/><\/span><br \/>\nSua mensagem<br \/>\n<span class=\"wpcf7-form-control-wrap\" data-name=\"your-message\"><textarea cols=\"40\" rows=\"10\" maxlength=\"2000\" class=\"wpcf7-form-control wpcf7-textarea wpcf7-validates-as-required text_area\" aria-required=\"true\" aria-invalid=\"false\" name=\"your-message\"><\/textarea><\/span><br \/>\n<input class=\"wpcf7-form-control wpcf7-submit has-spinner\" type=\"submit\" value=\"Enviar\" \/>\n<\/p><div class=\"wpcf7-response-output\" aria-hidden=\"true\"><\/div>\n<input type=\"hidden\" name=\"trp-form-language\" value=\"pt\"\/><\/form>\n<\/div>\n\n<\/div><\/section><\/div>","protected":false},"excerpt":{"rendered":"","protected":false},"author":290641,"featured_media":0,"parent":0,"menu_order":0,"comment_status":"closed","ping_status":"closed","template":"","meta":{"footnotes":""},"class_list":["post-5836","page","type-page","status-publish","hentry"],"_links":{"self":[{"href":"https:\/\/www.stvvalves.com\/pt\/wp-json\/wp\/v2\/pages\/5836","targetHints":{"allow":["GET"]}}],"collection":[{"href":"https:\/\/www.stvvalves.com\/pt\/wp-json\/wp\/v2\/pages"}],"about":[{"href":"https:\/\/www.stvvalves.com\/pt\/wp-json\/wp\/v2\/types\/page"}],"author":[{"embeddable":true,"href":"https:\/\/www.stvvalves.com\/pt\/wp-json\/wp\/v2\/users\/290641"}],"replies":[{"embeddable":true,"href":"https:\/\/www.stvvalves.com\/pt\/wp-json\/wp\/v2\/comments?post=5836"}],"version-history":[{"count":38,"href":"https:\/\/www.stvvalves.com\/pt\/wp-json\/wp\/v2\/pages\/5836\/revisions"}],"predecessor-version":[{"id":6412,"href":"https:\/\/www.stvvalves.com\/pt\/wp-json\/wp\/v2\/pages\/5836\/revisions\/6412"}],"wp:attachment":[{"href":"https:\/\/www.stvvalves.com\/pt\/wp-json\/wp\/v2\/media?parent=5836"}],"curies":[{"name":"wp","href":"https:\/\/api.w.org\/{rel}","templated":true}]}}