{"id":6085,"date":"2022-08-23T12:21:51","date_gmt":"2022-08-23T04:21:51","guid":{"rendered":"https:\/\/www.stvvalves.com\/?page_id=6085"},"modified":"2025-08-10T14:32:38","modified_gmt":"2025-08-10T06:32:38","slug":"china-check-valve-manufacturer","status":"publish","type":"page","link":"https:\/\/www.stvvalves.com\/pt\/china-check-valve-manufacturer\/","title":{"rendered":"China Check Valve Manufacturer"},"content":{"rendered":"<div class=\"flex_column av_one_full  flex_column_div av-zero-column-padding first\" style='border-radius:0px; '><p><div style='padding-bottom:10px;' class='av-special-heading av-special-heading-h2'><div id=\"ez-toc-container\" class=\"ez-toc-v2_0_82_2 counter-hierarchy ez-toc-counter ez-toc-grey ez-toc-container-direction\">\n<div class=\"ez-toc-title-container\">\n<p class=\"ez-toc-title\" style=\"cursor:inherit\">Table of Contents<\/p>\n<span class=\"ez-toc-title-toggle\"><a href=\"#\" class=\"ez-toc-pull-right ez-toc-btn ez-toc-btn-xs ez-toc-btn-default ez-toc-toggle\" aria-label=\"Toggle Table of Content\"><span class=\"ez-toc-js-icon-con\"><span class=\"\"><span class=\"eztoc-hide\" style=\"display:none;\">Toggle<\/span><span class=\"ez-toc-icon-toggle-span\"><svg style=\"fill: #999;color:#999\" xmlns=\"http:\/\/www.w3.org\/2000\/svg\" class=\"list-377408\" width=\"20px\" height=\"20px\" viewbox=\"0 0 24 24\" fill=\"none\"><path d=\"M6 6H4v2h2V6zm14 0H8v2h12V6zM4 11h2v2H4v-2zm16 0H8v2h12v-2zM4 16h2v2H4v-2zm16 0H8v2h12v-2z\" fill=\"currentColor\"><\/path><\/svg><svg style=\"fill: #999;color:#999\" class=\"arrow-unsorted-368013\" xmlns=\"http:\/\/www.w3.org\/2000\/svg\" width=\"10px\" height=\"10px\" viewbox=\"0 0 24 24\" version=\"1.2\" baseprofile=\"tiny\"><path d=\"M18.2 9.3l-6.2-6.3-6.2 6.3c-.2.2-.3.4-.3.7s.1.5.3.7c.2.2.4.3.7.3h11c.3 0 .5-.1.7-.3.2-.2.3-.5.3-.7s-.1-.5-.3-.7zM5.8 14.7l6.2 6.3 6.2-6.3c.2-.2.3-.5.3-.7s-.1-.5-.3-.7c-.2-.2-.4-.3-.7-.3h-11c-.3 0-.5.1-.7.3-.2.2-.3.5-.3.7s.1.5.3.7z\"\/><\/svg><\/span><\/span><\/span><\/a><\/span><\/div>\n<nav><ul class='ez-toc-list ez-toc-list-level-1' ><li class='ez-toc-page-1 ez-toc-heading-level-2'><a class=\"ez-toc-link ez-toc-heading-1\" href=\"https:\/\/www.stvvalves.com\/pt\/china-check-valve-manufacturer\/#China_Check_Valve_Supplier\" >Fornecedor de v\u00e1lvula de reten\u00e7\u00e3o na China<\/a><\/li><li class='ez-toc-page-1 ez-toc-heading-level-2'><a class=\"ez-toc-link ez-toc-heading-2\" href=\"https:\/\/www.stvvalves.com\/pt\/china-check-valve-manufacturer\/#China_Check_Valve_Product\" >Produto de v\u00e1lvula de reten\u00e7\u00e3o da China<\/a><ul class='ez-toc-list-level-3' ><li class='ez-toc-heading-level-3'><a class=\"ez-toc-link ez-toc-heading-3\" href=\"https:\/\/www.stvvalves.com\/pt\/china-check-valve-manufacturer\/#Cast_Steel_Check_Valve\" >V\u00e1lvula de reten\u00e7\u00e3o de a\u00e7o fundido<\/a><\/li><li class='ez-toc-page-1 ez-toc-heading-level-3'><a class=\"ez-toc-link ez-toc-heading-4\" href=\"https:\/\/www.stvvalves.com\/pt\/china-check-valve-manufacturer\/#Forged_Steel_Check_Valve\" >V\u00e1lvula de reten\u00e7\u00e3o de a\u00e7o forjado<\/a><\/li><li class='ez-toc-page-1 ez-toc-heading-level-3'><a class=\"ez-toc-link ez-toc-heading-5\" href=\"https:\/\/www.stvvalves.com\/pt\/china-check-valve-manufacturer\/#Stainless_Steel_Check_Valve\" >V\u00e1lvula de reten\u00e7\u00e3o de a\u00e7o inoxid\u00e1vel<\/a><\/li><li class='ez-toc-page-1 ez-toc-heading-level-3'><a class=\"ez-toc-link ez-toc-heading-6\" href=\"https:\/\/www.stvvalves.com\/pt\/china-check-valve-manufacturer\/#China_Wafer_Check_Valve\" >V\u00e1lvula de reten\u00e7\u00e3o de wafer da China<\/a><\/li><\/ul><\/li><li class='ez-toc-page-1 ez-toc-heading-level-2'><a class=\"ez-toc-link ez-toc-heading-7\" href=\"https:\/\/www.stvvalves.com\/pt\/china-check-valve-manufacturer\/#Questions_About_China_Check_Valve\" >Perguntas sobre a v\u00e1lvula de reten\u00e7\u00e3o da China<\/a><ul class='ez-toc-list-level-3' ><li class='ez-toc-heading-level-3'><a class=\"ez-toc-link ez-toc-heading-8\" href=\"https:\/\/www.stvvalves.com\/pt\/china-check-valve-manufacturer\/#What_is_a_China_Check_Valve\" >O que \u00e9 uma v\u00e1lvula de reten\u00e7\u00e3o da China?<\/a><\/li><li class='ez-toc-page-1 ez-toc-heading-level-3'><a class=\"ez-toc-link ez-toc-heading-9\" href=\"https:\/\/www.stvvalves.com\/pt\/china-check-valve-manufacturer\/#Where_is_China_Check_Valve_used\" >Onde a v\u00e1lvula de reten\u00e7\u00e3o da China \u00e9 usada?<\/a><\/li><li class='ez-toc-page-1 ez-toc-heading-level-3'><a class=\"ez-toc-link ez-toc-heading-10\" href=\"https:\/\/www.stvvalves.com\/pt\/china-check-valve-manufacturer\/#How_to_select_the_China_check_valve_for_your_demand\" >Como selecionar a v\u00e1lvula de reten\u00e7\u00e3o da China para sua demanda?<\/a><\/li><\/ul><\/li><li class='ez-toc-page-1 ez-toc-heading-level-2'><a class=\"ez-toc-link ez-toc-heading-11\" href=\"https:\/\/www.stvvalves.com\/pt\/china-check-valve-manufacturer\/#Contact_Us\" >Contate-nos<\/a><\/li><\/ul><\/nav><\/div>\n<h2 class='av-special-heading-tag'  ><span class=\"ez-toc-section\" id=\"China_Check_Valve_Supplier\"><\/span>Fornecedor de v\u00e1lvula de reten\u00e7\u00e3o na China<span class=\"ez-toc-section-end\"><\/span><\/h2><div class='special-heading-border'><div class='special-heading-inner-border' ><\/div><\/div><\/div><br \/>\n<section class=\"av_textblock_section\" ><div class='avia_textblock'  ><p>STV is a professional China Check Valve supplier and the manufacturer who guarantees to reply with the quotation and datasheet within 2 business days. Our valve factory in China employs two kinds of materials for its valves: cast steel and forged steel. These are suitable for high and low-pressure applications. STV is also a supplier of swing check valve,forged steel check valve, dual plate wafer check valve, tilting plate check valve, and non-slam check valve.Our industrial valves are so durable and competitive that our products are used worldwide.<\/p>\n<\/div><\/section><\/p><\/div><div class=\"flex_column av_one_full  flex_column_div av-zero-column-padding first\" style='border-radius:0px; '><div style='padding-bottom:10px;' class='av-special-heading av-special-heading-h2'><h2 class='av-special-heading-tag'  ><span class=\"ez-toc-section\" id=\"China_Check_Valve_Product\"><\/span>Produto de v\u00e1lvula de reten\u00e7\u00e3o da China<span class=\"ez-toc-section-end\"><\/span><\/h2><div class='special-heading-border'><div class='special-heading-inner-border' ><\/div><\/div><\/div><\/div><\/p>\n<div class=\"flex_column av_one_third  flex_column_div av-zero-column-padding first\" style='border-width:1px; border-color:#07385e; border-style:solid; border-radius:0px; '><p><div class='avia-image-container  av-styling-    avia-align-center'  ><div class='avia-image-container-inner'><a href='https:\/\/www.stvvalves.com\/pt\/wholesale\/check-valves\/cast-steel-check-valve\/' class='avia_image'  ><img class='avia_image' src='https:\/\/www.stvvalves.com\/wp-content\/uploads\/2021\/05\/cast-steel-check-valve-1.jpg' alt='Cast Steel China Check Valve' title='v\u00e1lvula de reten\u00e7\u00e3o em a\u00e7o fundido'  \/><\/a><\/div><\/div><br \/>\n<section class=\"av_textblock_section\" ><div class='avia_textblock'  ><h3 class=\"main-title entry-title\" style=\"text-align: center;\"><span class=\"ez-toc-section\" id=\"Cast_Steel_Check_Valve\"><\/span>V\u00e1lvula de reten\u00e7\u00e3o de a\u00e7o fundido<span class=\"ez-toc-section-end\"><\/span><\/h3>\n<div class='avia-button-wrap avia-button-center'><a href='https:\/\/www.stvvalves.com\/pt\/wholesale\/check-valves\/cast-steel-check-valve\/' class='avia-button   avia-icon_select-no avia-color-custom avia-size-small avia-position-center'  style='background-color:#07385e; border-color:#07385e; color:#ffffff; ' ><span class='avia_iconbox_title' >Mais<\/span><\/a><\/div>\n<\/div><\/section><\/p><\/div>\n<div class=\"flex_column av_one_third  flex_column_div av-zero-column-padding\" style='border-width:1px; border-color:#07385e; border-style:solid; border-radius:0px; '><p><div class='avia-image-container  av-styling-    avia-align-center'  ><div class='avia-image-container-inner'><a href='https:\/\/www.stvvalves.com\/pt\/wholesale\/check-valves\/swing-check-valve\/' class='avia_image'  ><img class='avia_image' src='https:\/\/www.stvvalves.com\/wp-content\/uploads\/2021\/05\/Forged-Steel-Check-Valve.jpg' alt='china forged check valve' title='V\u00e1lvula de reten\u00e7\u00e3o de a\u00e7o forjado'  \/><\/a><\/div><\/div><br \/>\n<section class=\"av_textblock_section\" ><div class='avia_textblock'  ><h3 style=\"text-align: center;\"><span class=\"ez-toc-section\" id=\"Forged_Steel_Check_Valve\"><\/span>V\u00e1lvula de reten\u00e7\u00e3o de a\u00e7o forjado<span class=\"ez-toc-section-end\"><\/span><\/h3>\n<div class='avia-button-wrap avia-button-center'><a href='https:\/\/www.stvvalves.com\/pt\/wholesale\/check-valves\/swing-check-valve\/' class='avia-button   avia-icon_select-no avia-color-custom avia-size-small avia-position-center'  style='background-color:#07385e; border-color:#07385e; color:#ffffff; ' ><span class='avia_iconbox_title' >Mais<\/span><\/a><\/div>\n<\/div><\/section><\/p><\/div>\n<div class=\"flex_column av_one_third  flex_column_div av-zero-column-padding\" style='border-width:1px; border-color:#07385e; border-style:solid; border-radius:0px; '><p><div class='avia-image-container  av-styling-    avia-align-center'  ><div class='avia-image-container-inner'><a href='https:\/\/www.stvvalves.com\/pt\/wholesale\/check-valves\/stainless-steel-check-valve\/' class='avia_image'  ><img class='avia_image' src='https:\/\/www.stvvalves.com\/wp-content\/uploads\/2021\/05\/Stainless-Steel-Check-Valve.jpg' alt='Stainless Steel Check Valve' title='V\u00e1lvula de reten\u00e7\u00e3o de a\u00e7o inoxid\u00e1vel'  \/><\/a><\/div><\/div><br \/>\n<section class=\"av_textblock_section\" ><div class='avia_textblock'  ><h3 style=\"text-align: center;\"><span class=\"ez-toc-section\" id=\"Stainless_Steel_Check_Valve\"><\/span>V\u00e1lvula de reten\u00e7\u00e3o de a\u00e7o inoxid\u00e1vel<span class=\"ez-toc-section-end\"><\/span><\/h3>\n<div class='avia-button-wrap avia-button-center'><a href='https:\/\/www.stvvalves.com\/pt\/wholesale\/check-valves\/stainless-steel-check-valve\/' class='avia-button   avia-icon_select-no avia-color-custom avia-size-small avia-position-center'  style='background-color:#07385e; border-color:#07385e; color:#ffffff; ' ><span class='avia_iconbox_title' >Mais<\/span><\/a><\/div>\n<\/div><\/section><\/p><\/div>\n<div class=\"flex_column av_one_third  flex_column_div av-zero-column-padding first\" style='border-width:1px; border-color:#07385e; border-style:solid; border-radius:0px; '><p><div class='avia-image-container  av-styling-    avia-align-center'  ><div class='avia-image-container-inner'><a href='https:\/\/www.stvvalves.com\/pt\/wholesale\/check-valves\/wafer-check-valve\/' class='avia_image'  ><img class='avia_image' src='https:\/\/www.stvvalves.com\/wp-content\/uploads\/2021\/05\/Wafer-Check-Valve.jpg' alt='China Wafer Check Valve' title='V\u00e1lvula de reten\u00e7\u00e3o de wafer da China'  \/><\/a><\/div><\/div><br \/>\n<section class=\"av_textblock_section\" ><div class='avia_textblock'  ><h3 style=\"text-align: center;\"><span class=\"ez-toc-section\" id=\"China_Wafer_Check_Valve\"><\/span>V\u00e1lvula de reten\u00e7\u00e3o de wafer da China<span class=\"ez-toc-section-end\"><\/span><\/h3>\n<div class='avia-button-wrap avia-button-center'><a href='https:\/\/www.stvvalves.com\/pt\/wholesale\/check-valves\/wafer-check-valve\/' class='avia-button   avia-icon_select-no avia-color-custom avia-size-small avia-position-center'  style='background-color:#07385e; border-color:#07385e; color:#ffffff; ' ><span class='avia_iconbox_title' >Mais<\/span><\/a><\/div>\n<\/div><\/section><\/p><\/div>\n<div class=\"flex_column av_one_full  flex_column_div av-zero-column-padding first\" style='border-radius:0px; '><p><div style='padding-bottom:10px;' class='av-special-heading av-special-heading-h2'><h2 class='av-special-heading-tag'  ><span class=\"ez-toc-section\" id=\"Questions_About_China_Check_Valve\"><\/span>Perguntas sobre a v\u00e1lvula de reten\u00e7\u00e3o da China<span class=\"ez-toc-section-end\"><\/span><\/h2><div class='special-heading-border'><div class='special-heading-inner-border' ><\/div><\/div><\/div><br \/>\n<section class=\"av_textblock_section\" ><div class='avia_textblock'  ><h3><span class=\"ez-toc-section\" id=\"What_is_a_China_Check_Valve\"><\/span>O que \u00e9 uma v\u00e1lvula de reten\u00e7\u00e3o da China?<span class=\"ez-toc-section-end\"><\/span><\/h3>\n<p>A v\u00e1lvula de reten\u00e7\u00e3o da China \u00e9 normalmente instalada em tubula\u00e7\u00f5es para evitar refluxo. Uma v\u00e1lvula de reten\u00e7\u00e3o \u00e9 normalmente uma v\u00e1lvula unidirecional que controla o fluxo e pode funcionar facilmente em uma dire\u00e7\u00e3o. No entanto, se o fluxo mudar, a v\u00e1lvula fechar\u00e1 para proteger a tubula\u00e7\u00e3o, outras v\u00e1lvulas e outras pe\u00e7as da tubula\u00e7\u00e3o, etc. Se o fluxo voltar e a tubula\u00e7\u00e3o sem uma v\u00e1lvula de reten\u00e7\u00e3o chinesa estiver instalada, poder\u00e1 ocorrer um golpe de ar\u00edete. Os golpes de ar\u00edete ocorrem frequentemente com for\u00e7a extrema e podem facilmente causar danos extras \u00e0 tubula\u00e7\u00e3o ou \u00e0s pe\u00e7as.<\/p>\n<h3><span class=\"ez-toc-section\" id=\"Where_is_China_Check_Valve_used\"><\/span>Onde a v\u00e1lvula de reten\u00e7\u00e3o da China \u00e9 usada?<span class=\"ez-toc-section-end\"><\/span><\/h3>\n<p>As v\u00e1lvulas de reten\u00e7\u00e3o da China s\u00e3o usadas em diversas aplica\u00e7\u00f5es. Por exemplo, eles s\u00e3o frequentemente colocados no lado de sa\u00edda de uma bomba, para proteger a bomba contra refluxo. As bombas centr\u00edfugas s\u00e3o o tipo mais comum de bombas de \u00e1gua que n\u00e3o s\u00e3o autoescorvantes. Portanto, as v\u00e1lvulas de reten\u00e7\u00e3o da China s\u00e3o necess\u00e1rias para manter a \u00e1gua nas tubula\u00e7\u00f5es. A v\u00e1lvula de reten\u00e7\u00e3o da China \u00e9 um componente comum frequentemente usado em sistemas HVAC. Os sistemas HVAC s\u00e3o utilizados, por exemplo, em grandes estruturas, onde um refrigerante \u00e9 bombeado para v\u00e1rios andares. A v\u00e1lvula de reten\u00e7\u00e3o chinesa \u00e9 instalada aqui para garantir que o l\u00edquido refrigerante flua em uma dire\u00e7\u00e3o e n\u00e3o retroceda.<\/p>\n<h3><span class=\"ez-toc-section\" id=\"How_to_select_the_China_check_valve_for_your_demand\"><\/span>Como selecionar a v\u00e1lvula de reten\u00e7\u00e3o da China para sua demanda?<span class=\"ez-toc-section-end\"><\/span><\/h3>\n<p>Para escolher a v\u00e1lvula de reten\u00e7\u00e3o chinesa certa para sua aplica\u00e7\u00e3o, h\u00e1 muitos crit\u00e9rios de sele\u00e7\u00e3o que voc\u00ea deve levar em considera\u00e7\u00e3o. Em primeiro lugar, n\u00e3o existe um tipo de v\u00e1lvula de reten\u00e7\u00e3o que seja a melhor op\u00e7\u00e3o para todas as aplica\u00e7\u00f5es e os crit\u00e9rios de escolha podem n\u00e3o ser igualmente importantes para todos os casos. Como um <a href=\"https:\/\/www.stvvalves.com\/pt\/\">Fornecedor de v\u00e1lvula na China<\/a>, esperamos que voc\u00ea possa fornecer mais detalhes t\u00e9cnicos e discuti-los conosco.<\/p>\n<\/div><\/section><\/p><\/div>\n<div style='height:50px' class='hr hr-invisible'><span class='hr-inner' ><span class='hr-inner-style'><\/span><\/span><\/div>\n<div class=\"flex_column av_one_full  flex_column_div av-zero-column-padding first\" style='border-radius:0px; '><div class='avia-image-container  av-styling-    avia-align-center'  ><div class='avia-image-container-inner'><img class='avia_image' src='https:\/\/www.stvvalves.com\/wp-content\/uploads\/2021\/09\/China-check-valve.jpg' alt='China check valve' title='V\u00e1lvula de reten\u00e7\u00e3o chinesa'   \/><\/div><\/div><\/div>\n<div class=\"flex_column av_one_half  flex_column_div av-zero-column-padding first\" style='border-radius:0px; '><p><div style='padding-bottom:10px;' class='av-special-heading av-special-heading-h2'><h2 class='av-special-heading-tag'  ><span class=\"ez-toc-section\" id=\"Contact_Us\"><\/span>Contate-nos<span class=\"ez-toc-section-end\"><\/span><\/h2><div class='special-heading-border'><div class='special-heading-inner-border' ><\/div><\/div><\/div><br \/>\n<section class=\"av_textblock_section\" ><div class='avia_textblock'  ><p>A STV \u00e9 um dos principais fabricantes de v\u00e1lvulas de reten\u00e7\u00e3o na China, localizado no Parque Industrial de Alta Tecnologia de Yongqiang, cidade de Wenzhou, prov\u00edncia de Zhejiang, como uma empresa especializada em v\u00e1lvulas industriais e equipamentos de montagem de tubos. Nossa v\u00e1lvula de reten\u00e7\u00e3o inclui v\u00e1lvula de reten\u00e7\u00e3o de giro da China, v\u00e1lvula de reten\u00e7\u00e3o de wafer da China, v\u00e1lvula de reten\u00e7\u00e3o de ferro fundido da China, v\u00e1lvula de reten\u00e7\u00e3o forjada da China e muito mais.<\/p>\n<p>N\u00e3o hesite em nos contatar se tiver alguma d\u00favida sobre v\u00e1lvulas industriais ou solicitar um or\u00e7amento. Nossos experientes especialistas em v\u00e1lvulas fornecer\u00e3o feedback em 24 horas e fornecer\u00e3o uma solu\u00e7\u00e3o de v\u00e1lvula personalizada.<\/p>\n<p>Sr.<\/p>\n<p>Adicionar: 88#, Jifeng Road, cidade de Wenzhou, prov\u00edncia de Zhejiang, 325025<\/p>\n<p>E-mail: <a href=\"mailto:sales@stvvalves.com\">sales@stvvalves.com<\/a><\/p>\n<p>Tel 1:\u00a0<a href=\"tel:0086-0577-85987444\">+86-0577-85987444<\/a><\/p>\n<p>Tel 2:\u00a0<a href=\"tel:008615157766245\">+8615157766245<\/a><\/p>\n<\/div><\/section><\/p><\/div>\n<div class=\"flex_column av_one_half  flex_column_div av-zero-column-padding\" style='border-radius:0px; '><section class=\"av_textblock_section\" ><div class='avia_textblock'  >\n<div class=\"wpcf7 no-js\" id=\"wpcf7-f3466-o1\" lang=\"en-US\" dir=\"ltr\" data-wpcf7-id=\"3466\">\n<div class=\"screen-reader-response\"><p role=\"status\" aria-live=\"polite\" aria-atomic=\"true\"><\/p> <ul><\/ul><\/div>\n<form action=\"\/pt\/wp-json\/wp\/v2\/pages\/6085#wpcf7-f3466-o1\" method=\"post\" class=\"wpcf7-form init\" aria-label=\"Formul\u00e1rio de Contato\" novalidate=\"novalidate\" data-status=\"init\" data-trp-original-action=\"\/pt\/wp-json\/wp\/v2\/pages\/6085#wpcf7-f3466-o1\">\n<fieldset class=\"hidden-fields-container\"><input type=\"hidden\" name=\"_wpcf7\" value=\"3466\" \/><input type=\"hidden\" name=\"_wpcf7_version\" value=\"6.1.5\" \/><input type=\"hidden\" name=\"_wpcf7_locale\" value=\"en_US\" \/><input type=\"hidden\" name=\"_wpcf7_unit_tag\" value=\"wpcf7-f3466-o1\" \/><input type=\"hidden\" name=\"_wpcf7_container_post\" value=\"0\" \/><input type=\"hidden\" name=\"_wpcf7_posted_data_hash\" value=\"\" \/>\n<\/fieldset>\n<p>Seu telefone<br \/>\n<span class=\"wpcf7-form-control-wrap\" data-name=\"your-name\"><input size=\"40\" maxlength=\"400\" class=\"wpcf7-form-control wpcf7-text wpcf7-validates-as-required text_input\" aria-required=\"true\" aria-invalid=\"false\" value=\"\" type=\"text\" name=\"your-name\" \/><\/span><br \/>\nSeu email<br \/>\n<span class=\"wpcf7-form-control-wrap\" data-name=\"your-email\"><input size=\"40\" maxlength=\"400\" class=\"wpcf7-form-control wpcf7-email wpcf7-validates-as-required wpcf7-text wpcf7-validates-as-email text_input\" aria-required=\"true\" aria-invalid=\"false\" value=\"\" type=\"email\" name=\"your-email\" \/><\/span><br \/>\nSua mensagem<br \/>\n<span class=\"wpcf7-form-control-wrap\" data-name=\"your-message\"><textarea cols=\"40\" rows=\"10\" maxlength=\"2000\" class=\"wpcf7-form-control wpcf7-textarea wpcf7-validates-as-required text_area\" aria-required=\"true\" aria-invalid=\"false\" name=\"your-message\"><\/textarea><\/span><br \/>\n<input class=\"wpcf7-form-control wpcf7-submit has-spinner\" type=\"submit\" value=\"Enviar\" \/>\n<\/p><div class=\"wpcf7-response-output\" aria-hidden=\"true\"><\/div>\n<input type=\"hidden\" name=\"trp-form-language\" value=\"pt\"\/><\/form>\n<\/div>\n\n<\/div><\/section><\/div>","protected":false},"excerpt":{"rendered":"","protected":false},"author":290641,"featured_media":0,"parent":0,"menu_order":0,"comment_status":"closed","ping_status":"closed","template":"","meta":{"footnotes":""},"class_list":["post-6085","page","type-page","status-publish","hentry"],"_links":{"self":[{"href":"https:\/\/www.stvvalves.com\/pt\/wp-json\/wp\/v2\/pages\/6085","targetHints":{"allow":["GET"]}}],"collection":[{"href":"https:\/\/www.stvvalves.com\/pt\/wp-json\/wp\/v2\/pages"}],"about":[{"href":"https:\/\/www.stvvalves.com\/pt\/wp-json\/wp\/v2\/types\/page"}],"author":[{"embeddable":true,"href":"https:\/\/www.stvvalves.com\/pt\/wp-json\/wp\/v2\/users\/290641"}],"replies":[{"embeddable":true,"href":"https:\/\/www.stvvalves.com\/pt\/wp-json\/wp\/v2\/comments?post=6085"}],"version-history":[{"count":39,"href":"https:\/\/www.stvvalves.com\/pt\/wp-json\/wp\/v2\/pages\/6085\/revisions"}],"predecessor-version":[{"id":8255,"href":"https:\/\/www.stvvalves.com\/pt\/wp-json\/wp\/v2\/pages\/6085\/revisions\/8255"}],"wp:attachment":[{"href":"https:\/\/www.stvvalves.com\/pt\/wp-json\/wp\/v2\/media?parent=6085"}],"curies":[{"name":"wp","href":"https:\/\/api.w.org\/{rel}","templated":true}]}}