{"id":3684,"date":"2018-10-15T08:34:24","date_gmt":"2018-10-15T08:34:24","guid":{"rendered":"https:\/\/www.stvvalves.com\/?post_type=product&#038;p=3684"},"modified":"2025-05-20T20:46:02","modified_gmt":"2025-05-20T12:46:02","slug":"knife-gate-valve-lug-type-150-lb-ss304-body-and-trim","status":"publish","type":"product","link":"https:\/\/www.stvvalves.com\/pt\/products\/knife-gate-valve-lug-type-150-lb-ss304-body-and-trim\/","title":{"rendered":"V\u00e1lvula de guilhotina, tipo lug, 150 LB, corpo e guarni\u00e7\u00e3o SS304"},"content":{"rendered":"<p><strong>Descri\u00e7\u00e3o do projeto:<\/strong><\/p>\n<p><span style=\"color: #000000;\">-Tipo de v\u00e1lvula: V\u00e1lvula de guilhotina.<\/span><br \/>\n<span style=\"color: #000000;\">-Tamanho da v\u00e1lvula: 2\u201d-48\u201d<\/span><br \/>\n<span style=\"color: #000000;\">-Classifica\u00e7\u00e3o de press\u00e3o: Classe 150<br \/>\n<\/span><span style=\"color: #000000;\">\u2013 Parafuso Externo e Garfo<\/span><br \/>\n<span style=\"color: #000000;\">\u2013 Castelo aparafusado e veda\u00e7\u00e3o de press\u00e3o<\/span><br \/>\n<span style=\"color: #000000;\">\u2013 Cunha flex\u00edvel e s\u00f3lida, totalmente guiada<\/span><br \/>\n<span style=\"color: #000000;\">\u2013 An\u00e9is de sede de soldagem ou an\u00e9is de sede renov\u00e1veis<\/span><br \/>\n<span style=\"color: #000000;\">\u2013 Haste ascendente e haste n\u00e3o ascendente<\/span><br \/>\n<span style=\"color: #000000;\">\u2013 Dispon\u00edvel com operador de engrenagem<\/span><br \/>\n<span style=\"color: #000000;\">\u2013 Extremidades de flange e extremidades soldadas<\/span><br \/>\n<span style=\"color: #000000;\">\u2013 Design de baixo torque, haste de superf\u00edcie lisa.<\/span><br \/>\n<span style=\"color: #000000;\">Padr\u00f5es:<\/span><\/p>\n<p><span style=\"color: #000000;\"><img loading=\"lazy\" decoding=\"async\" class=\"alignnone wp-image-3743\" src=\"https:\/\/www.stvvalves.com\/wp-content\/uploads\/2018\/10\/KNIFE-GATE-VALVE-DRAWING-300x287.jpg\" alt=\"\" width=\"337\" height=\"322\" srcset=\"https:\/\/www.stvvalves.com\/wp-content\/uploads\/2018\/10\/KNIFE-GATE-VALVE-DRAWING-300x287.jpg 300w, https:\/\/www.stvvalves.com\/wp-content\/uploads\/2018\/10\/KNIFE-GATE-VALVE-DRAWING.jpg 521w\" sizes=\"auto, (max-width: 337px) 100vw, 337px\" \/><\/span><\/p>\n<table border=\"1\" cellspacing=\"0\" cellpadding=\"0\">\n<tbody>\n<tr>\n<td><span style=\"color: #000000;\">Padr\u00e3o de projeto<\/span><\/td>\n<td><span style=\"color: #000000;\">MSSSP-81<\/span><\/td>\n<\/tr>\n<tr>\n<td><span style=\"color: #000000;\">Cara a cara<\/span><\/td>\n<td><span style=\"color: #000000;\">MSSSP-81<\/span><\/td>\n<\/tr>\n<tr>\n<td><span style=\"color: #000000;\">Dimens\u00e3o das extremidades do flange<\/span><\/td>\n<td><span style=\"color: #000000;\">ASME B16.5\/ASMEB16.47<\/span><\/td>\n<\/tr>\n<tr>\n<td><span style=\"color: #000000;\">Inspe\u00e7\u00e3o e Teste<\/span><\/td>\n<td><span style=\"color: #000000;\">MSSSP-81<\/span><\/td>\n<\/tr>\n<tr>\n<td colspan=\"2\"><span style=\"color: #000000;\">Dispon\u00edvel com atuadores de alavanca, corrente, engrenagem, el\u00e9tricos, pneum\u00e1ticos e hidr\u00e1ulicos.<\/span><\/td>\n<\/tr>\n<\/tbody>\n<\/table>\n<p><span style=\"color: #000000;\">Lista de pe\u00e7as e materiais<\/span><\/p>\n<table border=\"1\" width=\"688\" cellspacing=\"0\" cellpadding=\"0\">\n<tbody>\n<tr>\n<td colspan=\"2\"><span style=\"color: #000000;\">Nome da pe\u00e7a<\/span><\/td>\n<td colspan=\"3\"><span style=\"color: #000000;\">A\u00e7o carbono para ASTM<\/span><\/td>\n<td colspan=\"4\"><span style=\"color: #000000;\">Liga de a\u00e7o para ASTM<\/span><\/td>\n<td colspan=\"4\"><span style=\"color: #000000;\">A\u00e7o inoxid\u00e1vel para ASTM<\/span><\/td>\n<\/tr>\n<tr>\n<td><span style=\"color: #000000;\">1\u00a0<\/span><\/td>\n<td><span style=\"color: #000000;\">Corpo<\/span><\/td>\n<td colspan=\"2\"><span style=\"color: #000000;\">A216 WCB<\/span><\/td>\n<td><span style=\"color: #000000;\">A352 LCB<\/span><\/td>\n<td><span style=\"color: #000000;\">A217 WC1<\/span><\/td>\n<td><span style=\"color: #000000;\">A217 WC6<\/span><\/td>\n<td><span style=\"color: #000000;\">A217 WC9<\/span><\/td>\n<td><span style=\"color: #000000;\">A217 C5<\/span><\/td>\n<td><span style=\"color: #000000;\">A351CF8<\/span><\/td>\n<td><span style=\"color: #000000;\">A351 CF8M<\/span><\/td>\n<td><span style=\"color: #000000;\">A351CF3<\/span><\/td>\n<td><span style=\"color: #000000;\">A351 CF3M<\/span><\/td>\n<\/tr>\n<tr>\n<td><span style=\"color: #000000;\">2<\/span><\/td>\n<td><span style=\"color: #000000;\">Assento<\/span><\/td>\n<td colspan=\"11\"><span style=\"color: #000000;\">PTFE ou NBR<\/span><\/td>\n<\/tr>\n<tr>\n<td><span style=\"color: #000000;\">\u00a03<\/span><\/td>\n<td><span style=\"color: #000000;\">Faca<\/span><\/td>\n<td colspan=\"2\"><span style=\"color: #000000;\">A216 WCB<\/span><\/td>\n<td><span style=\"color: #000000;\">A352 LCB<\/span><\/td>\n<td><span style=\"color: #000000;\">A217 WC1<\/span><\/td>\n<td><span style=\"color: #000000;\">A217 WC6<\/span><\/td>\n<td><span style=\"color: #000000;\">A217 WC9<\/span><\/td>\n<td><span style=\"color: #000000;\">A217 C5<\/span><\/td>\n<td><span style=\"color: #000000;\">A351CF8<\/span><\/td>\n<td><span style=\"color: #000000;\">A351 CF8M<\/span><\/td>\n<td><span style=\"color: #000000;\">A351CF3<\/span><\/td>\n<td><span style=\"color: #000000;\">A351 CF3M<\/span><\/td>\n<\/tr>\n<tr>\n<td><span style=\"color: #000000;\">\u00a04<\/span><\/td>\n<td><span style=\"color: #000000;\">Embalagem<\/span><\/td>\n<td colspan=\"11\"><span style=\"color: #000000;\">Grafite flex\u00edvel +SS, PTFE<\/span><\/td>\n<\/tr>\n<tr>\n<td><span style=\"color: #000000;\">\u00a05<\/span><\/td>\n<td><span style=\"color: #000000;\">Flange de embalagem<\/span><\/td>\n<td><span style=\"color: #000000;\">A182 F6a<\/span><\/td>\n<td colspan=\"2\"><span style=\"color: #000000;\">A182 F6a<\/span><\/td>\n<td><span style=\"color: #000000;\">A182 F6a<\/span><\/td>\n<td><span style=\"color: #000000;\">A182 F6a<\/span><\/td>\n<td><span style=\"color: #000000;\">A182 F6a<\/span><\/td>\n<td><span style=\"color: #000000;\">A182 F6a<\/span><\/td>\n<td><span style=\"color: #000000;\">A182 F304<\/span><\/td>\n<td><span style=\"color: #000000;\">A182 F316<\/span><\/td>\n<td><span style=\"color: #000000;\">A182 F304L<\/span><\/td>\n<td><span style=\"color: #000000;\">A182 F316L<\/span><\/td>\n<\/tr>\n<tr>\n<td><span style=\"color: #000000;\">\u00a06<\/span><\/td>\n<td><span style=\"color: #000000;\">Tronco<\/span><\/td>\n<td><span style=\"color: #000000;\">A182 F6a<\/span><\/td>\n<td colspan=\"2\"><span style=\"color: #000000;\">A182 F6a<\/span><\/td>\n<td><span style=\"color: #000000;\">A182 F6a<\/span><\/td>\n<td><span style=\"color: #000000;\">A182 F6a<\/span><\/td>\n<td><span style=\"color: #000000;\">A182 F6a<\/span><\/td>\n<td><span style=\"color: #000000;\">A182 F6a<\/span><\/td>\n<td><span style=\"color: #000000;\">A182 F304<\/span><\/td>\n<td><span style=\"color: #000000;\">A182 F316<\/span><\/td>\n<td><span style=\"color: #000000;\">A182 F304L<\/span><\/td>\n<td><span style=\"color: #000000;\">A182 F316L<\/span><\/td>\n<\/tr>\n<tr>\n<td><span style=\"color: #000000;\">\u00a0<\/span><br \/>\n<span style=\"color: #000000;\">7<\/span><\/td>\n<td><span style=\"color: #000000;\">Jugo<\/span><\/td>\n<td><span style=\"color: #000000;\">A216 WCB<\/span><\/td>\n<td colspan=\"2\"><span style=\"color: #000000;\">A352 LCB<\/span><\/td>\n<td><span style=\"color: #000000;\">A217 WC1<\/span><\/td>\n<td><span style=\"color: #000000;\">A217 WC6<\/span><\/td>\n<td><span style=\"color: #000000;\">A217 WC9<\/span><\/td>\n<td><span style=\"color: #000000;\">A217 C5<\/span><\/td>\n<td><span style=\"color: #000000;\">A351CF8<\/span><\/td>\n<td><span style=\"color: #000000;\">A351 CF8M<\/span><\/td>\n<td><span style=\"color: #000000;\">A351CF3<\/span><\/td>\n<td><span style=\"color: #000000;\">A351 CF3M<\/span><\/td>\n<\/tr>\n<tr>\n<td><span style=\"color: #000000;\">\u00a08<\/span><\/td>\n<td><span style=\"color: #000000;\">Porca-caule<\/span><\/td>\n<td colspan=\"11\"><span style=\"color: #000000;\">Liga de cobre ou A439 D2<\/span><\/td>\n<\/tr>\n<tr>\n<td><span style=\"color: #000000;\">\u00a09<\/span><\/td>\n<td><span style=\"color: #000000;\">Noz<\/span><\/td>\n<td><span style=\"color: #000000;\">A194 2H<\/span><\/td>\n<td colspan=\"2\"><span style=\"color: #000000;\">A194 4<\/span><\/td>\n<td><span style=\"color: #000000;\">A194 2H<\/span><\/td>\n<td><span style=\"color: #000000;\">A194 4<\/span><\/td>\n<td><span style=\"color: #000000;\">A194 4<\/span><\/td>\n<td><span style=\"color: #000000;\">A194 4<\/span><\/td>\n<td><span style=\"color: #000000;\">A194 8<\/span><\/td>\n<td><span style=\"color: #000000;\">A194 8<\/span><\/td>\n<td><span style=\"color: #000000;\">A194 8<\/span><\/td>\n<td><span style=\"color: #000000;\">A194 8<\/span><\/td>\n<\/tr>\n<tr>\n<td><span style=\"color: #000000;\">\u00a010<\/span><\/td>\n<td><span style=\"color: #000000;\">Volante<\/span><\/td>\n<td colspan=\"11\"><span style=\"color: #000000;\">Ferro d\u00factil ou a\u00e7o carbono<\/span><\/td>\n<\/tr>\n<tr>\n<td><span style=\"color: #000000;\">11\u00a0<\/span><\/td>\n<td><span style=\"color: #000000;\">Parafuso<\/span><\/td>\n<td><span style=\"color: #000000;\">A193 B7<\/span><\/td>\n<td colspan=\"2\"><span style=\"color: #000000;\">A320 L7<\/span><\/td>\n<td><span style=\"color: #000000;\">A193 B7<\/span><\/td>\n<td><span style=\"color: #000000;\">A193 B16<\/span><\/td>\n<td><span style=\"color: #000000;\">A193 B16<\/span><\/td>\n<td><span style=\"color: #000000;\">A193 B16<\/span><\/td>\n<td><span style=\"color: #000000;\">A193 B8<\/span><\/td>\n<td><span style=\"color: #000000;\">A193 B8<\/span><\/td>\n<td><span style=\"color: #000000;\">A193 B8<\/span><\/td>\n<td><span style=\"color: #000000;\">A193 B8<\/span><\/td>\n<\/tr>\n<tr>\n<td><span style=\"color: #000000;\">\u00a012<\/span><\/td>\n<td><span style=\"color: #000000;\">Noz<\/span><\/td>\n<td><span style=\"color: #000000;\">A194 2H<\/span><\/td>\n<td colspan=\"2\"><span style=\"color: #000000;\">A194 4<\/span><\/td>\n<td><span style=\"color: #000000;\">A194 2H<\/span><\/td>\n<td><span style=\"color: #000000;\">A194 4<\/span><\/td>\n<td><span style=\"color: #000000;\">A194 4<\/span><\/td>\n<td><span style=\"color: #000000;\">A194 4<\/span><\/td>\n<td><span style=\"color: #000000;\">A194 8<\/span><\/td>\n<td><span style=\"color: #000000;\">A194 8<\/span><\/td>\n<td><span style=\"color: #000000;\">A194 8<\/span><\/td>\n<td><span style=\"color: #000000;\">A194 8<\/span><\/td>\n<\/tr>\n<\/tbody>\n<\/table>","protected":false},"excerpt":{"rendered":"<p>V\u00e1lvula de guilhotina Padr\u00f5es aplic\u00e1veis: V\u00e1lvula de guilhotina, V\u00e1lvulas de a\u00e7o MSS SP-81, ASME B16.34 Face a face MSS SP-81, Cunha resiliente, liga, inoxid\u00e1vel, a\u00e7o carbono, extremidade de wafer, extremidades de tal\u00e3o, extremidades flangeadas, 2 \u2013 48 Polegadas, Classe 150 LB, ou conforme necessidade do cliente.<\/p>","protected":false},"featured_media":3748,"template":"","meta":[],"product_brand":[],"product_cat":[44,62],"product_tag":[145,148,149,147,150,146],"class_list":{"0":"post-3684","1":"product","2":"type-product","3":"status-publish","4":"has-post-thumbnail","6":"product_cat-gate-valve","7":"product_cat-knife-gate-valve","8":"product_tag-150lb-knife-gate-valve","9":"product_tag-ansi-knife-gate-valve","10":"product_tag-jis-10k-knife-gate-valve","11":"product_tag-lug-knife-gate-valve","12":"product_tag-pn16-knife-gate-valve","13":"product_tag-wafer-knife-gate-valve","15":"first","16":"instock","17":"downloadable","18":"shipping-taxable","19":"product-type-simple"},"_links":{"self":[{"href":"https:\/\/www.stvvalves.com\/pt\/wp-json\/wp\/v2\/product\/3684","targetHints":{"allow":["GET"]}}],"collection":[{"href":"https:\/\/www.stvvalves.com\/pt\/wp-json\/wp\/v2\/product"}],"about":[{"href":"https:\/\/www.stvvalves.com\/pt\/wp-json\/wp\/v2\/types\/product"}],"wp:featuredmedia":[{"embeddable":true,"href":"https:\/\/www.stvvalves.com\/pt\/wp-json\/wp\/v2\/media\/3748"}],"wp:attachment":[{"href":"https:\/\/www.stvvalves.com\/pt\/wp-json\/wp\/v2\/media?parent=3684"}],"wp:term":[{"taxonomy":"product_brand","embeddable":true,"href":"https:\/\/www.stvvalves.com\/pt\/wp-json\/wp\/v2\/product_brand?post=3684"},{"taxonomy":"product_cat","embeddable":true,"href":"https:\/\/www.stvvalves.com\/pt\/wp-json\/wp\/v2\/product_cat?post=3684"},{"taxonomy":"product_tag","embeddable":true,"href":"https:\/\/www.stvvalves.com\/pt\/wp-json\/wp\/v2\/product_tag?post=3684"}],"curies":[{"name":"wp","href":"https:\/\/api.w.org\/{rel}","templated":true}]}}