{"id":3786,"date":"2018-10-17T04:10:56","date_gmt":"2018-10-17T04:10:56","guid":{"rendered":"https:\/\/www.stvvalves.com\/?post_type=product&#038;p=3786"},"modified":"2025-02-17T18:18:12","modified_gmt":"2025-02-17T10:18:12","slug":"stainless-steel-swing-check-valve-150-lb-3-inch-304-body-and-trim","status":"publish","type":"product","link":"https:\/\/www.stvvalves.com\/pt\/products\/stainless-steel-swing-check-valve-150-lb-3-inch-304-body-and-trim\/","title":{"rendered":"V\u00e1lvula de reten\u00e7\u00e3o girat\u00f3ria de a\u00e7o inoxid\u00e1vel, 150 lb, 3 polegadas, corpo 304 e acabamento"},"content":{"rendered":"<p>Padr\u00e3o de aplica\u00e7\u00e3o de produ\u00e7\u00e3o<\/p>\n<table class=\"tg\" style=\"height: 156px;\" width=\"949\">\n<tbody>\n<tr>\n<th class=\"tg-0lax\">Tipo<\/th>\n<th class=\"tg-0lax\">Desing e Fabrica\u00e7\u00e3o<\/th>\n<th class=\"tg-0lax\">Cara a cara, de ponta a ponta<\/th>\n<th class=\"tg-0lax\">Dimens\u00e3o do Flange<\/th>\n<th class=\"tg-0lax\">Latagem de temperatura de press\u00e3o<\/th>\n<th class=\"tg-0lax\">Inspe\u00e7\u00e3o e teste<\/th>\n<\/tr>\n<tr>\n<td class=\"tg-0lax\">V\u00e1lvula de inspe\u00e7\u00e3o<\/td>\n<td class=\"tg-0lax\">ANSI B16.34<\/td>\n<td class=\"tg-0lax\">ANSI B16.10<\/td>\n<td class=\"tg-0lax\">ANSI B16.15<\/td>\n<td class=\"tg-0lax\">ANSI B16.34<\/td>\n<td class=\"tg-0lax\">API 598<\/td>\n<\/tr>\n<tr>\n<td class=\"tg-0lax\">V\u00e1lvula de reten\u00e7\u00e3o de eleva\u00e7\u00e3o<\/td>\n<td class=\"tg-0lax\">BSI 868<\/td>\n<td class=\"tg-0lax\"><\/td>\n<td class=\"tg-0lax\"><\/td>\n<td class=\"tg-0lax\"><\/td>\n<td class=\"tg-0lax\"><\/td>\n<\/tr>\n<\/tbody>\n<\/table>\n<p>Propriedade e especifica\u00e7\u00e3o principal<\/p>\n<table class=\"tg\" style=\"height: 213px;\" width=\"940\">\n<tbody>\n<tr>\n<th class=\"tg-0lax\">Press\u00e3o nominal<\/th>\n<th class=\"tg-0lax\"><\/th>\n<th class=\"tg-0lax\">150<\/th>\n<th class=\"tg-0lax\">300<\/th>\n<th class=\"tg-0lax\">600<\/th>\n<th class=\"tg-0lax\">900<\/th>\n<\/tr>\n<tr>\n<td class=\"tg-0lax\">Teste de casca<\/td>\n<td class=\"tg-0lax\">MPa<\/td>\n<td class=\"tg-0lax\">3.1<\/td>\n<td class=\"tg-0lax\">7.8<\/td>\n<td class=\"tg-0lax\">1513<\/td>\n<td class=\"tg-0lax\">23.1<\/td>\n<\/tr>\n<tr>\n<td class=\"tg-0lax\"><\/td>\n<td class=\"tg-0lax\">Lbf\/pol2<\/td>\n<td class=\"tg-0lax\">450<\/td>\n<td class=\"tg-0lax\">1125<\/td>\n<td class=\"tg-0lax\">2225<\/td>\n<td class=\"tg-0lax\">3350<\/td>\n<\/tr>\n<tr>\n<td class=\"tg-0lax\">Teste de selo d\u2019\u00e1gua<\/td>\n<td class=\"tg-0lax\">MPa<\/td>\n<td class=\"tg-0lax\">2.2<\/td>\n<td class=\"tg-0lax\">5.6<\/td>\n<td class=\"tg-0lax\">11.2<\/td>\n<td class=\"tg-0lax\">16.8<\/td>\n<\/tr>\n<tr>\n<td class=\"tg-0lax\"><\/td>\n<td class=\"tg-0lax\">Lbf\/pol2<\/td>\n<td class=\"tg-0lax\">315<\/td>\n<td class=\"tg-0lax\">815<\/td>\n<td class=\"tg-0lax\">1630<\/td>\n<td class=\"tg-0lax\">2440<\/td>\n<\/tr>\n<tr>\n<td class=\"tg-0lax\">Teste do selo de ar<\/td>\n<td class=\"tg-0lax\">MPa<\/td>\n<td class=\"tg-0lax\">0,5~0,7<\/td>\n<td class=\"tg-0lax\"><\/td>\n<td class=\"tg-0lax\"><\/td>\n<td class=\"tg-0lax\"><\/td>\n<\/tr>\n<tr>\n<td class=\"tg-0lax\"><\/td>\n<td class=\"tg-0lax\">Lbf\/pol2<\/td>\n<td class=\"tg-0lax\"><\/td>\n<td class=\"tg-0lax\"><\/td>\n<td class=\"tg-0lax\"><\/td>\n<td class=\"tg-0lax\"><\/td>\n<\/tr>\n<\/tbody>\n<\/table>\n<p><img loading=\"lazy\" decoding=\"async\" class=\"alignnone wp-image-3792\" src=\"https:\/\/www.stvvalves.com\/wp-content\/uploads\/2018\/10\/stainless-steel-swing-check-valve150-lb3-inch304-body-and-trim5-300x240.jpg\" alt=\"\" width=\"403\" height=\"323\" srcset=\"https:\/\/www.stvvalves.com\/wp-content\/uploads\/2018\/10\/stainless-steel-swing-check-valve150-lb3-inch304-body-and-trim5-300x240.jpg 300w, https:\/\/www.stvvalves.com\/wp-content\/uploads\/2018\/10\/stainless-steel-swing-check-valve150-lb3-inch304-body-and-trim5-600x479.jpg 600w, https:\/\/www.stvvalves.com\/wp-content\/uploads\/2018\/10\/stainless-steel-swing-check-valve150-lb3-inch304-body-and-trim5-768x613.jpg 768w, https:\/\/www.stvvalves.com\/wp-content\/uploads\/2018\/10\/stainless-steel-swing-check-valve150-lb3-inch304-body-and-trim5-845x678.jpg 845w, https:\/\/www.stvvalves.com\/wp-content\/uploads\/2018\/10\/stainless-steel-swing-check-valve150-lb3-inch304-body-and-trim5-705x563.jpg 705w, https:\/\/www.stvvalves.com\/wp-content\/uploads\/2018\/10\/stainless-steel-swing-check-valve150-lb3-inch304-body-and-trim5.jpg 849w\" sizes=\"auto, (max-width: 403px) 100vw, 403px\" \/><\/p>\n<p>&nbsp;<\/p>\n<p>&nbsp;<\/p>\n<p>Material para pe\u00e7as principais<\/p>\n<div>\n<table class=\"tg\" style=\"table-layout: fixed; width: 625px; height: 279px;\">\n<colgroup>\n<col style=\"width: 207px;\" \/>\n<col style=\"width: 71px;\" \/>\n<col style=\"width: 132px;\" \/>\n<col style=\"width: 92px;\" \/>\n<col style=\"width: 129px;\" \/> <\/colgroup>\n<tbody>\n<tr>\n<th class=\"tg-0pky\">Bucha da dobradi\u00e7a do disco de cobertura<\/th>\n<th class=\"tg-0pky\">Pino da dobradi\u00e7a<\/th>\n<th class=\"tg-0pky\">Face de veda\u00e7\u00e3o<\/th>\n<th class=\"tg-0pky\">Temperatura de trabalho<\/th>\n<th class=\"tg-0pky\">Meio adequado<\/th>\n<\/tr>\n<tr>\n<td class=\"tg-0pky\">WCB<\/td>\n<td class=\"tg-0pky\">2Cr13<\/td>\n<td class=\"tg-0pky\">13 Cr<\/td>\n<td class=\"tg-0pky\">\u2264425<\/td>\n<td class=\"tg-0pky\" rowspan=\"9\">\u00c1gua Vapor \u00d3leo \u00c1cido N\u00edtrico \u00c1cido Ac\u00e9tico Ureia<\/td>\n<\/tr>\n<tr>\n<td class=\"tg-0pky\">WC1<\/td>\n<td class=\"tg-0pky\"><\/td>\n<td class=\"tg-0pky\">STL<\/td>\n<td class=\"tg-0pky\">\u2264450<\/td>\n<\/tr>\n<tr>\n<td class=\"tg-0pky\">WC6<\/td>\n<td class=\"tg-0pky\"><\/td>\n<td class=\"tg-0pky\">Com material corporal<\/td>\n<td class=\"tg-0pky\">\u2264540<\/td>\n<\/tr>\n<tr>\n<td class=\"tg-0pky\">WC9<\/td>\n<td class=\"tg-0pky\"><\/td>\n<td class=\"tg-0pky\">PTFE<\/td>\n<td class=\"tg-0pky\">\u2264570<\/td>\n<\/tr>\n<tr>\n<td class=\"tg-0pky\">C5 C12<\/td>\n<td class=\"tg-0pky\"><\/td>\n<td class=\"tg-0pky\">Nylon<\/td>\n<td class=\"tg-0pky\">\u2264550<\/td>\n<\/tr>\n<tr>\n<td class=\"tg-0pky\">CF8<\/td>\n<td class=\"tg-0pky\">304<\/td>\n<td class=\"tg-0pky\"><\/td>\n<td class=\"tg-0pky\">\u2264600<\/td>\n<\/tr>\n<tr>\n<td class=\"tg-0pky\">CF3<\/td>\n<td class=\"tg-0pky\">316<\/td>\n<td class=\"tg-0pky\"><\/td>\n<td class=\"tg-0pky\"><\/td>\n<\/tr>\n<tr>\n<td class=\"tg-0pky\">CF8M<\/td>\n<td class=\"tg-0pky\">304L<\/td>\n<td class=\"tg-0pky\"><\/td>\n<td class=\"tg-0pky\"><\/td>\n<\/tr>\n<tr>\n<td class=\"tg-0pky\">CF3M<\/td>\n<td class=\"tg-0pky\">316L<\/td>\n<td class=\"tg-0pky\"><\/td>\n<td class=\"tg-0pky\"><\/td>\n<\/tr>\n<\/tbody>\n<\/table>\n<\/div>\n<div>\n<p>Dimens\u00e3o principal externa e de conex\u00e3o<\/p>\n<table class=\"tg\" style=\"height: 1138px;\" width=\"639\">\n<tbody>\n<tr>\n<th class=\"tg-6hdc\">NPS<\/th>\n<th class=\"tg-6hdc\">DN<\/th>\n<th class=\"tg-6hdc\" colspan=\"7\">Classe150Lb\/300Lb\/600Lb<\/th>\n<\/tr>\n<tr>\n<td class=\"tg-6hdc\">em<\/td>\n<td class=\"tg-6hdc\">mil\u00edmetros<\/td>\n<td class=\"tg-6hdc\">eu<\/td>\n<td class=\"tg-6hdc\">D<\/td>\n<td class=\"tg-6hdc\">D1<\/td>\n<td class=\"tg-6hdc\">D2<\/td>\n<td class=\"tg-6hdc\">b<\/td>\n<td class=\"tg-6hdc\">Z-\u03c6d<\/td>\n<td class=\"tg-6hdc\">H<\/td>\n<\/tr>\n<tr>\n<td class=\"tg-6hdc\">2\u2033<\/td>\n<td class=\"tg-6hdc\">50<\/td>\n<td class=\"tg-6hdc\">203<\/td>\n<td class=\"tg-6hdc\">157<\/td>\n<td class=\"tg-6hdc\">120.7<\/td>\n<td class=\"tg-6hdc\">92<\/td>\n<td class=\"tg-6hdc\">19.5<\/td>\n<td class=\"tg-6hdc\">4-19<\/td>\n<td class=\"tg-6hdc\">161<\/td>\n<\/tr>\n<tr>\n<td class=\"tg-6hdc\">21\/2\u2033<\/td>\n<td class=\"tg-6hdc\">65<\/td>\n<td class=\"tg-6hdc\">216<\/td>\n<td class=\"tg-6hdc\">178<\/td>\n<td class=\"tg-6hdc\">139.7<\/td>\n<td class=\"tg-6hdc\">105<\/td>\n<td class=\"tg-6hdc\">22.5<\/td>\n<td class=\"tg-6hdc\">1-19<\/td>\n<td class=\"tg-6hdc\">180<\/td>\n<\/tr>\n<tr>\n<td class=\"tg-6hdc\">3\u2033<\/td>\n<td class=\"tg-6hdc\">80<\/td>\n<td class=\"tg-6hdc\">241<\/td>\n<td class=\"tg-6hdc\">190.5<\/td>\n<td class=\"tg-6hdc\">152.4<\/td>\n<td class=\"tg-6hdc\">127<\/td>\n<td class=\"tg-6hdc\">24<\/td>\n<td class=\"tg-6hdc\">4-19<\/td>\n<td class=\"tg-6hdc\">190<\/td>\n<\/tr>\n<tr>\n<td class=\"tg-6hdc\">4\u2033<\/td>\n<td class=\"tg-6hdc\">100<\/td>\n<td class=\"tg-6hdc\">292<\/td>\n<td class=\"tg-6hdc\">229<\/td>\n<td class=\"tg-6hdc\">190.5<\/td>\n<td class=\"tg-6hdc\">157.2<\/td>\n<td class=\"tg-6hdc\">24<\/td>\n<td class=\"tg-6hdc\">8-19<\/td>\n<td class=\"tg-6hdc\">220<\/td>\n<\/tr>\n<tr>\n<td class=\"tg-6hdc\">6\u2033<\/td>\n<td class=\"tg-6hdc\">150<\/td>\n<td class=\"tg-6hdc\">356<\/td>\n<td class=\"tg-6hdc\">279<\/td>\n<td class=\"tg-6hdc\">241.5<\/td>\n<td class=\"tg-6hdc\">216<\/td>\n<td class=\"tg-6hdc\">25.5<\/td>\n<td class=\"tg-6hdc\">8-22.5<\/td>\n<td class=\"tg-6hdc\">257<\/td>\n<\/tr>\n<tr>\n<td class=\"tg-6hdc\">8\u2033<\/td>\n<td class=\"tg-6hdc\">200<\/td>\n<td class=\"tg-6hdc\">495<\/td>\n<td class=\"tg-6hdc\">343<\/td>\n<td class=\"tg-6hdc\">298.5<\/td>\n<td class=\"tg-6hdc\">270<\/td>\n<td class=\"tg-6hdc\">29<\/td>\n<td class=\"tg-6hdc\">8-22.5<\/td>\n<td class=\"tg-6hdc\">292<\/td>\n<\/tr>\n<tr>\n<td class=\"tg-6hdc\">10\u2033<\/td>\n<td class=\"tg-6hdc\">250<\/td>\n<td class=\"tg-6hdc\">622<\/td>\n<td class=\"tg-6hdc\">406<\/td>\n<td class=\"tg-6hdc\">362<\/td>\n<td class=\"tg-6hdc\">324<\/td>\n<td class=\"tg-6hdc\">30.5<\/td>\n<td class=\"tg-6hdc\">12-25.5<\/td>\n<td class=\"tg-6hdc\">350<\/td>\n<\/tr>\n<tr>\n<td class=\"tg-6hdc\">12\u2033<\/td>\n<td class=\"tg-6hdc\">300<\/td>\n<td class=\"tg-6hdc\">698<\/td>\n<td class=\"tg-6hdc\">483<\/td>\n<td class=\"tg-6hdc\">432<\/td>\n<td class=\"tg-6hdc\">381<\/td>\n<td class=\"tg-6hdc\">32<\/td>\n<td class=\"tg-6hdc\">12-25.5<\/td>\n<td class=\"tg-6hdc\">398<\/td>\n<\/tr>\n<tr>\n<td class=\"tg-6hdc\">14\u2033<\/td>\n<td class=\"tg-6hdc\">350<\/td>\n<td class=\"tg-6hdc\">787<\/td>\n<td class=\"tg-6hdc\">533<\/td>\n<td class=\"tg-6hdc\">47618<\/td>\n<td class=\"tg-6hdc\">413<\/td>\n<td class=\"tg-6hdc\">35<\/td>\n<td class=\"tg-6hdc\">12-29<\/td>\n<td class=\"tg-6hdc\">445<\/td>\n<\/tr>\n<tr>\n<td class=\"tg-6hdc\">16\u2033<\/td>\n<td class=\"tg-6hdc\">400<\/td>\n<td class=\"tg-6hdc\">864<\/td>\n<td class=\"tg-6hdc\">597<\/td>\n<td class=\"tg-6hdc\">539.8<\/td>\n<td class=\"tg-6hdc\">470<\/td>\n<td class=\"tg-6hdc\">37<\/td>\n<td class=\"tg-6hdc\">16-29<\/td>\n<td class=\"tg-6hdc\">490<\/td>\n<\/tr>\n<tr>\n<td class=\"tg-6hdc\">18\u2033<\/td>\n<td class=\"tg-6hdc\">450<\/td>\n<td class=\"tg-6hdc\">978<\/td>\n<td class=\"tg-6hdc\">635<\/td>\n<td class=\"tg-6hdc\">577.8<\/td>\n<td class=\"tg-6hdc\">533<\/td>\n<td class=\"tg-6hdc\">40<\/td>\n<td class=\"tg-6hdc\">16-32<\/td>\n<td class=\"tg-6hdc\">520<\/td>\n<\/tr>\n<tr>\n<td class=\"tg-6hdc\">20\u2033<\/td>\n<td class=\"tg-6hdc\">500<\/td>\n<td class=\"tg-6hdc\">978<\/td>\n<td class=\"tg-6hdc\">698<\/td>\n<td class=\"tg-6hdc\">635<\/td>\n<td class=\"tg-6hdc\">584<\/td>\n<td class=\"tg-6hdc\">43<\/td>\n<td class=\"tg-6hdc\">20-32<\/td>\n<td class=\"tg-6hdc\">546<\/td>\n<\/tr>\n<tr>\n<td class=\"tg-6hdc\">24\u2033<\/td>\n<td class=\"tg-6hdc\">600<\/td>\n<td class=\"tg-6hdc\">1295<\/td>\n<td class=\"tg-6hdc\">813<\/td>\n<td class=\"tg-6hdc\">749.3<\/td>\n<td class=\"tg-6hdc\">692<\/td>\n<td class=\"tg-6hdc\">48<\/td>\n<td class=\"tg-6hdc\">20-35<\/td>\n<td class=\"tg-6hdc\">880<\/td>\n<\/tr>\n<tr>\n<td class=\"tg-6hdc\">2\u2033<\/td>\n<td class=\"tg-6hdc\">50<\/td>\n<td class=\"tg-6hdc\">267<\/td>\n<td class=\"tg-6hdc\">165<\/td>\n<td class=\"tg-6hdc\">127<\/td>\n<td class=\"tg-6hdc\">92<\/td>\n<td class=\"tg-6hdc\">22.5<\/td>\n<td class=\"tg-6hdc\">8-19<\/td>\n<td class=\"tg-6hdc\">179.5<\/td>\n<\/tr>\n<tr>\n<td class=\"tg-6hdc\">21\/2\u2033<\/td>\n<td class=\"tg-6hdc\">65<\/td>\n<td class=\"tg-6hdc\">292<\/td>\n<td class=\"tg-6hdc\">190<\/td>\n<td class=\"tg-6hdc\">150<\/td>\n<td class=\"tg-6hdc\">105<\/td>\n<td class=\"tg-6hdc\">25<\/td>\n<td class=\"tg-6hdc\">8-19<\/td>\n<td class=\"tg-6hdc\">190<\/td>\n<\/tr>\n<tr>\n<td class=\"tg-6hdc\">3\u2033<\/td>\n<td class=\"tg-6hdc\">80<\/td>\n<td class=\"tg-6hdc\">318<\/td>\n<td class=\"tg-6hdc\">210<\/td>\n<td class=\"tg-6hdc\">168<\/td>\n<td class=\"tg-6hdc\">127<\/td>\n<td class=\"tg-6hdc\">29<\/td>\n<td class=\"tg-6hdc\">8-22.5<\/td>\n<td class=\"tg-6hdc\">212.4<\/td>\n<\/tr>\n<tr>\n<td class=\"tg-6hdc\">4\u2033<\/td>\n<td class=\"tg-6hdc\">100<\/td>\n<td class=\"tg-6hdc\">356<\/td>\n<td class=\"tg-6hdc\">254<\/td>\n<td class=\"tg-6hdc\">200<\/td>\n<td class=\"tg-6hdc\">157<\/td>\n<td class=\"tg-6hdc\">32<\/td>\n<td class=\"tg-6hdc\">12-22.5<\/td>\n<td class=\"tg-6hdc\">246<\/td>\n<\/tr>\n<tr>\n<td class=\"tg-6hdc\">6\u2033<\/td>\n<td class=\"tg-6hdc\">150<\/td>\n<td class=\"tg-6hdc\">445<\/td>\n<td class=\"tg-6hdc\">317.5<\/td>\n<td class=\"tg-6hdc\">269.7<\/td>\n<td class=\"tg-6hdc\">216<\/td>\n<td class=\"tg-6hdc\">37<\/td>\n<td class=\"tg-6hdc\">12-22.5<\/td>\n<td class=\"tg-6hdc\">292<\/td>\n<\/tr>\n<tr>\n<td class=\"tg-6hdc\">8\u2033<\/td>\n<td class=\"tg-6hdc\">200<\/td>\n<td class=\"tg-6hdc\">533<\/td>\n<td class=\"tg-6hdc\">381<\/td>\n<td class=\"tg-6hdc\">330<\/td>\n<td class=\"tg-6hdc\">270<\/td>\n<td class=\"tg-6hdc\">41.5<\/td>\n<td class=\"tg-6hdc\">12-25.5<\/td>\n<td class=\"tg-6hdc\">328<\/td>\n<\/tr>\n<tr>\n<td class=\"tg-6hdc\">10\u2033<\/td>\n<td class=\"tg-6hdc\">250<\/td>\n<td class=\"tg-6hdc\">622<\/td>\n<td class=\"tg-6hdc\">444.5<\/td>\n<td class=\"tg-6hdc\">387<\/td>\n<td class=\"tg-6hdc\">324<\/td>\n<td class=\"tg-6hdc\">48<\/td>\n<td class=\"tg-6hdc\">16-28.5<\/td>\n<td class=\"tg-6hdc\">378.6<\/td>\n<\/tr>\n<tr>\n<td class=\"tg-6hdc\">12\u2033<\/td>\n<td class=\"tg-6hdc\">300<\/td>\n<td class=\"tg-6hdc\">71 litros<\/td>\n<td class=\"tg-6hdc\">521<\/td>\n<td class=\"tg-6hdc\">451<\/td>\n<td class=\"tg-6hdc\">381<\/td>\n<td class=\"tg-6hdc\">51<\/td>\n<td class=\"tg-6hdc\">16-32<\/td>\n<td class=\"tg-6hdc\">420<\/td>\n<\/tr>\n<tr>\n<td class=\"tg-6hdc\">14\u2033<\/td>\n<td class=\"tg-6hdc\">350<\/td>\n<td class=\"tg-6hdc\">838<\/td>\n<td class=\"tg-6hdc\">584<\/td>\n<td class=\"tg-6hdc\">514<\/td>\n<td class=\"tg-6hdc\">54<\/td>\n<td class=\"tg-6hdc\">54<\/td>\n<td class=\"tg-6hdc\">20-32<\/td>\n<td class=\"tg-6hdc\">470<\/td>\n<\/tr>\n<tr>\n<td class=\"tg-6hdc\">16\u2033<\/td>\n<td class=\"tg-6hdc\">400<\/td>\n<td class=\"tg-6hdc\">864<\/td>\n<td class=\"tg-6hdc\">648<\/td>\n<td class=\"tg-6hdc\">572<\/td>\n<td class=\"tg-6hdc\">57<\/td>\n<td class=\"tg-6hdc\">57<\/td>\n<td class=\"tg-6hdc\">20-35<\/td>\n<td class=\"tg-6hdc\">530<\/td>\n<\/tr>\n<tr>\n<td class=\"tg-6hdc\">18\u2033<\/td>\n<td class=\"tg-6hdc\">450<\/td>\n<td class=\"tg-6hdc\">978<\/td>\n<td class=\"tg-6hdc\">711<\/td>\n<td class=\"tg-6hdc\">629<\/td>\n<td class=\"tg-6hdc\">60<\/td>\n<td class=\"tg-6hdc\">60<\/td>\n<td class=\"tg-6hdc\">24-35<\/td>\n<td class=\"tg-6hdc\">584<\/td>\n<\/tr>\n<tr>\n<td class=\"tg-6hdc\">20\u2033<\/td>\n<td class=\"tg-6hdc\">500<\/td>\n<td class=\"tg-6hdc\">1016<\/td>\n<td class=\"tg-6hdc\">775<\/td>\n<td class=\"tg-6hdc\">686<\/td>\n<td class=\"tg-6hdc\">64<\/td>\n<td class=\"tg-6hdc\">64<\/td>\n<td class=\"tg-6hdc\">24-35<\/td>\n<td class=\"tg-6hdc\">610<\/td>\n<\/tr>\n<tr>\n<td class=\"tg-6hdc\">24\u2033<\/td>\n<td class=\"tg-6hdc\">600<\/td>\n<td class=\"tg-6hdc\">1346<\/td>\n<td class=\"tg-6hdc\">914<\/td>\n<td class=\"tg-6hdc\">813<\/td>\n<td class=\"tg-6hdc\">70<\/td>\n<td class=\"tg-6hdc\">70<\/td>\n<td class=\"tg-6hdc\">24-41<\/td>\n<td class=\"tg-6hdc\">860<\/td>\n<\/tr>\n<tr>\n<td class=\"tg-6hdc\">2\u2033<\/td>\n<td class=\"tg-6hdc\">50<\/td>\n<td class=\"tg-6hdc\">292<\/td>\n<td class=\"tg-6hdc\">165<\/td>\n<td class=\"tg-6hdc\">127<\/td>\n<td class=\"tg-6hdc\">92<\/td>\n<td class=\"tg-6hdc\">25<\/td>\n<td class=\"tg-6hdc\">8-19<\/td>\n<td class=\"tg-6hdc\">203<\/td>\n<\/tr>\n<tr>\n<td class=\"tg-6hdc\">21\/2\u2033<\/td>\n<td class=\"tg-6hdc\">65<\/td>\n<td class=\"tg-6hdc\">330<\/td>\n<td class=\"tg-6hdc\">190<\/td>\n<td class=\"tg-6hdc\">150<\/td>\n<td class=\"tg-6hdc\">105<\/td>\n<td class=\"tg-6hdc\">29<\/td>\n<td class=\"tg-6hdc\">8-22.5<\/td>\n<td class=\"tg-6hdc\">229<\/td>\n<\/tr>\n<tr>\n<td class=\"tg-6hdc\">3\u2033<\/td>\n<td class=\"tg-6hdc\">80<\/td>\n<td class=\"tg-6hdc\">356<\/td>\n<td class=\"tg-6hdc\">210<\/td>\n<td class=\"tg-6hdc\">168<\/td>\n<td class=\"tg-6hdc\">127<\/td>\n<td class=\"tg-6hdc\">32<\/td>\n<td class=\"tg-6hdc\">8-22.5<\/td>\n<td class=\"tg-6hdc\">235<\/td>\n<\/tr>\n<tr>\n<td class=\"tg-6hdc\">4\u2033<\/td>\n<td class=\"tg-6hdc\">100<\/td>\n<td class=\"tg-6hdc\">432<\/td>\n<td class=\"tg-6hdc\">273<\/td>\n<td class=\"tg-6hdc\">216<\/td>\n<td class=\"tg-6hdc\">157<\/td>\n<td class=\"tg-6hdc\">38<\/td>\n<td class=\"tg-6hdc\">8-25<\/td>\n<td class=\"tg-6hdc\">286<\/td>\n<\/tr>\n<tr>\n<td class=\"tg-6hdc\">6\u2033<\/td>\n<td class=\"tg-6hdc\">150<\/td>\n<td class=\"tg-6hdc\">559<\/td>\n<td class=\"tg-6hdc\">356<\/td>\n<td class=\"tg-6hdc\">292<\/td>\n<td class=\"tg-6hdc\">216<\/td>\n<td class=\"tg-6hdc\">48<\/td>\n<td class=\"tg-6hdc\">8-29<\/td>\n<td class=\"tg-6hdc\">330<\/td>\n<\/tr>\n<tr>\n<td class=\"tg-6hdc\">8\u2033<\/td>\n<td class=\"tg-6hdc\">200<\/td>\n<td class=\"tg-6hdc\">660<\/td>\n<td class=\"tg-6hdc\">419<\/td>\n<td class=\"tg-6hdc\">349<\/td>\n<td class=\"tg-6hdc\">270<\/td>\n<td class=\"tg-6hdc\">56<\/td>\n<td class=\"tg-6hdc\">12-29<\/td>\n<td class=\"tg-6hdc\">381<\/td>\n<\/tr>\n<tr>\n<td class=\"tg-6hdc\">10\u2033<\/td>\n<td class=\"tg-6hdc\">250<\/td>\n<td class=\"tg-6hdc\">787<\/td>\n<td class=\"tg-6hdc\">508<\/td>\n<td class=\"tg-6hdc\">432<\/td>\n<td class=\"tg-6hdc\">324<\/td>\n<td class=\"tg-6hdc\">64<\/td>\n<td class=\"tg-6hdc\">12-32<\/td>\n<td class=\"tg-6hdc\">457<\/td>\n<\/tr>\n<tr>\n<td class=\"tg-6hdc\">12\u2033<\/td>\n<td class=\"tg-6hdc\">300<\/td>\n<td class=\"tg-6hdc\">838<\/td>\n<td class=\"tg-6hdc\">559<\/td>\n<td class=\"tg-6hdc\">489<\/td>\n<td class=\"tg-6hdc\">381<\/td>\n<td class=\"tg-6hdc\">67<\/td>\n<td class=\"tg-6hdc\">16-35<\/td>\n<td class=\"tg-6hdc\">584<\/td>\n<\/tr>\n<tr>\n<td class=\"tg-6hdc\">14\u2033<\/td>\n<td class=\"tg-6hdc\">350<\/td>\n<td class=\"tg-6hdc\">889<\/td>\n<td class=\"tg-6hdc\">603<\/td>\n<td class=\"tg-6hdc\">527<\/td>\n<td class=\"tg-6hdc\">413<\/td>\n<td class=\"tg-6hdc\">70<\/td>\n<td class=\"tg-6hdc\">20-38<\/td>\n<td class=\"tg-6hdc\">635<\/td>\n<\/tr>\n<tr>\n<td class=\"tg-6hdc\">16\u2033<\/td>\n<td class=\"tg-6hdc\">400<\/td>\n<td class=\"tg-6hdc\">991<\/td>\n<td class=\"tg-6hdc\">686<\/td>\n<td class=\"tg-6hdc\">603<\/td>\n<td class=\"tg-6hdc\">470<\/td>\n<td class=\"tg-6hdc\">76<\/td>\n<td class=\"tg-6hdc\">20-41<\/td>\n<td class=\"tg-6hdc\">684<\/td>\n<\/tr>\n<\/tbody>\n<\/table>\n<\/div>","protected":false},"excerpt":{"rendered":"<p>Modelo: SWH44W-150LB-3\u2033<\/p>\n<p>Corpo, tampa e disco em a\u00e7o inoxid\u00e1vel ASTM A351 CF8M 304.<br \/>\nGuarni\u00e7\u00e3o em a\u00e7o inoxid\u00e1vel 304.<br \/>\nVeda\u00e7\u00e3o da tampa em PTFE. Design de capa aparafusada.<br \/>\nDimens\u00f5es face a face de acordo com ANSI B16.10<br \/>\nPress\u00e3o nominal classe 150. -20 \/ +200 graus C Temperatura nominal.<br \/>\nConex\u00f5es finais flangeadas ANSI 150.<br \/>\nTamanho:3\u2033<\/p>\n<p>STV Valve Technology Group Co., Ltd \u00e9 um l\u00edder profissional China V\u00e1lvula de reten\u00e7\u00e3o oscilante, V\u00e1lvula de reten\u00e7\u00e3o oscilante 150LB, V\u00e1lvula de reten\u00e7\u00e3o oscilante de a\u00e7o inoxid\u00e1vel, V\u00e1lvula de reten\u00e7\u00e3o oscilante de a\u00e7o inoxid\u00e1vel com extremidade de flange, Fabricante de v\u00e1lvula de reten\u00e7\u00e3o oscilante 304 com alta qualidade e pre\u00e7o competitivo.<\/p>\n<p>Entre em contato com nosso sales@stvvalve.com para outros materiais e detalhes.<\/p>\n<p>Folha de data:<a href=\"https:\/\/www.stvvalves.com\/wp-content\/uploads\/2018\/10\/stainless-steel-swing-check-valve150-lb3-inch304-body-and-trim.pdf\">V\u00e1lvula de reten\u00e7\u00e3o girat\u00f3ria de a\u00e7o inoxid\u00e1vel, 150 lb, 3 polegadas, corpo 304 e acabamento<\/a><\/p>","protected":false},"featured_media":3788,"template":"","meta":[],"product_brand":[],"product_cat":[46,67],"product_tag":[1006,1009,1008,1007,152],"class_list":{"0":"post-3786","1":"product","2":"type-product","3":"status-publish","4":"has-post-thumbnail","6":"product_cat-check-valves","7":"product_cat-stainless-steel-check-valve","8":"product_tag-150lb-swing-check-valve","9":"product_tag-304-swing-check-valve","10":"product_tag-flange-end-stainless-steel-swing-check-valve","11":"product_tag-stainless-steel-swing-check-valve","12":"product_tag-swing-check-valve","14":"first","15":"instock","16":"shipping-taxable","17":"product-type-simple"},"_links":{"self":[{"href":"https:\/\/www.stvvalves.com\/pt\/wp-json\/wp\/v2\/product\/3786","targetHints":{"allow":["GET"]}}],"collection":[{"href":"https:\/\/www.stvvalves.com\/pt\/wp-json\/wp\/v2\/product"}],"about":[{"href":"https:\/\/www.stvvalves.com\/pt\/wp-json\/wp\/v2\/types\/product"}],"wp:featuredmedia":[{"embeddable":true,"href":"https:\/\/www.stvvalves.com\/pt\/wp-json\/wp\/v2\/media\/3788"}],"wp:attachment":[{"href":"https:\/\/www.stvvalves.com\/pt\/wp-json\/wp\/v2\/media?parent=3786"}],"wp:term":[{"taxonomy":"product_brand","embeddable":true,"href":"https:\/\/www.stvvalves.com\/pt\/wp-json\/wp\/v2\/product_brand?post=3786"},{"taxonomy":"product_cat","embeddable":true,"href":"https:\/\/www.stvvalves.com\/pt\/wp-json\/wp\/v2\/product_cat?post=3786"},{"taxonomy":"product_tag","embeddable":true,"href":"https:\/\/www.stvvalves.com\/pt\/wp-json\/wp\/v2\/product_tag?post=3786"}],"curies":[{"name":"wp","href":"https:\/\/api.w.org\/{rel}","templated":true}]}}