{"id":3818,"date":"2018-11-22T14:48:41","date_gmt":"2018-11-22T14:48:41","guid":{"rendered":"https:\/\/www.stvvalves.com\/?post_type=product&#038;p=3818"},"modified":"2025-02-17T18:18:07","modified_gmt":"2025-02-17T10:18:07","slug":"stainless-steel-flange-gate-valve-cf8-body-and-304-trim-150lb-3-inch","status":"publish","type":"product","link":"https:\/\/www.stvvalves.com\/pt\/products\/stainless-steel-flange-gate-valve-cf8-body-and-304-trim-150lb-3-inch\/","title":{"rendered":"V\u00e1lvula de gaveta flangeada de a\u00e7o inoxid\u00e1vel, corpo CF8 e guarni\u00e7\u00e3o 304, 150LB, 3 polegadas"},"content":{"rendered":"<p>V\u00e1lvula de gaveta flangeada de a\u00e7o inoxid\u00e1vel, corpo CF8 e guarni\u00e7\u00e3o 304, 150LB, 3 polegadas<br \/>\nAdequado para encaixe em flanges ANSI 150<br \/>\nProjetado para isolamento em aplica\u00e7\u00f5es de l\u00edquidos qu\u00edmicos, corrosivos e semi-agressivos<br \/>\nCorpo, cap\u00f4 e cunha em a\u00e7o inoxid\u00e1vel CF8<br \/>\nGaxeta de gl\u00e2ndula de PTFE\/grafite<br \/>\nConex\u00e3o final: ANSI 150,<br \/>\nTamanhos: 1\/2\u2033 a 24\u2033<br \/>\nFaixa de temperatura: -20\u00b0C a 300\u00b0C.<br \/>\nClassifica\u00e7\u00e3o de press\u00e3o: ANSI 150<\/p>\n<table>\n<tbody>\n<tr>\n<td width=\"200\"><strong>Nome do Produto<\/strong><\/td>\n<td width=\"481\">V\u00e1lvula de gaveta flangeada de a\u00e7o inoxid\u00e1vel, corpo CF8 e guarni\u00e7\u00e3o 304, 150LB, 3 polegadas<\/td>\n<\/tr>\n<tr>\n<td width=\"200\">1. Materiais<\/td>\n<td width=\"481\">CF8<\/td>\n<\/tr>\n<tr>\n<td width=\"200\">2. Tamanho<\/td>\n<td width=\"481\">3\u201d<\/td>\n<\/tr>\n<tr>\n<td width=\"200\">4. Porto<\/td>\n<td width=\"481\">Porto completo<\/td>\n<\/tr>\n<tr>\n<td width=\"200\">5. Press\u00e3o de Trabalho<\/td>\n<td width=\"481\">150 libras<\/td>\n<\/tr>\n<tr>\n<td width=\"200\">6. Fim da conex\u00e3o<\/td>\n<td width=\"481\">RF<\/td>\n<\/tr>\n<tr>\n<td width=\"200\">7. Temperatura de trabalho.<\/td>\n<td width=\"481\">-29~300\u00baC,<\/td>\n<\/tr>\n<tr>\n<td width=\"200\">8. Meio Adequado<\/td>\n<td width=\"481\">\u00c1gua, G\u00e1s Natural, Petr\u00f3leo e algum l\u00edquido corrosivo<\/td>\n<\/tr>\n<tr>\n<td width=\"200\">9. Operado<\/td>\n<td width=\"481\">Volante<\/td>\n<\/tr>\n<tr>\n<td width=\"200\">10. Inspe\u00e7\u00e3o e Teste<\/td>\n<td width=\"481\">De acordo com API598<\/td>\n<\/tr>\n<tr>\n<td width=\"200\"><strong>envio<\/strong><\/td>\n<td width=\"481\"><\/td>\n<\/tr>\n<tr>\n<td width=\"200\">Prazo de entrega<\/td>\n<td width=\"481\">30 dias<\/td>\n<\/tr>\n<tr>\n<td width=\"200\">Pacote<\/td>\n<td width=\"481\">Caixa de madeira compensada de exporta\u00e7\u00e3o padr\u00e3o<\/td>\n<\/tr>\n<tr>\n<td width=\"200\">Porto de embarque<\/td>\n<td width=\"481\">Ningbo\/Xangai, China<\/td>\n<\/tr>\n<tr>\n<td width=\"200\">Termos de envio<\/td>\n<td width=\"481\">Exw, FOB, CFR, CIF, etc.<\/td>\n<\/tr>\n<tr>\n<td width=\"200\">Termos de pagamento<\/td>\n<td width=\"481\">T\/T, Western Union, PayPal, etc.<\/td>\n<\/tr>\n<tr>\n<td width=\"200\"><\/td>\n<td width=\"481\">Pr\u00e9-pagamento 30%, saldo 70% pago antes do envio<\/td>\n<\/tr>\n<tr>\n<td width=\"200\">Pa\u00eds de origem<\/td>\n<td width=\"481\">Cidade de Wenzhou, China<\/td>\n<\/tr>\n<tr>\n<td width=\"200\">Capacidade de produ\u00e7\u00e3o<\/td>\n<td width=\"481\">6.000 toneladas\/ano<\/td>\n<\/tr>\n<tr>\n<td width=\"200\">Quantidade m\u00ednima<\/td>\n<td width=\"481\">1 pe\u00e7a\/tamanho<\/td>\n<\/tr>\n<\/tbody>\n<\/table>","protected":false},"excerpt":{"rendered":"<p>Modelo:Z41H-150LB-3\u2033<\/p>\n<h2>V\u00e1lvula de gaveta flangeada de a\u00e7o inoxid\u00e1vel<\/h2>\n<p>Nossa v\u00e1lvula gaveta com flange de a\u00e7o inoxid\u00e1vel \u00e9 adequada para caber entre flanges PN16 ou ANSI 150 (sujeito \u00e0 configura\u00e7\u00e3o) e projetada para isolamento em aplica\u00e7\u00f5es de l\u00edquidos qu\u00edmicos, corrosivos e semi-agressivos. Uma v\u00e1lvula de gaveta manual operada por volante com flange e v\u00e1lvula de gaveta de a\u00e7o inoxid\u00e1vel com haste ascendente. Flange ANSI 150 (ANSI B16.5) Corpo CF8M, Castelo CF8M, Assento Integral CF8M. Projetado para API 603 Face a face em conformidade com ASME B16.5. Testado de acordo com API 598 Meios: Ar, \u00e1gua, g\u00e1s, \u00f3leo e alguns \u00e1cidos<\/p>\n<p>V\u00e1lvula de gaveta flangeada de a\u00e7o inoxid\u00e1vel, corpo CF8 e guarni\u00e7\u00e3o 304, 150LB, 3 polegadas<br \/>\nAdequado para encaixe em flanges ANSI 150<br \/>\nProjetado para isolamento em aplica\u00e7\u00f5es de l\u00edquidos qu\u00edmicos, corrosivos e semi-agressivos<br \/>\nCorpo, cap\u00f4 e cunha em a\u00e7o inoxid\u00e1vel CF8<br \/>\nGaxeta de gl\u00e2ndula de PTFE\/grafite<br \/>\nConex\u00e3o final: ANSI 150,<br \/>\nTamanhos: 1\/2\u2033 a 24\u2033<br \/>\nFaixa de temperatura: -20\u00b0C a 300\u00b0C.<br \/>\nClassifica\u00e7\u00e3o de press\u00e3o: ANSI 150<\/p>\n<p>STV Valve Technology Group Co., Ltd \u00e9 um l\u00edder profissional China 150# V\u00e1lvula de gaveta de a\u00e7o inoxid\u00e1vel flangeada, V\u00e1lvula de gaveta de a\u00e7o inoxid\u00e1vel flangeada ANSI 150, V\u00e1lvula de gaveta de flange, V\u00e1lvulas de gaveta flangeadas (API 603), V\u00e1lvula de gaveta de flange de a\u00e7o inoxid\u00e1vel, Porta de a\u00e7o inoxid\u00e1vel da China Fabricante de v\u00e1lvulas com alta qualidade e pre\u00e7o competitivo.<\/p>\n<p>Entre em contato com nosso sales@stvvalve.com para outros materiais e detalhes.<\/p>\n<p>Folha de data:<br \/>\n<a href=\"https:\/\/www.stvvalves.com\/wp-content\/uploads\/2018\/11\/stainless-steel-flange-gate-valve-drawing.pdf\">V\u00e1lvula de gaveta flangeada de a\u00e7o inoxid\u00e1vel<\/a><\/p>","protected":false},"featured_media":3819,"template":"","meta":[],"product_brand":[],"product_cat":[44,60],"product_tag":[270,271,162,224,272,163,268,273],"class_list":{"0":"post-3818","1":"product","2":"type-product","3":"status-publish","4":"has-post-thumbnail","6":"product_cat-gate-valve","7":"product_cat-stainless-steel-gate-valve","8":"product_tag-150-flanged-stainless-steel-gate-valve","9":"product_tag-ansi-150-flanged-stainless-steel-gate-valve","10":"product_tag-cf8","11":"product_tag-flange-gate-valve","12":"product_tag-flanged-gate-valves-api-603","13":"product_tag-gate-valve","14":"product_tag-stainless-steel-flange-gate-valve","15":"product_tag-stainless-steel-gate-valves","17":"first","18":"outofstock","19":"shipping-taxable","20":"product-type-variable"},"_links":{"self":[{"href":"https:\/\/www.stvvalves.com\/pt\/wp-json\/wp\/v2\/product\/3818","targetHints":{"allow":["GET"]}}],"collection":[{"href":"https:\/\/www.stvvalves.com\/pt\/wp-json\/wp\/v2\/product"}],"about":[{"href":"https:\/\/www.stvvalves.com\/pt\/wp-json\/wp\/v2\/types\/product"}],"wp:featuredmedia":[{"embeddable":true,"href":"https:\/\/www.stvvalves.com\/pt\/wp-json\/wp\/v2\/media\/3819"}],"wp:attachment":[{"href":"https:\/\/www.stvvalves.com\/pt\/wp-json\/wp\/v2\/media?parent=3818"}],"wp:term":[{"taxonomy":"product_brand","embeddable":true,"href":"https:\/\/www.stvvalves.com\/pt\/wp-json\/wp\/v2\/product_brand?post=3818"},{"taxonomy":"product_cat","embeddable":true,"href":"https:\/\/www.stvvalves.com\/pt\/wp-json\/wp\/v2\/product_cat?post=3818"},{"taxonomy":"product_tag","embeddable":true,"href":"https:\/\/www.stvvalves.com\/pt\/wp-json\/wp\/v2\/product_tag?post=3818"}],"curies":[{"name":"wp","href":"https:\/\/api.w.org\/{rel}","templated":true}]}}