{"id":3830,"date":"2018-11-22T16:25:32","date_gmt":"2018-11-22T16:25:32","guid":{"rendered":"https:\/\/www.stvvalves.com\/?post_type=product&#038;p=3830"},"modified":"2025-02-19T19:52:23","modified_gmt":"2025-02-19T11:52:23","slug":"2-piece-full-port-ball-valve-cf8-body-1000wog-npt-end","status":"publish","type":"product","link":"https:\/\/www.stvvalves.com\/pt\/products\/2-piece-full-port-ball-valve-cf8-body-1000wog-npt-end\/","title":{"rendered":"V\u00e1lvula de esfera de porta completa de 2 pe\u00e7as, corpo CF8, 1000WOG, extremidade NPT"},"content":{"rendered":"<p>A v\u00e1lvula esf\u00e9rica de passagem completa de 2 pe\u00e7as \u00e9 uma v\u00e1lvula esf\u00e9rica de passagem total que n\u00e3o pode ser mantida; proporcionando opera\u00e7\u00e3o segura para aplica\u00e7\u00f5es qu\u00edmicas gerais e industriais.<\/p>\n<p>v\u00e1lvula de esfera de uso geral confi\u00e1vel. Corpo em a\u00e7o inoxid\u00e1vel e assento em PTFE preenchido com carbono.<\/p>\n<p>Apresenta uma haste \u00e0 prova de explos\u00e3o e punho isolado, al\u00e7a de alavanca com trava.<\/p>\n<p>Corpo CF8M 316 em a\u00e7o inoxid\u00e1vel<br \/>\nParafusado BSP, NPT<br \/>\nTamanhos: 1\/4\u2033 a 4\u2033<br \/>\nFaixa de temperatura: -20\u00b0C a +200\u00b0C<br \/>\nPress\u00e3o operacional: 1000 PSI (1\/4\u2033 a 2\u2033) e 800 PSI (2 1\/2\u2033 a 4\u2033)<br \/>\nMovimento: giro de 90\u00b0<\/p>\n<table>\n<tbody>\n<tr>\n<td width=\"200\"><strong>Nome do Produto<\/strong><\/td>\n<td width=\"481\">V\u00e1lvula de esfera de porta completa de 2 pe\u00e7as, corpo CF8, 1000WOG, extremidade NPT<\/td>\n<\/tr>\n<tr>\n<td width=\"200\">1. Materiais<\/td>\n<td width=\"481\">CF8<\/td>\n<\/tr>\n<tr>\n<td width=\"200\">2. Tamanho<\/td>\n<td width=\"481\">2\u201d<\/td>\n<\/tr>\n<tr>\n<td width=\"200\">4. Porto<\/td>\n<td width=\"481\">Porto completo<\/td>\n<\/tr>\n<tr>\n<td width=\"200\">5. Press\u00e3o de Trabalho<\/td>\n<td width=\"481\">1000 WOG<\/td>\n<\/tr>\n<tr>\n<td width=\"200\">6. Fim da conex\u00e3o<\/td>\n<td width=\"481\">TNP<\/td>\n<\/tr>\n<tr>\n<td width=\"200\">7. Temperatura de trabalho.<\/td>\n<td width=\"481\">-29~180\u00baC,<\/td>\n<\/tr>\n<tr>\n<td width=\"200\">8. Meio Adequado<\/td>\n<td width=\"481\">\u00c1gua, G\u00e1s Natural, Petr\u00f3leo e algum l\u00edquido corrosivo<\/td>\n<\/tr>\n<tr>\n<td width=\"200\">9. Operado<\/td>\n<td width=\"481\">Volante<\/td>\n<\/tr>\n<tr>\n<td width=\"200\">10. Inspe\u00e7\u00e3o e Teste<\/td>\n<td width=\"481\">De acordo com API598<\/td>\n<\/tr>\n<tr>\n<td width=\"200\"><strong>envio<\/strong><\/td>\n<td width=\"481\"><\/td>\n<\/tr>\n<tr>\n<td width=\"200\">Prazo de entrega<\/td>\n<td width=\"481\">30 dias<\/td>\n<\/tr>\n<tr>\n<td width=\"200\">Pacote<\/td>\n<td width=\"481\">Caixa de madeira compensada de exporta\u00e7\u00e3o padr\u00e3o<\/td>\n<\/tr>\n<tr>\n<td width=\"200\">Porto de embarque<\/td>\n<td width=\"481\">Ningbo\/Xangai, China<\/td>\n<\/tr>\n<tr>\n<td width=\"200\">Termos de envio<\/td>\n<td width=\"481\">Exw, FOB, CFR, CIF, etc.<\/td>\n<\/tr>\n<tr>\n<td width=\"200\">Termos de pagamento<\/td>\n<td width=\"481\">T\/T, Western Union, PayPal, etc.<\/td>\n<\/tr>\n<tr>\n<td width=\"200\"><\/td>\n<td width=\"481\">Pr\u00e9-pagamento 30%, saldo 70% pago antes do envio<\/td>\n<\/tr>\n<tr>\n<td width=\"200\">Pa\u00eds de origem<\/td>\n<td width=\"481\">Cidade de Wenzhou, China<\/td>\n<\/tr>\n<tr>\n<td width=\"200\">Capacidade de produ\u00e7\u00e3o<\/td>\n<td width=\"481\">6.000 toneladas\/ano<\/td>\n<\/tr>\n<tr>\n<td width=\"200\">Quantidade m\u00ednima<\/td>\n<td width=\"481\">1 pe\u00e7a\/tamanho<\/td>\n<\/tr>\n<\/tbody>\n<\/table>","protected":false},"excerpt":{"rendered":"<p>Modelo:Q11F-2-1000WOG-2\u2033<\/p>\n<p>STV Valve Technology Group Co., Ltd \u00e9 um l\u00edder profissional China V\u00e1lvula de esfera de 1 polegada, v\u00e1lvula de esfera de 2 polegadas, v\u00e1lvula de esfera de 3 polegadas, v\u00e1lvula de esfera de 4 polegadas, v\u00e1lvula de esfera de g\u00e1s, v\u00e1lvula de esfera, v\u00e1lvula de esfera flutuante, v\u00e1lvula de esfera de a\u00e7o inoxid\u00e1vel, rosqueada v\u00e1lvula de esfera, v\u00e1lvula de esfera de porta completa, v\u00e1lvula de esfera com trava, v\u00e1lvula de esfera de alavanca, fabricante de v\u00e1lvula de esfera pequena com alta qualidade e pre\u00e7o competitivo.<\/p>\n<p>Entre em contato com nosso sales@stvvalve.com para outros materiais e detalhes.<\/p>\n<p>Folha de data:<a href=\"https:\/\/www.stvvalves.com\/wp-content\/uploads\/2018\/11\/2-Piece-Full-Port-Ball-Valve-CF8-Body-1000WOG-NPT-End-drawing.jpg\">V\u00e1lvula de esfera de porta completa de 2 pe\u00e7as, corpo CF8, 1000WOG, extremidade NPT<\/a><\/p>","protected":false},"featured_media":3831,"template":"","meta":[],"product_brand":[],"product_cat":[43,79],"product_tag":[166,158,167,168,125,156,170,996,157,161,686,159,169],"class_list":{"0":"post-3830","1":"product","2":"type-product","3":"status-publish","4":"has-post-thumbnail","6":"product_cat-ball-valve","7":"product_cat-threaded-ball-valve","8":"product_tag-1-inch-ball-valve","9":"product_tag-2-inch-ball-valve","10":"product_tag-3-inch-ball-valv","11":"product_tag-4-inch-ball-valve","12":"product_tag-floating-ball-valve","13":"product_tag-full-port-ball-valve","14":"product_tag-gas-ball-valve","15":"product_tag-lever-ball-valve","16":"product_tag-lockable-ball-valve","17":"product_tag-small-ball-valve","18":"product_tag-stainless-steel-ball-valve","19":"product_tag-threaded-ball-valve","20":"product_tag-water-ball-valve","22":"first","23":"instock","24":"shipping-taxable","25":"product-type-grouped"},"_links":{"self":[{"href":"https:\/\/www.stvvalves.com\/pt\/wp-json\/wp\/v2\/product\/3830","targetHints":{"allow":["GET"]}}],"collection":[{"href":"https:\/\/www.stvvalves.com\/pt\/wp-json\/wp\/v2\/product"}],"about":[{"href":"https:\/\/www.stvvalves.com\/pt\/wp-json\/wp\/v2\/types\/product"}],"wp:featuredmedia":[{"embeddable":true,"href":"https:\/\/www.stvvalves.com\/pt\/wp-json\/wp\/v2\/media\/3831"}],"wp:attachment":[{"href":"https:\/\/www.stvvalves.com\/pt\/wp-json\/wp\/v2\/media?parent=3830"}],"wp:term":[{"taxonomy":"product_brand","embeddable":true,"href":"https:\/\/www.stvvalves.com\/pt\/wp-json\/wp\/v2\/product_brand?post=3830"},{"taxonomy":"product_cat","embeddable":true,"href":"https:\/\/www.stvvalves.com\/pt\/wp-json\/wp\/v2\/product_cat?post=3830"},{"taxonomy":"product_tag","embeddable":true,"href":"https:\/\/www.stvvalves.com\/pt\/wp-json\/wp\/v2\/product_tag?post=3830"}],"curies":[{"name":"wp","href":"https:\/\/api.w.org\/{rel}","templated":true}]}}