{"id":3850,"date":"2018-11-23T06:31:47","date_gmt":"2018-11-23T06:31:47","guid":{"rendered":"https:\/\/www.stvvalves.com\/?post_type=product&#038;p=3850"},"modified":"2025-02-19T19:50:47","modified_gmt":"2025-02-19T11:50:47","slug":"1pc-ball-valve-reducer-port-cf8-body-lever-operated","status":"publish","type":"product","link":"https:\/\/www.stvvalves.com\/pt\/products\/1pc-ball-valve-reducer-port-cf8-body-lever-operated\/","title":{"rendered":"V\u00e1lvula de esfera de 1 unidade, porta redutora, corpo CF8, operada por alavanca"},"content":{"rendered":"<p>Caracter\u00edsticas principais:<br \/>\nConex\u00f5es finais parafusadas BSP ou NPT<br \/>\nCF8M A\u00e7o Inoxid\u00e1vel<br \/>\nAssento PTFE<br \/>\nTamanhos: 1\/4\u2033 a 4\u2033<br \/>\nFaixa de temperatura: -20 \u00b0C a +180 \u00b0C<br \/>\nPress\u00e3o operacional: 1000 WOG<br \/>\nMovimento: giro de 90\u00b0<\/p>\n<table>\n<tbody>\n<tr>\n<td width=\"200\"><strong>Nome do Produto<\/strong><\/td>\n<td width=\"481\">V\u00e1lvula de esfera de 1 unidade, porta redutora, corpo CF8, operada por alavanca<\/td>\n<\/tr>\n<tr>\n<td width=\"200\">1. Materiais<\/td>\n<td width=\"481\">CF8<\/td>\n<\/tr>\n<tr>\n<td width=\"200\">2. Tamanho<\/td>\n<td width=\"481\">2\u201d<\/td>\n<\/tr>\n<tr>\n<td width=\"200\">4. Porto<\/td>\n<td width=\"481\">Porto completo<\/td>\n<\/tr>\n<tr>\n<td width=\"200\">5. Press\u00e3o de Trabalho<\/td>\n<td width=\"481\">1000 WOG<\/td>\n<\/tr>\n<tr>\n<td width=\"200\">6. Fim da conex\u00e3o<\/td>\n<td width=\"481\">TNP<\/td>\n<\/tr>\n<tr>\n<td width=\"200\">7. Temperatura de trabalho.<\/td>\n<td width=\"481\">-29~120\u00baC,<\/td>\n<\/tr>\n<tr>\n<td width=\"200\">8. Meio Adequado<\/td>\n<td width=\"481\">\u00c1gua, G\u00e1s Natural, Petr\u00f3leo e algum l\u00edquido corrosivo<\/td>\n<\/tr>\n<tr>\n<td width=\"200\">9. Operado<\/td>\n<td width=\"481\">Volante<\/td>\n<\/tr>\n<tr>\n<td width=\"200\">10. Inspe\u00e7\u00e3o e Teste<\/td>\n<td width=\"481\">De acordo com API598<\/td>\n<\/tr>\n<tr>\n<td width=\"200\"><strong>envio<\/strong><\/td>\n<td width=\"481\"><\/td>\n<\/tr>\n<tr>\n<td width=\"200\">Prazo de entrega<\/td>\n<td width=\"481\">30 dias<\/td>\n<\/tr>\n<tr>\n<td width=\"200\">Pacote<\/td>\n<td width=\"481\">Caixa de madeira compensada de exporta\u00e7\u00e3o padr\u00e3o<\/td>\n<\/tr>\n<tr>\n<td width=\"200\">Porto de embarque<\/td>\n<td width=\"481\">Ningbo\/Xangai, China<\/td>\n<\/tr>\n<tr>\n<td width=\"200\">Termos de envio<\/td>\n<td width=\"481\">Exw, FOB, CFR, CIF, etc.<\/td>\n<\/tr>\n<tr>\n<td width=\"200\">Termos de pagamento<\/td>\n<td width=\"481\">T\/T, Western Union, PayPal, etc.<\/td>\n<\/tr>\n<tr>\n<td width=\"200\"><\/td>\n<td width=\"481\">Pr\u00e9-pagamento 30%, saldo 70% pago antes do envio<\/td>\n<\/tr>\n<tr>\n<td width=\"200\">Pa\u00eds de origem<\/td>\n<td width=\"481\">Cidade de Wenzhou, China<\/td>\n<\/tr>\n<tr>\n<td width=\"200\">Capacidade de produ\u00e7\u00e3o<\/td>\n<td width=\"481\">6.000 toneladas\/ano<\/td>\n<\/tr>\n<tr>\n<td width=\"200\">Quantidade m\u00ednima<\/td>\n<td width=\"481\">1 pe\u00e7a\/tamanho<\/td>\n<\/tr>\n<\/tbody>\n<\/table>","protected":false},"excerpt":{"rendered":"<p>Modelo:Q11F-1-1000WOG-2\u2033<\/p>\n<p>V\u00e1lvula esf\u00e9rica 1PC, porta redutora, corpo CF8, operada por alavanca \u00e9 uma pe\u00e7a \u00fanica n\u00e3o sustent\u00e1vel, furo reduzido, v\u00e1lvula esf\u00e9rica f\u00eamea\/f\u00eamea; proporcionando opera\u00e7\u00e3o segura para aplica\u00e7\u00f5es qu\u00edmicas gerais e industriais.<\/p>\n<p>Uma v\u00e1lvula esfera econ\u00f4mica, compacta e confi\u00e1vel com corpo em a\u00e7o inoxid\u00e1vel CF8M e sede em PTFE.<\/p>\n<p>Usado para \u201cdesligar\u201d fluxos m\u00e9dios em uma ampla gama de tarefas l\u00edquidas e gasosas, incluindo drenagem e purga, isolamento de medi\u00e7\u00e3o e pontos de teste.<\/p>\n<p>Apresenta uma haste \u00e0 prova de explos\u00e3o e punho isolado, al\u00e7a de alavanca com trava.<\/p>\n<p>STV Valve Technology Group Co., Ltd \u00e9 um l\u00edder profissional China V\u00e1lvula de esfera 1Pc, V\u00e1lvula de esfera CF8M, V\u00e1lvula de esfera de porta redutora, Vave de esfera de fundi\u00e7\u00e3o, V\u00e1lvula de esfera de extremidade NPT, V\u00e1lvula de esfera de 2 polegadas, V\u00e1lvula de esfera de 3 polegadas, V\u00e1lvula de esfera de 4 polegadas , v\u00e1lvula de esfera de \u00e1gua, v\u00e1lvula de esfera de g\u00e1s, v\u00e1lvula de esfera rosqueada, v\u00e1lvula de esfera com trava, v\u00e1lvula de esfera de alavanca, v\u00e1lvula de esfera pequena, mini v\u00e1lvula de esfera Fabricante com alta qualidade e pre\u00e7o competitivo.<\/p>\n<p>Entre em contato com nosso sales@stvvalve.com para outros materiais e detalhes.Folha de dados:<br \/>\n<a href=\"https:\/\/www.stvvalves.com\/wp-content\/uploads\/2018\/11\/1PC-Ball-Valve-Reducer-Port-CF8-Body-Lever-Operated-Drawing.pdf\">V\u00e1lvula de esfera 1PC<\/a><\/p>","protected":false},"featured_media":3852,"template":"","meta":[],"product_brand":[],"product_cat":[43,79],"product_tag":[176,158,1003,168,1001,174,170,996,157,202,1002,175,161,159,169],"class_list":{"0":"post-3850","1":"product","2":"type-product","3":"status-publish","4":"has-post-thumbnail","6":"product_cat-ball-valve","7":"product_cat-threaded-ball-valve","8":"product_tag-1pc-ball-valve","9":"product_tag-2-inch-ball-valve","10":"product_tag-3-inch-ball-valve","11":"product_tag-4-inch-ball-valve","12":"product_tag-casting-ball-vave","13":"product_tag-cf8m-ball-valve","14":"product_tag-gas-ball-valve","15":"product_tag-lever-ball-valve","16":"product_tag-lockable-ball-valve","17":"product_tag-mini-ball-valve","18":"product_tag-npt-end-ball-ball-valve","19":"product_tag-reducer-port-ball-valve","20":"product_tag-small-ball-valve","21":"product_tag-threaded-ball-valve","22":"product_tag-water-ball-valve","24":"first","25":"instock","26":"shipping-taxable","27":"product-type-simple"},"_links":{"self":[{"href":"https:\/\/www.stvvalves.com\/pt\/wp-json\/wp\/v2\/product\/3850","targetHints":{"allow":["GET"]}}],"collection":[{"href":"https:\/\/www.stvvalves.com\/pt\/wp-json\/wp\/v2\/product"}],"about":[{"href":"https:\/\/www.stvvalves.com\/pt\/wp-json\/wp\/v2\/types\/product"}],"wp:featuredmedia":[{"embeddable":true,"href":"https:\/\/www.stvvalves.com\/pt\/wp-json\/wp\/v2\/media\/3852"}],"wp:attachment":[{"href":"https:\/\/www.stvvalves.com\/pt\/wp-json\/wp\/v2\/media?parent=3850"}],"wp:term":[{"taxonomy":"product_brand","embeddable":true,"href":"https:\/\/www.stvvalves.com\/pt\/wp-json\/wp\/v2\/product_brand?post=3850"},{"taxonomy":"product_cat","embeddable":true,"href":"https:\/\/www.stvvalves.com\/pt\/wp-json\/wp\/v2\/product_cat?post=3850"},{"taxonomy":"product_tag","embeddable":true,"href":"https:\/\/www.stvvalves.com\/pt\/wp-json\/wp\/v2\/product_tag?post=3850"}],"curies":[{"name":"wp","href":"https:\/\/api.w.org\/{rel}","templated":true}]}}