{"id":3857,"date":"2018-11-23T07:01:23","date_gmt":"2018-11-23T07:01:23","guid":{"rendered":"https:\/\/www.stvvalves.com\/?post_type=product&#038;p=3857"},"modified":"2025-02-17T18:17:57","modified_gmt":"2025-02-17T10:17:57","slug":"din-flange-ball-valve-pn16-cf8m-with-iso5211-direct-mounting-pad","status":"publish","type":"product","link":"https:\/\/www.stvvalves.com\/pt\/products\/din-flange-ball-valve-pn16-cf8m-with-iso5211-direct-mounting-pad\/","title":{"rendered":"V\u00e1lvula de esfera de flange DIN, PN16, CF8M, com almofada de montagem direta ISO5211"},"content":{"rendered":"<p>1. Conformidade padr\u00e3o: API6D, API 608 ANSI B16.34 BS5351<br \/>\n2. Presencialmente: ANSI B16.10<br \/>\n3. RF, Dimens\u00f5es do flange RTJ: ANSI B16.5 para 24\u2033<br \/>\n4. Extremidade de solda de topo: ANSI B16.25<br \/>\n5. Classifica\u00e7\u00e3o de press\u00e3o: ANSI B16.34<br \/>\n6. Materiais: CF8M (SS316), CF8 (SS304) CF3M (SS316L), CF3 (SS304L), WCB,DIN 1.4408\/1.4308\/1.0619<br \/>\n7. Temperatura adequada: -196\u00baC~550\u00baC<br \/>\n8. Meio Adequado: \u00c1gua, G\u00e1s Natural, Petr\u00f3leo, etc.<\/p>\n<p>2. API DIN JIS GB Flange de a\u00e7o inoxid\u00e1vel com fluxo total da v\u00e1lvula de esfera de fluxo reduzido Caracter\u00edsticas:<\/p>\n<p>1. Corpo de fundi\u00e7\u00e3o de investimento (2\u2033~48\u2033)<br \/>\n2. Bola montada em munh\u00e3o projetada<br \/>\n3. Haste anti-explos\u00e3o<br \/>\n4. Assento de metal com metal (op\u00e7\u00e3o)<br \/>\n5. Dispositivo antiest\u00e1tico<br \/>\n6. Projetado para prote\u00e7\u00e3o contra inc\u00eandio (op\u00e7\u00e3o)<br \/>\n7. Teste e inspe\u00e7\u00e3o: API 598 EN12266<\/p>\n<p>3. API DIN JIS GB Flange de a\u00e7o inoxid\u00e1vel com fluxo total e fluxo reduzido Operador de v\u00e1lvula de esfera:<\/p>\n<p>1. Alavanca<br \/>\n2. Atuador de engrenagem helicoidal<br \/>\n3. Atuador el\u00e9trico e pneum\u00e1tico<\/p>\n<table>\n<tbody>\n<tr>\n<td width=\"200\"><strong>Nome do Produto<\/strong><\/td>\n<td width=\"481\">V\u00e1lvula de esfera de flange DIN, PN16, CF8M, com almofada de montagem direta ISO5211<\/td>\n<\/tr>\n<tr>\n<td width=\"200\">1. Materiais<\/td>\n<td width=\"481\">316<\/td>\n<\/tr>\n<tr>\n<td width=\"200\">2. Tamanho<\/td>\n<td width=\"481\">3\u201d<\/td>\n<\/tr>\n<tr>\n<td width=\"200\">4. Porto<\/td>\n<td width=\"481\">Porto completo<\/td>\n<\/tr>\n<tr>\n<td width=\"200\">5. Press\u00e3o de Trabalho<\/td>\n<td width=\"481\">PN16<\/td>\n<\/tr>\n<tr>\n<td width=\"200\">6. Fim da conex\u00e3o<\/td>\n<td width=\"481\">RF<\/td>\n<\/tr>\n<tr>\n<td width=\"200\">7. Temperatura de trabalho.<\/td>\n<td width=\"481\">-29~180\u00baC,<\/td>\n<\/tr>\n<tr>\n<td width=\"200\">8. Meio Adequado<\/td>\n<td width=\"481\">\u00c1gua, G\u00e1s Natural, Petr\u00f3leo e algum l\u00edquido corrosivo<\/td>\n<\/tr>\n<tr>\n<td width=\"200\">9. Operado<\/td>\n<td width=\"481\">Volante<\/td>\n<\/tr>\n<tr>\n<td width=\"200\">10. Inspe\u00e7\u00e3o e Teste<\/td>\n<td width=\"481\">De acordo com API598<\/td>\n<\/tr>\n<tr>\n<td width=\"200\"><strong>envio<\/strong><\/td>\n<td width=\"481\"><\/td>\n<\/tr>\n<tr>\n<td width=\"200\">Prazo de entrega<\/td>\n<td width=\"481\">30 dias<\/td>\n<\/tr>\n<tr>\n<td width=\"200\">Pacote<\/td>\n<td width=\"481\">Caixa de madeira compensada de exporta\u00e7\u00e3o padr\u00e3o<\/td>\n<\/tr>\n<tr>\n<td width=\"200\">Porto de embarque<\/td>\n<td width=\"481\">Ningbo\/Xangai, China<\/td>\n<\/tr>\n<tr>\n<td width=\"200\">Termos de envio<\/td>\n<td width=\"481\">Exw, FOB, CFR, CIF, etc.<\/td>\n<\/tr>\n<tr>\n<td width=\"200\">Termos de pagamento<\/td>\n<td width=\"481\">T\/T, Western Union, PayPal, etc.<\/td>\n<\/tr>\n<tr>\n<td width=\"200\"><\/td>\n<td width=\"481\">Pr\u00e9-pagamento 30%, saldo 70% pago antes do envio<\/td>\n<\/tr>\n<tr>\n<td width=\"200\">Pa\u00eds de origem<\/td>\n<td width=\"481\">Cidade de Wenzhou, China<\/td>\n<\/tr>\n<tr>\n<td width=\"200\">Capacidade de produ\u00e7\u00e3o<\/td>\n<td width=\"481\">6.000 toneladas\/ano<\/td>\n<\/tr>\n<tr>\n<td width=\"200\">Quantidade m\u00ednima<\/td>\n<td width=\"481\">1 pe\u00e7a\/tamanho<\/td>\n<\/tr>\n<\/tbody>\n<\/table>","protected":false},"excerpt":{"rendered":"<p>Modelo:Q41F-PN16-1\/2\u2033<\/p>\n<p>A montagem direta da v\u00e1lvula esf\u00e9rica com flange DIN fornece opera\u00e7\u00e3o segura para aplica\u00e7\u00f5es qu\u00edmicas gerais e industriais e ambientes perigosos. V\u00e1lvula full bore de alto desempenho com corpo em a\u00e7o inoxid\u00e1vel, sede refor\u00e7ada em PTFE, veda\u00e7\u00e3o em grafite e topo de montagem ISO para atua\u00e7\u00e3o.<\/p>\n<p>Beneficiando de um corpo dividido, design de duas pe\u00e7as, Fire Safe certificado para API607 4\u00aa edi\u00e7\u00e3o com uma mola antiest\u00e1tica &#039;haste-a-esfera&#039; e &#039;haste-a-corpo&#039; instalada como padr\u00e3o.<\/p>\n<p>Caracter\u00edsticas principais:<br \/>\nDispon\u00edvel em PN16, tamanhos: 1\/2\u2033 a 8\u2033.<br \/>\nFaixa de temperatura: -20\u00b0C a 180\u00b0C.<br \/>\nPress\u00e3o operacional: classifica\u00e7\u00e3o PN16.<br \/>\nPunho isolado, alavanca com trava.<br \/>\nMovimento: giro de 90\u00b0.<\/p>\n<p>STV Valve Technology Group Co., Ltd \u00e9 um l\u00edder profissional China v\u00e1lvula de esfera de alavanca, v\u00e1lvula de esfera com trava, v\u00e1lvula de esfera de porta completa, v\u00e1lvula de esfera de furo completo flangeada, v\u00e1lvula de esfera tipo flange DN 65, v\u00e1lvula de esfera de veda\u00e7\u00e3o macia com flange DIN, China PN16-PN40 Fabricante de v\u00e1lvula esf\u00e9rica com alta qualidade e pre\u00e7o competitivo.<\/p>\n<p>Entre em contato com nosso sales@stvvalve.com para outros materiais e detalhes.<\/p>\n<p>Folha de data:<a href=\"https:\/\/www.stvvalves.com\/wp-content\/uploads\/2018\/12\/pn16-flange-ball-valve-with-direct-mount-drawing.pdf\">V\u00e1lvula de esfera de flange DIN, PN16, CF8M, com almofada de montagem direta ISO5211<\/a><\/p>","protected":false},"featured_media":3858,"template":"","meta":[],"product_brand":[],"product_cat":[43,80,53],"product_tag":[178,993,994,177,995,156,996,157,992],"class_list":{"0":"post-3857","1":"product","2":"type-product","3":"status-publish","4":"has-post-thumbnail","6":"product_cat-ball-valve","7":"product_cat-flange-ball-valve","8":"product_cat-stainless-steel-ball-valve","9":"product_tag-din-ball-valve","10":"product_tag-din-flange-soft-seal-ball-valve","11":"product_tag-flange-type-ball-valve-dn-65","12":"product_tag-flanged-ball-valve","13":"product_tag-flanged-full-bore-ball-valve","14":"product_tag-full-port-ball-valve","15":"product_tag-lever-ball-valve","16":"product_tag-lockable-ball-valve","17":"product_tag-pn16-pn40-ball-valve","19":"first","20":"instock","21":"shipping-taxable","22":"product-type-simple"},"_links":{"self":[{"href":"https:\/\/www.stvvalves.com\/pt\/wp-json\/wp\/v2\/product\/3857","targetHints":{"allow":["GET"]}}],"collection":[{"href":"https:\/\/www.stvvalves.com\/pt\/wp-json\/wp\/v2\/product"}],"about":[{"href":"https:\/\/www.stvvalves.com\/pt\/wp-json\/wp\/v2\/types\/product"}],"wp:featuredmedia":[{"embeddable":true,"href":"https:\/\/www.stvvalves.com\/pt\/wp-json\/wp\/v2\/media\/3858"}],"wp:attachment":[{"href":"https:\/\/www.stvvalves.com\/pt\/wp-json\/wp\/v2\/media?parent=3857"}],"wp:term":[{"taxonomy":"product_brand","embeddable":true,"href":"https:\/\/www.stvvalves.com\/pt\/wp-json\/wp\/v2\/product_brand?post=3857"},{"taxonomy":"product_cat","embeddable":true,"href":"https:\/\/www.stvvalves.com\/pt\/wp-json\/wp\/v2\/product_cat?post=3857"},{"taxonomy":"product_tag","embeddable":true,"href":"https:\/\/www.stvvalves.com\/pt\/wp-json\/wp\/v2\/product_tag?post=3857"}],"curies":[{"name":"wp","href":"https:\/\/api.w.org\/{rel}","templated":true}]}}