{"id":3864,"date":"2018-11-24T07:12:54","date_gmt":"2018-11-24T07:12:54","guid":{"rendered":"https:\/\/www.stvvalves.com\/?post_type=product&#038;p=3864"},"modified":"2025-02-17T18:17:56","modified_gmt":"2025-02-17T10:17:56","slug":"screwed-stainless-steel-gate-valve-200psi-cf8m-body-npt-end","status":"publish","type":"product","link":"https:\/\/www.stvvalves.com\/pt\/products\/screwed-stainless-steel-gate-valve-200psi-cf8m-body-npt-end\/","title":{"rendered":"V\u00e1lvula de gaveta de a\u00e7o inoxid\u00e1vel parafusada, 200 PSI, corpo CF8M, extremidade NPT"},"content":{"rendered":"<p>Material; A\u00e7o inoxid\u00e1vel 304\/316<\/p>\n<p>Fim do t\u00f3pico: BSP. BSPT, NPT, DIN2999<\/p>\n<p>Press\u00e3o: 200WOG<\/p>\n<p>Meios adequados: \u00c1gua, \u00f3leo, g\u00e1s<\/p>\n<p>As especifica\u00e7\u00f5es podem ser projetadas e satisfeitas para requisitos especiais dos clientes<\/p>\n<p>Qualquer interesse que voc\u00ea tenha, entre em contato conosco livremente.<\/p>\n<table>\n<tbody>\n<tr>\n<td width=\"200\"><strong><b>Nome do Produto<\/b><\/strong><\/td>\n<td width=\"481\">V\u00e1lvula de gaveta de a\u00e7o inoxid\u00e1vel parafusada, 200 PSI, corpo CF8M, extremidade NPT<\/td>\n<\/tr>\n<tr>\n<td width=\"200\">1. Materiais<\/td>\n<td width=\"481\">304<\/td>\n<\/tr>\n<tr>\n<td width=\"200\">2. Tamanho<\/td>\n<td width=\"481\">11\/4\u201d<\/td>\n<\/tr>\n<tr>\n<td width=\"200\">4. Porto<\/td>\n<td width=\"481\">Porto completo<\/td>\n<\/tr>\n<tr>\n<td width=\"200\">5. Press\u00e3o de Trabalho<\/td>\n<td width=\"481\">200 gramas<\/td>\n<\/tr>\n<tr>\n<td width=\"200\">6. Fim da conex\u00e3o<\/td>\n<td width=\"481\">TNP<\/td>\n<\/tr>\n<tr>\n<td width=\"200\">7. Temperatura de trabalho.<\/td>\n<td width=\"481\">-29~120\u00baC,<\/td>\n<\/tr>\n<tr>\n<td width=\"200\">8. Meio Adequado<\/td>\n<td width=\"481\">\u00c1gua, G\u00e1s Natural, Petr\u00f3leo e algum l\u00edquido corrosivo<\/td>\n<\/tr>\n<tr>\n<td width=\"200\">9. Operado<\/td>\n<td width=\"481\">Volante<\/td>\n<\/tr>\n<tr>\n<td width=\"200\">10. Inspe\u00e7\u00e3o e Teste<\/td>\n<td width=\"481\">De acordo comAPI 598<\/td>\n<\/tr>\n<tr>\n<td width=\"200\"><strong><b>envio<\/b><\/strong><\/td>\n<td width=\"481\"><\/td>\n<\/tr>\n<tr>\n<td width=\"200\">Prazo de entrega<\/td>\n<td width=\"481\">30 dias<\/td>\n<\/tr>\n<tr>\n<td width=\"200\">Pacote<\/td>\n<td width=\"481\">Caixa de madeira compensada de exporta\u00e7\u00e3o padr\u00e3o<\/td>\n<\/tr>\n<tr>\n<td width=\"200\">Porto de embarque<\/td>\n<td width=\"481\">Ningbo\/Xangai, China<\/td>\n<\/tr>\n<tr>\n<td width=\"200\">Termos de envio<\/td>\n<td width=\"481\">Exw, FOB, CFR, CIF, etc.<\/td>\n<\/tr>\n<tr>\n<td width=\"200\">Termos de pagamento<\/td>\n<td width=\"481\">T\/T, Western Union, PayPal, etc.<\/td>\n<\/tr>\n<tr>\n<td width=\"200\"><\/td>\n<td width=\"481\">Pr\u00e9-pagamento 30%, saldo 70% pago antes do envio<\/td>\n<\/tr>\n<tr>\n<td width=\"200\">Pa\u00eds de origem<\/td>\n<td width=\"481\">Cidade de Wenzhou, China<\/td>\n<\/tr>\n<tr>\n<td width=\"200\">Capacidade de produ\u00e7\u00e3o<\/td>\n<td width=\"481\">6.000 toneladas\/ano<\/td>\n<\/tr>\n<tr>\n<td width=\"200\">Quantidade m\u00ednima<\/td>\n<td width=\"481\">10 unidades\/tamanho<\/td>\n<\/tr>\n<\/tbody>\n<\/table>","protected":false},"excerpt":{"rendered":"<p>Modelo: KZ15W-200WOG-11\/4<\/p>\n<p>V\u00e1lvula de gaveta de a\u00e7o inoxid\u00e1vel parafusada, 200 PSI, corpo CF8M, extremidade NPT<br \/>\nNossa v\u00e1lvula gaveta roscada de a\u00e7o inoxid\u00e1vel \u00e9 adequada para aplica\u00e7\u00f5es industriais de uso geral, fluidos e produtos qu\u00edmicos agressivos. Uma v\u00e1lvula manual robusta com classifica\u00e7\u00e3o de 200 PSI, corpo em a\u00e7o inoxid\u00e1vel e haste n\u00e3o ascendente, volante operado em conex\u00f5es finais BSP aparafusadas e classifica\u00e7\u00e3o de 200 PSI.<\/p>\n<p>As v\u00e1lvulas gaveta aparafusadas em a\u00e7o inoxid\u00e1vel s\u00e3o isentas de manuten\u00e7\u00e3o, econ\u00f4micas e apresentam corpo em a\u00e7o inoxid\u00e1vel 316, castelo e volante pintado em ferro d\u00factil.<\/p>\n<p>Caracter\u00edsticas principais:<br \/>\nDispon\u00edvel em BSP parafusado, NPT<br \/>\ntamanhos: 1\/2\u2033 a 4\u2033.<br \/>\nCorpo em a\u00e7o inoxid\u00e1vel com veda\u00e7\u00f5es em PTFE.<br \/>\nFaixa de temperatura: -20\u00b0C a 180\u00b0C.<br \/>\nClassifica\u00e7\u00e3o de press\u00e3o: 200 PSI.<br \/>\nHaste n\u00e3o ascendente do volante de design<br \/>\nFabricante STV<br \/>\nSTV Valve Technology Group Co., Ltd \u00e9 um l\u00edder profissional China V\u00e1lvula de gaveta de a\u00e7o inoxid\u00e1vel parafusada, V\u00e1lvula de gaveta 200PSI, V\u00e1lvula de gaveta CF8M, Fabrica\u00e7\u00e3o de v\u00e1lvula de gaveta final NPT com alta qualidade e pre\u00e7o competitivo.<\/p>\n<p>Entre em contato com nosso sales@stvvalve.com para outros materiais e detalhes.<br \/>\nFolha de data:<\/p>\n<p><a href=\"https:\/\/www.stvvalves.com\/wp-content\/uploads\/2018\/11\/Screwed-Stainless-Steel-Gate-Valve-200PSI-CF8M-Body-NPT-End-drawing.pdf\">V\u00e1lvula de gaveta de a\u00e7o inoxid\u00e1vel parafusada<\/a><\/p>","protected":false},"featured_media":3865,"template":"","meta":[],"product_brand":[],"product_cat":[44,60],"product_tag":[163,179,180],"class_list":{"0":"post-3864","1":"product","2":"type-product","3":"status-publish","4":"has-post-thumbnail","6":"product_cat-gate-valve","7":"product_cat-stainless-steel-gate-valve","8":"product_tag-gate-valve","9":"product_tag-screwed-gate-valve","10":"product_tag-screwed-stainless-steel-gate-valve","12":"first","13":"instock","14":"shipping-taxable","15":"product-type-simple"},"_links":{"self":[{"href":"https:\/\/www.stvvalves.com\/pt\/wp-json\/wp\/v2\/product\/3864","targetHints":{"allow":["GET"]}}],"collection":[{"href":"https:\/\/www.stvvalves.com\/pt\/wp-json\/wp\/v2\/product"}],"about":[{"href":"https:\/\/www.stvvalves.com\/pt\/wp-json\/wp\/v2\/types\/product"}],"wp:featuredmedia":[{"embeddable":true,"href":"https:\/\/www.stvvalves.com\/pt\/wp-json\/wp\/v2\/media\/3865"}],"wp:attachment":[{"href":"https:\/\/www.stvvalves.com\/pt\/wp-json\/wp\/v2\/media?parent=3864"}],"wp:term":[{"taxonomy":"product_brand","embeddable":true,"href":"https:\/\/www.stvvalves.com\/pt\/wp-json\/wp\/v2\/product_brand?post=3864"},{"taxonomy":"product_cat","embeddable":true,"href":"https:\/\/www.stvvalves.com\/pt\/wp-json\/wp\/v2\/product_cat?post=3864"},{"taxonomy":"product_tag","embeddable":true,"href":"https:\/\/www.stvvalves.com\/pt\/wp-json\/wp\/v2\/product_tag?post=3864"}],"curies":[{"name":"wp","href":"https:\/\/api.w.org\/{rel}","templated":true}]}}