{"id":3897,"date":"2018-11-24T14:47:41","date_gmt":"2018-11-24T14:47:41","guid":{"rendered":"https:\/\/www.stvvalves.com\/?post_type=product&#038;p=3897"},"modified":"2024-12-25T15:00:17","modified_gmt":"2024-12-25T07:00:17","slug":"screwed-stainless-steel-globe-valve","status":"publish","type":"product","link":"https:\/\/www.stvvalves.com\/pt\/products\/screwed-stainless-steel-globe-valve\/","title":{"rendered":"V\u00e1lvula globo de a\u00e7o inoxid\u00e1vel parafusada"},"content":{"rendered":"<p>Final rosqueado: ANSI B2.1,BS 21:1973,<br \/>\nDIN 259\/2999, ISO 228<br \/>\nEstrutura: v\u00e1lvula globo<br \/>\nPress\u00e3o: 200 PSI<br \/>\nTamanho da porta: padr\u00e3o<br \/>\nMaterial: WCB,304.316<br \/>\nSize: 1\/2\u2033-4\u2033<br \/>\nRoda do punho<\/p>\n<table>\n<tbody>\n<tr>\n<td width=\"200\"><strong>Nome do Produto<\/strong><\/td>\n<td width=\"481\">V\u00e1lvula globo de a\u00e7o inoxid\u00e1vel, CF8,3 polegadas, 200 WOG, extremidade NPT<\/td>\n<\/tr>\n<tr>\n<td width=\"200\">1. Materiais<\/td>\n<td width=\"481\">CF8M<\/td>\n<\/tr>\n<tr>\n<td width=\"200\">2. Tamanho<\/td>\n<td width=\"481\">11\/2\u201d<\/td>\n<\/tr>\n<tr>\n<td width=\"200\">4. Porto<\/td>\n<td width=\"481\">Porto completo<\/td>\n<\/tr>\n<tr>\n<td width=\"200\">5. Press\u00e3o de Trabalho<\/td>\n<td width=\"481\">200 WOG<\/td>\n<\/tr>\n<tr>\n<td width=\"200\">6. Fim da conex\u00e3o<\/td>\n<td width=\"481\">TNP<\/td>\n<\/tr>\n<tr>\n<td width=\"200\">7. Temperatura de trabalho.<\/td>\n<td width=\"481\">-29~120\u00baC,<\/td>\n<\/tr>\n<tr>\n<td width=\"200\">8. Meio Adequado<\/td>\n<td width=\"481\">\u00c1gua, G\u00e1s Natural, Petr\u00f3leo e algum l\u00edquido corrosivo<\/td>\n<\/tr>\n<tr>\n<td width=\"200\">9. Operado<\/td>\n<td width=\"481\">Volante<\/td>\n<\/tr>\n<tr>\n<td width=\"200\">10. Inspe\u00e7\u00e3o e Teste<\/td>\n<td width=\"481\">De acordo com API598<\/td>\n<\/tr>\n<tr>\n<td width=\"200\"><strong>envio<\/strong><\/td>\n<td width=\"481\"><\/td>\n<\/tr>\n<tr>\n<td width=\"200\">Prazo de entrega<\/td>\n<td width=\"481\">30 dias<\/td>\n<\/tr>\n<tr>\n<td width=\"200\">Pacote<\/td>\n<td width=\"481\">Caixa de madeira compensada de exporta\u00e7\u00e3o padr\u00e3o<\/td>\n<\/tr>\n<tr>\n<td width=\"200\">Porto de embarque<\/td>\n<td width=\"481\">Ningbo\/Xangai, China<\/td>\n<\/tr>\n<tr>\n<td width=\"200\">Termos de envio<\/td>\n<td width=\"481\">Exw, FOB, CFR, CIF, etc.<\/td>\n<\/tr>\n<tr>\n<td width=\"200\">Termos de pagamento<\/td>\n<td width=\"481\">T\/T, Western Union, PayPal, etc.<\/td>\n<\/tr>\n<tr>\n<td width=\"200\"><\/td>\n<td width=\"481\">Pr\u00e9-pagamento 30%, saldo 70% pago antes do envio<\/td>\n<\/tr>\n<tr>\n<td width=\"200\">Pa\u00eds de origem<\/td>\n<td width=\"481\">Cidade de Wenzhou, China<\/td>\n<\/tr>\n<tr>\n<td width=\"200\">Capacidade de produ\u00e7\u00e3o<\/td>\n<td width=\"481\">6.000 toneladas\/ano<\/td>\n<\/tr>\n<tr>\n<td width=\"200\">Quantidade m\u00ednima<\/td>\n<td width=\"481\">1 pe\u00e7a\/tamanho<\/td>\n<\/tr>\n<\/tbody>\n<\/table>","protected":false},"excerpt":{"rendered":"<p>V\u00e1lvula globo de a\u00e7o inoxid\u00e1vel parafusada<br \/>\nNossa v\u00e1lvula globo de a\u00e7o inoxid\u00e1vel aparafusada \u00e9 adequada para aplica\u00e7\u00f5es industriais, incluindo f\u00e1bricas de produtos qu\u00edmicos, hospitais, fabrica\u00e7\u00e3o de tintas e instala\u00e7\u00f5es que utilizam l\u00edquidos agressivos; ideal para servi\u00e7os de isolamento e meios, incluindo ar, g\u00e1s, \u00f3leo e \u00e1gua. V\u00e1lvula globo aparafusada, acionada por volante, com haste ascendente, corpo, castelo e disco em a\u00e7o inoxid\u00e1vel.<\/p>\n<p>Fornece um fechamento herm\u00e9tico com a capacidade de ser usado parcialmente aberto para regular o fluxo.<\/p>\n<p>Caracter\u00edsticas principais:<br \/>\nDispon\u00edvel nos tamanhos: 1\/4\u2033 a 4\u2033.<br \/>\nFaixa de temperatura: -20\u00b0C a 180\u00b0C.<br \/>\nClassifica\u00e7\u00e3o de press\u00e3o: 200 PSI.<br \/>\nUma v\u00e1lvula livre de manuten\u00e7\u00e3o, perfeita para isolamento.<br \/>\nMaterial do corpo:304.316.<br \/>\nFabrica\u00e7\u00e3o: V\u00e1lvula STV<\/p>\n<p>STV Valve Technology Group Co., Ltd \u00e9 um l\u00edder profissional China V\u00e1lvula globo de 200 PSI, V\u00e1lvula globo, V\u00e1lvula globo parafusada, V\u00e1lvula globo de a\u00e7o inoxid\u00e1vel, V\u00e1lvula globo NPT f\u00eamea, V\u00e1lvula globo I Polegada, V\u00e1lvula globo de 2 polegadas, Fabricante de v\u00e1lvula globo 316 NPT com alta qualidade e pre\u00e7o competitivo.<\/p>\n<p>Entre em contato com nosso sales@stvvalve.com para outros materiais e detalhes.<\/p>\n<p>Folha de data:<br \/>\n<a href=\"https:\/\/www.stvvalves.com\/wp-content\/uploads\/2018\/11\/Screwed-Stainless-Steel-Globe-Valve-DRAWING.pdf\">V\u00e1lvula globo de a\u00e7o inoxid\u00e1vel parafusada<\/a><\/p>","protected":false},"featured_media":3902,"template":"","meta":[],"product_brand":[],"product_cat":[45,189],"product_tag":[884,193,1021,1019,190,1020,191,192],"class_list":{"0":"post-3897","1":"product","2":"type-product","3":"status-publish","4":"has-post-thumbnail","6":"product_cat-globe-valve","7":"product_cat-stainless-steel-globe-valve","8":"product_tag-2-inch-globe-valve","9":"product_tag-200-psi-globe-valve","10":"product_tag-316-npt-globe-valve","11":"product_tag-female-npt-globe-valve","12":"product_tag-globe-valve","13":"product_tag-i-inch-globe-valve","14":"product_tag-screwed-globe-valve","15":"product_tag-stainless-steel-globe-valve","17":"first","18":"instock","19":"shipping-taxable","20":"product-type-simple"},"_links":{"self":[{"href":"https:\/\/www.stvvalves.com\/pt\/wp-json\/wp\/v2\/product\/3897","targetHints":{"allow":["GET"]}}],"collection":[{"href":"https:\/\/www.stvvalves.com\/pt\/wp-json\/wp\/v2\/product"}],"about":[{"href":"https:\/\/www.stvvalves.com\/pt\/wp-json\/wp\/v2\/types\/product"}],"wp:featuredmedia":[{"embeddable":true,"href":"https:\/\/www.stvvalves.com\/pt\/wp-json\/wp\/v2\/media\/3902"}],"wp:attachment":[{"href":"https:\/\/www.stvvalves.com\/pt\/wp-json\/wp\/v2\/media?parent=3897"}],"wp:term":[{"taxonomy":"product_brand","embeddable":true,"href":"https:\/\/www.stvvalves.com\/pt\/wp-json\/wp\/v2\/product_brand?post=3897"},{"taxonomy":"product_cat","embeddable":true,"href":"https:\/\/www.stvvalves.com\/pt\/wp-json\/wp\/v2\/product_cat?post=3897"},{"taxonomy":"product_tag","embeddable":true,"href":"https:\/\/www.stvvalves.com\/pt\/wp-json\/wp\/v2\/product_tag?post=3897"}],"curies":[{"name":"wp","href":"https:\/\/api.w.org\/{rel}","templated":true}]}}