{"id":3909,"date":"2018-11-24T15:45:23","date_gmt":"2018-11-24T15:45:23","guid":{"rendered":"https:\/\/www.stvvalves.com\/?post_type=product&#038;p=3909"},"modified":"2025-02-17T18:17:50","modified_gmt":"2025-02-17T10:17:50","slug":"forged-steel-gate-valve-class-800","status":"publish","type":"product","link":"https:\/\/www.stvvalves.com\/pt\/products\/forged-steel-gate-valve-class-800\/","title":{"rendered":"V\u00e1lvula gaveta de a\u00e7o forjado classe 800"},"content":{"rendered":"<p>Caracter\u00edsticas de design<br \/>\n1. Porta completa ou porta convencional<br \/>\n2. Parafuso externo e garfo (OS&amp;Y)<br \/>\n3. Prensa de gaxeta autocompensadora de duas pe\u00e7as<br \/>\n4. Castelo aparafusado com junta em espiral, castelo soldado com rosca e veda\u00e7\u00e3o ou castelo com veda\u00e7\u00e3o roscada e de press\u00e3o<br \/>\n5. Banco traseiro integral<br \/>\n6.Dispon\u00edvel em ANSI 150-2500LB, tamanhos: 1\/2\u2033 a 2\u2033.<br \/>\n7.Materiais:A105N,LF2,F304,F316,F11,F22,F5,F91,liga de a\u00e7o etc.<br \/>\n8.Faixa de temperatura: 0\u00b0C a 600\u00b0C.<br \/>\n9.Porta: Porta Redutora e Porta Completa.<br \/>\n10.Conex\u00e3o final;NPT,BW,SW,RF,RTJ.<\/p>\n<table>\n<tbody>\n<tr>\n<td width=\"200\"><strong><b>Nome do Produto<\/b><\/strong><\/td>\n<td width=\"481\">V\u00e1lvula gaveta de a\u00e7o forjado classe 800<\/td>\n<\/tr>\n<tr>\n<td width=\"200\">1. Materiais<\/td>\n<td width=\"481\">A105N<\/td>\n<\/tr>\n<tr>\n<td width=\"200\">2. Tamanho<\/td>\n<td width=\"481\">2\u201d<\/td>\n<\/tr>\n<tr>\n<td width=\"200\">4. Porto<\/td>\n<td width=\"481\">Porta Redutora<\/td>\n<\/tr>\n<tr>\n<td width=\"200\">5. Press\u00e3o de Trabalho<\/td>\n<td width=\"481\">800 libras<\/td>\n<\/tr>\n<tr>\n<td width=\"200\">6. Fim da conex\u00e3o<\/td>\n<td width=\"481\">Extremidade de solda de soquete<\/td>\n<\/tr>\n<tr>\n<td width=\"200\">7. Temperatura de trabalho.<\/td>\n<td width=\"481\">-29~425\u00baC,<\/td>\n<\/tr>\n<tr>\n<td width=\"200\">8. Meio Adequado<\/td>\n<td width=\"481\">\u00c1gua, G\u00e1s Natural, Petr\u00f3leo e algum l\u00edquido corrosivo<\/td>\n<\/tr>\n<tr>\n<td width=\"200\">9. Operado<\/td>\n<td width=\"481\">Volante<\/td>\n<\/tr>\n<tr>\n<td width=\"200\">10. Inspe\u00e7\u00e3o e Teste<\/td>\n<td width=\"481\">De acordo comAPI 598<\/td>\n<\/tr>\n<tr>\n<td width=\"200\"><strong><b>envio<\/b><\/strong><\/td>\n<td width=\"481\">&nbsp;<\/td>\n<\/tr>\n<tr>\n<td width=\"200\">Prazo de entrega<\/td>\n<td width=\"481\">30 dias<\/td>\n<\/tr>\n<tr>\n<td width=\"200\">Pacote<\/td>\n<td width=\"481\">Caixa de madeira compensada de exporta\u00e7\u00e3o padr\u00e3o<\/td>\n<\/tr>\n<tr>\n<td width=\"200\">Porto de embarque<\/td>\n<td width=\"481\">Ningbo\/Xangai, China<\/td>\n<\/tr>\n<tr>\n<td width=\"200\">Termos de envio<\/td>\n<td width=\"481\">Exw, FOB, CFR, CIF, etc.<\/td>\n<\/tr>\n<tr>\n<td width=\"200\">Termos de pagamento<\/td>\n<td width=\"481\">T\/T, Western Union, PayPal, etc.<\/td>\n<\/tr>\n<tr>\n<td width=\"200\">&nbsp;<\/td>\n<td width=\"481\">Pr\u00e9-pagamento 30%, saldo 70% pago antes do envio<\/td>\n<\/tr>\n<tr>\n<td width=\"200\">Pa\u00eds de origem<\/td>\n<td width=\"481\">Cidade de Wenzhou, China<\/td>\n<\/tr>\n<tr>\n<td width=\"200\">Capacidade de produ\u00e7\u00e3o<\/td>\n<td width=\"481\">6.000 toneladas\/ano<\/td>\n<\/tr>\n<tr>\n<td width=\"200\">Quantidade m\u00ednima<\/td>\n<td width=\"481\">10 unidades\/tamanho<\/td>\n<\/tr>\n<\/tbody>\n<\/table>","protected":false},"excerpt":{"rendered":"<p>Modelo: Z11H-800LB<br \/>\nA v\u00e1lvula gaveta de a\u00e7o forjado Classe 800 \u00e9 adequada para as aplica\u00e7\u00f5es de processo mais exigentes. Quando aberto, o meio fluir\u00e1 com uma quantidade m\u00ednima de turbul\u00eancia e queda de press\u00e3o atrav\u00e9s da v\u00e1lvula e ind\u00fastrias onde o isolamento de fluidos viscosos e l\u00edquidos \u00e9 necess\u00e1rio.<\/p>\n<p>A v\u00e1lvula foi projetada de acordo com API 602 e possui rosca externa e gema com haste ascendente. O volante opera a v\u00e1lvula gaveta apenas para ambas as aplica\u00e7\u00f5es de isolamento.<\/p>\n<p>Por que usar v\u00e1lvulas gaveta: essas v\u00e1lvulas fornecem um fechamento herm\u00e9tico positivo na posi\u00e7\u00e3o horizontal ou vertical para fluidos de processo em tubula\u00e7\u00f5es. Eles tamb\u00e9m oferecem um pequeno controle e s\u00e3o usados para acelerar vapor, g\u00e1s ou l\u00edquidos. F\u00e1cil de operar e a escolha preferida dos engenheiros em rela\u00e7\u00e3o \u00e0s v\u00e1lvulas de esfera para isolar esta\u00e7\u00f5es de captura.<\/p>\n<p>Aplica\u00e7\u00f5es t\u00edpicas:<\/p>\n<p>Sala de turbinas<br \/>\nIsolamento<br \/>\nLinhas Condensadas<br \/>\nAntes de equipamentos de f\u00e1brica caros<br \/>\nLinhas de queimador de \u00f3leo<br \/>\nInd\u00fastrias T\u00edpicas:<\/p>\n<p>Linha de combust\u00edvel da planta de caldeira<br \/>\nInstala\u00e7\u00f5es de reciclagem<br \/>\nInd\u00fastria qu\u00edmica<br \/>\nUsina a Vapor<br \/>\nHospitais, escolas e HVAC<\/p>\n<p>Folha de data:<br \/>\n<a href=\"https:\/\/www.stvvalves.com\/wp-content\/uploads\/2018\/11\/Forged-Steel-Gate-Valve-Class-800-Drawing.pdf\">V\u00e1lvula gaveta de a\u00e7o forjado classe 800<\/a><\/p>\n<p>&nbsp;<\/p>","protected":false},"featured_media":3911,"template":"","meta":[],"product_brand":[],"product_cat":[59,44],"product_tag":[196,194,195],"class_list":{"0":"post-3909","1":"product","2":"type-product","3":"status-publish","4":"has-post-thumbnail","6":"product_cat-forged-steel-gate-valve","7":"product_cat-gate-valve","8":"product_tag-bolt-bonnet-gate-valve","9":"product_tag-forged-steel-gate-valve","10":"product_tag-high-pressure-gate-valve","12":"first","13":"instock","14":"shipping-taxable","15":"product-type-simple"},"_links":{"self":[{"href":"https:\/\/www.stvvalves.com\/pt\/wp-json\/wp\/v2\/product\/3909","targetHints":{"allow":["GET"]}}],"collection":[{"href":"https:\/\/www.stvvalves.com\/pt\/wp-json\/wp\/v2\/product"}],"about":[{"href":"https:\/\/www.stvvalves.com\/pt\/wp-json\/wp\/v2\/types\/product"}],"wp:featuredmedia":[{"embeddable":true,"href":"https:\/\/www.stvvalves.com\/pt\/wp-json\/wp\/v2\/media\/3911"}],"wp:attachment":[{"href":"https:\/\/www.stvvalves.com\/pt\/wp-json\/wp\/v2\/media?parent=3909"}],"wp:term":[{"taxonomy":"product_brand","embeddable":true,"href":"https:\/\/www.stvvalves.com\/pt\/wp-json\/wp\/v2\/product_brand?post=3909"},{"taxonomy":"product_cat","embeddable":true,"href":"https:\/\/www.stvvalves.com\/pt\/wp-json\/wp\/v2\/product_cat?post=3909"},{"taxonomy":"product_tag","embeddable":true,"href":"https:\/\/www.stvvalves.com\/pt\/wp-json\/wp\/v2\/product_tag?post=3909"}],"curies":[{"name":"wp","href":"https:\/\/api.w.org\/{rel}","templated":true}]}}