{"id":3920,"date":"2018-11-24T16:33:40","date_gmt":"2018-11-24T16:33:40","guid":{"rendered":"https:\/\/www.stvvalves.com\/?post_type=product&#038;p=3920"},"modified":"2025-02-18T14:17:12","modified_gmt":"2025-02-18T06:17:12","slug":"forged-steel-globe-valve-class-800","status":"publish","type":"product","link":"https:\/\/www.stvvalves.com\/pt\/products\/forged-steel-globe-valve-class-800\/","title":{"rendered":"V\u00e1lvula globo de a\u00e7o forjado classe 800"},"content":{"rendered":"<p>Caracter\u00edsticas principais:<br \/>\nOperador de volante<br \/>\nCastelo aparafusado, castelo soldado, castelo de veda\u00e7\u00e3o de press\u00e3o<br \/>\nBSP aparafusado, NPT ou solda de soquete, solda de topo<br \/>\nTamanhos 1\/2\u2033 a 3\u2033<br \/>\nMaterial do corpo: A105, F304, F316, F5, F91, F11, F22, liga de a\u00e7o etc.<br \/>\nFaixa de temperatura: -29\u00b0C a 550\u00b0C<br \/>\nPress\u00e3o 150LB-2500LB<br \/>\n<img loading=\"lazy\" decoding=\"async\" class=\"alignnone size-full wp-image-3921\" src=\"https:\/\/www.stvvalves.com\/wp-content\/uploads\/2018\/11\/forged-steel-globe-valve-class-800.jpg\" alt=\"\" width=\"2339\" height=\"1653\" srcset=\"https:\/\/www.stvvalves.com\/wp-content\/uploads\/2018\/11\/forged-steel-globe-valve-class-800.jpg 2339w, https:\/\/www.stvvalves.com\/wp-content\/uploads\/2018\/11\/forged-steel-globe-valve-class-800-600x424.jpg 600w, https:\/\/www.stvvalves.com\/wp-content\/uploads\/2018\/11\/forged-steel-globe-valve-class-800-300x212.jpg 300w, https:\/\/www.stvvalves.com\/wp-content\/uploads\/2018\/11\/forged-steel-globe-valve-class-800-768x543.jpg 768w, https:\/\/www.stvvalves.com\/wp-content\/uploads\/2018\/11\/forged-steel-globe-valve-class-800-1030x728.jpg 1030w, https:\/\/www.stvvalves.com\/wp-content\/uploads\/2018\/11\/forged-steel-globe-valve-class-800-1500x1060.jpg 1500w, https:\/\/www.stvvalves.com\/wp-content\/uploads\/2018\/11\/forged-steel-globe-valve-class-800-260x185.jpg 260w, https:\/\/www.stvvalves.com\/wp-content\/uploads\/2018\/11\/forged-steel-globe-valve-class-800-705x498.jpg 705w\" sizes=\"auto, (max-width: 2339px) 100vw, 2339px\" \/><\/p>","protected":false},"excerpt":{"rendered":"<p>Modelo: J61Y-800LB<br \/>\nA v\u00e1lvula globo de a\u00e7o forjado classe 800 \u00e9 adequada para aplica\u00e7\u00f5es de processos exigentes e ind\u00fastrias onde o isolamento de vapor, g\u00e1s ou l\u00edquido \u00e9 necess\u00e1rio.<\/p>\n<p>A v\u00e1lvula projetada conforme API 602 e testada conforme API 598 possui rosca externa e gema com haste ascendente. O volante opera a v\u00e1lvula globo tanto para aplica\u00e7\u00f5es de isolamento quanto para aplica\u00e7\u00f5es de estrangulamento.<\/p>\n<p>Por que usar v\u00e1lvulas globo: essas v\u00e1lvulas fornecem um fechamento herm\u00e9tico positivo na posi\u00e7\u00e3o horizontal ou vertical para fluidos de processo em tubula\u00e7\u00f5es. Eles tamb\u00e9m oferecem um pequeno controle e s\u00e3o usados para acelerar vapor, g\u00e1s ou l\u00edquidos. F\u00e1cil de operar e a escolha preferida dos engenheiros em rela\u00e7\u00e3o \u00e0s v\u00e1lvulas de esfera para isolar esta\u00e7\u00f5es de captura.<\/p>\n<p>Aplica\u00e7\u00f5es t\u00edpicas:<\/p>\n<p>Linhas e esta\u00e7\u00f5es de captura<br \/>\nIsolamento<br \/>\nLinhas Condensadas<br \/>\nAntes de equipamentos de f\u00e1brica caros<br \/>\nLinhas de queimador de \u00f3leo<br \/>\nInd\u00fastrias T\u00edpicas:<\/p>\n<p>Linha de combust\u00edvel da planta de caldeira<br \/>\nInstala\u00e7\u00f5es de reciclagem<br \/>\nInd\u00fastria qu\u00edmica<br \/>\nUsina a Vapor<br \/>\nHospitais, escolas e HVAC<\/p>\n<p>STV Valve Technology Group Co., Ltd \u00e9 um l\u00edder profissional China V\u00e1lvula globo 800LB, V\u00e1lvula globo API 602, V\u00e1lvula globo de a\u00e7o carbono forjado, V\u00e1lvula globo de a\u00e7o inoxid\u00e1vel forjado, V\u00e1lvula globo de a\u00e7o forjado, V\u00e1lvula globo de a\u00e7o forjado classe 800, V\u00e1lvula globo de alta press\u00e3o , V\u00e1lvula globo de solda de soquete, Fabricante de v\u00e1lvula globo A105N com alta qualidade e pre\u00e7o competitivo.<\/p>\n<p>Entre em contato com nosso sales@stvvalve.com para outros materiais e detalhes.<\/p>\n<p>Folha de data:<br \/>\n<a href=\"https:\/\/www.stvvalves.com\/wp-content\/uploads\/2018\/11\/Globe-Valve-A105-sw.pdf\">V\u00e1lvula globo de a\u00e7o forjado classe 800<\/a><\/p>","protected":false},"featured_media":3932,"template":"","meta":[],"product_brand":[],"product_cat":[64,45],"product_tag":[198,1018,212,439,438,197,440,199,211],"class_list":{"0":"post-3920","1":"product","2":"type-product","3":"status-publish","4":"has-post-thumbnail","6":"product_cat-foreged-steel-globe-valve","7":"product_cat-globe-valve","8":"product_tag-800lb-globe-valve","9":"product_tag-a105n-globe-valve","10":"product_tag-api-602-globe-valve","11":"product_tag-forged-carbon-steel-globe-valve","12":"product_tag-forged-stainless-steel-globe-valve","13":"product_tag-forged-steel-globe-valve","14":"product_tag-forged-steel-globe-valve-class-800","15":"product_tag-high-pressure-globe-valve","16":"product_tag-socket-weld-globe-valve","18":"first","19":"instock","20":"shipping-taxable","21":"product-type-simple"},"_links":{"self":[{"href":"https:\/\/www.stvvalves.com\/pt\/wp-json\/wp\/v2\/product\/3920","targetHints":{"allow":["GET"]}}],"collection":[{"href":"https:\/\/www.stvvalves.com\/pt\/wp-json\/wp\/v2\/product"}],"about":[{"href":"https:\/\/www.stvvalves.com\/pt\/wp-json\/wp\/v2\/types\/product"}],"wp:featuredmedia":[{"embeddable":true,"href":"https:\/\/www.stvvalves.com\/pt\/wp-json\/wp\/v2\/media\/3932"}],"wp:attachment":[{"href":"https:\/\/www.stvvalves.com\/pt\/wp-json\/wp\/v2\/media?parent=3920"}],"wp:term":[{"taxonomy":"product_brand","embeddable":true,"href":"https:\/\/www.stvvalves.com\/pt\/wp-json\/wp\/v2\/product_brand?post=3920"},{"taxonomy":"product_cat","embeddable":true,"href":"https:\/\/www.stvvalves.com\/pt\/wp-json\/wp\/v2\/product_cat?post=3920"},{"taxonomy":"product_tag","embeddable":true,"href":"https:\/\/www.stvvalves.com\/pt\/wp-json\/wp\/v2\/product_tag?post=3920"}],"curies":[{"name":"wp","href":"https:\/\/api.w.org\/{rel}","templated":true}]}}